{"id":7228,"date":"2025-03-21T00:55:52","date_gmt":"2025-03-21T00:55:52","guid":{"rendered":"https:\/\/fmp-components.com\/?post_type=product&#038;p=7228"},"modified":"2025-03-21T01:26:57","modified_gmt":"2025-03-21T01:26:57","slug":"worm-and-wheel","status":"publish","type":"product","link":"https:\/\/fmp-components.com\/sl\/product\/worm-and-wheel\/","title":{"rendered":"\u010crv in kolo"},"content":{"rendered":"<p><span style=\"color: #333333; font-size: 26px;\">Kaj so pol\u017easti in kolesni zobniki?<\/span><\/p>\n<div>\n<p class=\"break-words\">A <strong>sistem pol\u017eastih in kolesnih zobnikov<\/strong> je specializirana vrsta zobni\u0161kega prenosa, ki prena\u0161a gibanje med dvema gredema, ki se ne sekata, obi\u010dajno pod kotom 90 stopinj. Sistem je sestavljen iz dveh klju\u010dnih komponent:<\/p>\n<ul class=\"marker:text-secondary\">\n<li class=\"break-words\"><strong>\u010crv<\/strong>Valjasta, vija\u010dna komponenta s spiralnimi navoji.<\/li>\n<li class=\"break-words\"><strong>Pol\u017easto kolo<\/strong>Zobnik, ki spominja na vija\u010dni zobnik, vendar z vbo\u010denimi zobmi, zasnovanimi za maksimalen stik s pol\u017eem.<\/li>\n<\/ul>\n<p class=\"break-words\">Ta edinstvena zasnova omogo\u010da visoka redukcijska razmerja v kompaktni obliki, zaradi \u010desar so pol\u017easti in kolesni zobniki idealna re\u0161itev za aplikacije, ki zahtevajo znatno zmanj\u0161anje hitrosti in pove\u010danje navora.<\/p>\n<table style=\"width: 100%;\" border=\"1\" width=\"100%\" cellspacing=\"0\" cellpadding=\"0\">\n<tbody>\n<tr style=\"height: 14.40pt;\">\n<td style=\"height: 14.4pt; width: 23.927%;\" width=\"83\" height=\"24\">\u00a0\u00a0\u00a0<img loading=\"lazy\" decoding=\"async\" class=\"alignnone size-full wp-image-7234\" src=\"https:\/\/fmp-components.com\/wp-content\/uploads\/2025\/03\/worm-and-wheel-5.webp\" alt=\"pol\u017easto-kolesno\" width=\"768\" height=\"695\" title=\"\" srcset=\"https:\/\/fmp-components.com\/wp-content\/uploads\/2025\/03\/worm-and-wheel-5.webp 768w, https:\/\/fmp-components.com\/wp-content\/uploads\/2025\/03\/worm-and-wheel-5-480x434.webp 480w\" sizes=\"(min-width: 0px) and (max-width: 480px) 480px, (min-width: 481px) 768px, 100vw\" \/><\/td>\n<td style=\"width: 24.4635%;\" align=\"right\" width=\"80\">\u00a0<img loading=\"lazy\" decoding=\"async\" class=\"alignnone size-full wp-image-7238\" src=\"https:\/\/fmp-components.com\/wp-content\/uploads\/2025\/03\/worm-and-wheel-1-1.webp\" alt=\"\u010drv in kolo \" width=\"518\" height=\"345\" title=\"\" srcset=\"https:\/\/fmp-components.com\/wp-content\/uploads\/2025\/03\/worm-and-wheel-1-1.webp 518w, https:\/\/fmp-components.com\/wp-content\/uploads\/2025\/03\/worm-and-wheel-1-1-480x320.webp 480w\" sizes=\"(min-width: 0px) and (max-width: 480px) 480px, (min-width: 481px) 518px, 100vw\" \/><\/td>\n<td style=\"width: 27.146%;\" align=\"right\" width=\"154\"><img loading=\"lazy\" decoding=\"async\" class=\"alignnone size-full wp-image-7237\" src=\"https:\/\/fmp-components.com\/wp-content\/uploads\/2025\/03\/worm-and-wheel-2-1.webp\" alt=\"\u010drv in kolo \" width=\"518\" height=\"345\" title=\"\" srcset=\"https:\/\/fmp-components.com\/wp-content\/uploads\/2025\/03\/worm-and-wheel-2-1.webp 518w, https:\/\/fmp-components.com\/wp-content\/uploads\/2025\/03\/worm-and-wheel-2-1-480x320.webp 480w\" sizes=\"(min-width: 0px) and (max-width: 480px) 480px, (min-width: 481px) 518px, 100vw\" \/><\/td>\n<td style=\"width: 24.1416%;\" width=\"80\"><img loading=\"lazy\" decoding=\"async\" class=\"alignnone size-full wp-image-7231\" src=\"https:\/\/fmp-components.com\/wp-content\/uploads\/2025\/03\/worm-and-wheel-2.webp\" alt=\"pol\u017easto-kolesno\" width=\"768\" height=\"695\" title=\"\" srcset=\"https:\/\/fmp-components.com\/wp-content\/uploads\/2025\/03\/worm-and-wheel-2.webp 768w, https:\/\/fmp-components.com\/wp-content\/uploads\/2025\/03\/worm-and-wheel-2-480x434.webp 480w\" sizes=\"(min-width: 0px) and (max-width: 480px) 480px, (min-width: 481px) 768px, 100vw\" \/><\/td>\n<\/tr>\n<tr style=\"height: 14.40pt;\">\n<td style=\"height: 14.4pt; width: 23.927%;\" height=\"24\"><img loading=\"lazy\" decoding=\"async\" class=\"alignnone size-full wp-image-7235\" src=\"https:\/\/fmp-components.com\/wp-content\/uploads\/2025\/03\/worm-and-wheel-6.webp\" alt=\"pol\u017easto-kolesno\" width=\"768\" height=\"695\" title=\"\" srcset=\"https:\/\/fmp-components.com\/wp-content\/uploads\/2025\/03\/worm-and-wheel-6.webp 768w, https:\/\/fmp-components.com\/wp-content\/uploads\/2025\/03\/worm-and-wheel-6-480x434.webp 480w\" sizes=\"(min-width: 0px) and (max-width: 480px) 480px, (min-width: 481px) 768px, 100vw\" \/><\/td>\n<td style=\"width: 24.4635%;\" align=\"right\"><img loading=\"lazy\" decoding=\"async\" class=\"alignnone size-full wp-image-7233\" src=\"https:\/\/fmp-components.com\/wp-content\/uploads\/2025\/03\/worm-and-wheel-4.webp\" alt=\"pol\u017easto-kolesno\" width=\"768\" height=\"695\" title=\"\" srcset=\"https:\/\/fmp-components.com\/wp-content\/uploads\/2025\/03\/worm-and-wheel-4.webp 768w, https:\/\/fmp-components.com\/wp-content\/uploads\/2025\/03\/worm-and-wheel-4-480x434.webp 480w\" sizes=\"(min-width: 0px) and (max-width: 480px) 480px, (min-width: 481px) 768px, 100vw\" \/><\/td>\n<td style=\"width: 27.146%;\" align=\"right\"><img loading=\"lazy\" decoding=\"async\" class=\"alignnone size-full wp-image-7236\" src=\"https:\/\/fmp-components.com\/wp-content\/uploads\/2025\/03\/worm-and-wheel-1.webp\" alt=\"pol\u017easto-kolesno\" width=\"768\" height=\"695\" title=\"\" srcset=\"https:\/\/fmp-components.com\/wp-content\/uploads\/2025\/03\/worm-and-wheel-1.webp 768w, https:\/\/fmp-components.com\/wp-content\/uploads\/2025\/03\/worm-and-wheel-1-480x434.webp 480w\" sizes=\"(min-width: 0px) and (max-width: 480px) 480px, (min-width: 481px) 768px, 100vw\" \/><\/td>\n<td style=\"width: 24.1416%;\"><img loading=\"lazy\" decoding=\"async\" class=\"alignnone size-full wp-image-7232\" src=\"https:\/\/fmp-components.com\/wp-content\/uploads\/2025\/03\/worm-and-wheel-3.webp\" alt=\"pol\u017easto-kolesno\" width=\"768\" height=\"695\" title=\"\" srcset=\"https:\/\/fmp-components.com\/wp-content\/uploads\/2025\/03\/worm-and-wheel-3.webp 768w, https:\/\/fmp-components.com\/wp-content\/uploads\/2025\/03\/worm-and-wheel-3-480x434.webp 480w\" sizes=\"(min-width: 0px) and (max-width: 480px) 480px, (min-width: 481px) 768px, 100vw\" \/><\/td>\n<\/tr>\n<\/tbody>\n<\/table>\n<h3>Specifikacija<\/h3>\n<p>Dimenzija: \u03a65 mm - \u03a6120 mm<br \/>\nModul: M0.2\u2013M2.2<br \/>\nVrsta materiala: aluminij, bron, jeklo, zlitina, cink itd., kot zahteva stranka<\/p>\n<div class=\"table-responsive\">\n<table style=\"width: 100%;\" border=\"1\" width=\"100%\" cellspacing=\"0\" cellpadding=\"0\">\n<tbody>\n<tr class=\"firstRow\">\n<td colspan=\"2\">Precizni pol\u017easti zobniki v avtomobilskih napravah<\/td>\n<\/tr>\n<tr>\n<td>Dimenzija<\/td>\n<td>\u03a65 mm - \u03a6120 mm<\/td>\n<\/tr>\n<tr>\n<td>Modul<\/td>\n<td>M0.2\u2013M2.2<\/td>\n<\/tr>\n<tr>\n<td>Vrsta materiala<\/td>\n<td>Aluminij, bron, jeklo, zlitina, cink itd., kot zahteva stranka<\/td>\n<\/tr>\n<tr>\n<td>Stopnja mre\u017eenja<\/td>\n<td>JGMA1\/2\/3\/4\/5\/6\/7\/8 ISO 8\/7\/6\/5\/4<br \/>\nDIN 6\/5\/4\/3 AGME 12\/13\/14\/15\/16<\/td>\n<\/tr>\n<tr>\n<td>Toplotna obdelava<\/td>\n<td>IONSKI NITRID<\/td>\n<\/tr>\n<tr>\n<td>Uporaba<\/td>\n<td>Avtomobilska, medicinska, industrijska, voja\u0161ka, letalska, strojna itd.<\/td>\n<\/tr>\n<tr>\n<td>Prilagojeno<\/td>\n<td>ODM\/OEM<\/td>\n<\/tr>\n<tr>\n<td>Vzorec<\/td>\n<td>Vzorec na voljo<\/td>\n<\/tr>\n<tr>\n<td>Na\u010dini pakiranja<\/td>\n<td>Vakuumsko pakirano s plasti\u010dnim pladnjem<\/td>\n<\/tr>\n<tr>\n<td>Na\u010dini dostave<\/td>\n<td>DHL, TNT, FedEx in UPS<\/td>\n<\/tr>\n<tr>\n<td>Potrdilo<\/td>\n<td>ISO9001:2008 in TS\/ISO16949:2008<\/td>\n<\/tr>\n<\/tbody>\n<\/table>\n<\/div>\n<\/div>\n<p><img loading=\"lazy\" decoding=\"async\" class=\"alignnone  wp-image-7240\" src=\"https:\/\/fmp-components.com\/wp-content\/uploads\/2025\/03\/worm-and-wheel-product-3.webp\" alt=\"pol\u017easto-kolesno\" width=\"938\" height=\"500\" title=\"\" srcset=\"https:\/\/fmp-components.com\/wp-content\/uploads\/2025\/03\/worm-and-wheel-product-3.webp 938w, https:\/\/fmp-components.com\/wp-content\/uploads\/2025\/03\/worm-and-wheel-product-3-480x256.webp 480w\" sizes=\"(min-width: 0px) and (max-width: 480px) 480px, (min-width: 481px) 938px, 100vw\" \/> <img loading=\"lazy\" decoding=\"async\" class=\"alignnone size-full wp-image-7241\" src=\"https:\/\/fmp-components.com\/wp-content\/uploads\/2025\/03\/worm-and-wheel-product-2.webp\" alt=\"pol\u017easto-kolesno\" width=\"937\" height=\"469\" title=\"\" srcset=\"https:\/\/fmp-components.com\/wp-content\/uploads\/2025\/03\/worm-and-wheel-product-2.webp 937w, https:\/\/fmp-components.com\/wp-content\/uploads\/2025\/03\/worm-and-wheel-product-2-480x240.webp 480w\" sizes=\"(min-width: 0px) and (max-width: 480px) 480px, (min-width: 481px) 937px, 100vw\" \/><\/p>\n<div>\n<h2>Klju\u010dne lastnosti in prednosti<\/h2>\n<p class=\"break-words\">Pol\u017easti in kolesni zobniki ponujajo izrazite prednosti, zaradi \u010desar so nepogre\u0161ljivi v razli\u010dnih panogah:<\/p>\n<ul class=\"marker:text-secondary\">\n<li class=\"break-words\"><strong>Visoko razmerje redukcije<\/strong>Z lahkoto dose\u017eite znatno zmanj\u0161anje hitrosti, idealno za aplikacije z visokim navorom.<\/li>\n<li class=\"break-words\"><strong>Kompaktna zasnova<\/strong>Med sistemi zobnikov, ki so prostorsko najbolj u\u010dinkoviti, saj omogo\u010dajo velika zmanj\u0161anja v minimalnem prostoru.<\/li>\n<li class=\"break-words\"><strong>Samozaklepna sposobnost<\/strong>Ko sta kot pre\u010dnega nagiba in koeficient trenja optimizirana, lahko ti zobniki prepre\u010dijo vrtenje nazaj, kar pove\u010da varnost pri dolo\u010denih nastavitvah.<\/li>\n<li class=\"break-words\"><strong>Gladko in tiho delovanje<\/strong>Drsni stik med pol\u017eem in kolesom zagotavlja ti\u0161je delovanje v primerjavi z drugimi vrstami zobnikov.<\/li>\n<\/ul>\n<p class=\"break-words\">Zaradi teh lastnosti so pol\u017easti in kolesni zobniki vsestranska izbira tako za industrijsko kot za precizno uporabo.<\/p>\n<div>\n<h2>Uporaba pol\u017eastih in kolesnih zobnikov<\/h2>\n<p class=\"break-words\">Pol\u017easti in kolesni zobniki se uporabljajo v najrazli\u010dnej\u0161ih scenarijih, vklju\u010dno z:<\/p>\n<ul class=\"marker:text-secondary\">\n<li class=\"break-words\"><strong>Zmanj\u0161evalniki hitrosti<\/strong>Pogosto pri strojih, ki zahtevajo nadzorovane izhodne hitrosti.<\/li>\n<li class=\"break-words\"><strong>Dvigala<\/strong>Zagotavljanje zanesljivih dvi\u017enih mehanizmov.<\/li>\n<li class=\"break-words\"><strong>Strojna orodja<\/strong>Zagotavljanje natan\u010dnosti in prenosa mo\u010di.<\/li>\n<li class=\"break-words\"><strong>Veri\u017eni bloki<\/strong>Omogo\u010danje te\u017ekega dvigovanja s kompaktnim menjalnikom.<\/li>\n<li class=\"break-words\"><strong>Ribi\u0161ke role<\/strong>Ponuja gladek nadzor z visokim razmerjem.<\/li>\n<li class=\"break-words\"><strong>Avtomobilski servo volan<\/strong>Izbolj\u0161anje manevrskih sposobnosti vozila.<\/li>\n<li class=\"break-words\"><strong>Robotika in medicinska oprema<\/strong>Uporaba zobnikov z majhnimi moduli za natan\u010dna opravila.<\/li>\n<\/ul>\n<p class=\"break-words\">V Italiji se industrije, kot so avtomobilska industrija, robotika in proizvodnja strojev \u2013 klju\u010dni sektorji v regijah, kot sta Emilija-Romanja in Lombardija \u2013 zana\u0161ajo na u\u010dinkovitost in zanesljivost teh zobnikov.<\/p>\n<div>\n<h2>Podjetje FMP: Va\u0161 zaupanja vreden proizvajalec pol\u017eev in koles v Italiji<\/h2>\n<p class=\"break-words\">V podjetju FMP se pona\u0161amo s tem, da smo vodilni ponudnik pol\u017eastih in kolesnih zobnikov, ki s svojo \u0161iroko paleto izdelkov in mo\u017enostmi prilagajanja zadovoljujejo razli\u010dne potrebe. Na\u0161a ponudba vklju\u010duje:<\/p>\n<ul class=\"marker:text-secondary\">\n<li class=\"break-words\"><strong>Enojni in ve\u010dkratni \u010drvi<\/strong>Na voljo z razli\u010dnim \u0161tevilom navojev za prilagojena redukcijska razmerja.<\/li>\n<li class=\"break-words\"><strong>Pol\u017easta kolesa<\/strong>Izdelano z razli\u010dnim \u0161tevilom zob in moduli, ki ustrezajo specifi\u010dnim aplikacijam.<\/li>\n<li class=\"break-words\"><strong>Oblikovanje po meri<\/strong>Zasnovan tako, da ustreza va\u0161im edinstvenim zahtevam, ne glede na kompleksnost.<\/li>\n<\/ul>\n<p><img loading=\"lazy\" decoding=\"async\" class=\"size-full wp-image-7229 aligncenter\" src=\"https:\/\/fmp-components.com\/wp-content\/uploads\/2025\/03\/worm-wheel-factory.webp\" alt=\"tovarna pol\u017eastih koles\" width=\"1740\" height=\"630\" title=\"\" srcset=\"https:\/\/fmp-components.com\/wp-content\/uploads\/2025\/03\/worm-wheel-factory.webp 1740w, https:\/\/fmp-components.com\/wp-content\/uploads\/2025\/03\/worm-wheel-factory-1280x463.webp 1280w, https:\/\/fmp-components.com\/wp-content\/uploads\/2025\/03\/worm-wheel-factory-980x355.webp 980w, https:\/\/fmp-components.com\/wp-content\/uploads\/2025\/03\/worm-wheel-factory-480x174.webp 480w\" sizes=\"(min-width: 0px) and (max-width: 480px) 480px, (min-width: 481px) and (max-width: 980px) 980px, (min-width: 981px) and (max-width: 1280px) 1280px, (min-width: 1281px) 1740px, 100vw\" \/><\/p>\n<h3>Ne najdete svojega modela?<\/h3>\n<p class=\"break-words\">\u010ce na na\u0161em seznamu izdelkov ne najdete natan\u010dnega pol\u017eastega zobnika, ki ga potrebujete, ne skrbite \u2013 verjetno ga \u0161e nismo imeli mo\u017enosti nalo\u017eiti. Preprosto <strong>pi\u0161ite nam<\/strong> z va\u0161imi specifikacijami, na\u0161i strokovni in\u017eenirji pa se bodo v 24 urah odzvali z re\u0161itvijo, prilagojeno va\u0161im potrebam. Ne glede na to, ali ste v Milanu, Torinu ali kjer koli drugje v Italiji, smo tukaj, da vam pomagamo s hitro in prilagojeno storitvijo.<\/p>\n<div>\n<h2>Tehni\u010dni vidiki za pol\u017easte in kolesne zobnike<\/h2>\n<p class=\"break-words\">Zasnova u\u010dinkovitega sistema pol\u017ea in kolesa zahteva pozornost na ve\u010d klju\u010dnih parametrov:<\/p>\n<ul class=\"marker:text-secondary\">\n<li class=\"break-words\"><strong>Modul<\/strong>: Dolo\u010da velikost zob zobnika.<\/li>\n<li class=\"break-words\"><strong>Kot pritiska<\/strong>Vpliva na nosilnost in u\u010dinkovitost.<\/li>\n<li class=\"break-words\"><strong>\u0160tevilo zob na pol\u017eastem kolesu<\/strong>Dolo\u010da redukcijsko razmerje skupaj s \u0161tevilom navojev pol\u017ea.<\/li>\n<li class=\"break-words\"><strong>\u0160tevilo niti na \u010drvu<\/strong>Enojni, dvojni ali trojni zagoni vplivajo na hitrost in navor.<\/li>\n<li class=\"break-words\"><strong>Premer koraka \u010drva<\/strong>Vpliva na geometrijo zobnika.<\/li>\n<li class=\"break-words\"><strong>Sredinska razdalja<\/strong>Zagotavlja pravilno poravnavo med gredmi.<\/li>\n<\/ul>\n<p class=\"break-words\">Na primer, sistem z modulom 3, premerom koraka pol\u017ea 44 mm, sredi\u0161\u010dno razdaljo 67 mm in pol\u017eastim kolesom s 30 zobmi lahko dose\u017ee redukcijska razmerja, kot sta 30:1 (enonitni pol\u017e) ali 15:1 (dvonitni pol\u017e), ki jih je mogo\u010de nastaviti s spreminjanjem \u0161tevila navojev.<\/p>\n<p class=\"break-words\"><img loading=\"lazy\" decoding=\"async\" class=\"wp-image-7242 aligncenter\" src=\"https:\/\/fmp-components.com\/wp-content\/uploads\/2025\/03\/worm-and-wheel-product-5.webp\" alt=\"izdelek-pol\u017ea-in-kolesa-5\" width=\"839\" height=\"581\" title=\"\" srcset=\"https:\/\/fmp-components.com\/wp-content\/uploads\/2025\/03\/worm-and-wheel-product-5.webp 390w, https:\/\/fmp-components.com\/wp-content\/uploads\/2025\/03\/worm-and-wheel-product-5-300x208.webp 300w, https:\/\/fmp-components.com\/wp-content\/uploads\/2025\/03\/worm-and-wheel-product-5-18x12.webp 18w\" sizes=\"(max-width: 839px) 100vw, 839px\" \/><\/p>\n<\/div>\n<\/div>\n<\/div>\n<\/div>","protected":false},"excerpt":{"rendered":"<p>What Are Worm and Wheel Gears? A worm and wheel gear system is a specialized type of gear transmission that transfers motion between two non-intersecting shafts, typically at a 90-degree angle. The system comprises two key components: Worm: A cylindrical, screw-like component with spiral threads. Worm Wheel: A gear resembling a helical gear, but with [&hellip;]<\/p>","protected":false},"featured_media":7239,"comment_status":"open","ping_status":"closed","template":"","meta":{"_et_pb_use_builder":"","_et_pb_old_content":"","_et_gb_content_width":""},"product_brand":[],"product_cat":[107],"product_tag":[],"class_list":{"0":"post-7228","1":"product","2":"type-product","3":"status-publish","4":"has-post-thumbnail","6":"product_cat-worm-gear","8":"first","9":"instock","10":"shipping-taxable","11":"product-type-simple"},"_links":{"self":[{"href":"https:\/\/fmp-components.com\/sl\/wp-json\/wp\/v2\/product\/7228","targetHints":{"allow":["GET"]}}],"collection":[{"href":"https:\/\/fmp-components.com\/sl\/wp-json\/wp\/v2\/product"}],"about":[{"href":"https:\/\/fmp-components.com\/sl\/wp-json\/wp\/v2\/types\/product"}],"replies":[{"embeddable":true,"href":"https:\/\/fmp-components.com\/sl\/wp-json\/wp\/v2\/comments?post=7228"}],"wp:featuredmedia":[{"embeddable":true,"href":"https:\/\/fmp-components.com\/sl\/wp-json\/wp\/v2\/media\/7239"}],"wp:attachment":[{"href":"https:\/\/fmp-components.com\/sl\/wp-json\/wp\/v2\/media?parent=7228"}],"wp:term":[{"taxonomy":"product_brand","embeddable":true,"href":"https:\/\/fmp-components.com\/sl\/wp-json\/wp\/v2\/product_brand?post=7228"},{"taxonomy":"product_cat","embeddable":true,"href":"https:\/\/fmp-components.com\/sl\/wp-json\/wp\/v2\/product_cat?post=7228"},{"taxonomy":"product_tag","embeddable":true,"href":"https:\/\/fmp-components.com\/sl\/wp-json\/wp\/v2\/product_tag?post=7228"}],"curies":[{"name":"delovni list","href":"https:\/\/api.w.org\/{rel}","templated":true}]}}