{"id":7207,"date":"2025-03-20T07:32:17","date_gmt":"2025-03-20T07:32:17","guid":{"rendered":"https:\/\/fmp-components.com\/?post_type=product&#038;p=7207"},"modified":"2025-03-26T08:50:47","modified_gmt":"2025-03-26T08:50:47","slug":"worm-gear-shaft-worm-gear-drive-shaft","status":"publish","type":"product","link":"https:\/\/fmp-components.com\/sl\/product\/worm-gear-shaft-worm-gear-drive-shaft\/","title":{"rendered":"Gred pol\u017eastega zobnika (pogonska gred pol\u017eastega zobnika)"},"content":{"rendered":"<p>Pol\u017easta gred je klju\u010dna mehanska komponenta, ki se uporablja v razli\u010dnih panogah za prenos mo\u010di in gibanja med nevzporednima gredema, saj zagotavlja visok navor in nemoteno delovanje. V podjetju FMP smo specializirani za proizvodnjo \u0161iroke palete... <a href=\"https:\/\/fmp-components.com\/sl\/worm-gear-and-worm-shaft-2\/\">pol\u017easto gonilo<\/a> gredi, prilagojene razli\u010dnim potrebam uporabe, ponujamo pa tudi re\u0161itve po meri, ki ustrezajo va\u0161im specifi\u010dnim zahtevam. \u010ce na na\u0161em seznamu izdelkov ne najdete modela, ki ga potrebujete, ga verjetno \u0161e nismo nalo\u017eili \u2013 prosimo, da nam po\u0161ljite e-po\u0161to z \u017eelenimi specifikacijami in na\u0161i in\u017eenirji vam bodo v 24 urah odgovorili s prilagojeno re\u0161itvijo.<\/p>\n<p><img loading=\"lazy\" decoding=\"async\" class=\"alignnone size-full wp-image-7226\" src=\"https:\/\/fmp-components.com\/wp-content\/uploads\/2025\/03\/Worm-Gear-Shaft-Manufacturers-2.webp\" alt=\"Proizvajalci pol\u017eastih zobnikov\" width=\"1000\" height=\"285\" title=\"\" srcset=\"https:\/\/fmp-components.com\/wp-content\/uploads\/2025\/03\/Worm-Gear-Shaft-Manufacturers-2.webp 1000w, https:\/\/fmp-components.com\/wp-content\/uploads\/2025\/03\/Worm-Gear-Shaft-Manufacturers-2-980x279.webp 980w, https:\/\/fmp-components.com\/wp-content\/uploads\/2025\/03\/Worm-Gear-Shaft-Manufacturers-2-480x137.webp 480w\" sizes=\"(min-width: 0px) and (max-width: 480px) 480px, (min-width: 481px) and (max-width: 980px) 980px, (min-width: 981px) 1000px, 100vw\" \/><\/p>\n<table style=\"border-collapse: collapse; width: 98.0079%; height: 90px;\" border=\"0\" width=\"317\" cellspacing=\"0\" cellpadding=\"0\">\n<tbody>\n<tr style=\"height: 14.40pt;\">\n<td style=\"height: 14.4pt; width: 32.0218%;\" width=\"83\" height=\"24\"><img loading=\"lazy\" decoding=\"async\" class=\"size-full wp-image-7210 aligncenter\" src=\"https:\/\/fmp-components.com\/wp-content\/uploads\/2025\/03\/Wholesale-Worm-Gear-Shaft-Factory.webp\" alt=\"Veleprodaja-tovarna-pol\u017eastih-zobnikov-gredi\" width=\"1440\" height=\"951\" title=\"\" srcset=\"https:\/\/fmp-components.com\/wp-content\/uploads\/2025\/03\/Wholesale-Worm-Gear-Shaft-Factory.webp 1440w, https:\/\/fmp-components.com\/wp-content\/uploads\/2025\/03\/Wholesale-Worm-Gear-Shaft-Factory-1280x845.webp 1280w, https:\/\/fmp-components.com\/wp-content\/uploads\/2025\/03\/Wholesale-Worm-Gear-Shaft-Factory-980x647.webp 980w, https:\/\/fmp-components.com\/wp-content\/uploads\/2025\/03\/Wholesale-Worm-Gear-Shaft-Factory-480x317.webp 480w\" sizes=\"(min-width: 0px) and (max-width: 480px) 480px, (min-width: 481px) and (max-width: 980px) 980px, (min-width: 981px) and (max-width: 1280px) 1280px, (min-width: 1281px) 1440px, 100vw\" \/><\/td>\n<td style=\"width: 33.1148%;\" align=\"right\" width=\"80\"><img loading=\"lazy\" decoding=\"async\" class=\"size-full wp-image-7216 aligncenter\" src=\"https:\/\/fmp-components.com\/wp-content\/uploads\/2025\/03\/worm-gear-shaft-1.webp\" alt=\"pol\u017easta gred-\" width=\"1000\" height=\"666\" title=\"\" srcset=\"https:\/\/fmp-components.com\/wp-content\/uploads\/2025\/03\/worm-gear-shaft-1.webp 1000w, https:\/\/fmp-components.com\/wp-content\/uploads\/2025\/03\/worm-gear-shaft-1-980x653.webp 980w, https:\/\/fmp-components.com\/wp-content\/uploads\/2025\/03\/worm-gear-shaft-1-480x320.webp 480w\" sizes=\"(min-width: 0px) and (max-width: 480px) 480px, (min-width: 481px) and (max-width: 980px) 980px, (min-width: 981px) 1000px, 100vw\" \/><\/td>\n<td style=\"width: 34.7541%;\" align=\"right\" width=\"154\"><img loading=\"lazy\" decoding=\"async\" class=\"size-full wp-image-7217 aligncenter\" src=\"https:\/\/fmp-components.com\/wp-content\/uploads\/2025\/03\/Worm-Gear-Shaft-Manufacturers.webp\" alt=\"Proizvajalci pol\u017eastih zobnikov\" width=\"1440\" height=\"951\" title=\"\" srcset=\"https:\/\/fmp-components.com\/wp-content\/uploads\/2025\/03\/Worm-Gear-Shaft-Manufacturers.webp 1440w, https:\/\/fmp-components.com\/wp-content\/uploads\/2025\/03\/Worm-Gear-Shaft-Manufacturers-1280x845.webp 1280w, https:\/\/fmp-components.com\/wp-content\/uploads\/2025\/03\/Worm-Gear-Shaft-Manufacturers-980x647.webp 980w, https:\/\/fmp-components.com\/wp-content\/uploads\/2025\/03\/Worm-Gear-Shaft-Manufacturers-480x317.webp 480w\" sizes=\"(min-width: 0px) and (max-width: 480px) 480px, (min-width: 481px) and (max-width: 980px) 980px, (min-width: 981px) and (max-width: 1280px) 1280px, (min-width: 1281px) 1440px, 100vw\" \/><\/td>\n<\/tr>\n<tr style=\"height: 14.40pt;\">\n<td style=\"height: 14.4pt; width: 32.0218%;\" height=\"24\"><img loading=\"lazy\" decoding=\"async\" class=\"size-full wp-image-7219 aligncenter\" src=\"https:\/\/fmp-components.com\/wp-content\/uploads\/2025\/03\/Worm-Gear-Shaft-3.webp\" alt=\"Pol\u017easta gred\" width=\"1000\" height=\"666\" title=\"\" srcset=\"https:\/\/fmp-components.com\/wp-content\/uploads\/2025\/03\/Worm-Gear-Shaft-3.webp 1000w, https:\/\/fmp-components.com\/wp-content\/uploads\/2025\/03\/Worm-Gear-Shaft-3-980x653.webp 980w, https:\/\/fmp-components.com\/wp-content\/uploads\/2025\/03\/Worm-Gear-Shaft-3-480x320.webp 480w\" sizes=\"(min-width: 0px) and (max-width: 480px) 480px, (min-width: 481px) and (max-width: 980px) 980px, (min-width: 981px) 1000px, 100vw\" \/><\/td>\n<td style=\"width: 33.1148%;\" align=\"right\"><img loading=\"lazy\" decoding=\"async\" class=\"size-full wp-image-7218 aligncenter\" src=\"https:\/\/fmp-components.com\/wp-content\/uploads\/2025\/03\/Worm-Gear-Shaft-4.webp\" alt=\"Pol\u017easta gred\" width=\"1000\" height=\"666\" title=\"\" srcset=\"https:\/\/fmp-components.com\/wp-content\/uploads\/2025\/03\/Worm-Gear-Shaft-4.webp 1000w, https:\/\/fmp-components.com\/wp-content\/uploads\/2025\/03\/Worm-Gear-Shaft-4-980x653.webp 980w, https:\/\/fmp-components.com\/wp-content\/uploads\/2025\/03\/Worm-Gear-Shaft-4-480x320.webp 480w\" sizes=\"(min-width: 0px) and (max-width: 480px) 480px, (min-width: 481px) and (max-width: 980px) 980px, (min-width: 981px) 1000px, 100vw\" \/><\/td>\n<td style=\"width: 34.7541%;\" align=\"right\"><img loading=\"lazy\" decoding=\"async\" class=\"size-full wp-image-7215 aligncenter\" src=\"https:\/\/fmp-components.com\/wp-content\/uploads\/2025\/03\/worm-gear-shaft-2.webp\" alt=\"pol\u017easta gred\" width=\"1000\" height=\"666\" title=\"\" srcset=\"https:\/\/fmp-components.com\/wp-content\/uploads\/2025\/03\/worm-gear-shaft-2.webp 1000w, https:\/\/fmp-components.com\/wp-content\/uploads\/2025\/03\/worm-gear-shaft-2-980x653.webp 980w, https:\/\/fmp-components.com\/wp-content\/uploads\/2025\/03\/worm-gear-shaft-2-480x320.webp 480w\" sizes=\"(min-width: 0px) and (max-width: 480px) 480px, (min-width: 481px) and (max-width: 980px) 980px, (min-width: 981px) 1000px, 100vw\" \/><\/td>\n<\/tr>\n<\/tbody>\n<\/table>\n<h2>Specifikacije gredi pol\u017eastega zobnika<\/h2>\n<article class=\"4ever-article\" data-clipboard-cangjie=\"[&quot;root&quot;,{&quot;copyFrom&quot;:2066762897},[&quot;p&quot;,{},[&quot;span&quot;,{&quot;data-type&quot;:&quot;text&quot;},[&quot;span&quot;,{&quot;data-type&quot;:&quot;leaf&quot;},&quot;For more models and specifications, please contact us by email and our experts will respond to you promptly!&quot;]]]]\">Za ve\u010d modelov in specifikacij nas kontaktirajte po e-po\u0161ti in na\u0161i strokovnjaki vam bodo odgovorili takoj!<\/article>\n<table class=\"table\" border=\"1\" width=\"100%\" cellspacing=\"0\" cellpadding=\"0\">\n<tbody>\n<tr class=\"firstRow\">\n<td valign=\"center\" width=\"132\">\u0160tevilka modela<\/td>\n<td valign=\"center\" width=\"491\">M1, M2, M3, M4, M5, M8, M12 itd.<\/td>\n<\/tr>\n<tr>\n<td valign=\"center\" width=\"132\">Material<\/td>\n<td valign=\"center\" width=\"491\">Medenina, jeklo C45, nerjave\u010de jeklo, baker, POM, aluminij, zlitina in tako naprej<\/td>\n<\/tr>\n<tr>\n<td valign=\"center\" width=\"132\">Povr\u0161inska obdelava<\/td>\n<td valign=\"center\" width=\"491\">Pocinkano, ponikljano, pasivizacija, oksidacija, anodizacija,<br \/>\nGeomet, Dacromet, \u010drni oksid, fosfatiranje, pra\u0161no barvanje in elektroforeza<\/td>\n<\/tr>\n<tr>\n<td valign=\"center\" width=\"132\">Standardno<\/td>\n<td valign=\"center\" width=\"491\">ISO, DIN, ANSI, JIS, BS in nestandardni.<\/td>\n<\/tr>\n<tr>\n<td valign=\"center\" width=\"132\">Natan\u010dnost<\/td>\n<td valign=\"center\" width=\"491\">DIN6, DIN7, DIN8, DIN9.<\/td>\n<\/tr>\n<tr>\n<td valign=\"center\" width=\"132\">Zdravljenje zob<\/td>\n<td valign=\"center\" width=\"491\">Kaljeno, rezkano ali bru\u0161eno<\/td>\n<\/tr>\n<tr>\n<td valign=\"center\" width=\"132\">Toleranca<\/td>\n<td valign=\"center\" width=\"491\">0,001 mm\u20130,01 mm\u20130,1 mm<\/td>\n<\/tr>\n<tr>\n<td valign=\"center\" width=\"132\">Kon\u010daj<\/td>\n<td valign=\"center\" width=\"491\">peskanje\/peskanje, toplotna obdelava, \u017earjenje, popu\u0161\u010danje, poliranje, eloksiranje, pocinkanje<\/td>\n<\/tr>\n<tr>\n<td valign=\"center\" width=\"132\">Pakiranje predmetov<\/td>\n<td valign=\"center\" width=\"491\">Plasti\u010dna vre\u010dka + \u0161katle ali lesena embala\u017ea<\/td>\n<\/tr>\n<tr>\n<td valign=\"center\" width=\"132\">Pla\u010dilni pogoji<\/td>\n<td valign=\"center\" width=\"491\">T\/T, L\/C<\/td>\n<\/tr>\n<tr>\n<td valign=\"center\" width=\"132\">\u010cas proizvodnje<\/td>\n<td valign=\"center\" width=\"491\">20 delovnih dni za vzorec, 25 dni za ve\u010dji del<\/td>\n<\/tr>\n<tr>\n<td valign=\"center\" width=\"132\">Vzorci<\/td>\n<td valign=\"center\" width=\"491\">Primer cenovnega razpona od $2 do $100.<br \/>\nvzorec ekspresne zahteve, ki jo pla\u010dajo stranke<\/td>\n<\/tr>\n<tr>\n<td valign=\"center\" width=\"132\">Uporaba<\/td>\n<td valign=\"center\" width=\"491\">1. Avtomatski krmilni stroj<br \/>\n2. Polprevodni\u0161ka industrija<br \/>\n3. Stroji za splo\u0161no industrijo<br \/>\n4. Medicinska oprema<br \/>\n5. Oprema za son\u010dno energijo<br \/>\n6. Strojno orodje<br \/>\n7. Parkirni sistem<br \/>\n8. Oprema za hitri \u017eelezni\u0161ki in letalski promet itd.<\/td>\n<\/tr>\n<\/tbody>\n<\/table>\n<p><img loading=\"lazy\" decoding=\"async\" class=\"size-full wp-image-7220 aligncenter\" src=\"https:\/\/fmp-components.com\/wp-content\/uploads\/2025\/03\/worm-gear-shaft-1-1.webp\" alt=\"pol\u017easta gred\" width=\"830\" height=\"728\" title=\"\" srcset=\"https:\/\/fmp-components.com\/wp-content\/uploads\/2025\/03\/worm-gear-shaft-1-1.webp 830w, https:\/\/fmp-components.com\/wp-content\/uploads\/2025\/03\/worm-gear-shaft-1-1-480x421.webp 480w\" sizes=\"(min-width: 0px) and (max-width: 480px) 480px, (min-width: 481px) 830px, 100vw\" \/><\/p>\n<div>\n<h3>Razmerje med gredjo pol\u017eastega zobnika in pol\u017eastim menjalnikom<\/h3>\n<p class=\"break-words\">Pol\u017easti menjalnik je specializiran zobni\u0161ki sistem, zasnovan za zmanj\u0161anje vrtilne hitrosti in hkrati pove\u010danje navora, zaradi \u010desar je idealen za razli\u010dne industrijske aplikacije. V svojem jedru je sestavljen iz dveh glavnih komponent: pol\u017ea in pol\u017eastega zobnika. Pol\u017e, ki je podoben vijaku, je name\u0161\u010den na vhodni gredi (pogosto imenovani pol\u017easta gred). Ta pol\u017e se ujema s pol\u017eastim zobnikom, zobnikom z zobmi, posebej zasnovanimi za ujemanje s pol\u017eem. Pol\u017easti zobnik pa je name\u0161\u010den na izhodni gredi, ki se v\u010dasih imenuje pol\u017easta gred.<\/p>\n<p class=\"break-words\">Razmerje med gredjo pol\u017eastega zobnika in pol\u017eastim menjalnikom je preprosto, a klju\u010dno: gred pol\u017eastega zobnika slu\u017ei kot izhodna gred pol\u017eastega zobnika. Nosi pol\u017easto zobnik, ki ga poganja pol\u017e. Ta interakcija omogo\u010da menjalniku, da pretvori vhodni tok z visoko hitrostjo in nizkim navorom (iz gredi pol\u017eastega zobnika) v izhodni tok z nizko hitrostjo in visokim navorom (prek gredi pol\u017eastega zobnika). Ta edinstvena konfiguracija ponuja ve\u010d prednosti, vklju\u010dno z:<\/p>\n<ul class=\"marker:text-secondary\">\n<li class=\"break-words\"><strong>Visok multiplikator navora<\/strong>Idealno za te\u017eke stroje.<\/li>\n<li class=\"break-words\"><strong>Kompaktna zasnova<\/strong>Primerno za uporabo v omejenem prostoru.<\/li>\n<li class=\"break-words\"><strong>Samozaklepna sposobnost<\/strong>Pri nekaterih izvedbah prepre\u010duje vzvratno vrtenje in s tem pove\u010duje varnost.<\/li>\n<\/ul>\n<p class=\"break-words\">Skratka, gred pol\u017eastega zobnika je sestavni del pol\u017eastega menjalnika in igra klju\u010dno vlogo pri prenosu nastavljenega gibanja in navora na gnano opremo.<\/p>\n<h3>Ponudba pol\u017eastih menjalnikov na\u0161ega podjetja<\/h3>\n<p class=\"break-words\">V na\u0161em podjetju smo specializirani za proizvodnjo \u0161iroke palete pol\u017eastih menjalnikov, prilagojenih razli\u010dnim industrijskim potrebam. Ne glede na to, ali potrebujete standardne modele za splo\u0161no uporabo ali prilagojene re\u0161itve za posebne zahteve, imamo strokovno znanje in zmogljivosti za dobavo visokokakovostnih izdelkov. Na\u0161i pol\u017easti menjalniki so zasnovani s poudarkom na:<\/p>\n<ul class=\"marker:text-secondary\">\n<li class=\"break-words\"><strong>Vzdr\u017eljivost<\/strong>Zgrajeno tako, da prenese zahtevne pogoje.<\/li>\n<li class=\"break-words\"><strong>U\u010dinkovitost<\/strong>Optimizirano za zmogljivost in var\u010devanje z energijo.<\/li>\n<li class=\"break-words\"><strong>Vsestranskost<\/strong>Primerno za panoge, kot so proizvodnja, avtomatizacija in ravnanje z materiali.<\/li>\n<\/ul>\n<p class=\"break-words\">\u010ce imate kakr\u0161ne koli potrebe po pol\u017eastih menjalnikih \u2013 bodisi za transporterje, dvigala ali druge stroje \u2013 vas vabimo, da nas kontaktirate. Na\u0161a ekipa vam je pripravljena zagotoviti strokovne nasvete, podrobne informacije in prilagojeno podporo, da boste na\u0161li popolno re\u0161itev za va\u0161o uporabo. Za ve\u010d informacij o tem, kako vam lahko pomagamo, nas kontaktirajte \u0161e danes!<\/p>\n<table style=\"width: 100%;\" border=\"0\" width=\"100%\" cellspacing=\"0\" cellpadding=\"0\">\n<tbody>\n<tr style=\"height: 14.40pt;\">\n<td style=\"height: 14.40pt; width: 49.80pt;\" width=\"83\" height=\"24\"><img loading=\"lazy\" decoding=\"async\" class=\"size-full wp-image-7223 aligncenter\" src=\"https:\/\/fmp-components.com\/wp-content\/uploads\/2025\/03\/The-relationship-between-worm-gear-shaft-and-worm-gearbox.webp\" alt=\"Razmerje med gredjo pol\u017eastega zobnika in pol\u017eastim menjalnikom2\" width=\"1000\" height=\"667\" title=\"\" srcset=\"https:\/\/fmp-components.com\/wp-content\/uploads\/2025\/03\/The-relationship-between-worm-gear-shaft-and-worm-gearbox.webp 1000w, https:\/\/fmp-components.com\/wp-content\/uploads\/2025\/03\/The-relationship-between-worm-gear-shaft-and-worm-gearbox-980x654.webp 980w, https:\/\/fmp-components.com\/wp-content\/uploads\/2025\/03\/The-relationship-between-worm-gear-shaft-and-worm-gearbox-480x320.webp 480w\" sizes=\"(min-width: 0px) and (max-width: 480px) 480px, (min-width: 481px) and (max-width: 980px) 980px, (min-width: 981px) 1000px, 100vw\" \/><\/td>\n<td style=\"width: 48.00pt;\" align=\"right\" width=\"80\"><img loading=\"lazy\" decoding=\"async\" class=\"wp-image-7224 alignnone\" src=\"https:\/\/fmp-components.com\/wp-content\/uploads\/2025\/03\/Worm-Gear-Shaft-Applications-2.webp\" alt=\"Uporaba pol\u017eastih zobnikov in gredi 2\" width=\"476\" height=\"318\" title=\"\"><\/td>\n<\/tr>\n<tr style=\"height: 14.40pt;\">\n<td style=\"height: 14.40pt;\" height=\"24\"><img loading=\"lazy\" decoding=\"async\" class=\"size-full wp-image-7225 aligncenter\" src=\"https:\/\/fmp-components.com\/wp-content\/uploads\/2025\/03\/The-relationship-between-worm-gear-shaft-and-worm-gearbox3.webp\" alt=\"Razmerje med gredjo pol\u017eastega zobnika in pol\u017eastim menjalnikom3\" width=\"1000\" height=\"662\" title=\"\" srcset=\"https:\/\/fmp-components.com\/wp-content\/uploads\/2025\/03\/The-relationship-between-worm-gear-shaft-and-worm-gearbox3.webp 1000w, https:\/\/fmp-components.com\/wp-content\/uploads\/2025\/03\/The-relationship-between-worm-gear-shaft-and-worm-gearbox3-980x649.webp 980w, https:\/\/fmp-components.com\/wp-content\/uploads\/2025\/03\/The-relationship-between-worm-gear-shaft-and-worm-gearbox3-480x318.webp 480w\" sizes=\"(min-width: 0px) and (max-width: 480px) 480px, (min-width: 481px) and (max-width: 980px) 980px, (min-width: 981px) 1000px, 100vw\" \/><\/td>\n<td align=\"right\"><img loading=\"lazy\" decoding=\"async\" class=\"size-full wp-image-7222 aligncenter\" src=\"https:\/\/fmp-components.com\/wp-content\/uploads\/2025\/03\/The-relationship-between-worm-gear-shaft-and-worm-gearbox2.webp\" alt=\"Razmerje med gredjo pol\u017eastega zobnika in pol\u017eastim menjalnikom2\" width=\"1000\" height=\"667\" title=\"\" srcset=\"https:\/\/fmp-components.com\/wp-content\/uploads\/2025\/03\/The-relationship-between-worm-gear-shaft-and-worm-gearbox2.webp 1000w, https:\/\/fmp-components.com\/wp-content\/uploads\/2025\/03\/The-relationship-between-worm-gear-shaft-and-worm-gearbox2-980x654.webp 980w, https:\/\/fmp-components.com\/wp-content\/uploads\/2025\/03\/The-relationship-between-worm-gear-shaft-and-worm-gearbox2-480x320.webp 480w\" sizes=\"(min-width: 0px) and (max-width: 480px) 480px, (min-width: 481px) and (max-width: 980px) 980px, (min-width: 981px) 1000px, 100vw\" \/><\/td>\n<\/tr>\n<\/tbody>\n<\/table>\n<\/div>\n<p>&nbsp;<\/p>","protected":false},"excerpt":{"rendered":"<p>A worm gear shaft is a critical mechanical component used in various industries to transmit power and motion between non-parallel shafts, offering high torque and smooth operation. At FMP Company, we specialize in manufacturing a wide range of worm gear shafts, tailored to meet diverse application needs, and we also offer custom solutions to match [&hellip;]<\/p>","protected":false},"featured_media":7221,"comment_status":"open","ping_status":"closed","template":"","meta":{"_et_pb_use_builder":"","_et_pb_old_content":"","_et_gb_content_width":""},"product_brand":[],"product_cat":[107],"product_tag":[],"class_list":{"0":"post-7207","1":"product","2":"type-product","3":"status-publish","4":"has-post-thumbnail","6":"product_cat-worm-gear","8":"first","9":"instock","10":"shipping-taxable","11":"product-type-simple"},"_links":{"self":[{"href":"https:\/\/fmp-components.com\/sl\/wp-json\/wp\/v2\/product\/7207","targetHints":{"allow":["GET"]}}],"collection":[{"href":"https:\/\/fmp-components.com\/sl\/wp-json\/wp\/v2\/product"}],"about":[{"href":"https:\/\/fmp-components.com\/sl\/wp-json\/wp\/v2\/types\/product"}],"replies":[{"embeddable":true,"href":"https:\/\/fmp-components.com\/sl\/wp-json\/wp\/v2\/comments?post=7207"}],"wp:featuredmedia":[{"embeddable":true,"href":"https:\/\/fmp-components.com\/sl\/wp-json\/wp\/v2\/media\/7221"}],"wp:attachment":[{"href":"https:\/\/fmp-components.com\/sl\/wp-json\/wp\/v2\/media?parent=7207"}],"wp:term":[{"taxonomy":"product_brand","embeddable":true,"href":"https:\/\/fmp-components.com\/sl\/wp-json\/wp\/v2\/product_brand?post=7207"},{"taxonomy":"product_cat","embeddable":true,"href":"https:\/\/fmp-components.com\/sl\/wp-json\/wp\/v2\/product_cat?post=7207"},{"taxonomy":"product_tag","embeddable":true,"href":"https:\/\/fmp-components.com\/sl\/wp-json\/wp\/v2\/product_tag?post=7207"}],"curies":[{"name":"delovni list","href":"https:\/\/api.w.org\/{rel}","templated":true}]}}