{"id":720,"date":"2024-12-18T03:25:17","date_gmt":"2024-12-18T03:25:17","guid":{"rendered":"https:\/\/fmp-components.com\/?page_id=8"},"modified":"2024-12-18T03:37:20","modified_gmt":"2024-12-18T03:37:20","slug":"hydraulic-cylinder-for-jack-up-offshore-platform","status":"publish","type":"product","link":"https:\/\/fmp-components.com\/sl\/product\/hydraulic-cylinder-for-jack-up-offshore-platform\/","title":{"rendered":"Hidravli\u010dni cilinder za dvi\u017eno platformo na morju"},"content":{"rendered":"<p style=\"text-align: center;\"><span style=\"font-size: 18pt;\">Hidravli\u010dni cilinder za dvi\u017eno platformo na morju<\/span><\/p>\n<p>Hidravli\u010dni cilinder za dvi\u017eno plo\u0161\u010dad na morju je klju\u010dna komponenta, zasnovana za zagotavljanje zanesljivih zmogljivosti dvigovanja in spu\u0161\u010danja nog dvi\u017enih plo\u0161\u010dadi, ki se uporabljajo pri vrtanju in gradnji na morju. Ta cilinder igra klju\u010dno vlogo pri zagotavljanju stabilnosti in varnosti plo\u0161\u010dadi med delovanjem v zahtevnih morskih okoljih.<\/p>\n<p><img loading=\"lazy\" decoding=\"async\" class=\"size-full wp-image-728 aligncenter\" src=\"https:\/\/fmp-components.com\/wp-content\/uploads\/2024\/12\/Jack-up-Offshore-Platform-Bolt-Cylinder-Applications.webp\" alt=\"Dvigalna platforma za odprto morje z vijaki\" width=\"1024\" height=\"557\" title=\"\" srcset=\"https:\/\/fmp-components.com\/wp-content\/uploads\/2024\/12\/Jack-up-Offshore-Platform-Bolt-Cylinder-Applications.webp 1024w, https:\/\/fmp-components.com\/wp-content\/uploads\/2024\/12\/Jack-up-Offshore-Platform-Bolt-Cylinder-Applications-980x533.webp 980w, https:\/\/fmp-components.com\/wp-content\/uploads\/2024\/12\/Jack-up-Offshore-Platform-Bolt-Cylinder-Applications-480x261.webp 480w\" sizes=\"(min-width: 0px) and (max-width: 480px) 480px, (min-width: 481px) and (max-width: 980px) 980px, (min-width: 981px) 1024px, 100vw\" \/><\/p>\n<h4>Klju\u010dne lastnosti:<\/h4>\n<ul>\n<li><strong>Visoka izhodna sila:<\/strong> Ta cilinder, zasnovan za ustvarjanje znatne hidravli\u010dne sile, u\u010dinkovito upravlja dvig platforme, kar omogo\u010da hitro in natan\u010dno prilagajanje med razstavljanjem in umikanjem.<\/li>\n<li><strong>Robustna konstrukcija:<\/strong> Izdelan je iz visoko trdnih materialov in zasnovan tako, da prenese te\u017eke pogoje in visoke pritiske, zna\u010dilne za operacije na morju, kar zagotavlja vzdr\u017eljivost in dolgoro\u010dno zanesljivost.<\/li>\n<li><strong>Gladko delovanje:<\/strong> Napredna hidravli\u010dna zasnova omogo\u010da gladke in nadzorovane gibe, kar pove\u010duje operativno u\u010dinkovitost in zmanj\u0161uje \u010das izpada med kriti\u010dnimi vrtalnimi aktivnostmi.<\/li>\n<li><strong>Odpornost proti koroziji:<\/strong> Obdelano za odpornost proti koroziji zaradi slane vode in drugih morskih elementov, kar zagotavlja dolgo \u017eivljenjsko dobo in dosledno delovanje v zahtevnih okoljih.<\/li>\n<li><strong>Vsestranske uporabe:<\/strong> Ta hidravli\u010dni cilinder, primeren za razli\u010dne konfiguracije dvi\u017enih plo\u0161\u010dadi, se prilagaja razli\u010dnim operativnim potrebam, kar pove\u010duje njegovo uporabnost pri projektih na morju.<\/li>\n<\/ul>\n<p>Hidravli\u010dni cilinder za dvi\u017eno plo\u0161\u010dad na morju je nepogre\u0161ljiv za optimizacijo delovanja in varnosti vrtanja na morju, saj pomembno prispeva k u\u010dinkovitosti pomorske gradnje in dejavnosti pridobivanja virov.<\/p>\n<h2>Dvi\u017eni valj za dvi\u017eno plo\u0161\u010dad na morju<\/h2>\n<p>Dvi\u017eni cilinder za dvi\u017ene plo\u0161\u010dadi na morju je klju\u010dna hidravli\u010dna komponenta, zasnovana za zagotavljanje potrebne sile za dvigovanje in spu\u0161\u010danje nog dvi\u017enih plo\u0161\u010dadi med delovanjem na morju. Ta cilinder omogo\u010da natan\u010den nadzor nad dvigom plo\u0161\u010dadi, kar zagotavlja stabilnost in varnost med delom v zahtevnih morskih razmerah. Izdelan je iz visoko trdnih materialov in je zasnovan tako, da prenese te\u017eka okolja in znatne pritiske, zna\u010dilne za uporabo na morju, kar zagotavlja vzdr\u017eljivost in zanesljivost. Gladko hidravli\u010dno delovanje omogo\u010da u\u010dinkovito in hitro prilagajanje, kar pove\u010duje operativno u\u010dinkovitost in varnost med vrtanjem in vzdr\u017eevanjem. Ta dvi\u017eni cilinder je bistvenega pomena za optimizacijo delovanja dvi\u017enih plo\u0161\u010dadi na morju in pomembno prispeva k uspehu vrtanja in proizvodnje na morju.<\/p>\n<p><img loading=\"lazy\" decoding=\"async\" class=\"size-full wp-image-727 aligncenter\" src=\"https:\/\/fmp-components.com\/wp-content\/uploads\/2024\/12\/Jack-up-Offshore-Platform-Lifting-Cylinder.webp\" alt=\"Dvi\u017eni valj za dvi\u017eno plo\u0161\u010dad na morju\" width=\"500\" height=\"200\" title=\"\" srcset=\"https:\/\/fmp-components.com\/wp-content\/uploads\/2024\/12\/Jack-up-Offshore-Platform-Lifting-Cylinder.webp 500w, https:\/\/fmp-components.com\/wp-content\/uploads\/2024\/12\/Jack-up-Offshore-Platform-Lifting-Cylinder-480x192.webp 480w\" sizes=\"(min-width: 0px) and (max-width: 480px) 480px, (min-width: 481px) 500px, 100vw\" \/><\/p>\n<table border=\"1\" cellspacing=\"0\" cellpadding=\"0\">\n<tbody>\n<tr>\n<td>Ime izdelka<\/td>\n<td>Dvi\u017eni valj za dvi\u017eno plo\u0161\u010dad na morju<\/td>\n<\/tr>\n<tr>\n<td>Zna\u010dilnosti:<\/td>\n<td>Dvigovanje in spu\u0161\u010danje plo\u0161\u010dadi uresni\u010dite z vo\u017enjo obro\u010dnega nosilca<\/td>\n<\/tr>\n<tr>\n<td>Premer izvrtine:<\/td>\n<td>Do 700 mm<\/td>\n<\/tr>\n<tr>\n<td>Premer palice:<\/td>\n<td>Do 420 mm<br \/>\nHod do 2150 mm<\/td>\n<\/tr>\n<tr>\n<td>Tlak:<\/td>\n<td>do 32 MPa<\/td>\n<\/tr>\n<tr>\n<td>Senzor:<\/td>\n<td>Zunanji senzor premika je mogo\u010de konfigurirati tako, da zadosti potrebam vzdr\u017eevanja in zamenjave senzorja brez razstavljanja valjev.<\/td>\n<\/tr>\n<tr>\n<td>Uporaba:<\/td>\n<td>Samodejna platforma za dvigovanje na morju<\/td>\n<\/tr>\n<\/tbody>\n<\/table>\n<h2>Vija\u010dni valj za dvi\u017eno plo\u0161\u010dad na morju<\/h2>\n<p>Dvi\u017eni vija\u010dni valj za dvi\u017eno platformo na morju je bistvena hidravli\u010dna komponenta, zasnovana za varno zaklepanje in odklepanje nog platforme med delovanjem. Ta valj zagotavlja potrebno silo za vklop in izklop zaklepnih vijakov, kar zagotavlja stabilnost in varnost platforme med delovanjem v razli\u010dnih morskih pogojih. Izdelan je iz visoko trdnih materialov in je zasnovan tako, da prenese zahtevna okolja in pritiske, zna\u010dilne za uporabo na morju, kar zagotavlja dolgotrajno vzdr\u017eljivost in zanesljivost. Gladko hidravli\u010dno delovanje omogo\u010da natan\u010den nadzor, kar pove\u010duje operativno u\u010dinkovitost in varnost med fazami spu\u0161\u010danja in umikanja. Ta vija\u010dni valj je klju\u010dnega pomena za optimizacijo delovanja dvi\u017enih platform na morju, saj znatno prispeva k u\u010dinkovitosti vrtanja in vzdr\u017eevanja na morju.<\/p>\n<p><img loading=\"lazy\" decoding=\"async\" class=\"size-full wp-image-726 aligncenter\" src=\"https:\/\/fmp-components.com\/wp-content\/uploads\/2024\/12\/Jack-up-Offshore-Platform-Bolt-Cylinder.webp\" alt=\"Vija\u010dni valj za dvi\u017eno plo\u0161\u010dad na morju\" width=\"500\" height=\"200\" title=\"\" srcset=\"https:\/\/fmp-components.com\/wp-content\/uploads\/2024\/12\/Jack-up-Offshore-Platform-Bolt-Cylinder.webp 500w, https:\/\/fmp-components.com\/wp-content\/uploads\/2024\/12\/Jack-up-Offshore-Platform-Bolt-Cylinder-480x192.webp 480w\" sizes=\"(min-width: 0px) and (max-width: 480px) 480px, (min-width: 481px) 500px, 100vw\" \/><\/p>\n<table style=\"width: 100.206%; height: 239px;\" border=\"1\" cellspacing=\"0\" cellpadding=\"0\">\n<tbody>\n<tr style=\"height: 23px;\">\n<td style=\"height: 23px;\">Ime izdelka<\/td>\n<td style=\"height: 23px;\">Vija\u010dni valj za dvi\u017eno plo\u0161\u010dad na morju<\/td>\n<\/tr>\n<tr style=\"height: 23px;\">\n<td style=\"height: 23px;\">Zna\u010dilnosti:<\/td>\n<td style=\"height: 23px;\">Vstavite in izvlecite valjasti zati\u010d na obro\u010dastem nosilcu, da dose\u017eete zaklepanje obro\u010dastega nosilca.<\/td>\n<\/tr>\n<tr style=\"height: 47px;\">\n<td style=\"height: 47px;\">Premer izvrtine:<\/td>\n<td style=\"height: 47px;\">Do 100 mm<\/td>\n<\/tr>\n<tr style=\"height: 23px;\">\n<td style=\"height: 23px;\">Premer palice:<\/td>\n<td style=\"height: 23px;\">Do 60 mm<\/td>\n<\/tr>\n<tr style=\"height: 23px;\">\n<td style=\"height: 23px;\">Tlak:<\/td>\n<td style=\"height: 23px;\">Do 32 MPa<\/td>\n<\/tr>\n<tr style=\"height: 47px;\">\n<td style=\"height: 47px;\">Senzor:<\/td>\n<td style=\"height: 47px;\">Lahko je opremljen z vgrajenim senzorjem premika za zmanj\u0161anje namestitvene velikosti hidravli\u010dnih cilindrov<\/td>\n<\/tr>\n<tr style=\"height: 23px;\">\n<td style=\"height: 23px;\">Uporaba:<\/td>\n<td style=\"height: 23px;\">Samodejna platforma za dvigovanje na morju<\/td>\n<\/tr>\n<\/tbody>\n<\/table>\n<h2>Prednosti hidravli\u010dnega cilindra za dvigovanje na morski platformi<\/h2>\n<ol>\n<li><strong>Visoka nosilnost:<\/strong>\n<ul>\n<li>Zasnovan za prena\u0161anje znatnih obremenitev, kar zagotavlja stabilnost in varnost med operacijami na morju.<\/li>\n<\/ul>\n<\/li>\n<li><strong>Natan\u010den nadzor:<\/strong>\n<ul>\n<li>Omogo\u010da natan\u010dno pozicioniranje in nastavitev nog plo\u0161\u010dadi, kar pove\u010duje operativno u\u010dinkovitost in varnost.<\/li>\n<\/ul>\n<\/li>\n<li><strong>Trpe\u017ena konstrukcija:<\/strong>\n<ul>\n<li>Izdelano iz visoko trdnih materialov, ki prenesejo ostra morska okolja in visoke pritiske, kar zagotavlja dolgotrajno delovanje.<\/li>\n<\/ul>\n<\/li>\n<li><strong>Odpornost proti koroziji:<\/strong>\n<ul>\n<li>Obdelano za odpornost proti koroziji zaradi morske vode in drugih morskih elementov, kar podalj\u0161uje \u017eivljenjsko dobo jeklenke.<\/li>\n<\/ul>\n<\/li>\n<li><strong>Gladko delovanje:<\/strong>\n<ul>\n<li>Ima napredno hidravli\u010dno zasnovo za gladko in u\u010dinkovito gibanje, kar zmanj\u0161uje obrabo sistema.<\/li>\n<\/ul>\n<\/li>\n<li><strong>Nizke zahteve glede vzdr\u017eevanja:<\/strong>\n<ul>\n<li>Zasnovan za zanesljivost z minimalnimi potrebami po vzdr\u017eevanju, kar zmanj\u0161uje izpade in obratovalne stro\u0161ke.<\/li>\n<\/ul>\n<\/li>\n<li><strong>Vsestranskost:<\/strong>\n<ul>\n<li>Primerna za razli\u010dne konfiguracije dvi\u017enih plo\u0161\u010dadi in prilagodljiva razli\u010dnim aplikacijam na morju, kar pove\u010duje njeno uporabnost.<\/li>\n<\/ul>\n<\/li>\n<li><strong>Izbolj\u0161ana varnost:<\/strong>\n<ul>\n<li>Vgrajene varnostne funkcije prepre\u010dujejo nenamerno aktiviranje in zagotavljajo varno zaklepanje med delovanjem.<\/li>\n<\/ul>\n<\/li>\n<li><strong>Hiter odziv:<\/strong>\n<ul>\n<li>Omogo\u010da hitro prilagajanje, kar omogo\u010da u\u010dinkovito namestitev in umik platforme glede na spreminjajo\u010de se pogoje.<\/li>\n<\/ul>\n<\/li>\n<li><strong>Izbolj\u0161ana operativna u\u010dinkovitost:<\/strong>\n<ul>\n<li>Prispeva k hitrej\u0161im procesom vrtanja in gradnje, s \u010dimer se pove\u010da produktivnost pri projektih na morju.<\/li>\n<\/ul>\n<\/li>\n<\/ol>\n<p>Zaradi teh prednosti je hidravli\u010dni cilinder bistvena komponenta za optimizacijo delovanja in zanesljivosti dvi\u017enih platform na morju v razli\u010dnih pomorskih operacijah.<\/p>\n<p><img loading=\"lazy\" decoding=\"async\" class=\"alignnone size-full wp-image-731\" src=\"https:\/\/fmp-components.com\/wp-content\/uploads\/2024\/12\/Jack-up-Offshore-Platform-Lifting-Cylinder-1.webp\" alt=\"Dvi\u017eni valj za dvi\u017eno plo\u0161\u010dad na morju\" width=\"1000\" height=\"560\" title=\"\" srcset=\"https:\/\/fmp-components.com\/wp-content\/uploads\/2024\/12\/Jack-up-Offshore-Platform-Lifting-Cylinder-1.webp 1000w, https:\/\/fmp-components.com\/wp-content\/uploads\/2024\/12\/Jack-up-Offshore-Platform-Lifting-Cylinder-1-980x549.webp 980w, https:\/\/fmp-components.com\/wp-content\/uploads\/2024\/12\/Jack-up-Offshore-Platform-Lifting-Cylinder-1-480x269.webp 480w\" sizes=\"(min-width: 0px) and (max-width: 480px) 480px, (min-width: 481px) and (max-width: 980px) 980px, (min-width: 981px) 1000px, 100vw\" \/><\/p>\n<h3>O FMP-ju<\/h3>\n<p>FMP je specializirano podjetje za mehansko proizvodnjo, ki se ukvarja s proizvodnjo hidravli\u010dnih cilindrov. Podjetje se \u017ee od ustanovitve osredoto\u010da na raziskave in proizvodnjo hidravli\u010dne tehnologije ter uspe\u0161no prehaja iz raznolike ponudbe izdelkov, ki je vklju\u010devala stroje za \u017eetev in gradbeni\u0161tvo, v specializacijo za komponente kmetijskih traktorjev. Z ve\u010d kot desetletjem izku\u0161enj v proizvodnji in upravljanju FMP zagotavlja visokokakovostne izdelke z naprednimi proizvodnimi tehnikami.<\/p>\n<p>Z razvojem podjetja je razvilo celovito proizvodno linijo za strojno obdelavo, monta\u017eno linijo in linijo za nana\u0161anje premazov. Na\u0161o ekipo sestavljajo usposobljeno vodstveno osebje, izku\u0161eni strojni oblikovalci in visoko usposobljeni tehniki, ki skupaj ohranjajo stabilno kakovost proizvodnje, hkrati pa u\u010dinkovito nadzorujejo neprekinjenost in u\u010dinkovitost procesov.<\/p>\n<p>FMP se dr\u017ei filozofije \u00bbTehnolo\u0161ke inovacije spodbujajo napredek, kakovost ustvarja blagovne znamke, obrtni\u0161ka spretnost zagotavlja kakovost in gradi dolgoro\u010dne odnose, v katere vsi pridobijo\u00ab. Na\u0161a zavezanost zagotavljanju visokokakovostnih izdelkov in vrhunski storitvi za stranke ostaja osrednji cilj, saj \u0161e naprej zadovoljujemo spreminjajo\u010de se potrebe trga.<\/p>\n<p><img loading=\"lazy\" decoding=\"async\" class=\"alignnone size-full wp-image-426\" src=\"https:\/\/fmp-components.com\/wp-content\/uploads\/2024\/12\/Sanitation-Machinery-Locking-Hydraulic-Cylinder-factory.webp\" sizes=\"(min-width: 0px) and (max-width: 480px) 480px, (min-width: 481px) and (max-width: 980px) 980px, (min-width: 981px) and (max-width: 1280px) 1280px, (min-width: 1281px) 1414px, 100vw\" srcset=\"https:\/\/fmp-components.com\/wp-content\/uploads\/2024\/12\/Sanitation-Machinery-Locking-Hydraulic-Cylinder-factory.webp 1414w, https:\/\/fmp-components.com\/wp-content\/uploads\/2024\/12\/Sanitation-Machinery-Locking-Hydraulic-Cylinder-factory-1280x529.webp 1280w, https:\/\/fmp-components.com\/wp-content\/uploads\/2024\/12\/Sanitation-Machinery-Locking-Hydraulic-Cylinder-factory-980x405.webp 980w, https:\/\/fmp-components.com\/wp-content\/uploads\/2024\/12\/Sanitation-Machinery-Locking-Hydraulic-Cylinder-factory-480x198.webp 480w\" alt=\"Tovarna sanitarnih strojev za zaklepanje hidravli\u010dnih valjev\" width=\"1414\" height=\"584\" title=\"\"><\/p>\n<p>Avtor: CX<\/p>","protected":false},"excerpt":{"rendered":"<p>Hidravli\u010dni cilinder za dvi\u017ene plo\u0161\u010dadi na morju je klju\u010dna komponenta, zasnovana za zagotavljanje potrebne sile dvigovanja in spu\u0161\u010danja nog dvi\u017enih plo\u0161\u010dadi med namestitvijo in pozicioniranjem v morskih okoljih. Ta cilinder omogo\u010da natan\u010den nadzor nad vi\u0161ino plo\u0161\u010dadi, kar zagotavlja stabilnost in varnost med delovanjem v razli\u010dnih morskih razmerah. Izdelan je iz visoko trdnih materialov in je zasnovan tako, da prenese ostre pritiske, zna\u010dilne za operacije na morju, kar zagotavlja vzdr\u017eljivost in zanesljivost. Gladko hidravli\u010dno delovanje omogo\u010da u\u010dinkovito in hitro prilagajanje, kar pove\u010duje operativno u\u010dinkovitost in varnost med vrtanjem in vzdr\u017eevanjem. Ta hidravli\u010dni cilinder je bistvenega pomena za optimizacijo delovanja dvi\u017enih plo\u0161\u010dadi na morju in znatno prispeva k u\u010dinkovitosti vrtanja in proizvodnje na morju.<\/p>","protected":false},"featured_media":725,"comment_status":"open","ping_status":"closed","template":"","meta":{"_et_pb_use_builder":"","_et_pb_old_content":"","_et_gb_content_width":""},"product_brand":[],"product_cat":[28],"product_tag":[],"class_list":{"0":"post-720","1":"product","2":"type-product","3":"status-publish","4":"has-post-thumbnail","6":"product_cat-offshore-hydraulic-cylinders","8":"first","9":"instock","10":"shipping-taxable","11":"product-type-simple"},"_links":{"self":[{"href":"https:\/\/fmp-components.com\/sl\/wp-json\/wp\/v2\/product\/720","targetHints":{"allow":["GET"]}}],"collection":[{"href":"https:\/\/fmp-components.com\/sl\/wp-json\/wp\/v2\/product"}],"about":[{"href":"https:\/\/fmp-components.com\/sl\/wp-json\/wp\/v2\/types\/product"}],"replies":[{"embeddable":true,"href":"https:\/\/fmp-components.com\/sl\/wp-json\/wp\/v2\/comments?post=720"}],"wp:featuredmedia":[{"embeddable":true,"href":"https:\/\/fmp-components.com\/sl\/wp-json\/wp\/v2\/media\/725"}],"wp:attachment":[{"href":"https:\/\/fmp-components.com\/sl\/wp-json\/wp\/v2\/media?parent=720"}],"wp:term":[{"taxonomy":"product_brand","embeddable":true,"href":"https:\/\/fmp-components.com\/sl\/wp-json\/wp\/v2\/product_brand?post=720"},{"taxonomy":"product_cat","embeddable":true,"href":"https:\/\/fmp-components.com\/sl\/wp-json\/wp\/v2\/product_cat?post=720"},{"taxonomy":"product_tag","embeddable":true,"href":"https:\/\/fmp-components.com\/sl\/wp-json\/wp\/v2\/product_tag?post=720"}],"curies":[{"name":"delovni list","href":"https:\/\/api.w.org\/{rel}","templated":true}]}}