{"id":7189,"date":"2025-03-20T05:36:25","date_gmt":"2025-03-20T05:36:25","guid":{"rendered":"https:\/\/fmp-components.com\/?post_type=product&#038;p=7189"},"modified":"2025-03-26T08:51:16","modified_gmt":"2025-03-26T08:51:16","slug":"cylindrical-worm-wheel","status":"publish","type":"product","link":"https:\/\/fmp-components.com\/sl\/product\/cylindrical-worm-wheel\/","title":{"rendered":"Cilindri\u010dno pol\u017easto kolo"},"content":{"rendered":"<p>Cilindri\u010dno pol\u017easto kolo je klju\u010dni sestavni del <a href=\"https:\/\/fmp-components.com\/sl\/worm-gear-and-worm-shaft-2\/\">pol\u017easto gonilo<\/a> sistemi, zasnovani za brezhibno ujemanje s pol\u017eem za u\u010dinkovit prenos mo\u010di, hkrati pa ohranjajo nemoteno delovanje in visoko navorno zmogljivost. V podjetju FMP smo specializirani za proizvodnjo raznolike palete cilindri\u010dnih pol\u017eastih koles, ki so na voljo v razli\u010dnih vrstah in specifikacijah, da ustrezajo va\u0161im specifi\u010dnim aplikacijam, z mo\u017enostmi prilagoditve. \u010ce na na\u0161em seznamu izdelkov ne najdete natan\u010dnega modela, ki ga potrebujete, ga verjetno \u0161e nismo posodobili \u2013 prosimo, da nas kontaktirate po e-po\u0161ti z va\u0161imi zahtevami in na\u0161i strokovni in\u017eenirji vam bodo odgovorili v 24 urah.<\/p>\n<p><img loading=\"lazy\" decoding=\"async\" class=\"alignnone size-full wp-image-7193\" src=\"https:\/\/fmp-components.com\/wp-content\/uploads\/2025\/03\/Cylindrical-Worm-Wheel-1.webp\" alt=\"Cilindri\u010dno pol\u017easto kolo\" width=\"986\" height=\"657\" title=\"\" srcset=\"https:\/\/fmp-components.com\/wp-content\/uploads\/2025\/03\/Cylindrical-Worm-Wheel-1.webp 986w, https:\/\/fmp-components.com\/wp-content\/uploads\/2025\/03\/Cylindrical-Worm-Wheel-1-980x653.webp 980w, https:\/\/fmp-components.com\/wp-content\/uploads\/2025\/03\/Cylindrical-Worm-Wheel-1-480x320.webp 480w\" sizes=\"(min-width: 0px) and (max-width: 480px) 480px, (min-width: 481px) and (max-width: 980px) 980px, (min-width: 981px) 986px, 100vw\" \/><\/p>\n<h3>Zna\u010dilnosti valjastega pol\u017eastega kolesa<\/h3>\n<div>\n<p class=\"break-words\">Cilindri\u010dna pol\u017easta kolesa so sestavni del pol\u017eastih zobnikov in so na voljo v dveh glavnih konfiguracijah: komplet \"pol\u017e in vija\u010dno zobni\u0161ko kolo\" ter komplet \"pol\u017e in pol\u017easto kolo\". Prva vrsta, podmno\u017eica vija\u010dnih zobnikov za prekri\u017eane gredi, ima pastorek z minimalnim \u0161tevilom zob (npr. 1, 2 ali 3) in izrazitim kotom vija\u010dnice, izra\u010dunanim podobno kot standardni vija\u010dni zobniki z uporabo normaliziranih standardnih modulov. Vendar pa je ta postavitev zaradi to\u010dkovnega stika med boki zob manj primerna za aplikacije z visokimi obremenitvami. Nasprotno pa konfiguracija \"pol\u017e in pol\u017easto kolo\" vklju\u010duje pol\u017easta kolesa, rezkana s pol\u017eastim rezkalnikom, ki ustreza specifikacijam pol\u017ea, kar omogo\u010da linijski stik med zobmi in podpira ve\u010dje sile zob za ve\u010djo nosilnost.<\/p>\n<p class=\"break-words\">Dodatne oblikovne zna\u010dilnosti izbolj\u0161ujejo funkcionalnost. Ko potopitev pol\u017eastega le\u017eaja v olje izpolnjuje zahteve, vendar globina pol\u017ea ni zadostna, se lahko na gred pol\u017ea doda obro\u010d za brizganje olja. Ta obro\u010d ma\u017ee komponente menjalnika in le\u017eaje ter prepre\u010duje prekomerno potopitev pol\u017eastega le\u017eaja v olje. Pri aplikacijah z visokimi hitrostmi, kjer obodna hitrost pol\u017ea (PI) presega 10 m\/s, se pol\u017easto kolo zamenja z nadzemnim pol\u017eastim zobnikom, name\u0161\u010denim nad pol\u017eem. Ta razporeditev zmanj\u0161a hitrost zobnika, zmanj\u0161a izgube zaradi me\u0161anja olja in zmanj\u0161a tveganje, da ne\u010disto\u010de ali abrazivi iz oljne teko\u010dine vstopijo v obmo\u010dje zasko\u010dnega delovanja, kar zagotavlja zanesljivo delovanje.<\/p>\n<p><img loading=\"lazy\" decoding=\"async\" class=\"alignnone size-full wp-image-7194\" src=\"https:\/\/fmp-components.com\/wp-content\/uploads\/2025\/03\/Cylindrical-Worm-Wheel-2.webp\" alt=\"Cilindri\u010dno pol\u017easto kolo\" width=\"1000\" height=\"664\" title=\"\" srcset=\"https:\/\/fmp-components.com\/wp-content\/uploads\/2025\/03\/Cylindrical-Worm-Wheel-2.webp 1000w, https:\/\/fmp-components.com\/wp-content\/uploads\/2025\/03\/Cylindrical-Worm-Wheel-2-980x651.webp 980w, https:\/\/fmp-components.com\/wp-content\/uploads\/2025\/03\/Cylindrical-Worm-Wheel-2-480x319.webp 480w\" sizes=\"(min-width: 0px) and (max-width: 480px) 480px, (min-width: 481px) and (max-width: 980px) 980px, (min-width: 981px) 1000px, 100vw\" \/><\/p>\n<\/div>","protected":false},"excerpt":{"rendered":"<p>A Cylindrical Worm Wheel is a key component in worm gear systems, designed to mesh seamlessly with a worm to transmit power efficiently while maintaining smooth operation and high torque capacity. At FMP Company, we specialize in producing a diverse range of Cylindrical Worm Wheels, available in various types and specifications to suit your specific [&hellip;]<\/p>","protected":false},"featured_media":7195,"comment_status":"open","ping_status":"closed","template":"","meta":{"_et_pb_use_builder":"","_et_pb_old_content":"","_et_gb_content_width":""},"product_brand":[],"product_cat":[107],"product_tag":[],"class_list":{"0":"post-7189","1":"product","2":"type-product","3":"status-publish","4":"has-post-thumbnail","6":"product_cat-worm-gear","8":"first","9":"instock","10":"shipping-taxable","11":"product-type-simple"},"_links":{"self":[{"href":"https:\/\/fmp-components.com\/sl\/wp-json\/wp\/v2\/product\/7189","targetHints":{"allow":["GET"]}}],"collection":[{"href":"https:\/\/fmp-components.com\/sl\/wp-json\/wp\/v2\/product"}],"about":[{"href":"https:\/\/fmp-components.com\/sl\/wp-json\/wp\/v2\/types\/product"}],"replies":[{"embeddable":true,"href":"https:\/\/fmp-components.com\/sl\/wp-json\/wp\/v2\/comments?post=7189"}],"wp:featuredmedia":[{"embeddable":true,"href":"https:\/\/fmp-components.com\/sl\/wp-json\/wp\/v2\/media\/7195"}],"wp:attachment":[{"href":"https:\/\/fmp-components.com\/sl\/wp-json\/wp\/v2\/media?parent=7189"}],"wp:term":[{"taxonomy":"product_brand","embeddable":true,"href":"https:\/\/fmp-components.com\/sl\/wp-json\/wp\/v2\/product_brand?post=7189"},{"taxonomy":"product_cat","embeddable":true,"href":"https:\/\/fmp-components.com\/sl\/wp-json\/wp\/v2\/product_cat?post=7189"},{"taxonomy":"product_tag","embeddable":true,"href":"https:\/\/fmp-components.com\/sl\/wp-json\/wp\/v2\/product_tag?post=7189"}],"curies":[{"name":"delovni list","href":"https:\/\/api.w.org\/{rel}","templated":true}]}}