{"id":7154,"date":"2025-03-19T07:41:52","date_gmt":"2025-03-19T07:41:52","guid":{"rendered":"https:\/\/fmp-components.com\/?post_type=product&#038;p=7154"},"modified":"2025-03-26T08:51:49","modified_gmt":"2025-03-26T08:51:49","slug":"customized-worm-gear-set","status":"publish","type":"product","link":"https:\/\/fmp-components.com\/sl\/product\/customized-worm-gear-set\/","title":{"rendered":"Prilagojen komplet pol\u017eastih zobnikov"},"content":{"rendered":"<h2>Kompleti pol\u017eastih zobnikov po meri<\/h2>\n<p>Pol\u017ena gonila po meri izdelujemo v razli\u010dnih izvedbah in materialih glede na specifikacije strank.<\/p>\n<p>FMP ponuja zobni\u0161ke komplete po meri z osnimi razdaljami od 17 do 210 mm in najve\u010djim premerom pol\u017eastega kolesa 300 mm. Po potrebi FMP izra\u010duna podatke o profilu zoba, dolo\u010di material in povr\u0161insko obdelavo ter nudi svetovanje glede mazanja in navornih obremenitev.<\/p>\n<p>FMP ima dolgoletne izku\u0161nje v proizvodnji <a href=\"https:\/\/fmp-components.com\/sl\/worm-gear-and-worm-shaft-2\/\">kompleti pol\u017eastih zobnikov<\/a>, kar pomeni, da se na\u0161e stranke zana\u0161ajo predvsem na obstoje\u010da orodja za rezanje zobnikov, zlasti pri kratkih dobavnih rokih in majhnih koli\u010dinah. Zato je treba postopek preveriti za vsak primer posebej. V ta namen nas lahko kontaktirate osebno ali uporabite obrazec za povpra\u0161evanje.<\/p>\n<table style=\"width: 100%;\" border=\"1\" width=\"100%\" cellspacing=\"0\" cellpadding=\"0\">\n<tbody>\n<tr style=\"height: 14.40pt;\">\n<td style=\"height: 14.40pt; width: 49.80pt;\" width=\"83\" height=\"24\"><img loading=\"lazy\" decoding=\"async\" class=\"size-full wp-image-7158 aligncenter\" src=\"https:\/\/fmp-components.com\/wp-content\/uploads\/2025\/03\/Worm-Gear-Set-Product-3.webp\" alt=\"Pol\u017easti zobnik\" width=\"1000\" height=\"667\" title=\"\" srcset=\"https:\/\/fmp-components.com\/wp-content\/uploads\/2025\/03\/Worm-Gear-Set-Product-3.webp 1000w, https:\/\/fmp-components.com\/wp-content\/uploads\/2025\/03\/Worm-Gear-Set-Product-3-980x654.webp 980w, https:\/\/fmp-components.com\/wp-content\/uploads\/2025\/03\/Worm-Gear-Set-Product-3-480x320.webp 480w\" sizes=\"(min-width: 0px) and (max-width: 480px) 480px, (min-width: 481px) and (max-width: 980px) 980px, (min-width: 981px) 1000px, 100vw\" \/><\/td>\n<td style=\"width: 48.00pt;\" align=\"right\" width=\"80\"><img loading=\"lazy\" decoding=\"async\" class=\"size-full wp-image-7157 alignnone\" src=\"https:\/\/fmp-components.com\/wp-content\/uploads\/2025\/03\/Worm-Gear-Set-Product-4.webp\" alt=\"Pol\u017easti zobnik\" width=\"1000\" height=\"658\" title=\"\" srcset=\"https:\/\/fmp-components.com\/wp-content\/uploads\/2025\/03\/Worm-Gear-Set-Product-4.webp 1000w, https:\/\/fmp-components.com\/wp-content\/uploads\/2025\/03\/Worm-Gear-Set-Product-4-980x645.webp 980w, https:\/\/fmp-components.com\/wp-content\/uploads\/2025\/03\/Worm-Gear-Set-Product-4-480x316.webp 480w\" sizes=\"(min-width: 0px) and (max-width: 480px) 480px, (min-width: 481px) and (max-width: 980px) 980px, (min-width: 981px) 1000px, 100vw\" \/><\/td>\n<\/tr>\n<tr style=\"height: 14.40pt;\">\n<td style=\"height: 14.40pt;\" height=\"24\"><img loading=\"lazy\" decoding=\"async\" class=\"alignnone size-full wp-image-7160\" src=\"https:\/\/fmp-components.com\/wp-content\/uploads\/2025\/03\/Worm-Gear-Set-Product-1.webp\" alt=\"Pol\u017easti zobnik\" width=\"1000\" height=\"667\" title=\"\" srcset=\"https:\/\/fmp-components.com\/wp-content\/uploads\/2025\/03\/Worm-Gear-Set-Product-1.webp 1000w, https:\/\/fmp-components.com\/wp-content\/uploads\/2025\/03\/Worm-Gear-Set-Product-1-980x654.webp 980w, https:\/\/fmp-components.com\/wp-content\/uploads\/2025\/03\/Worm-Gear-Set-Product-1-480x320.webp 480w\" sizes=\"(min-width: 0px) and (max-width: 480px) 480px, (min-width: 481px) and (max-width: 980px) 980px, (min-width: 981px) 1000px, 100vw\" \/><\/td>\n<td align=\"right\"><img loading=\"lazy\" decoding=\"async\" class=\"alignnone size-full wp-image-7159\" src=\"https:\/\/fmp-components.com\/wp-content\/uploads\/2025\/03\/Worm-Gear-Set-Product-2.webp\" alt=\"Pol\u017easti zobnik\" width=\"1000\" height=\"667\" title=\"\" srcset=\"https:\/\/fmp-components.com\/wp-content\/uploads\/2025\/03\/Worm-Gear-Set-Product-2.webp 1000w, https:\/\/fmp-components.com\/wp-content\/uploads\/2025\/03\/Worm-Gear-Set-Product-2-980x654.webp 980w, https:\/\/fmp-components.com\/wp-content\/uploads\/2025\/03\/Worm-Gear-Set-Product-2-480x320.webp 480w\" sizes=\"(min-width: 0px) and (max-width: 480px) 480px, (min-width: 481px) and (max-width: 980px) 980px, (min-width: 981px) 1000px, 100vw\" \/><\/td>\n<\/tr>\n<\/tbody>\n<\/table>\n<h3 id=\"ali-title-AliPostDhMb-l21dc\"><span data-spm-anchor-id=\"a2700.details.0.i24.d43f7fd9eq9biO\">Na\u0161 izdelek<\/span><\/h3>\n<div>\n<table style=\"width: 100%;\" border=\"1\" width=\"100%\" cellspacing=\"0\" cellpadding=\"0\">\n<thead class=\"border-b border-primary\/20\">\n<tr class=\"border-primary\/10\">\n<th class=\"break-words\">Komplet pol\u017eastega zobnika<\/th>\n<th class=\"break-words\">Sredinska razdalja (mm)<\/th>\n<th class=\"break-words\">Prestavno razmerje<\/th>\n<th class=\"break-words\">Izhodni navor (v lbs)<\/th>\n<\/tr>\n<\/thead>\n<tbody>\n<tr class=\"border-primary\/10\">\n<td class=\"break-words\">A17<\/td>\n<td class=\"break-words\">17<\/td>\n<td class=\"break-words\">2,25 \u2013 80:1<\/td>\n<td class=\"break-words\">8,85 \u2013 24,78<\/td>\n<\/tr>\n<tr class=\"border-primary\/10\">\n<td class=\"break-words\">A22<\/td>\n<td class=\"break-words\">22<\/td>\n<td class=\"break-words\">3 \u2013 40:1<\/td>\n<td class=\"break-words\">19,47 \u2013 51,33<\/td>\n<\/tr>\n<tr class=\"border-primary\/10\">\n<td class=\"break-words\">A25<\/td>\n<td class=\"break-words\">25<\/td>\n<td class=\"break-words\">4 \u2013 50:1<\/td>\n<td class=\"break-words\">45,14 \u2013 82,3<\/td>\n<\/tr>\n<tr class=\"border-primary\/10\">\n<td class=\"break-words\">A31<\/td>\n<td class=\"break-words\">31<\/td>\n<td class=\"break-words\">2,5 \u2013 100:1<\/td>\n<td class=\"break-words\">89,39 \u2013 122,94<\/td>\n<\/tr>\n<tr class=\"border-primary\/10\">\n<td class=\"break-words\">A33<\/td>\n<td class=\"break-words\">33<\/td>\n<td class=\"break-words\">3,5 \u2013 75:1<\/td>\n<td class=\"break-words\">89,39 \u2013 188,52<\/td>\n<\/tr>\n<tr class=\"border-primary\/10\">\n<td class=\"break-words\">A35<\/td>\n<td class=\"break-words\">35<\/td>\n<td class=\"break-words\">2,78 \u2013 90:1<\/td>\n<td class=\"break-words\">58,4 \u2013 226,58<\/td>\n<\/tr>\n<tr class=\"border-primary\/10\">\n<td class=\"break-words\">A40<\/td>\n<td class=\"break-words\">40<\/td>\n<td class=\"break-words\">6,75 \u2013 90:1<\/td>\n<td class=\"break-words\">223,004 \u2013 411,56<\/td>\n<\/tr>\n<tr class=\"border-primary\/10\">\n<td class=\"break-words\">A50<\/td>\n<td class=\"break-words\">50<\/td>\n<td class=\"break-words\">4,25 \u2013 69:1<\/td>\n<td class=\"break-words\">300,9 \u2013 1039,2<\/td>\n<\/tr>\n<tr class=\"border-primary\/10\">\n<td class=\"break-words\">A53<\/td>\n<td class=\"break-words\">53<\/td>\n<td class=\"break-words\">4,75 \u2013 75:1<\/td>\n<td class=\"break-words\">398,28 \u2013 1247,9<\/td>\n<\/tr>\n<tr class=\"border-primary\/10\">\n<td class=\"break-words\">A63<\/td>\n<td class=\"break-words\">63<\/td>\n<td class=\"break-words\">6,1 \u2013 70:1<\/td>\n<td class=\"break-words\">787,7 \u2013 2283,5<\/td>\n<\/tr>\n<tr class=\"border-primary\/10\">\n<td class=\"break-words\">A65<\/td>\n<td class=\"break-words\">65<\/td>\n<td class=\"break-words\">6,25 \u2013 75:1<\/td>\n<td class=\"break-words\">893,9 \u2013 2549<\/td>\n<\/tr>\n<tr class=\"border-primary\/10\">\n<td class=\"break-words\">A80<\/td>\n<td class=\"break-words\">80<\/td>\n<td class=\"break-words\">6,75 \u2013 80:1<\/td>\n<td class=\"break-words\">1327,6 \u2013 4620<\/td>\n<\/tr>\n<\/tbody>\n<\/table>\n<p>&nbsp;<\/p>\n<\/div>\n<div>\n<table border=\"1\">\n<tbody>\n<tr>\n<td>Vrste orodij<\/td>\n<td>\u010delni zobnik, vija\u010dni zobnik, notranji \u010delni zobnik, ven\u010dni zobnik, ravni\/spiralni sto\u017e\u010dasti zobnik, hipoidni zobnik,<\/p>\n<p>kronsko kolo in pastorek, zobni\u0161ka gred, pol\u017easto gonilo in pol\u017easta gred, utorna gred in pu\u0161a itd.<\/td>\n<\/tr>\n<tr>\n<td>Material zobnika<\/td>\n<td>ogljikovo jeklo, legirano jeklo, nerjave\u010de jeklo, medenina, bron, lito \u017eelezo, najlon itd.<\/p>\n<p>{ Jeklo VB: C45, 40Cr, 20CrMo, 20CrMoTi, 17CrNiMo6, 20CrMnTi, 42CrMo itd. }<\/td>\n<\/tr>\n<tr>\n<td>Obdelava<\/td>\n<td>stru\u017eenje zobnikov, rezkanje zobnikov, rezkanje zobnikov, oblikovanje zobnikov, bru\u0161enje zobnikov, bru\u0161enje zobnikov<\/p>\n<p>posnemanje itd.<\/td>\n<\/tr>\n<tr>\n<td>Toplotna obdelava<\/td>\n<td>kaljenje, cementiranje, nitriranje, ogljikovo nitriranje, kaljenje v solni kopeli itd.<\/td>\n<\/tr>\n<tr>\n<td>Uporaba<\/td>\n<td>Avtomobilska, kmetijska, elektronska, industrijska, medicinska, obrambna, terenska itd.<\/td>\n<\/tr>\n<\/tbody>\n<\/table>\n<\/div>\n<div>\n<h2>Zna\u010dilnosti pol\u017eastih zobnikov<\/h2>\n<table style=\"width: 100%;\" border=\"1\" width=\"100%\" cellspacing=\"0\" cellpadding=\"0\">\n<tbody>\n<tr style=\"height: 14.40pt;\">\n<td style=\"height: 14.4pt; width: 30.4762%;\" width=\"83\" height=\"24\">\u00a0\u00a0<img loading=\"lazy\" decoding=\"async\" class=\"alignnone size-full wp-image-7163\" src=\"https:\/\/fmp-components.com\/wp-content\/uploads\/2025\/03\/Worm-Gear-Set-Product-5.webp\" alt=\"Pol\u017easti zobnik\" width=\"800\" height=\"800\" title=\"\" srcset=\"https:\/\/fmp-components.com\/wp-content\/uploads\/2025\/03\/Worm-Gear-Set-Product-5.webp 800w, https:\/\/fmp-components.com\/wp-content\/uploads\/2025\/03\/Worm-Gear-Set-Product-5-480x480.webp 480w\" sizes=\"(min-width: 0px) and (max-width: 480px) 480px, (min-width: 481px) 800px, 100vw\" \/><\/td>\n<td style=\"width: 34.9206%;\" align=\"right\" width=\"80\"><img loading=\"lazy\" decoding=\"async\" class=\"alignnone size-full wp-image-7162\" src=\"https:\/\/fmp-components.com\/wp-content\/uploads\/2025\/03\/Worm-Gear-Set-Product-6.webp\" alt=\"Pol\u017easti zobnik\" width=\"800\" height=\"800\" title=\"\" srcset=\"https:\/\/fmp-components.com\/wp-content\/uploads\/2025\/03\/Worm-Gear-Set-Product-6.webp 800w, https:\/\/fmp-components.com\/wp-content\/uploads\/2025\/03\/Worm-Gear-Set-Product-6-480x480.webp 480w\" sizes=\"(min-width: 0px) and (max-width: 480px) 480px, (min-width: 481px) 800px, 100vw\" \/><\/td>\n<td style=\"width: 34.2857%;\" align=\"right\" width=\"154\"><img loading=\"lazy\" decoding=\"async\" class=\"alignnone size-full wp-image-7161\" src=\"https:\/\/fmp-components.com\/wp-content\/uploads\/2025\/03\/Worm-Gear-Set-Product-7.webp\" alt=\"Pol\u017easti zobnik\" width=\"800\" height=\"800\" title=\"\" srcset=\"https:\/\/fmp-components.com\/wp-content\/uploads\/2025\/03\/Worm-Gear-Set-Product-7.webp 800w, https:\/\/fmp-components.com\/wp-content\/uploads\/2025\/03\/Worm-Gear-Set-Product-7-480x480.webp 480w\" sizes=\"(min-width: 0px) and (max-width: 480px) 480px, (min-width: 481px) 800px, 100vw\" \/><\/td>\n<\/tr>\n<tr style=\"height: 14.40pt;\">\n<td style=\"height: 14.4pt; width: 30.4762%;\" height=\"24\">Gladka povr\u0161ina, brez udrtin, brez ostrih vogalov<\/td>\n<td style=\"width: 34.9206%; text-align: left;\" align=\"right\">Mo\u010dan in vzdr\u017eljiv, veliko vrtilno razmerje, majhna prenosna mo\u010d<\/td>\n<td style=\"width: 34.2857%; text-align: left;\" align=\"right\">Zobna povr\u0161ina pol\u017eastega zobnika je linearno stikajo\u010da in nosilnost je velika<\/td>\n<\/tr>\n<\/tbody>\n<\/table>\n<h3>Uporaba<\/h3>\n<table style=\"width: 100%; height: 130px;\" border=\"1\" width=\"100%\" cellspacing=\"0\" cellpadding=\"0\">\n<tbody>\n<tr style=\"height: 14.40pt;\">\n<td style=\"height: 16px; width: 49.8413%;\" width=\"83\" height=\"24\"><strong>Naprava za pogon brisalcev<\/strong><\/td>\n<td style=\"width: 49.8413%; height: 16px;\" align=\"right\" width=\"80\"><\/td>\n<\/tr>\n<tr style=\"height: 14.40pt;\">\n<td style=\"height: 14px; width: 49.8413%;\" height=\"24\">\u00a0 \u00a0<img loading=\"lazy\" decoding=\"async\" class=\"alignnone size-full wp-image-7184\" src=\"https:\/\/fmp-components.com\/wp-content\/uploads\/2025\/03\/Wiper-Drive-Device-1.webp\" alt=\"Pogonski mehanizem brisalcev 1\" width=\"667\" height=\"486\" title=\"\" srcset=\"https:\/\/fmp-components.com\/wp-content\/uploads\/2025\/03\/Wiper-Drive-Device-1.webp 667w, https:\/\/fmp-components.com\/wp-content\/uploads\/2025\/03\/Wiper-Drive-Device-1-480x350.webp 480w\" sizes=\"(min-width: 0px) and (max-width: 480px) 480px, (min-width: 481px) 667px, 100vw\" \/><\/td>\n<td style=\"height: 14px; width: 49.8413%;\" align=\"right\"><img loading=\"lazy\" decoding=\"async\" class=\"alignnone size-full wp-image-7185\" src=\"https:\/\/fmp-components.com\/wp-content\/uploads\/2025\/03\/Wiper-Drive-Device-2.webp\" alt=\"Pogonski mehanizem brisalcev 2\" width=\"441\" height=\"315\" title=\"\" srcset=\"https:\/\/fmp-components.com\/wp-content\/uploads\/2025\/03\/Wiper-Drive-Device-2.webp 441w, https:\/\/fmp-components.com\/wp-content\/uploads\/2025\/03\/Wiper-Drive-Device-2-300x214.webp 300w, https:\/\/fmp-components.com\/wp-content\/uploads\/2025\/03\/Wiper-Drive-Device-2-18x12.webp 18w\" sizes=\"(max-width: 441px) 100vw, 441px\" \/><\/td>\n<\/tr>\n<tr style=\"height: 14.40pt;\">\n<td style=\"height: 14px; width: 49.8413%;\" height=\"24\">Pol\u017easto gonilo, ki se uporablja za nihajni mehanizem brisalcev<\/td>\n<td style=\"height: 14px; width: 49.8413%;\" align=\"right\">Pol\u017easto gonilo, ki se uporablja za nihajni mehanizem brisalcev<\/td>\n<\/tr>\n<tr style=\"height: 14.40pt;\">\n<td style=\"height: 14px; width: 49.8413%;\" height=\"24\"><strong>Parni grelnik vode<\/strong><\/td>\n<td style=\"height: 14px; text-align: left; width: 49.8413%;\" align=\"right\"><strong>Naprava za polnjenje hrane<\/strong><\/td>\n<\/tr>\n<tr style=\"height: 14.40pt;\">\n<td style=\"height: 14px; width: 49.8413%;\" height=\"24\"><img loading=\"lazy\" decoding=\"async\" class=\"alignnone size-full wp-image-7183\" src=\"https:\/\/fmp-components.com\/wp-content\/uploads\/2025\/03\/Steam-Kettle.webp\" alt=\"Parni grelnik vode\" width=\"416\" height=\"400\" title=\"\" srcset=\"https:\/\/fmp-components.com\/wp-content\/uploads\/2025\/03\/Steam-Kettle.webp 416w, https:\/\/fmp-components.com\/wp-content\/uploads\/2025\/03\/Steam-Kettle-300x288.webp 300w, https:\/\/fmp-components.com\/wp-content\/uploads\/2025\/03\/Steam-Kettle-12x12.webp 12w\" sizes=\"(max-width: 416px) 100vw, 416px\" \/><\/td>\n<td style=\"height: 14px; width: 49.8413%;\" align=\"right\"><img loading=\"lazy\" decoding=\"async\" class=\"alignnone size-full wp-image-7181\" src=\"https:\/\/fmp-components.com\/wp-content\/uploads\/2025\/03\/Food-Filling-Device.webp\" alt=\"Naprava za polnjenje hrane\" width=\"550\" height=\"415\" title=\"\" srcset=\"https:\/\/fmp-components.com\/wp-content\/uploads\/2025\/03\/Food-Filling-Device.webp 550w, https:\/\/fmp-components.com\/wp-content\/uploads\/2025\/03\/Food-Filling-Device-480x362.webp 480w\" sizes=\"(min-width: 0px) and (max-width: 480px) 480px, (min-width: 481px) 550px, 100vw\" \/><\/td>\n<\/tr>\n<tr style=\"height: 14.40pt;\">\n<td style=\"height: 16px; width: 49.8413%;\" height=\"24\">pol\u017e in pol\u017easto kolo, ki se uporabljata za vrtenje velikih ponev<\/td>\n<td style=\"height: 16px; text-align: left; width: 49.8413%;\" align=\"right\">pol\u017easto gonilo, ki se uporablja za indeksiranje in pogon, za natan\u010dno polnjenje dolo\u010dene koli\u010dine sestavin<\/td>\n<\/tr>\n<tr style=\"height: 14.40pt;\">\n<td style=\"height: 14px; width: 49.8413%;\" height=\"24\"><strong>Primer oblikovanja odra<\/strong><\/td>\n<td style=\"height: 14px; text-align: left; width: 49.8413%;\" align=\"right\"><strong>Naprava za podajanje tkanin<\/strong><\/td>\n<\/tr>\n<tr style=\"height: 14.40pt;\">\n<td style=\"height: 14px; width: 49.8413%;\" height=\"24\"><img loading=\"lazy\" decoding=\"async\" class=\"alignnone size-full wp-image-7182\" src=\"https:\/\/fmp-components.com\/wp-content\/uploads\/2025\/03\/Stage-Design-Example-1.webp\" alt=\"Primer scenografije 1\" width=\"408\" height=\"504\" title=\"\" srcset=\"https:\/\/fmp-components.com\/wp-content\/uploads\/2025\/03\/Stage-Design-Example-1.webp 408w, https:\/\/fmp-components.com\/wp-content\/uploads\/2025\/03\/Stage-Design-Example-1-243x300.webp 243w, https:\/\/fmp-components.com\/wp-content\/uploads\/2025\/03\/Stage-Design-Example-1-10x12.webp 10w\" sizes=\"(max-width: 408px) 100vw, 408px\" \/><\/td>\n<td style=\"height: 14px; width: 49.8413%;\" align=\"right\"><img loading=\"lazy\" decoding=\"async\" class=\"alignnone size-full wp-image-7186\" src=\"https:\/\/fmp-components.com\/wp-content\/uploads\/2025\/03\/Fabric-Feeding-Device-1.webp\" alt=\"Naprava za podajanje blaga 1\" width=\"633\" height=\"464\" title=\"\" srcset=\"https:\/\/fmp-components.com\/wp-content\/uploads\/2025\/03\/Fabric-Feeding-Device-1.webp 633w, https:\/\/fmp-components.com\/wp-content\/uploads\/2025\/03\/Fabric-Feeding-Device-1-480x352.webp 480w\" sizes=\"(min-width: 0px) and (max-width: 480px) 480px, (min-width: 481px) 633px, 100vw\" \/><\/td>\n<\/tr>\n<tr style=\"height: 14.40pt;\">\n<td style=\"height: 14px; width: 49.8413%;\" height=\"24\">Pol\u017easto gonilo, uporabljeno za vrtljive mize (primer zasnove)<\/td>\n<td style=\"height: 14px; width: 49.8413%;\">pol\u017e in pol\u017easto kolo, ki se uporabljata za nastavitev vi\u0161ine<\/td>\n<\/tr>\n<\/tbody>\n<\/table>\n<\/div>","protected":false},"excerpt":{"rendered":"<p>Custom worm gear sets Custom worm gear sets are produced in various designs and materials according to customer specifications. FMP offers custom gear sets with axial distances from 17 to 210 mm and a maximum worm wheel diameter of 300 mm. If necessary, FMP calculates the tooth profile data, defines the material and surface treatment, [&hellip;]<\/p>","protected":false},"featured_media":7155,"comment_status":"open","ping_status":"closed","template":"","meta":{"_et_pb_use_builder":"","_et_pb_old_content":"","_et_gb_content_width":""},"product_brand":[],"product_cat":[107],"product_tag":[],"class_list":{"0":"post-7154","1":"product","2":"type-product","3":"status-publish","4":"has-post-thumbnail","6":"product_cat-worm-gear","8":"first","9":"instock","10":"shipping-taxable","11":"product-type-simple"},"_links":{"self":[{"href":"https:\/\/fmp-components.com\/sl\/wp-json\/wp\/v2\/product\/7154","targetHints":{"allow":["GET"]}}],"collection":[{"href":"https:\/\/fmp-components.com\/sl\/wp-json\/wp\/v2\/product"}],"about":[{"href":"https:\/\/fmp-components.com\/sl\/wp-json\/wp\/v2\/types\/product"}],"replies":[{"embeddable":true,"href":"https:\/\/fmp-components.com\/sl\/wp-json\/wp\/v2\/comments?post=7154"}],"wp:featuredmedia":[{"embeddable":true,"href":"https:\/\/fmp-components.com\/sl\/wp-json\/wp\/v2\/media\/7155"}],"wp:attachment":[{"href":"https:\/\/fmp-components.com\/sl\/wp-json\/wp\/v2\/media?parent=7154"}],"wp:term":[{"taxonomy":"product_brand","embeddable":true,"href":"https:\/\/fmp-components.com\/sl\/wp-json\/wp\/v2\/product_brand?post=7154"},{"taxonomy":"product_cat","embeddable":true,"href":"https:\/\/fmp-components.com\/sl\/wp-json\/wp\/v2\/product_cat?post=7154"},{"taxonomy":"product_tag","embeddable":true,"href":"https:\/\/fmp-components.com\/sl\/wp-json\/wp\/v2\/product_tag?post=7154"}],"curies":[{"name":"delovni list","href":"https:\/\/api.w.org\/{rel}","templated":true}]}}