{"id":7147,"date":"2025-03-19T06:49:31","date_gmt":"2025-03-19T06:49:31","guid":{"rendered":"https:\/\/fmp-components.com\/?post_type=product&#038;p=7147"},"modified":"2025-03-26T08:52:30","modified_gmt":"2025-03-26T08:52:30","slug":"alloy-steel-worm-and-worm-gear-for-auto-parts","status":"publish","type":"product","link":"https:\/\/fmp-components.com\/sl\/product\/alloy-steel-worm-and-worm-gear-for-auto-parts\/","title":{"rendered":"Pol\u017e in pol\u017easto gonilo iz legiranega jekla za avtomobilske dele"},"content":{"rendered":"<p>V podjetju FMP smo specializirani za proizvodnjo \u0161iroke palete pol\u017eev in ... iz legiranega jekla <a href=\"https:\/\/fmp-components.com\/sl\/worm-gear-and-worm-shaft-2\/\">Pol\u017easto gonilo<\/a> za avtomobilske dele, zasnovane za natan\u010dno in vzdr\u017eljivo izpolnjevanje razli\u010dnih potreb industrije. Ponujamo tudi storitve prilagajanja, da zagotovimo, da se na\u0161i izdelki popolnoma ujemajo z va\u0161imi specifi\u010dnimi zahtevami. \u010ce na na\u0161em seznamu izdelkov ne najdete modela, ki ga potrebujete, to preprosto pomeni, da ga \u0161e nismo imeli mo\u017enosti nalo\u017eiti \u2013 prosimo, da nam po\u0161ljete e-po\u0161to z \u017eelenimi specifikacijami. Na\u0161i in\u017eenirji vam bodo odgovorili v 24 urah, da vam bodo pomagali.<\/p>\n<p><img loading=\"lazy\" decoding=\"async\" class=\"alignnone size-full wp-image-7148\" src=\"https:\/\/fmp-components.com\/wp-content\/uploads\/2025\/03\/Alloy-Steel-Worm-And-Worm-Gear-for-Auto-Parts-1.png\" alt=\"Pol\u017e in pol\u017easto gonilo iz legiranega jekla za avtomobilske dele\" width=\"1018\" height=\"709\" title=\"\" srcset=\"https:\/\/fmp-components.com\/wp-content\/uploads\/2025\/03\/Alloy-Steel-Worm-And-Worm-Gear-for-Auto-Parts-1.png 1018w, https:\/\/fmp-components.com\/wp-content\/uploads\/2025\/03\/Alloy-Steel-Worm-And-Worm-Gear-for-Auto-Parts-1-980x683.png 980w, https:\/\/fmp-components.com\/wp-content\/uploads\/2025\/03\/Alloy-Steel-Worm-And-Worm-Gear-for-Auto-Parts-1-480x334.png 480w\" sizes=\"(min-width: 0px) and (max-width: 480px) 480px, (min-width: 481px) and (max-width: 980px) 980px, (min-width: 981px) 1018px, 100vw\" \/><\/p>\n<p>Dimenzija: \u03a65 mm - \u03a6120 mm<br \/>\nModul: M0.2\u2013M2.2<br \/>\nVrsta materiala: aluminij, baker, medenina, nerjave\u010de jeklo, jeklo, \u017eelezo, zlitina, titan itd., kot zahteva stranka<\/p>\n<div class=\"table-responsive\">\n<table class=\"table\" style=\"height: 602px; width: 99.8413%; border-style: solid; border-color: #0d0b0b;\" border=\"1\">\n<tbody>\n<tr>\n<td style=\"width: 99.2693%;\" colspan=\"2\">\n<p style=\"text-align: center;\">Pol\u017e in pol\u017easto gonilo iz legiranega jekla za avtomobilske dele<\/p>\n<\/td>\n<\/tr>\n<tr>\n<td style=\"width: 15.9708%;\">Dimenzija<\/td>\n<td style=\"width: 83.2985%;\">\u03a65 mm - \u03a6120 mm<\/td>\n<\/tr>\n<tr>\n<td style=\"width: 15.9708%;\">Modul<\/td>\n<td style=\"width: 83.2985%;\">M0.2\u2013M2.2<\/td>\n<\/tr>\n<tr>\n<td style=\"width: 15.9708%;\">Vrsta materiala<\/td>\n<td style=\"width: 83.2985%;\">Aluminij, baker, medenina, nerjave\u010de jeklo, jeklo, \u017eelezo, zlitina, titan itd., kot zahteva stranka<\/td>\n<\/tr>\n<tr>\n<td style=\"width: 15.9708%;\">Povr\u0161inska obdelava<\/td>\n<td style=\"width: 83.2985%;\">Anodizacija, \u0161\u010detkanje, pocinkanje, lasersko graviranje, svileni tisk, poliranje, pra\u0161no lakiranje itd.<\/td>\n<\/tr>\n<tr>\n<td style=\"width: 15.9708%;\">Obdelava<\/td>\n<td style=\"width: 83.2985%;\">CNC stru\u017eenje, rezkanje, vrtanje, rezkanje, poliranje, pu\u0161o, povr\u0161inska obdelava itd.<\/td>\n<\/tr>\n<tr>\n<td style=\"width: 15.9708%;\">Uporaba<\/td>\n<td style=\"width: 83.2985%;\">Avtomobilska, medicinska, industrijska, voja\u0161ka, letalska, strojna itd.<\/td>\n<\/tr>\n<tr>\n<td style=\"width: 15.9708%;\">Prilagojeno<\/td>\n<td style=\"width: 83.2985%;\">ODM\/OEM<\/td>\n<\/tr>\n<tr>\n<td style=\"width: 15.9708%;\">Vzorec<\/td>\n<td style=\"width: 83.2985%;\">Vzorec na voljo<\/td>\n<\/tr>\n<tr>\n<td style=\"width: 15.9708%;\">Na\u010dini pakiranja<\/td>\n<td style=\"width: 83.2985%;\">PE vre\u010dka znotraj, \u0161katla zunaj ali po potrebi na\u0161e stranke<\/td>\n<\/tr>\n<tr>\n<td style=\"width: 15.9708%;\">Na\u010dini dostave<\/td>\n<td style=\"width: 83.2985%;\">DHL, TNT, FedEx in UPS<\/td>\n<\/tr>\n<tr>\n<td style=\"width: 15.9708%;\">Toleranca<\/td>\n<td style=\"width: 83.2985%;\">0,001 mm\u20130,01 mm\u20130,1 mm<\/td>\n<\/tr>\n<\/tbody>\n<\/table>\n<h2>Zna\u010dilnosti legiranega jekla pol\u017ea in pol\u017eastega zobnika<\/h2>\n<div>\n<ul>\n<li class=\"break-words\"><strong>Kompaktna zasnova<\/strong>Pol\u017easti zobniki in pol\u017easti zobniki sodijo med prostorsko najbolj u\u010dinkovite zobni\u0161ke sisteme, zasnovane za prenos gibanja med nesekajo\u010dima se pravokotnima gredema, hkrati pa zagotavljajo visoka prestavna razmerja na minimalnem odtisu.<\/li>\n<li class=\"break-words\"><strong>Visoka trdnost in vzdr\u017eljivost<\/strong>Izdelana iz legiranega jekla, pogosto kaljenega ali toplotno obdelanega, pol\u017e ponuja izjemno natezno trdnost in odpornost proti obrabi, kar zagotavlja dolgotrajno delovanje v zahtevnih pogojih.<\/li>\n<li class=\"break-words\"><strong>Tiho in gladko delovanje<\/strong>Ta kombinacija zobnikov zagotavlja najti\u0161je in najglaj\u0161e delovanje med vsemi vrstami zobnikov, zahvaljujo\u010d natan\u010dnemu povezovanju pol\u017ea iz legiranega jekla in pol\u017eastega zobnika, kar zmanj\u0161uje hrup in vibracije.<\/li>\n<li class=\"break-words\"><strong>Vrhunsko rokovanje s tovorom<\/strong>\u010crvi iz legiranega jekla, v kombinaciji z materiali, kot sta bron ali lito \u017eelezo za pol\u017easto gonilo, odli\u010dno prena\u0161ajo velike obremenitve in visok navor, zaradi \u010desar so idealni za aplikacije, ki zahtevajo robusten prenos mo\u010di.<\/li>\n<li class=\"break-words\"><strong>Izbolj\u0161ana u\u010dinkovitost in vsestranskost<\/strong>Zaradi obdelovalnosti legiranega jekla je mogo\u010de pol\u017ee natan\u010dno brusiti za optimalne profile zob, kar izbolj\u0161a u\u010dinkovitost in omogo\u010da prilagodljive zasnove za razli\u010dne namene, kot so pogoni strojev ali dvigala.<\/li>\n<\/ul>\n<\/div>\n<table style=\"width: 100%;\" border=\"1\" width=\"100%\" cellspacing=\"0\" cellpadding=\"0\">\n<tbody>\n<tr style=\"height: 14.40pt;\">\n<td style=\"height: 14.40pt; width: 49.80pt;\" width=\"83\" height=\"24\"><img loading=\"lazy\" decoding=\"async\" class=\"alignnone size-full wp-image-7150\" src=\"https:\/\/fmp-components.com\/wp-content\/uploads\/2025\/03\/Alloy-Steel-Worm-And-Worm-Gear-for-Auto-Parts-3.webp\" alt=\"Pol\u017e in pol\u017easto gonilo iz legiranega jekla za avtomobilske dele\" width=\"350\" height=\"350\" title=\"\" srcset=\"https:\/\/fmp-components.com\/wp-content\/uploads\/2025\/03\/Alloy-Steel-Worm-And-Worm-Gear-for-Auto-Parts-3.webp 350w, https:\/\/fmp-components.com\/wp-content\/uploads\/2025\/03\/Alloy-Steel-Worm-And-Worm-Gear-for-Auto-Parts-3-300x300.webp 300w, https:\/\/fmp-components.com\/wp-content\/uploads\/2025\/03\/Alloy-Steel-Worm-And-Worm-Gear-for-Auto-Parts-3-150x150.webp 150w, https:\/\/fmp-components.com\/wp-content\/uploads\/2025\/03\/Alloy-Steel-Worm-And-Worm-Gear-for-Auto-Parts-3-12x12.webp 12w, https:\/\/fmp-components.com\/wp-content\/uploads\/2025\/03\/Alloy-Steel-Worm-And-Worm-Gear-for-Auto-Parts-3-100x100.webp 100w\" sizes=\"(max-width: 350px) 100vw, 350px\" \/><\/td>\n<td style=\"width: 48.00pt;\" align=\"right\" width=\"80\"><img loading=\"lazy\" decoding=\"async\" class=\"alignnone size-full wp-image-7151\" src=\"https:\/\/fmp-components.com\/wp-content\/uploads\/2025\/03\/Alloy-Steel-Worm-And-Worm-Gear-for-Auto-Parts-2.webp\" alt=\"Pol\u017e in pol\u017easto gonilo iz legiranega jekla za avtomobilske dele\" width=\"350\" height=\"350\" title=\"\" srcset=\"https:\/\/fmp-components.com\/wp-content\/uploads\/2025\/03\/Alloy-Steel-Worm-And-Worm-Gear-for-Auto-Parts-2.webp 350w, https:\/\/fmp-components.com\/wp-content\/uploads\/2025\/03\/Alloy-Steel-Worm-And-Worm-Gear-for-Auto-Parts-2-300x300.webp 300w, https:\/\/fmp-components.com\/wp-content\/uploads\/2025\/03\/Alloy-Steel-Worm-And-Worm-Gear-for-Auto-Parts-2-150x150.webp 150w, https:\/\/fmp-components.com\/wp-content\/uploads\/2025\/03\/Alloy-Steel-Worm-And-Worm-Gear-for-Auto-Parts-2-12x12.webp 12w, https:\/\/fmp-components.com\/wp-content\/uploads\/2025\/03\/Alloy-Steel-Worm-And-Worm-Gear-for-Auto-Parts-2-100x100.webp 100w\" sizes=\"(max-width: 350px) 100vw, 350px\" \/><\/td>\n<\/tr>\n<\/tbody>\n<\/table>\n<p>&nbsp;<\/p>\n<p><img loading=\"lazy\" decoding=\"async\" class=\"alignnone size-full wp-image-7149\" src=\"https:\/\/fmp-components.com\/wp-content\/uploads\/2025\/03\/Alloy-Steel-Worm-And-Worm-Gear-for-Auto-Parts-4.webp\" alt=\"Pol\u017e in pol\u017easto gonilo iz legiranega jekla za avtomobilske dele\" width=\"773\" height=\"669\" title=\"\" srcset=\"https:\/\/fmp-components.com\/wp-content\/uploads\/2025\/03\/Alloy-Steel-Worm-And-Worm-Gear-for-Auto-Parts-4.webp 773w, https:\/\/fmp-components.com\/wp-content\/uploads\/2025\/03\/Alloy-Steel-Worm-And-Worm-Gear-for-Auto-Parts-4-480x415.webp 480w\" sizes=\"(min-width: 0px) and (max-width: 480px) 480px, (min-width: 481px) 773px, 100vw\" \/><\/p>\n<\/div>","protected":false},"excerpt":{"rendered":"<p>At FMP Company, we specialize in manufacturing a wide range of Alloy Steel Worm and Worm Gear for Auto Parts, designed to meet diverse industry needs with precision and durability. We also offer customization services to ensure our products perfectly align with your specific requirements. If you don\u2019t find the model you need in our [&hellip;]<\/p>","protected":false},"featured_media":7152,"comment_status":"open","ping_status":"closed","template":"","meta":{"_et_pb_use_builder":"","_et_pb_old_content":"","_et_gb_content_width":""},"product_brand":[],"product_cat":[107],"product_tag":[],"class_list":{"0":"post-7147","1":"product","2":"type-product","3":"status-publish","4":"has-post-thumbnail","6":"product_cat-worm-gear","8":"first","9":"instock","10":"shipping-taxable","11":"product-type-simple"},"_links":{"self":[{"href":"https:\/\/fmp-components.com\/sl\/wp-json\/wp\/v2\/product\/7147","targetHints":{"allow":["GET"]}}],"collection":[{"href":"https:\/\/fmp-components.com\/sl\/wp-json\/wp\/v2\/product"}],"about":[{"href":"https:\/\/fmp-components.com\/sl\/wp-json\/wp\/v2\/types\/product"}],"replies":[{"embeddable":true,"href":"https:\/\/fmp-components.com\/sl\/wp-json\/wp\/v2\/comments?post=7147"}],"wp:featuredmedia":[{"embeddable":true,"href":"https:\/\/fmp-components.com\/sl\/wp-json\/wp\/v2\/media\/7152"}],"wp:attachment":[{"href":"https:\/\/fmp-components.com\/sl\/wp-json\/wp\/v2\/media?parent=7147"}],"wp:term":[{"taxonomy":"product_brand","embeddable":true,"href":"https:\/\/fmp-components.com\/sl\/wp-json\/wp\/v2\/product_brand?post=7147"},{"taxonomy":"product_cat","embeddable":true,"href":"https:\/\/fmp-components.com\/sl\/wp-json\/wp\/v2\/product_cat?post=7147"},{"taxonomy":"product_tag","embeddable":true,"href":"https:\/\/fmp-components.com\/sl\/wp-json\/wp\/v2\/product_tag?post=7147"}],"curies":[{"name":"delovni list","href":"https:\/\/api.w.org\/{rel}","templated":true}]}}