{"id":7132,"date":"2025-03-18T08:04:19","date_gmt":"2025-03-18T08:04:19","guid":{"rendered":"https:\/\/fmp-components.com\/?post_type=product&#038;p=7132"},"modified":"2025-03-27T01:23:33","modified_gmt":"2025-03-27T01:23:33","slug":"forging-bevel-gears","status":"publish","type":"product","link":"https:\/\/fmp-components.com\/sl\/product\/forging-bevel-gears\/","title":{"rendered":"Kovanje sto\u017e\u010dastih zobnikov"},"content":{"rendered":"<h2>Precizno kovani sto\u017e\u010dasti zobniki, prilagojeni va\u0161im potrebam<\/h2>\n<p>V podjetju FMP smo specializirani za izdelavo visokozmogljivih odkovkov <a href=\"https:\/\/fmp-components.com\/sl\/bevel-gear-2\/\">sto\u017e\u010dasti zobniki<\/a> V \u0161iroki paleti tipov in specifikacij, zasnovanih za izpolnjevanje razli\u010dnih industrijskih zahtev. Na\u0161a ponudba izdelkov vklju\u010duje ravne, spiralne in hipoidne sto\u017e\u010daste zobnike, vsa natan\u010dno izdelana z uporabo naprednih tehnik kovanja, ki zagotavljajo izjemno vzdr\u017eljivost, trdnost in brezhibno integracijo v va\u0161e stroje.<\/p>\n<p>Re\u0161itve po meri so na\u0161a mo\u010d. Ne glede na to, ali potrebujete edinstvene dimenzije, specializirane materiale ali prilagojene profile zob, na\u0161a in\u017eenirska ekipa tesno sodeluje s strankami, da bi vam zagotovila zobnike, ki presegajo pri\u010dakovanja.<\/p>\n<p>Ne najdete \u017eelenega modela v na\u0161em katalogu? Brez skrbi \u2013 na\u0161a spletna ponudba se nenehno \u0161iri. Preprosto nam po\u0161ljite e-po\u0161to s podrobnostmi o \u017eeleni vrsti orodja, vklju\u010dno s parametri uporabe in tehni\u010dnimi specifikacijami. Na\u0161i strokovni in\u017eenirji bodo pregledali va\u0161e povpra\u0161evanje v 24 urah in vam posredovali povratne informacije o izvedljivosti, cenah in dobavnih rokih.<\/p>\n<table style=\"width: 103.173%;\" border=\"1\" width=\"100%\" cellspacing=\"0\" cellpadding=\"0\">\n<tbody>\n<tr style=\"height: 14.40pt;\">\n<td style=\"height: 14.4pt; width: 50.7937%;\" width=\"83\" height=\"24\"><img loading=\"lazy\" decoding=\"async\" class=\"size-full wp-image-7135 aligncenter\" src=\"https:\/\/fmp-components.com\/wp-content\/uploads\/2025\/03\/Forging-Bevel-Gears-product-4.webp\" alt=\"Kovanje sto\u017e\u010dastih zobnikov\" width=\"400\" height=\"400\" title=\"\" srcset=\"https:\/\/fmp-components.com\/wp-content\/uploads\/2025\/03\/Forging-Bevel-Gears-product-4.webp 400w, https:\/\/fmp-components.com\/wp-content\/uploads\/2025\/03\/Forging-Bevel-Gears-product-4-300x300.webp 300w, https:\/\/fmp-components.com\/wp-content\/uploads\/2025\/03\/Forging-Bevel-Gears-product-4-150x150.webp 150w, https:\/\/fmp-components.com\/wp-content\/uploads\/2025\/03\/Forging-Bevel-Gears-product-4-12x12.webp 12w, https:\/\/fmp-components.com\/wp-content\/uploads\/2025\/03\/Forging-Bevel-Gears-product-4-100x100.webp 100w\" sizes=\"(max-width: 400px) 100vw, 400px\" \/><\/td>\n<td style=\"width: 52.2222%;\" align=\"right\" width=\"80\"><img loading=\"lazy\" decoding=\"async\" class=\"size-full wp-image-7136 aligncenter\" src=\"https:\/\/fmp-components.com\/wp-content\/uploads\/2025\/03\/Forging-Bevel-Gears-product-3.webp\" alt=\"Kovanje sto\u017e\u010dastih zobnikov\" width=\"400\" height=\"400\" title=\"\" srcset=\"https:\/\/fmp-components.com\/wp-content\/uploads\/2025\/03\/Forging-Bevel-Gears-product-3.webp 400w, https:\/\/fmp-components.com\/wp-content\/uploads\/2025\/03\/Forging-Bevel-Gears-product-3-300x300.webp 300w, https:\/\/fmp-components.com\/wp-content\/uploads\/2025\/03\/Forging-Bevel-Gears-product-3-150x150.webp 150w, https:\/\/fmp-components.com\/wp-content\/uploads\/2025\/03\/Forging-Bevel-Gears-product-3-12x12.webp 12w, https:\/\/fmp-components.com\/wp-content\/uploads\/2025\/03\/Forging-Bevel-Gears-product-3-100x100.webp 100w\" sizes=\"(max-width: 400px) 100vw, 400px\" \/><\/td>\n<\/tr>\n<tr style=\"height: 14.40pt;\">\n<td style=\"height: 14.4pt; width: 50.7937%;\" height=\"24\"><img loading=\"lazy\" decoding=\"async\" class=\"size-full wp-image-7137 aligncenter\" src=\"https:\/\/fmp-components.com\/wp-content\/uploads\/2025\/03\/Forging-Bevel-Gears-product-2.webp\" alt=\"Kovanje sto\u017e\u010dastih zobnikov\" width=\"400\" height=\"400\" title=\"\" srcset=\"https:\/\/fmp-components.com\/wp-content\/uploads\/2025\/03\/Forging-Bevel-Gears-product-2.webp 400w, https:\/\/fmp-components.com\/wp-content\/uploads\/2025\/03\/Forging-Bevel-Gears-product-2-300x300.webp 300w, https:\/\/fmp-components.com\/wp-content\/uploads\/2025\/03\/Forging-Bevel-Gears-product-2-150x150.webp 150w, https:\/\/fmp-components.com\/wp-content\/uploads\/2025\/03\/Forging-Bevel-Gears-product-2-12x12.webp 12w, https:\/\/fmp-components.com\/wp-content\/uploads\/2025\/03\/Forging-Bevel-Gears-product-2-100x100.webp 100w\" sizes=\"(max-width: 400px) 100vw, 400px\" \/><\/td>\n<td style=\"width: 52.2222%;\" align=\"right\"><img loading=\"lazy\" decoding=\"async\" class=\"size-full wp-image-7138 aligncenter\" src=\"https:\/\/fmp-components.com\/wp-content\/uploads\/2025\/03\/Forging-Bevel-Gears-product-1.webp\" alt=\"Kovanje sto\u017e\u010dastih zobnikov\" width=\"400\" height=\"400\" title=\"\" srcset=\"https:\/\/fmp-components.com\/wp-content\/uploads\/2025\/03\/Forging-Bevel-Gears-product-1.webp 400w, https:\/\/fmp-components.com\/wp-content\/uploads\/2025\/03\/Forging-Bevel-Gears-product-1-300x300.webp 300w, https:\/\/fmp-components.com\/wp-content\/uploads\/2025\/03\/Forging-Bevel-Gears-product-1-150x150.webp 150w, https:\/\/fmp-components.com\/wp-content\/uploads\/2025\/03\/Forging-Bevel-Gears-product-1-12x12.webp 12w, https:\/\/fmp-components.com\/wp-content\/uploads\/2025\/03\/Forging-Bevel-Gears-product-1-100x100.webp 100w\" sizes=\"(max-width: 400px) 100vw, 400px\" \/><\/td>\n<\/tr>\n<\/tbody>\n<\/table>\n<h2>Zna\u010dilnosti kovanja sto\u017e\u010dastih zobnikov<\/h2>\n<p>Kovani sto\u017e\u010dasti zobniki so klju\u010dne komponente v te\u017ekih mehanskih sistemih, saj ponujajo edinstvene prednosti pred lito ali strojno obdelanimi alternativami. Spodaj so navedene izjemne lastnosti, zaradi katerih so idealni za visokozmogljive aplikacije:<\/p>\n<p><strong>Vrhunska trdnost in vzdr\u017eljivost<\/strong><\/p>\n<ul>\n<li><strong>Poravnava strukture zrn<\/strong>Postopek kovanja stisne in poravna zrnato strukturo kovine, kar pove\u010da natezno trdnost in odpornost proti utrujanju.<\/li>\n<li><strong>Visoka nosilnost<\/strong>Prenese ekstremne navore, udarne obremenitve in ponavljajo\u010de se obremenitve brez deformacije.<\/li>\n<li><strong>Celovitost materiala<\/strong>Odpravlja poroznost, praznine in vklju\u010dke, ki so pogosti v litih zobnikih, kar zagotavlja dolgoro\u010dno zanesljivost.<\/li>\n<\/ul>\n<p><strong>Izbolj\u0161ana natan\u010dnost in zmogljivost<\/strong><\/p>\n<ul>\n<li><strong>Visoka dimenzijska natan\u010dnost<\/strong>Kovanje omogo\u010da izdelavo skoraj neto oblike, kar zmanj\u0161uje naknadno obdelavo in zagotavlja dosledne profile zob.<\/li>\n<li><strong>Optimalna povr\u0161inska obdelava<\/strong>Zmanj\u0161ana potreba po bru\u0161enju\/poliranju, ohranjanje strukturne celovitosti ob hkratnem nemotenem delovanju.<\/li>\n<li><strong>Zmanj\u0161anje \u0161uma<\/strong>Natan\u010dno kovani zobje se brezhibno prepletajo, kar zmanj\u0161uje vibracije in hrup pri delovanju.<\/li>\n<\/ul>\n<p><strong>Odpornost proti obrabi in koroziji<\/strong><\/p>\n<ul>\n<li><strong>Zdru\u017eljivost s toplotno obdelavo<\/strong>Kovani zobniki se lahko podvr\u017eejo postopkom kaljenja (npr. cementiranju, indukcijskemu kaljenju) za izbolj\u0161anje povr\u0161inske trdote in odpornosti proti obrabi.<\/li>\n<li><strong>Prilagodljivost materiala<\/strong>Zdru\u017eljivo z visokotrdnostnimi zlitinami (npr. AISI 4140, 4340) in nerjavnimi jekli za korozivna okolja.<\/li>\n<\/ul>\n<p><strong>Stro\u0161kovna u\u010dinkovitost skozi \u010das<\/strong><\/p>\n<ul>\n<li><strong>Dalj\u0161a \u017eivljenjska doba<\/strong>Zmanj\u0161ana obraba in stopnja okvar zni\u017eujeta stro\u0161ke vzdr\u017eevanja in izpade.<\/li>\n<li><strong>Pove\u010danje u\u010dinkovitosti<\/strong>Natan\u010dna izdelava zmanj\u0161uje izgubo energije zaradi trenja in izbolj\u0161uje u\u010dinkovitost sistema.<\/li>\n<\/ul>\n<h3>Zakaj izbrati kovane sto\u017e\u010daste zobnike namesto lite\/strojno obdelane?<\/h3>\n<p>Kovanje zagotavlja gosto, homogeno strukturo, ki v trdnosti preka\u0161a lite zobnike in v stro\u0161kovni u\u010dinkovitosti strojno obdelane zobnike za aplikacije z visokimi obremenitvami. Zaradi svoje sposobnosti prena\u0161anja te\u017ekih pogojev ob hkratnem ohranjanju natan\u010dnosti so nepogre\u0161ljivi v kriti\u010dnih panogah.<\/p>\n<p>&nbsp;<\/p>\n<p><img loading=\"lazy\" decoding=\"async\" class=\"alignnone size-full wp-image-7139\" src=\"https:\/\/fmp-components.com\/wp-content\/uploads\/2025\/03\/Forging-Bevel-Gears-product-5.webp\" alt=\"Kovanje sto\u017e\u010dastih zobnikov\" width=\"700\" height=\"395\" title=\"\" srcset=\"https:\/\/fmp-components.com\/wp-content\/uploads\/2025\/03\/Forging-Bevel-Gears-product-5.webp 700w, https:\/\/fmp-components.com\/wp-content\/uploads\/2025\/03\/Forging-Bevel-Gears-product-5-480x271.webp 480w\" sizes=\"(min-width: 0px) and (max-width: 480px) 480px, (min-width: 481px) 700px, 100vw\" \/><\/p>\n<h3>Sorodni izdelek<\/h3>\n<p><img loading=\"lazy\" decoding=\"async\" class=\"alignnone size-full wp-image-7140\" src=\"https:\/\/fmp-components.com\/wp-content\/uploads\/2025\/03\/Forging-Bevel-Gears-product-6.webp\" alt=\"Kovanje sto\u017e\u010dastih zobnikov\" width=\"887\" height=\"652\" title=\"\" srcset=\"https:\/\/fmp-components.com\/wp-content\/uploads\/2025\/03\/Forging-Bevel-Gears-product-6.webp 887w, https:\/\/fmp-components.com\/wp-content\/uploads\/2025\/03\/Forging-Bevel-Gears-product-6-480x353.webp 480w\" sizes=\"(min-width: 0px) and (max-width: 480px) 480px, (min-width: 481px) 887px, 100vw\" \/><\/p>","protected":false},"excerpt":{"rendered":"<p>Precision-Forged Bevel Gears Tailored to Your Needs At FMP, we specialize in manufacturing high-performance forging bevel gears across a wide range of types and specifications, designed to meet diverse industrial demands. Our product portfolio includes straight, spiral, and hypoid bevel gears, all precision-engineered using advanced forging techniques to ensure exceptional durability, strength, and seamless integration [&hellip;]<\/p>","protected":false},"featured_media":7133,"comment_status":"open","ping_status":"closed","template":"","meta":{"_et_pb_use_builder":"","_et_pb_old_content":"","_et_gb_content_width":""},"product_brand":[],"product_cat":[106],"product_tag":[],"class_list":{"0":"post-7132","1":"product","2":"type-product","3":"status-publish","4":"has-post-thumbnail","6":"product_cat-bevel-gears","8":"first","9":"instock","10":"shipping-taxable","11":"product-type-simple"},"_links":{"self":[{"href":"https:\/\/fmp-components.com\/sl\/wp-json\/wp\/v2\/product\/7132","targetHints":{"allow":["GET"]}}],"collection":[{"href":"https:\/\/fmp-components.com\/sl\/wp-json\/wp\/v2\/product"}],"about":[{"href":"https:\/\/fmp-components.com\/sl\/wp-json\/wp\/v2\/types\/product"}],"replies":[{"embeddable":true,"href":"https:\/\/fmp-components.com\/sl\/wp-json\/wp\/v2\/comments?post=7132"}],"wp:featuredmedia":[{"embeddable":true,"href":"https:\/\/fmp-components.com\/sl\/wp-json\/wp\/v2\/media\/7133"}],"wp:attachment":[{"href":"https:\/\/fmp-components.com\/sl\/wp-json\/wp\/v2\/media?parent=7132"}],"wp:term":[{"taxonomy":"product_brand","embeddable":true,"href":"https:\/\/fmp-components.com\/sl\/wp-json\/wp\/v2\/product_brand?post=7132"},{"taxonomy":"product_cat","embeddable":true,"href":"https:\/\/fmp-components.com\/sl\/wp-json\/wp\/v2\/product_cat?post=7132"},{"taxonomy":"product_tag","embeddable":true,"href":"https:\/\/fmp-components.com\/sl\/wp-json\/wp\/v2\/product_tag?post=7132"}],"curies":[{"name":"delovni list","href":"https:\/\/api.w.org\/{rel}","templated":true}]}}