{"id":7105,"date":"2025-03-18T06:43:13","date_gmt":"2025-03-18T06:43:13","guid":{"rendered":"https:\/\/fmp-components.com\/?post_type=product&#038;p=7105"},"modified":"2025-03-27T01:23:53","modified_gmt":"2025-03-27T01:23:53","slug":"spiral-bevel-gears-helical-bevel-gear","status":"publish","type":"product","link":"https:\/\/fmp-components.com\/sl\/product\/spiral-bevel-gears-helical-bevel-gear\/","title":{"rendered":"Spiralni sto\u017e\u010dasti zobniki (spiralni sto\u017e\u010dasti zobniki)"},"content":{"rendered":"<p><img loading=\"lazy\" decoding=\"async\" class=\"size-full wp-image-7130 aligncenter\" src=\"https:\/\/fmp-components.com\/wp-content\/uploads\/2025\/03\/spiral-bevel-gear-product-1.webp\" alt=\"spiralno-sto\u017e\u010dasto-zobni\u0161ko\" width=\"1800\" height=\"1201\" title=\"\" srcset=\"https:\/\/fmp-components.com\/wp-content\/uploads\/2025\/03\/spiral-bevel-gear-product-1.webp 1800w, https:\/\/fmp-components.com\/wp-content\/uploads\/2025\/03\/spiral-bevel-gear-product-1-1280x854.webp 1280w, https:\/\/fmp-components.com\/wp-content\/uploads\/2025\/03\/spiral-bevel-gear-product-1-980x654.webp 980w, https:\/\/fmp-components.com\/wp-content\/uploads\/2025\/03\/spiral-bevel-gear-product-1-480x320.webp 480w\" sizes=\"(min-width: 0px) and (max-width: 480px) 480px, (min-width: 481px) and (max-width: 980px) 980px, (min-width: 981px) and (max-width: 1280px) 1280px, (min-width: 1281px) 1800px, 100vw\" \/><\/p>\n<p>Spiralni sto\u017e\u010dasti zobniki (vija\u010dni sto\u017e\u010dasti zobniki) so napredni, visokozmogljivi zobniki z ukrivljenimi, vija\u010dnimi zobmi, ki zagotavljajo bolj gladko in ti\u0161je delovanje, hkrati pa u\u010dinkovito prena\u0161ajo mo\u010d med sekajo\u010dima se gredema, zaradi \u010desar so idealni za zahtevne aplikacije, kot so avtomobilska, vesoljska in industrijska industrija. V podjetju FMP smo specializirani za proizvodnjo raznolike palete spiralnih zobnikov. <a href=\"https:\/\/fmp-components.com\/sl\/bevel-gear-2\/\">Sto\u017e\u010dasti zobniki<\/a> (Vija\u010dni sto\u017e\u010dasti zobniki), izdelani tako, da ustrezajo razli\u010dnim specifikacijam, ponujamo pa tudi izdelavo po meri, ki ustreza va\u0161im edinstvenim zahtevam. \u010ce dolo\u010denega modela, ki ga potrebujete, ni v na\u0161em katalogu izdelkov, ne skrbite \u2013 verjetno \u010daka le na nalaganje; preprosto nam po\u0161ljite e-po\u0161to z \u017eelenimi specifikacijami in na\u0161i strokovni in\u017eenirji se vam bodo v 24 urah oglasili s prilagojenimi re\u0161itvami.<\/p>\n<table style=\"width: 100%; height: 24px;\" border=\"1\" width=\"100%\" cellspacing=\"0\" cellpadding=\"0\">\n<tbody>\n<tr style=\"height: 14.40pt;\">\n<td style=\"height: 10px; width: 49.8pt; text-align: center;\" width=\"83\" height=\"24\"><img loading=\"lazy\" decoding=\"async\" class=\"alignnone wp-image-7109\" src=\"https:\/\/fmp-components.com\/wp-content\/uploads\/2025\/03\/chache.webp\" alt=\"Spiralni sto\u017e\u010dasti zobniki\" width=\"323\" height=\"214\" title=\"\" srcset=\"https:\/\/fmp-components.com\/wp-content\/uploads\/2025\/03\/chache.webp 198w, https:\/\/fmp-components.com\/wp-content\/uploads\/2025\/03\/chache-18x12.webp 18w\" sizes=\"(max-width: 323px) 100vw, 323px\" \/> \u00a0 Menjalnik s spiralnimi sto\u017e\u010dastimi zobniki<\/td>\n<td style=\"width: 48pt; height: 10px;\" align=\"right\" width=\"80\">\n<p style=\"text-align: center;\"><img loading=\"lazy\" decoding=\"async\" class=\"alignnone size-full wp-image-7110\" src=\"https:\/\/fmp-components.com\/wp-content\/uploads\/2025\/03\/JCY300-1.webp\" alt=\"Spiralni sto\u017e\u010dasti zobniki\" width=\"1024\" height=\"674\" title=\"\" srcset=\"https:\/\/fmp-components.com\/wp-content\/uploads\/2025\/03\/JCY300-1.webp 1024w, https:\/\/fmp-components.com\/wp-content\/uploads\/2025\/03\/JCY300-1-980x645.webp 980w, https:\/\/fmp-components.com\/wp-content\/uploads\/2025\/03\/JCY300-1-480x316.webp 480w\" sizes=\"(min-width: 0px) and (max-width: 480px) 480px, (min-width: 481px) and (max-width: 980px) 980px, (min-width: 981px) 1024px, 100vw\" \/>Tovornjaki s spiralnimi sto\u017e\u010dastimi zobniki<\/p>\n<\/td>\n<\/tr>\n<tr style=\"height: 14.40pt;\">\n<td style=\"height: 14px; text-align: center;\" height=\"24\"><img loading=\"lazy\" decoding=\"async\" class=\"alignnone wp-image-7112\" src=\"https:\/\/fmp-components.com\/wp-content\/uploads\/2025\/03\/zhiji.webp\" alt=\"Spiralni sto\u017e\u010dasti zobniki\" width=\"326\" height=\"216\" title=\"\" srcset=\"https:\/\/fmp-components.com\/wp-content\/uploads\/2025\/03\/zhiji.webp 198w, https:\/\/fmp-components.com\/wp-content\/uploads\/2025\/03\/zhiji-18x12.webp 18w\" sizes=\"(max-width: 326px) 100vw, 326px\" \/>Stroji za spiralne sto\u017e\u010daste zobnike<\/td>\n<td style=\"height: 14px; text-align: center;\" align=\"right\"><img loading=\"lazy\" decoding=\"async\" class=\"alignnone size-full wp-image-7111\" src=\"https:\/\/fmp-components.com\/wp-content\/uploads\/2025\/03\/tihua-1.webp\" alt=\"Spiralni sto\u017e\u010dasti zobniki\" width=\"1024\" height=\"676\" title=\"\" srcset=\"https:\/\/fmp-components.com\/wp-content\/uploads\/2025\/03\/tihua-1.webp 1024w, https:\/\/fmp-components.com\/wp-content\/uploads\/2025\/03\/tihua-1-980x647.webp 980w, https:\/\/fmp-components.com\/wp-content\/uploads\/2025\/03\/tihua-1-480x317.webp 480w\" sizes=\"(min-width: 0px) and (max-width: 480px) 480px, (min-width: 481px) and (max-width: 980px) 980px, (min-width: 981px) 1024px, 100vw\" \/>Spiralni sto\u017e\u010dasti zobniki Reduktorji hitrosti<\/td>\n<\/tr>\n<\/tbody>\n<\/table>\n<h3>Spiralni sto\u017e\u010dasti zobniki v primerjavi s hipoidnim zobnikom<\/h3>\n<table style=\"width: 100%;\" border=\"1\" width=\"100%\" cellspacing=\"0\" cellpadding=\"0\">\n<tbody>\n<tr style=\"height: 14.40pt;\">\n<td style=\"height: 14.4pt; width: 49.8pt; text-align: center;\" width=\"83\" height=\"24\"><strong>Spiralni sto\u017e\u010dasti zobniki<\/strong><\/td>\n<td style=\"width: 48pt; text-align: center;\" align=\"right\" width=\"80\"><strong>Hipoidni zobnik<\/strong><\/td>\n<\/tr>\n<tr style=\"height: 14.40pt;\">\n<td style=\"height: 14.40pt;\" height=\"24\"><img loading=\"lazy\" decoding=\"async\" class=\"alignnone size-full wp-image-7116\" src=\"https:\/\/fmp-components.com\/wp-content\/uploads\/2025\/03\/Hypoid-Gear-Vs-Spiral-Bevel.webp\" alt=\"Hipoidni zobnik v primerjavi s spiralnim sto\u017e\u010dastim zobnikom\" width=\"534\" height=\"467\" title=\"\" srcset=\"https:\/\/fmp-components.com\/wp-content\/uploads\/2025\/03\/Hypoid-Gear-Vs-Spiral-Bevel.webp 534w, https:\/\/fmp-components.com\/wp-content\/uploads\/2025\/03\/Hypoid-Gear-Vs-Spiral-Bevel-480x420.webp 480w\" sizes=\"(min-width: 0px) and (max-width: 480px) 480px, (min-width: 481px) 534px, 100vw\" \/><\/td>\n<td align=\"right\"><img loading=\"lazy\" decoding=\"async\" class=\"alignnone size-full wp-image-7131\" src=\"https:\/\/fmp-components.com\/wp-content\/uploads\/2025\/03\/Hypoid-bevel-gearset1-1_1.webp\" alt=\"Hipoidni sto\u017e\u010dasti zobnik\" width=\"534\" height=\"467\" title=\"\" srcset=\"https:\/\/fmp-components.com\/wp-content\/uploads\/2025\/03\/Hypoid-bevel-gearset1-1_1.webp 534w, https:\/\/fmp-components.com\/wp-content\/uploads\/2025\/03\/Hypoid-bevel-gearset1-1_1-480x420.webp 480w\" sizes=\"(min-width: 0px) and (max-width: 480px) 480px, (min-width: 481px) 534px, 100vw\" \/><\/td>\n<\/tr>\n<\/tbody>\n<\/table>\n<h2>Uporaba spiralnega sto\u017e\u010dastega zobnika<\/h2>\n<p>Sto\u017e\u010dasti zobniki se uporabljajo v razli\u010dnih panogah, od letalstva in vesolja (visokohitrostni ravni in spiralni sto\u017e\u010dasti zobniki, specializirana jekla, predgrelniki zraka itd.) do rudarjenja (pogoni za zlagalnike in zajemalke, kolesni bagri, bagri, transportni sistemi, pogoni mlinov itd.).<\/p>\n<p>Pogosto jih najdemo v me\u0161alnikih peska, sto\u017e\u010dastih mlinih, hladilnih stolpih, vili\u010darjih, ladijskih aktuatorjih in propelerjih, opremi za farmacevtsko pakiranje, visokohitrostnih ofsetnih tiskarskih strojih, proizvodnji polietilenskih plo\u0161\u010d, avtomobilskih komponentah in \u017eelezni\u0161kih menjalnikih.<\/p>\n<p>V robotiki so kotni sto\u017e\u010dasti zobniki idealni za kompaktne prostore, medtem ko v \u010drni metalurgiji podpirajo vertikalne konstrukcije valjarn.<br \/>\nV predelavi hrane so sto\u017e\u010dasti zobniki klju\u010dnega pomena za orodja za proizvodnjo hrane, pakiranje in izdelavo plo\u010devink.<\/p>\n<p>Pri scenarijih z nizko hitrostjo in nizko obremenitvijo sto\u017e\u010dasti zobniki u\u010dinkovito prena\u0161ajo mo\u010d in gibanje med dvema gredema.<br \/>\nHipoidni sto\u017e\u010dasti zobniki se uporabljajo v avtomobilskih sistemih, kot so diferencialni pogoni vozil.<br \/>\nSto\u017e\u010dasti zobniki so prav tako klju\u010dni v mehanizmu ro\u010dnih vrtalnikov.<br \/>\nV \u0161ivalnih strojih so spiralni sto\u017e\u010dasti zobniki klju\u010dna komponenta.<\/p>\n<table style=\"width: 104.127%; height: 626px;\" border=\"1\" width=\"100%\" cellspacing=\"0\" cellpadding=\"0\">\n<tbody>\n<tr style=\"height: 14.40pt;\">\n<td style=\"height: 14.4pt; width: 25.1524%;\" width=\"83\" height=\"24\">\u00a0<img loading=\"lazy\" decoding=\"async\" class=\"size-full wp-image-7119 aligncenter\" src=\"https:\/\/fmp-components.com\/wp-content\/uploads\/2025\/03\/Spiral-Bevel-Gear-Uses-Packaging.webp\" alt=\"Uporaba spiralnih sto\u017e\u010dastih zobnikov in embala\u017ee\" width=\"800\" height=\"600\" title=\"\" srcset=\"https:\/\/fmp-components.com\/wp-content\/uploads\/2025\/03\/Spiral-Bevel-Gear-Uses-Packaging.webp 800w, https:\/\/fmp-components.com\/wp-content\/uploads\/2025\/03\/Spiral-Bevel-Gear-Uses-Packaging-480x360.webp 480w\" sizes=\"(min-width: 0px) and (max-width: 480px) 480px, (min-width: 481px) 800px, 100vw\" \/><\/td>\n<td style=\"width: 25.3049%;\" align=\"right\" width=\"80\"><img loading=\"lazy\" decoding=\"async\" class=\"size-full wp-image-7124 aligncenter\" src=\"https:\/\/fmp-components.com\/wp-content\/uploads\/2025\/03\/Railways.webp\" alt=\"\u017deleznice\" width=\"800\" height=\"600\" title=\"\" srcset=\"https:\/\/fmp-components.com\/wp-content\/uploads\/2025\/03\/Railways.webp 800w, https:\/\/fmp-components.com\/wp-content\/uploads\/2025\/03\/Railways-480x360.webp 480w\" sizes=\"(min-width: 0px) and (max-width: 480px) 480px, (min-width: 481px) 800px, 100vw\" \/><\/td>\n<td style=\"width: 24.6952%;\" align=\"right\" width=\"154\"><img loading=\"lazy\" decoding=\"async\" class=\"size-full wp-image-7118 aligncenter\" src=\"https:\/\/fmp-components.com\/wp-content\/uploads\/2025\/03\/Spiral-Bevel-Gear-Uses-Printing.webp\" alt=\"Uporaba spiralnih sto\u017e\u010dastih zobnikov pri tiskanju\" width=\"800\" height=\"600\" title=\"\" srcset=\"https:\/\/fmp-components.com\/wp-content\/uploads\/2025\/03\/Spiral-Bevel-Gear-Uses-Printing.webp 800w, https:\/\/fmp-components.com\/wp-content\/uploads\/2025\/03\/Spiral-Bevel-Gear-Uses-Printing-480x360.webp 480w\" sizes=\"(min-width: 0px) and (max-width: 480px) 480px, (min-width: 481px) 800px, 100vw\" \/><\/td>\n<td style=\"width: 24.5426%;\" width=\"80\"><img loading=\"lazy\" decoding=\"async\" class=\"size-full wp-image-7125 aligncenter\" src=\"https:\/\/fmp-components.com\/wp-content\/uploads\/2025\/03\/milling.webp\" alt=\"rezkanje\" width=\"800\" height=\"600\" title=\"\" srcset=\"https:\/\/fmp-components.com\/wp-content\/uploads\/2025\/03\/milling.webp 800w, https:\/\/fmp-components.com\/wp-content\/uploads\/2025\/03\/milling-480x360.webp 480w\" sizes=\"(min-width: 0px) and (max-width: 480px) 480px, (min-width: 481px) 800px, 100vw\" \/><\/td>\n<\/tr>\n<tr style=\"height: 14.40pt;\">\n<td style=\"height: 14.4pt; width: 25.1524%;\" height=\"24\"><img loading=\"lazy\" decoding=\"async\" class=\"size-full wp-image-7122 aligncenter\" src=\"https:\/\/fmp-components.com\/wp-content\/uploads\/2025\/03\/Spiral-Bevel-Gear-Uses-Packaging-1.webp\" alt=\"Uporaba embala\u017ee za spiralna sto\u017e\u010dasta zobnika 1\" width=\"800\" height=\"600\" title=\"\" srcset=\"https:\/\/fmp-components.com\/wp-content\/uploads\/2025\/03\/Spiral-Bevel-Gear-Uses-Packaging-1.webp 800w, https:\/\/fmp-components.com\/wp-content\/uploads\/2025\/03\/Spiral-Bevel-Gear-Uses-Packaging-1-480x360.webp 480w\" sizes=\"(min-width: 0px) and (max-width: 480px) 480px, (min-width: 481px) 800px, 100vw\" \/><\/td>\n<td style=\"width: 25.3049%;\" align=\"right\"><img loading=\"lazy\" decoding=\"async\" class=\"size-full wp-image-7120 aligncenter\" src=\"https:\/\/fmp-components.com\/wp-content\/uploads\/2025\/03\/Spiral-Bevel-Gear-Uses-Railways-1.webp\" alt=\"Uporaba spiralnih sto\u017e\u010dastih zobnikov na \u017eeleznicah 1\" width=\"800\" height=\"600\" title=\"\" srcset=\"https:\/\/fmp-components.com\/wp-content\/uploads\/2025\/03\/Spiral-Bevel-Gear-Uses-Railways-1.webp 800w, https:\/\/fmp-components.com\/wp-content\/uploads\/2025\/03\/Spiral-Bevel-Gear-Uses-Railways-1-480x360.webp 480w\" sizes=\"(min-width: 0px) and (max-width: 480px) 480px, (min-width: 481px) 800px, 100vw\" \/><\/td>\n<td style=\"width: 24.6952%;\" align=\"right\"><img loading=\"lazy\" decoding=\"async\" class=\"size-full wp-image-7121 aligncenter\" src=\"https:\/\/fmp-components.com\/wp-content\/uploads\/2025\/03\/Spiral-Bevel-Gear-Uses-Printing-1.webp\" alt=\"Uporaba spiralnih sto\u017e\u010dastih zobnikov pri tiskanju 1\" width=\"800\" height=\"600\" title=\"\" srcset=\"https:\/\/fmp-components.com\/wp-content\/uploads\/2025\/03\/Spiral-Bevel-Gear-Uses-Printing-1.webp 800w, https:\/\/fmp-components.com\/wp-content\/uploads\/2025\/03\/Spiral-Bevel-Gear-Uses-Printing-1-480x360.webp 480w\" sizes=\"(min-width: 0px) and (max-width: 480px) 480px, (min-width: 481px) 800px, 100vw\" \/><\/td>\n<td style=\"width: 24.5426%;\"><img loading=\"lazy\" decoding=\"async\" class=\"size-full wp-image-7123 aligncenter\" src=\"https:\/\/fmp-components.com\/wp-content\/uploads\/2025\/03\/Spiral-Bevel-Gear-Uses-Mining-2.webp\" alt=\"Uporaba spiralnih sto\u017e\u010dastih zobnikov v rudarstvu 2\" width=\"800\" height=\"600\" title=\"\" srcset=\"https:\/\/fmp-components.com\/wp-content\/uploads\/2025\/03\/Spiral-Bevel-Gear-Uses-Mining-2.webp 800w, https:\/\/fmp-components.com\/wp-content\/uploads\/2025\/03\/Spiral-Bevel-Gear-Uses-Mining-2-480x360.webp 480w\" sizes=\"(min-width: 0px) and (max-width: 480px) 480px, (min-width: 481px) 800px, 100vw\" \/><\/td>\n<\/tr>\n<tr style=\"height: 14.40pt;\">\n<td style=\"height: 14.4pt; width: 25.1524%;\" height=\"24\">\n<div class=\"ptitle\"><strong>Embala\u017ea in predelava hrane<\/strong><\/div>\n<ul class=\"myp1\">\n<li>Farmacevtski pakirni stroji<\/li>\n<li>Oprema za proizvodnjo plo\u010devink<\/li>\n<li>Proizvodnja polietilenske folije<\/li>\n<li>Posebej zasnovani menjalniki<\/li>\n<\/ul>\n<\/td>\n<td style=\"width: 25.3049%;\" align=\"right\">\n<div class=\"ptitle\" style=\"text-align: left;\"><strong>\u017deleznice<\/strong><\/div>\n<ul class=\"myp1\">\n<li style=\"text-align: left;\">Registrirani dobavitelj za indijske \u017eeleznice<\/li>\n<li style=\"text-align: left;\">Izku\u0161nje z remontom\/obnovo<\/li>\n<li style=\"text-align: left;\">Izku\u0161nje z obratnim in\u017eeniringom kon\u010dnih in sekundarnih kon\u010dnih pogonov dizelskih lokomotiv.<\/li>\n<\/ul>\n<\/td>\n<td style=\"width: 24.6952%;\" align=\"right\">\n<div class=\"ptitle\" style=\"text-align: left;\"><strong>Tiskanje<\/strong><\/div>\n<ul class=\"myp1\">\n<li style=\"text-align: left;\">Ofsetni tiskarski zobniki za visoke hitrosti<\/li>\n<\/ul>\n<\/td>\n<td style=\"width: 24.5426%;\">\n<div class=\"ptitle\"><strong>Rudarstvo:<\/strong><\/div>\n<ul class=\"myp1\">\n<li>Kolesni bagri<\/li>\n<li>Pogoni za zlaganje\/recikliranje<\/li>\n<li>Pogoni bagrov<\/li>\n<li>Pogoni mlinov<\/li>\n<li>Tra\u010dni transporterji<\/li>\n<\/ul>\n<\/td>\n<\/tr>\n<\/tbody>\n<\/table>\n<div>\n<h2>Postopek izdelave spiralnih sto\u017e\u010dastih zobnikov<\/h2>\n<p class=\"break-words\">Izdelava sto\u017e\u010dastih zobnikov se za\u010dne s predhodnim oblikovanjem surovca, z zobmi ali brez, \u010demur sledi \u017earjenje, \u010de je material lito ali kovano jeklo, da se zmeh\u010da za nadaljnjo obdelavo. Surovec se nato strojno obdeluje do natan\u010dnih dimenzij, pri \u010demer se zobje oblikujejo ali pa se predhodno oblikovani zobje po potrebi izpopolnijo.<\/p>\n<p class=\"break-words\">Nato se lahko zobje zobnika povr\u0161insko ali popolnoma utrdijo za pove\u010danje vzdr\u017eljivosti, odvisno od predvidene uporabe. Po utrjevanju se zobje dokon\u010dno obdelajo z bru\u0161enjem ali ostru\u017ekom, da se zagotovi gladkost in natan\u010dnost.<\/p>\n<p class=\"break-words\">Nazadnje se kon\u010dni sto\u017e\u010dasti zobnik skrbno pregleda, da se potrdi, da izpolnjuje vse standarde zasnove in delovanja, kar zagotavlja njegovo kakovost in zanesljivost za prakti\u010dno uporabo.<\/p>\n<table style=\"width: 103.016%; height: 65px;\" border=\"1\" width=\"100%\" cellspacing=\"0\" cellpadding=\"0\">\n<tbody>\n<tr style=\"height: 23px;\">\n<td style=\"width: 50.4762%; text-align: center; height: 23px;\"><strong>Rezanje spiralnih sto\u017e\u010dastih zobnikov<\/strong><\/td>\n<td style=\"width: 49.2064%; text-align: center; height: 23px;\" align=\"right\" width=\"80\"><strong>Bru\u0161enje spiralnega sto\u017e\u010dastega zobnika<\/strong><\/td>\n<\/tr>\n<tr style=\"height: 14.40pt;\">\n<td style=\"height: 14px; width: 50.4762%;\" height=\"24\"><img loading=\"lazy\" decoding=\"async\" class=\"size-full wp-image-7127 aligncenter\" src=\"https:\/\/fmp-components.com\/wp-content\/uploads\/2025\/03\/Spiral-Bevel-Gear-Cutting.webp\" alt=\"Spiralno-sto\u017e\u010dasto-zobni\u0161ko-rezanje\" width=\"500\" height=\"210\" title=\"\" srcset=\"https:\/\/fmp-components.com\/wp-content\/uploads\/2025\/03\/Spiral-Bevel-Gear-Cutting.webp 500w, https:\/\/fmp-components.com\/wp-content\/uploads\/2025\/03\/Spiral-Bevel-Gear-Cutting-480x202.webp 480w\" sizes=\"(min-width: 0px) and (max-width: 480px) 480px, (min-width: 481px) 500px, 100vw\" \/><\/td>\n<td style=\"width: 49.2064%; height: 14px;\" align=\"right\"><img loading=\"lazy\" decoding=\"async\" class=\"size-full wp-image-7126 aligncenter\" src=\"https:\/\/fmp-components.com\/wp-content\/uploads\/2025\/03\/Spiral-Bevel-Gear-Grinding.webp\" alt=\"Bru\u0161enje spiralnih sto\u017e\u010dastih zobnikov\" width=\"500\" height=\"210\" title=\"\" srcset=\"https:\/\/fmp-components.com\/wp-content\/uploads\/2025\/03\/Spiral-Bevel-Gear-Grinding.webp 500w, https:\/\/fmp-components.com\/wp-content\/uploads\/2025\/03\/Spiral-Bevel-Gear-Grinding-480x202.webp 480w\" sizes=\"(min-width: 0px) and (max-width: 480px) 480px, (min-width: 481px) 500px, 100vw\" \/><\/td>\n<\/tr>\n<tr style=\"height: 14.40pt;\">\n<td style=\"height: 14px; width: 50.4762%; text-align: center;\" height=\"24\"><strong>Rezkanje spiralnih sto\u017e\u010dastih zobnikov<\/strong><\/td>\n<td style=\"width: 49.2064%; text-align: center; height: 14px;\" align=\"right\"><strong>Testiranje spiralnih sto\u017e\u010dastih zobnikov<\/strong><\/td>\n<\/tr>\n<tr style=\"height: 14.40pt;\">\n<td style=\"height: 14px; width: 50.4762%;\" height=\"24\"><img loading=\"lazy\" decoding=\"async\" class=\"alignnone size-full wp-image-7129\" src=\"https:\/\/fmp-components.com\/wp-content\/uploads\/2025\/03\/Spiral-Bevel-Gear-Milling.webp\" alt=\"Spiralno-sto\u017e\u010dasto-rezkanje zobnikov\" width=\"500\" height=\"210\" title=\"\" srcset=\"https:\/\/fmp-components.com\/wp-content\/uploads\/2025\/03\/Spiral-Bevel-Gear-Milling.webp 500w, https:\/\/fmp-components.com\/wp-content\/uploads\/2025\/03\/Spiral-Bevel-Gear-Milling-480x202.webp 480w\" sizes=\"(min-width: 0px) and (max-width: 480px) 480px, (min-width: 481px) 500px, 100vw\" \/><\/td>\n<td style=\"width: 49.2064%; height: 14px;\" align=\"right\"><img loading=\"lazy\" decoding=\"async\" class=\"alignnone size-full wp-image-7128\" src=\"https:\/\/fmp-components.com\/wp-content\/uploads\/2025\/03\/Spiral-Bevel-Gear-Model.webp\" alt=\"Model s spiralnim sto\u017e\u010dastim zobnikom\" width=\"500\" height=\"210\" title=\"\" srcset=\"https:\/\/fmp-components.com\/wp-content\/uploads\/2025\/03\/Spiral-Bevel-Gear-Model.webp 500w, https:\/\/fmp-components.com\/wp-content\/uploads\/2025\/03\/Spiral-Bevel-Gear-Model-480x202.webp 480w\" sizes=\"(min-width: 0px) and (max-width: 480px) 480px, (min-width: 481px) 500px, 100vw\" \/><\/td>\n<\/tr>\n<\/tbody>\n<\/table>\n<\/div>","protected":false},"excerpt":{"rendered":"<p>Spiral Bevel Gears (Helical Bevel Gears) are advanced, high-performance gears featuring curved, helical teeth that ensure smoother and quieter operation while efficiently transmitting power between intersecting shafts, making them ideal for demanding applications like automotive, aerospace, and industrial machinery. At FMP Company, we specialize in producing a diverse range of Spiral Bevel Gears (Helical Bevel [&hellip;]<\/p>","protected":false},"featured_media":7114,"comment_status":"open","ping_status":"closed","template":"","meta":{"_et_pb_use_builder":"","_et_pb_old_content":"","_et_gb_content_width":""},"product_brand":[],"product_cat":[106],"product_tag":[],"class_list":{"0":"post-7105","1":"product","2":"type-product","3":"status-publish","4":"has-post-thumbnail","6":"product_cat-bevel-gears","8":"first","9":"instock","10":"shipping-taxable","11":"product-type-simple"},"_links":{"self":[{"href":"https:\/\/fmp-components.com\/sl\/wp-json\/wp\/v2\/product\/7105","targetHints":{"allow":["GET"]}}],"collection":[{"href":"https:\/\/fmp-components.com\/sl\/wp-json\/wp\/v2\/product"}],"about":[{"href":"https:\/\/fmp-components.com\/sl\/wp-json\/wp\/v2\/types\/product"}],"replies":[{"embeddable":true,"href":"https:\/\/fmp-components.com\/sl\/wp-json\/wp\/v2\/comments?post=7105"}],"wp:featuredmedia":[{"embeddable":true,"href":"https:\/\/fmp-components.com\/sl\/wp-json\/wp\/v2\/media\/7114"}],"wp:attachment":[{"href":"https:\/\/fmp-components.com\/sl\/wp-json\/wp\/v2\/media?parent=7105"}],"wp:term":[{"taxonomy":"product_brand","embeddable":true,"href":"https:\/\/fmp-components.com\/sl\/wp-json\/wp\/v2\/product_brand?post=7105"},{"taxonomy":"product_cat","embeddable":true,"href":"https:\/\/fmp-components.com\/sl\/wp-json\/wp\/v2\/product_cat?post=7105"},{"taxonomy":"product_tag","embeddable":true,"href":"https:\/\/fmp-components.com\/sl\/wp-json\/wp\/v2\/product_tag?post=7105"}],"curies":[{"name":"delovni list","href":"https:\/\/api.w.org\/{rel}","templated":true}]}}