{"id":705,"date":"2024-12-18T01:55:14","date_gmt":"2024-12-18T01:55:14","guid":{"rendered":"https:\/\/fmp-components.com\/?page_id=8"},"modified":"2024-12-18T02:02:20","modified_gmt":"2024-12-18T02:02:20","slug":"split-barge-split-cylinder","status":"publish","type":"product","link":"https:\/\/fmp-components.com\/sl\/product\/split-barge-split-cylinder\/","title":{"rendered":"Razcepljena bar\u017ea Razcepljeni valj"},"content":{"rendered":"<p style=\"text-align: center;\"><span style=\"font-size: 18pt;\">Razcepljena bar\u017ea Razcepljeni valj<\/span><\/p>\n<p>Deljeni hidravli\u010dni valj za bar\u017ee je specializirana hidravli\u010dna komponenta, zasnovana za izbolj\u0161anje funkcionalnosti in u\u010dinkovitosti deljenih bar\u017e v pomorskih operacijah. Ta valj je zasnovan tako, da zagotavlja potrebno silo za lo\u010devanje delov bar\u017ee, kar omogo\u010da enostavno natovarjanje in raztovarjanje tovora, hkrati pa izbolj\u0161uje manevriranje plovila.<\/p>\n<p>&nbsp;<\/p>\n<p><img loading=\"lazy\" decoding=\"async\" class=\"size-full wp-image-707 aligncenter\" src=\"https:\/\/fmp-components.com\/wp-content\/uploads\/2024\/12\/Split-Barge-Split-Cylinder.webp\" alt=\"Deljena bar\u017ea-Deljena jeklenka\" width=\"600\" height=\"600\" title=\"\" srcset=\"https:\/\/fmp-components.com\/wp-content\/uploads\/2024\/12\/Split-Barge-Split-Cylinder.webp 600w, https:\/\/fmp-components.com\/wp-content\/uploads\/2024\/12\/Split-Barge-Split-Cylinder-480x480.webp 480w\" sizes=\"(min-width: 0px) and (max-width: 480px) 480px, (min-width: 481px) 600px, 100vw\" \/><\/p>\n<h4>Klju\u010dne lastnosti:<\/h4>\n<ul>\n<li><strong>Visoka izhodna sila:<\/strong> Ta valj, ki je sposoben ustvariti znatno hidravli\u010dno silo, zagotavlja gladko in u\u010dinkovito lo\u010devanje delov bar\u017ee ter optimizira operacije ravnanja s tovorom.<\/li>\n<li><strong>Robustna konstrukcija:<\/strong> Izdelan je iz visoko trdnih materialov in zasnovan tako, da prenese ostre pogoje morskega okolja, kar zagotavlja vzdr\u017eljivost in zanesljivost tudi v ekstremnih pogojih.<\/li>\n<li><strong>Natan\u010den nadzor:<\/strong> Napredna hidravli\u010dna zasnova omogo\u010da natan\u010dne in nadzorovane gibe, kar pove\u010duje varnost med delovanjem in zmanj\u0161uje tveganje za nesre\u010de.<\/li>\n<li><strong>Vsestranska uporaba:<\/strong> Ta deljeni valj je idealen za razli\u010dne scenarije pomorske logistike in transporta, saj podpira u\u010dinkovito delovanje tako pri nakladanju kot razkladanju.<\/li>\n<li><strong>Nizke zahteve glede vzdr\u017eevanja:<\/strong> Jeklenka je zasnovana za minimalno obrabo, zato zahteva manj vzdr\u017eevanja, kar skraj\u0161a \u010das izpada in prispeva k ve\u010dji operativni u\u010dinkovitosti.<\/li>\n<\/ul>\n<p>Razdeljeni valj za bar\u017ee je bistvena komponenta za optimizacijo delovanja razdeljenih bar\u017e, kar znatno izbolj\u0161a u\u010dinkovitost in varnost pomorske logistike in transportnih operacij.<\/p>\n<h2>Specifikacije deljene bar\u017ee z deljenim cilindrom:<\/h2>\n<table style=\"width: 94.7186%; height: 221px;\" border=\"1\" cellspacing=\"0\" cellpadding=\"0\">\n<tbody>\n<tr>\n<td>Ime izdelka<\/td>\n<td>Razcepljena bar\u017ea Razcepljeni valj<\/td>\n<\/tr>\n<tr>\n<td>Zna\u010dilnosti:<\/td>\n<td>Zaprt trup<\/td>\n<\/tr>\n<tr>\n<td>Premer izvrtine:<\/td>\n<td>Do 550 mm<\/td>\n<\/tr>\n<tr>\n<td>Premer palice:<\/td>\n<td>Do 280 mm<br \/>\nHod \u2264 1000 mm<\/td>\n<\/tr>\n<tr>\n<td>Vle\u010dna sila:<\/td>\n<td>Do 6000 kN<\/td>\n<\/tr>\n<tr>\n<td>Tlak:<\/td>\n<td>Do 38 MPa<\/td>\n<\/tr>\n<tr>\n<td>Uporaba:<\/td>\n<td>Razdeljena bar\u017ea<\/td>\n<\/tr>\n<\/tbody>\n<\/table>\n<h2>Zna\u010dilnosti split bar\u017ee split cilindra<\/h2>\n<ol>\n<li><strong>Visoka izhodna sila:<\/strong>\n<ul>\n<li>Zmo\u017enost ustvarjanja znatne hidravli\u010dne sile za u\u010dinkovito lo\u010devanje delov bar\u017ee, kar zagotavlja nemoteno delovanje med nakladanjem in razkladanjem.<\/li>\n<\/ul>\n<\/li>\n<li><strong>Robustna konstrukcija:<\/strong>\n<ul>\n<li>Izdelano iz visoko trdnih materialov, zasnovanih tako, da prenesejo zahtevna morska okolja, kar zagotavlja vzdr\u017eljivost in zanesljivost v ekstremnih pogojih.<\/li>\n<\/ul>\n<\/li>\n<li><strong>Natan\u010den nadzor:<\/strong>\n<ul>\n<li>Napredna hidravli\u010dna zasnova omogo\u010da natan\u010dne in nadzorovane gibe, kar pove\u010duje varnost in zmanj\u0161uje tveganje za operativne nesre\u010de.<\/li>\n<\/ul>\n<\/li>\n<li><strong>Vsestranska uporaba:<\/strong>\n<ul>\n<li>Primerno za razli\u010dne scenarije pomorske logistike, ki omogo\u010dajo u\u010dinkovito ravnanje s tovorom pri razli\u010dnih postopkih nakladanja in razkladanja.<\/li>\n<\/ul>\n<\/li>\n<li><strong>Nizke zahteve glede vzdr\u017eevanja:<\/strong>\n<ul>\n<li>Ta valj je zasnovan za minimalno obrabo, zato zahteva manj vzdr\u017eevanja, kar skraj\u0161a \u010das izpada in pove\u010da splo\u0161no operativno u\u010dinkovitost.<\/li>\n<\/ul>\n<\/li>\n<li><strong>Odpornost proti koroziji:<\/strong>\n<ul>\n<li>Obdelano ali prevle\u010deno za odpornost proti koroziji zaradi slane vode in drugih morskih elementov, kar zagotavlja dolgo \u017eivljenjsko dobo in zanesljivo delovanje.<\/li>\n<\/ul>\n<\/li>\n<li><strong>Kompaktna zasnova:<\/strong>\n<ul>\n<li>Prostorsko u\u010dinkovita zasnova omogo\u010da enostavno integracijo v obstoje\u010de bar\u017ene sisteme brez ogro\u017eanja strukturne celovitosti.<\/li>\n<\/ul>\n<\/li>\n<li><strong>Varnostne funkcije:<\/strong>\n<ul>\n<li>Opremljen z vgrajenimi varnostnimi mehanizmi za prepre\u010devanje nenamernega vklopa ali okvare, kar pove\u010duje zanesljivost delovanja.<\/li>\n<\/ul>\n<\/li>\n<li><strong>Enostavna namestitev:<\/strong>\n<ul>\n<li>Zasnovan za enostavno namestitev in zamenjavo, kar zmanj\u0161uje \u010das izpada med vzdr\u017eevanjem ali nadgradnjami.<\/li>\n<\/ul>\n<\/li>\n<li><strong>Izbolj\u0161ana okretnost:<\/strong>\n<ul>\n<li>Izbolj\u0161a manevrske sposobnosti deljenih bar\u017e, kar omogo\u010da bolj\u0161o navigacijo in upravljanje v gne\u010di ali zahtevnih morskih okoljih.<\/li>\n<\/ul>\n<\/li>\n<\/ol>\n<p>Zaradi teh lastnosti je razdelilni valj za bar\u017ee bistvena komponenta za optimizacijo u\u010dinkovitosti in varnosti pomorske logistike in transportnih operacij.<\/p>\n<p><img loading=\"lazy\" decoding=\"async\" class=\"alignnone size-full wp-image-708\" src=\"https:\/\/fmp-components.com\/wp-content\/uploads\/2024\/12\/Split-Barge-Split-Cylinder-Applications.webp\" alt=\"Uporaba deljenih bar\u017e in deljenih jeklenk\" width=\"1024\" height=\"573\" title=\"\" srcset=\"https:\/\/fmp-components.com\/wp-content\/uploads\/2024\/12\/Split-Barge-Split-Cylinder-Applications.webp 1024w, https:\/\/fmp-components.com\/wp-content\/uploads\/2024\/12\/Split-Barge-Split-Cylinder-Applications-980x548.webp 980w, https:\/\/fmp-components.com\/wp-content\/uploads\/2024\/12\/Split-Barge-Split-Cylinder-Applications-480x269.webp 480w\" sizes=\"(min-width: 0px) and (max-width: 480px) 480px, (min-width: 481px) and (max-width: 980px) 980px, (min-width: 981px) 1024px, 100vw\" \/><\/p>\n<h2>Uporaba split bar\u017ee split cilindra<\/h2>\n<ol>\n<li><strong>Pomorska logistika:<\/strong>\n<ul>\n<li>Uporablja se pri nakladanju in razkladanju tovora v deljenih bar\u017eah, kar pove\u010duje operativno u\u010dinkovitost prevoza blaga po vodi.<\/li>\n<\/ul>\n<\/li>\n<li><strong>Ravnanje s tovorom:<\/strong>\n<ul>\n<li>Omogo\u010da lo\u010devanje delov bar\u017e, da se omogo\u010di enostaven dostop do tovornih skladi\u0161\u010d, s \u010dimer se izbolj\u0161a hitrost in varnost tovornih operacij.<\/li>\n<\/ul>\n<\/li>\n<li><strong>Poglabljanje:<\/strong>\n<ul>\n<li>Uporablja se pri poglabljanju dna, kjer se za prevoz izkopanih materialov uporabljajo deljene bar\u017ee, kar omogo\u010da u\u010dinkovito upravljanje odstranjevanja usedlin.<\/li>\n<\/ul>\n<\/li>\n<li><strong>Vzdr\u017eevanje in popravila:<\/strong>\n<ul>\n<li>Pomaga pri vzdr\u017eevanju deljenih bar\u017e, saj omogo\u010da dostop do notranjih komponent za pregled in popravilo, s \u010dimer izbolj\u0161uje splo\u0161no vzdr\u017eevanje plovila.<\/li>\n<\/ul>\n<\/li>\n<li><strong>Gradbeni projekti:<\/strong>\n<ul>\n<li>Uporablja se v gradbenih pomorskih dejavnostih, kjer so za prevoz te\u017ekih materialov in opreme na gradbi\u0161\u010da potrebne deljene bar\u017ee.<\/li>\n<\/ul>\n<\/li>\n<li><strong>\u010ci\u0161\u010denje okolja:<\/strong>\n<ul>\n<li>Podpira operacije pri projektih okoljske sanacije, kjer se za prevoz odpadnih materialov ali opreme za \u010di\u0161\u010denje uporabljajo deljene bar\u017ee.<\/li>\n<\/ul>\n<\/li>\n<li><strong>Operacije na morju:<\/strong>\n<ul>\n<li>Uporablja se pri dejavnostih vrtanja in raziskovanja na morju, kjer se lahko deljene bar\u017ee uporabljajo za u\u010dinkovit prevoz opreme in osebja.<\/li>\n<\/ul>\n<\/li>\n<li><strong>Ladjedelnice in popravila:<\/strong>\n<ul>\n<li>Uporablja se v ladjedelnicah za prevoz materialov in komponent, potrebnih za gradnjo ali popravilo ladij, kar omogo\u010da u\u010dinkovito logistiko.<\/li>\n<\/ul>\n<\/li>\n<li><strong>Odziv v sili:<\/strong>\n<ul>\n<li>Pomaga pri hitri uporabi virov med pomorskimi izrednimi razmerami, kar omogo\u010da hiter dostop do bistvene opreme in zalog.<\/li>\n<\/ul>\n<\/li>\n<li><strong>Trajektne storitve:<\/strong>\n<ul>\n<li>Izbolj\u0161a funkcionalnost deljenih trajektnih bar\u017e, s \u010dimer se izbolj\u0161a u\u010dinkovitost prevoza vozil in potnikov po vodi.<\/li>\n<\/ul>\n<\/li>\n<\/ol>\n<p>Te aplikacije dokazujejo vsestranskost in pomen razdeljenega cilindra za bar\u017ee v razli\u010dnih pomorskih in logisti\u010dnih operacijah, kar prispeva k ve\u010dji u\u010dinkovitosti in varnosti v pomorski industriji.<\/p>\n<p><img loading=\"lazy\" decoding=\"async\" class=\"alignnone size-full wp-image-709\" src=\"https:\/\/fmp-components.com\/wp-content\/uploads\/2024\/12\/Split-Barge-Split-Cylinder-Features.webp\" alt=\"Zna\u010dilnosti deljene bar\u017ee, deljene jeklenke\" width=\"1000\" height=\"390\" title=\"\" srcset=\"https:\/\/fmp-components.com\/wp-content\/uploads\/2024\/12\/Split-Barge-Split-Cylinder-Features.webp 1000w, https:\/\/fmp-components.com\/wp-content\/uploads\/2024\/12\/Split-Barge-Split-Cylinder-Features-980x382.webp 980w, https:\/\/fmp-components.com\/wp-content\/uploads\/2024\/12\/Split-Barge-Split-Cylinder-Features-480x187.webp 480w\" sizes=\"(min-width: 0px) and (max-width: 480px) 480px, (min-width: 481px) and (max-width: 980px) 980px, (min-width: 981px) 1000px, 100vw\" \/><\/p>\n<h3>O FMP-ju<\/h3>\n<p>FMP je specializirano podjetje za mehansko proizvodnjo, ki se ukvarja s proizvodnjo hidravli\u010dnih cilindrov. Podjetje se \u017ee od ustanovitve osredoto\u010da na raziskave in proizvodnjo hidravli\u010dne tehnologije ter uspe\u0161no prehaja iz raznolike ponudbe izdelkov, ki je vklju\u010devala stroje za \u017eetev in gradbeni\u0161tvo, v specializacijo za komponente kmetijskih traktorjev. Z ve\u010d kot desetletjem izku\u0161enj v proizvodnji in upravljanju FMP zagotavlja visokokakovostne izdelke z naprednimi proizvodnimi tehnikami.<\/p>\n<p>Z razvojem podjetja je razvilo celovito proizvodno linijo za strojno obdelavo, monta\u017eno linijo in linijo za nana\u0161anje premazov. Na\u0161o ekipo sestavljajo usposobljeno vodstveno osebje, izku\u0161eni strojni oblikovalci in visoko usposobljeni tehniki, ki skupaj ohranjajo stabilno kakovost proizvodnje, hkrati pa u\u010dinkovito nadzorujejo neprekinjenost in u\u010dinkovitost procesov.<\/p>\n<p>FMP se dr\u017ei filozofije \u00bbTehnolo\u0161ke inovacije spodbujajo napredek, kakovost ustvarja blagovne znamke, obrtni\u0161ka spretnost zagotavlja kakovost in gradi dolgoro\u010dne odnose, v katere vsi pridobijo\u00ab. Na\u0161a zavezanost zagotavljanju visokokakovostnih izdelkov in vrhunski storitvi za stranke ostaja osrednji cilj, saj \u0161e naprej zadovoljujemo spreminjajo\u010de se potrebe trga.<\/p>\n<p><img loading=\"lazy\" decoding=\"async\" class=\"alignnone size-full wp-image-426\" src=\"https:\/\/fmp-components.com\/wp-content\/uploads\/2024\/12\/Sanitation-Machinery-Locking-Hydraulic-Cylinder-factory.webp\" sizes=\"(min-width: 0px) and (max-width: 480px) 480px, (min-width: 481px) and (max-width: 980px) 980px, (min-width: 981px) and (max-width: 1280px) 1280px, (min-width: 1281px) 1414px, 100vw\" srcset=\"https:\/\/fmp-components.com\/wp-content\/uploads\/2024\/12\/Sanitation-Machinery-Locking-Hydraulic-Cylinder-factory.webp 1414w, https:\/\/fmp-components.com\/wp-content\/uploads\/2024\/12\/Sanitation-Machinery-Locking-Hydraulic-Cylinder-factory-1280x529.webp 1280w, https:\/\/fmp-components.com\/wp-content\/uploads\/2024\/12\/Sanitation-Machinery-Locking-Hydraulic-Cylinder-factory-980x405.webp 980w, https:\/\/fmp-components.com\/wp-content\/uploads\/2024\/12\/Sanitation-Machinery-Locking-Hydraulic-Cylinder-factory-480x198.webp 480w\" alt=\"Tovarna sanitarnih strojev za zaklepanje hidravli\u010dnih valjev\" width=\"1414\" height=\"584\" title=\"\"><\/p>\n<p>Avtor: CX<\/p>","protected":false},"excerpt":{"rendered":"<p>Deljeni hidravli\u010dni valj za bar\u017ee je specializirana hidravli\u010dna komponenta, zasnovana za la\u017eje u\u010dinkovito delovanje deljenih bar\u017e v pomorskih aplikacijah. Ta valj zagotavlja potrebno silo za lo\u010devanje ali razdelitev delov bar\u017ee, kar omogo\u010da enostavno natovarjanje in raztovarjanje tovora, hkrati pa izbolj\u0161uje manevriranje. Izdelan je iz visoko trdnih materialov in je zasnovan tako, da prenese ostre morske razmere, kar zagotavlja vzdr\u017eljivost in zanesljivost v ekstremnih pogojih. Gladko hidravli\u010dno delovanje omogo\u010da natan\u010den nadzor med delovanjem, kar izbolj\u0161uje splo\u0161no u\u010dinkovitost in varnost pri ravnanju z bar\u017eami. Ta deljeni valj je bistvenega pomena za optimizacijo funkcionalnosti deljenih bar\u017e in pomembno prispeva k u\u010dinkoviti pomorski logistiki in transportu.<\/p>","protected":false},"featured_media":707,"comment_status":"open","ping_status":"closed","template":"","meta":{"_et_pb_use_builder":"","_et_pb_old_content":"","_et_gb_content_width":""},"product_brand":[],"product_cat":[28],"product_tag":[],"class_list":{"0":"post-705","1":"product","2":"type-product","3":"status-publish","4":"has-post-thumbnail","6":"product_cat-offshore-hydraulic-cylinders","8":"first","9":"instock","10":"shipping-taxable","11":"product-type-simple"},"_links":{"self":[{"href":"https:\/\/fmp-components.com\/sl\/wp-json\/wp\/v2\/product\/705","targetHints":{"allow":["GET"]}}],"collection":[{"href":"https:\/\/fmp-components.com\/sl\/wp-json\/wp\/v2\/product"}],"about":[{"href":"https:\/\/fmp-components.com\/sl\/wp-json\/wp\/v2\/types\/product"}],"replies":[{"embeddable":true,"href":"https:\/\/fmp-components.com\/sl\/wp-json\/wp\/v2\/comments?post=705"}],"wp:featuredmedia":[{"embeddable":true,"href":"https:\/\/fmp-components.com\/sl\/wp-json\/wp\/v2\/media\/707"}],"wp:attachment":[{"href":"https:\/\/fmp-components.com\/sl\/wp-json\/wp\/v2\/media?parent=705"}],"wp:term":[{"taxonomy":"product_brand","embeddable":true,"href":"https:\/\/fmp-components.com\/sl\/wp-json\/wp\/v2\/product_brand?post=705"},{"taxonomy":"product_cat","embeddable":true,"href":"https:\/\/fmp-components.com\/sl\/wp-json\/wp\/v2\/product_cat?post=705"},{"taxonomy":"product_tag","embeddable":true,"href":"https:\/\/fmp-components.com\/sl\/wp-json\/wp\/v2\/product_tag?post=705"}],"curies":[{"name":"delovni list","href":"https:\/\/api.w.org\/{rel}","templated":true}]}}