{"id":7030,"date":"2025-03-14T07:40:07","date_gmt":"2025-03-14T07:40:07","guid":{"rendered":"https:\/\/fmp-components.com\/?post_type=product&#038;p=7030"},"modified":"2025-03-27T01:25:11","modified_gmt":"2025-03-27T01:25:11","slug":"straight-bevel-gear","status":"publish","type":"product","link":"https:\/\/fmp-components.com\/sl\/product\/straight-bevel-gear\/","title":{"rendered":"Ravni sto\u017e\u010dasti zobnik"},"content":{"rendered":"<p>Ravni sto\u017e\u010dasti zobnik je vrsta <a href=\"https:\/\/fmp-components.com\/sl\/bevel-gear-2\/\">sto\u017e\u010dasti zobnik<\/a> z ravnimi, zo\u017eenimi zobmi, razrezanimi vzdol\u017e sto\u017e\u010daste povr\u0161ine zobnika, zasnovanimi za u\u010dinkovit prenos mo\u010di med sekajo\u010dima se gredema, obi\u010dajno pod kotom 90 stopinj, kar ponuja preprostost in zanesljivost v aplikacijah, kot so avtomobilski diferenciali in stroji. V podjetju FMP ponosno izdelujemo \u0161iroko paleto sto\u017e\u010dastih zobnikov, vklju\u010dno z ravnimi, spiralnimi in vija\u010dnimi tipi, ponujamo pa tudi prilagojene re\u0161itve, ki ustrezajo va\u0161im specifi\u010dnim potrebam. \u010ce na na\u0161em seznamu izdelkov ne najdete \u017eelenega modela, to preprosto pomeni, da ga \u0161e nismo imeli mo\u017enosti posodobiti \u2013 prosimo, da nam po\u0161ljite e-po\u0161to z \u017eelenimi specifikacijami in na\u0161i in\u017eenirji vam bodo odgovorili v 24 urah s prilagojeno pomo\u010djo.<\/p>\n<h2>Specifikacija<\/h2>\n<table class=\"table\" border=\"1\" width=\"100%\" cellspacing=\"0\" cellpadding=\"0\">\n<tbody>\n<tr class=\"firstRow\">\n<td valign=\"center\" width=\"132\">\u0160tevilka modela<\/td>\n<td valign=\"center\" width=\"491\">M3, M4, M5, M8, M12 itd.<\/td>\n<\/tr>\n<tr>\n<td valign=\"center\" width=\"132\">Material<\/td>\n<td valign=\"center\" width=\"491\">Medenina, jeklo C45, nerjave\u010de jeklo, baker, POM, aluminij, zlitina in tako naprej<\/td>\n<\/tr>\n<tr>\n<td valign=\"center\" width=\"132\">Povr\u0161inska obdelava<\/td>\n<td valign=\"center\" width=\"491\">Pocinkano, ponikljano, pasivizacija, oksidacija, anodizacija,<br \/>\nGeomet, Dacromet, \u010drni oksid, fosfatiranje, pra\u0161no barvanje in elektroforeza<\/td>\n<\/tr>\n<tr>\n<td valign=\"center\" width=\"132\">Standardno<\/td>\n<td valign=\"center\" width=\"491\">ISO, DIN, ANSI, JIS, BS in nestandardni.<\/td>\n<\/tr>\n<tr>\n<td valign=\"center\" width=\"132\">Natan\u010dnost<\/td>\n<td valign=\"center\" width=\"491\">DIN6, DIN7, DIN8, DIN9.<\/td>\n<\/tr>\n<tr>\n<td valign=\"center\" width=\"132\">Zdravljenje zob<\/td>\n<td valign=\"center\" width=\"491\">Kaljeno, rezkano ali bru\u0161eno<\/td>\n<\/tr>\n<tr>\n<td valign=\"center\" width=\"132\">Toleranca<\/td>\n<td valign=\"center\" width=\"491\">0,001 mm\u20130,01 mm\u20130,1 mm<\/td>\n<\/tr>\n<tr>\n<td valign=\"center\" width=\"132\">Kon\u010daj<\/td>\n<td valign=\"center\" width=\"491\">peskanje\/peskanje, toplotna obdelava, \u017earjenje, popu\u0161\u010danje, poliranje, eloksiranje, pocinkanje<\/td>\n<\/tr>\n<tr>\n<td valign=\"center\" width=\"132\">Pakiranje predmetov<\/td>\n<td valign=\"center\" width=\"491\">Plasti\u010dna vre\u010dka + \u0161katle ali lesena embala\u017ea<\/td>\n<\/tr>\n<tr>\n<td valign=\"center\" width=\"132\">Pla\u010dilni pogoji<\/td>\n<td valign=\"center\" width=\"491\">T\/T, L\/C<\/td>\n<\/tr>\n<tr>\n<td valign=\"center\" width=\"132\">\u010cas proizvodnje<\/td>\n<td valign=\"center\" width=\"491\">20 delovnih dni za vzorec, 25 dni za ve\u010dji del<\/td>\n<\/tr>\n<tr>\n<td valign=\"center\" width=\"132\">Vzorci<\/td>\n<td valign=\"center\" width=\"491\">Primer cenovnega razpona od $2 do $100.<br \/>\nvzorec ekspresne zahteve, ki jo pla\u010dajo stranke<\/td>\n<\/tr>\n<tr>\n<td valign=\"center\" width=\"132\">Uporaba<\/td>\n<td valign=\"center\" width=\"491\">1. Avtomatski krmilni stroj<br \/>\n2. Polprevodni\u0161ka industrija<br \/>\n3. Stroji za splo\u0161no industrijo<br \/>\n4. Medicinska oprema<br \/>\n5. Oprema za son\u010dno energijo<br \/>\n6. Strojno orodje<br \/>\n7. Parkirni sistem<br \/>\n8. Oprema za hitri \u017eelezni\u0161ki in letalski promet itd.<\/td>\n<\/tr>\n<\/tbody>\n<\/table>\n<h2>Zna\u010dilnosti ravnega sto\u017e\u010dastega zobnika<\/h2>\n<div>\n<ul>\n<li class=\"break-words\"><strong>Ravna zasnova zob<\/strong>Ravni sto\u017e\u010dasti zobniki imajo zobe, ki so ravno rezani in se zo\u017eijo vzdol\u017e sto\u017e\u010daste povr\u0161ine, kar zagotavlja preprosto in u\u010dinkovito zasnovo za prenos mo\u010di med sekajo\u010dima se gredema.<\/li>\n<li class=\"break-words\"><strong>U\u010dinkovit prenos mo\u010di<\/strong>Ti zobniki so zasnovani za gladek in zanesljiv prenos navora, obi\u010dajno pod kotom 90 stopinj, zaradi \u010desar so primerni za uporabo v avtomobilskih diferencialih in osnovnih strojih.<\/li>\n<li class=\"break-words\"><strong>Stro\u0161kovno u\u010dinkovita proizvodnja<\/strong>Preprosta geometrija zob omogo\u010da la\u017ejo in cenej\u0161o proizvodnjo v primerjavi s spiralnimi ali vija\u010dnimi sto\u017e\u010dastimi zobniki, kar ponuja ekonomi\u010dno mo\u017enost za \u0161tevilne sisteme.<\/li>\n<li class=\"break-words\"><strong>Zmerna nosilnost<\/strong>\u010ceprav so sposobni prena\u0161ati zmerne obremenitve, imajo ravni sto\u017e\u010dasti zobniki manj\u0161o povr\u0161ino stika z zobmi kot spiralne izvedbe, zaradi \u010desar so najbolj primerni za aplikacije z ni\u017ejimi zahtevami glede navora ali hitrosti.<\/li>\n<li class=\"break-words\"><strong>Kompakten in vsestranski<\/strong>Njihova sto\u017e\u010dasta oblika omogo\u010da kompaktno integracijo v mehanske sisteme, kar zagotavlja vsestranskost v postavitvah z omejenim prostorom, \u010deprav lahko pri visokih hitrostih povzro\u010dajo ve\u010d hrupa in vibracij.<\/li>\n<\/ul>\n<p><img loading=\"lazy\" decoding=\"async\" class=\"alignnone size-full wp-image-7031\" src=\"https:\/\/fmp-components.com\/wp-content\/uploads\/2025\/03\/Straight-Bevel-Gear-1.webp\" alt=\"Ravni sto\u017e\u010dasti zobnik\" width=\"969\" height=\"648\" title=\"\" srcset=\"https:\/\/fmp-components.com\/wp-content\/uploads\/2025\/03\/Straight-Bevel-Gear-1.webp 969w, https:\/\/fmp-components.com\/wp-content\/uploads\/2025\/03\/Straight-Bevel-Gear-1-480x321.webp 480w\" sizes=\"(min-width: 0px) and (max-width: 480px) 480px, (min-width: 481px) 969px, 100vw\" \/><\/p>\n<\/div>\n<h2>O FMP-ju<\/h2>\n<p>FMP je vodilni italijanski proizvajalec zobnikov in zobatih letev, znan po svojem strokovnem znanju pri izdelavi standardnih komponent in re\u0161itev po meri. Poleg na\u0161e ponudbe standardnih delov se FMP specializira tudi za izdelavo standardnih in specializiranih zobnikov na podlagi risb ali vzorcev, ki jih posredujejo na\u0161e stranke. Na\u0161i zobniki so na voljo v razli\u010dnih materialih, vklju\u010dno z ogljikovim jeklom, nerjavnim jeklom, aluminijem, bakrom, medenino in plasti\u010dnimi vija\u010dnimi ali \u010delnimi konfiguracijami. \u010ce imate kakr\u0161ne koli zahteve za zobnike po meri, nas prosimo kontaktirajte po e-po\u0161ti. FMP-jeva predana ekipa profesionalnih in\u017eenirjev se bo na va\u0161e povpra\u0161evanje odzvala v 24 urah.<\/p>\n<p><img loading=\"lazy\" decoding=\"async\" class=\"alignnone size-full wp-image-7010\" src=\"https:\/\/fmp-components.com\/wp-content\/uploads\/2025\/03\/bevel-gear-3.webp\" alt=\"sto\u017e\u010dasti zobnik\" width=\"1076\" height=\"721\" title=\"\" srcset=\"https:\/\/fmp-components.com\/wp-content\/uploads\/2025\/03\/bevel-gear-3.webp 1076w, https:\/\/fmp-components.com\/wp-content\/uploads\/2025\/03\/bevel-gear-3-980x657.webp 980w, https:\/\/fmp-components.com\/wp-content\/uploads\/2025\/03\/bevel-gear-3-480x322.webp 480w\" sizes=\"(min-width: 0px) and (max-width: 480px) 480px, (min-width: 481px) and (max-width: 980px) 980px, (min-width: 981px) 1076px, 100vw\" \/><\/p>","protected":false},"excerpt":{"rendered":"<p>A straight bevel gear is a type of bevel gear with straight, tapered teeth cut along the gear\u2019s conical surface, designed to transmit power efficiently between intersecting shafts, typically at a 90-degree angle, offering simplicity and reliability in applications like automotive differentials and machinery. At FMP Company, we proudly manufacture a wide range of bevel [&hellip;]<\/p>","protected":false},"featured_media":4345,"comment_status":"open","ping_status":"closed","template":"","meta":{"_et_pb_use_builder":"","_et_pb_old_content":"","_et_gb_content_width":""},"product_brand":[],"product_cat":[106],"product_tag":[],"class_list":{"0":"post-7030","1":"product","2":"type-product","3":"status-publish","4":"has-post-thumbnail","6":"product_cat-bevel-gears","8":"first","9":"instock","10":"shipping-taxable","11":"product-type-simple"},"_links":{"self":[{"href":"https:\/\/fmp-components.com\/sl\/wp-json\/wp\/v2\/product\/7030","targetHints":{"allow":["GET"]}}],"collection":[{"href":"https:\/\/fmp-components.com\/sl\/wp-json\/wp\/v2\/product"}],"about":[{"href":"https:\/\/fmp-components.com\/sl\/wp-json\/wp\/v2\/types\/product"}],"replies":[{"embeddable":true,"href":"https:\/\/fmp-components.com\/sl\/wp-json\/wp\/v2\/comments?post=7030"}],"wp:featuredmedia":[{"embeddable":true,"href":"https:\/\/fmp-components.com\/sl\/wp-json\/wp\/v2\/media\/4345"}],"wp:attachment":[{"href":"https:\/\/fmp-components.com\/sl\/wp-json\/wp\/v2\/media?parent=7030"}],"wp:term":[{"taxonomy":"product_brand","embeddable":true,"href":"https:\/\/fmp-components.com\/sl\/wp-json\/wp\/v2\/product_brand?post=7030"},{"taxonomy":"product_cat","embeddable":true,"href":"https:\/\/fmp-components.com\/sl\/wp-json\/wp\/v2\/product_cat?post=7030"},{"taxonomy":"product_tag","embeddable":true,"href":"https:\/\/fmp-components.com\/sl\/wp-json\/wp\/v2\/product_tag?post=7030"}],"curies":[{"name":"delovni list","href":"https:\/\/api.w.org\/{rel}","templated":true}]}}