{"id":7026,"date":"2025-03-14T07:30:53","date_gmt":"2025-03-14T07:30:53","guid":{"rendered":"https:\/\/fmp-components.com\/?post_type=product&#038;p=7026"},"modified":"2025-03-27T01:25:36","modified_gmt":"2025-03-27T01:25:36","slug":"helical-bevel-gear","status":"publish","type":"product","link":"https:\/\/fmp-components.com\/sl\/product\/helical-bevel-gear\/","title":{"rendered":"Vija\u010dni sto\u017e\u010dasti zobnik"},"content":{"rendered":"<table style=\"border-collapse: collapse; width: 99.2%; height: 7px;\" border=\"0\" width=\"163\" cellspacing=\"0\" cellpadding=\"0\">\n<tbody>\n<tr style=\"height: 14.40pt;\">\n<td style=\"height: 14.40pt; width: 49.80pt;\" width=\"83\" height=\"24\"><img loading=\"lazy\" decoding=\"async\" class=\"alignnone size-full wp-image-7027\" src=\"https:\/\/fmp-components.com\/wp-content\/uploads\/2025\/03\/helical-bevel-gear-3.webp\" alt=\"vija\u010dno-sto\u017e\u010dasto zobni\u0161ko kolo\" width=\"850\" height=\"589\" title=\"\" srcset=\"https:\/\/fmp-components.com\/wp-content\/uploads\/2025\/03\/helical-bevel-gear-3.webp 850w, https:\/\/fmp-components.com\/wp-content\/uploads\/2025\/03\/helical-bevel-gear-3-480x333.webp 480w\" sizes=\"(min-width: 0px) and (max-width: 480px) 480px, (min-width: 481px) 850px, 100vw\" \/><\/td>\n<td style=\"width: 48.00pt;\" align=\"right\" width=\"80\"><img loading=\"lazy\" decoding=\"async\" class=\"alignnone size-full wp-image-7028\" src=\"https:\/\/fmp-components.com\/wp-content\/uploads\/2025\/03\/helical-bevel-gear-2.webp\" alt=\"vija\u010dno-sto\u017e\u010dasto zobni\u0161ko kolo\" width=\"835\" height=\"612\" title=\"\" srcset=\"https:\/\/fmp-components.com\/wp-content\/uploads\/2025\/03\/helical-bevel-gear-2.webp 835w, https:\/\/fmp-components.com\/wp-content\/uploads\/2025\/03\/helical-bevel-gear-2-480x352.webp 480w\" sizes=\"(min-width: 0px) and (max-width: 480px) 480px, (min-width: 481px) 835px, 100vw\" \/><\/td>\n<\/tr>\n<\/tbody>\n<\/table>\n<table class=\"table\" border=\"1\" width=\"100%\" cellspacing=\"0\" cellpadding=\"0\">\n<tbody>\n<tr class=\"firstRow\">\n<td valign=\"center\" width=\"132\">\u0160tevilka modela<\/td>\n<td valign=\"center\" width=\"491\">M3, M4, M5, M8, M12 itd.<\/td>\n<\/tr>\n<tr>\n<td valign=\"center\" width=\"132\">Material<\/td>\n<td valign=\"center\" width=\"491\">Medenina, jeklo C45, nerjave\u010de jeklo, baker, POM, aluminij, zlitina in tako naprej<\/td>\n<\/tr>\n<tr>\n<td valign=\"center\" width=\"132\">Povr\u0161inska obdelava<\/td>\n<td valign=\"center\" width=\"491\">Pocinkano, ponikljano, pasivizacija, oksidacija, anodizacija,<br \/>\nGeomet, Dacromet, \u010drni oksid, fosfatiranje, pra\u0161no barvanje in elektroforeza<\/td>\n<\/tr>\n<tr>\n<td valign=\"center\" width=\"132\">Standardno<\/td>\n<td valign=\"center\" width=\"491\">ISO, DIN, ANSI, JIS, BS in nestandardni.<\/td>\n<\/tr>\n<tr>\n<td valign=\"center\" width=\"132\">Natan\u010dnost<\/td>\n<td valign=\"center\" width=\"491\">DIN6, DIN7, DIN8, DIN9.<\/td>\n<\/tr>\n<tr>\n<td valign=\"center\" width=\"132\">Zdravljenje zob<\/td>\n<td valign=\"center\" width=\"491\">Kaljeno, rezkano ali bru\u0161eno<\/td>\n<\/tr>\n<tr>\n<td valign=\"center\" width=\"132\">Toleranca<\/td>\n<td valign=\"center\" width=\"491\">0,001 mm\u20130,01 mm\u20130,1 mm<\/td>\n<\/tr>\n<tr>\n<td valign=\"center\" width=\"132\">Kon\u010daj<\/td>\n<td valign=\"center\" width=\"491\">peskanje\/peskanje, toplotna obdelava, \u017earjenje, popu\u0161\u010danje, poliranje, eloksiranje, pocinkanje<\/td>\n<\/tr>\n<tr>\n<td valign=\"center\" width=\"132\">Pakiranje predmetov<\/td>\n<td valign=\"center\" width=\"491\">Plasti\u010dna vre\u010dka + \u0161katle ali lesena embala\u017ea<\/td>\n<\/tr>\n<tr>\n<td valign=\"center\" width=\"132\">Pla\u010dilni pogoji<\/td>\n<td valign=\"center\" width=\"491\">T\/T, L\/C<\/td>\n<\/tr>\n<tr>\n<td valign=\"center\" width=\"132\">\u010cas proizvodnje<\/td>\n<td valign=\"center\" width=\"491\">20 delovnih dni za vzorec, 25 dni za ve\u010dji del<\/td>\n<\/tr>\n<tr>\n<td valign=\"center\" width=\"132\">Vzorci<\/td>\n<td valign=\"center\" width=\"491\">Primer cenovnega razpona od $2 do $100.<br \/>\nvzorec ekspresne zahteve, ki jo pla\u010dajo stranke<\/td>\n<\/tr>\n<tr>\n<td valign=\"center\" width=\"132\">Uporaba<\/td>\n<td valign=\"center\" width=\"491\">1. Avtomatski krmilni stroj<br \/>\n2. Polprevodni\u0161ka industrija<br \/>\n3. Stroji za splo\u0161no industrijo<br \/>\n4. Medicinska oprema<br \/>\n5. Oprema za son\u010dno energijo<br \/>\n6. Strojno orodje<br \/>\n7. Parkirni sistem<br \/>\n8. Oprema za hitri \u017eelezni\u0161ki in letalski promet itd.<\/td>\n<\/tr>\n<\/tbody>\n<\/table>\n<h2>Zna\u010dilnosti vija\u010dnega sto\u017e\u010dastega zobnika<\/h2>\n<div>\n<ul>\n<li class=\"break-words\"><strong>Konfiguracija spiralnih zob<\/strong>Vija\u010dni sto\u017e\u010dasti zobniki zdru\u017eujejo kotne zobe <a href=\"https:\/\/fmp-components.com\/sl\/bevel-gear-2\/\">sto\u017e\u010dasti zobniki<\/a> z vija\u010dnim zasukom, kjer so zobje ukrivljeni in po\u0161evni, kar omogo\u010da postopen stik in bolj gladko vklapljanje v primerjavi z ravnimi sto\u017e\u010dastimi zobniki.<\/li>\n<li class=\"break-words\"><strong>Izbolj\u0161ana nosilnost<\/strong>Vija\u010dna zasnova med zaklepanjem porazdeli sile na ve\u010d zob, kar izbolj\u0161a sposobnost zobnika za prena\u0161anje ve\u010djih obremenitev in navora, zaradi \u010desar je primeren za te\u017eka avtomobilska in industrijska dela.<\/li>\n<li class=\"break-words\"><strong>Zmanj\u0161an hrup in vibracije<\/strong>Postopno zatikanje zob zaradi vija\u010dnega kota zmanj\u0161uje udarce in drsenje, kar ima za posledico ti\u0161je delovanje in manj vibracij, idealno za precizne stroje in menjalnike vozil.<\/li>\n<li class=\"break-words\"><strong>Kotni prenos mo\u010di<\/strong>Tako kot druga sto\u017e\u010dasta zobnika tudi vija\u010dna sto\u017e\u010dasta zobnika prena\u0161ajo mo\u010d med sekajo\u010dima se gredema (obi\u010dajno pod kotom 90 stopinj), kar ponuja vsestranskost v kompaktnih postavitvah, kot so menjalniki in diferencialni sistemi.<\/li>\n<li class=\"break-words\"><strong>Visoka u\u010dinkovitost in vzdr\u017eljivost<\/strong>Izdelani iz robustnih materialov, kot je kaljeno jeklo, in v kombinaciji z ustreznim mazanjem zagotavljajo ti zobniki odli\u010dno u\u010dinkovitost in dolgotrajno vzdr\u017eljivost v zahtevnih pogojih, uravnote\u017eeno delovanje in odpornost proti obrabi.<\/li>\n<\/ul>\n<\/div>\n<p><img loading=\"lazy\" decoding=\"async\" class=\"alignnone size-full wp-image-7029\" src=\"https:\/\/fmp-components.com\/wp-content\/uploads\/2025\/03\/helical-bevel-gear-1.webp\" alt=\"vija\u010dno-sto\u017e\u010dasto zobni\u0161ko kolo\" width=\"1000\" height=\"1000\" title=\"\" srcset=\"https:\/\/fmp-components.com\/wp-content\/uploads\/2025\/03\/helical-bevel-gear-1.webp 1000w, https:\/\/fmp-components.com\/wp-content\/uploads\/2025\/03\/helical-bevel-gear-1-980x980.webp 980w, https:\/\/fmp-components.com\/wp-content\/uploads\/2025\/03\/helical-bevel-gear-1-480x480.webp 480w\" sizes=\"(min-width: 0px) and (max-width: 480px) 480px, (min-width: 481px) and (max-width: 980px) 980px, (min-width: 981px) 1000px, 100vw\" \/><\/p>\n<h2>O FMP-ju<\/h2>\n<p>FMP je vodilni italijanski proizvajalec zobnikov in zobatih letev, znan po svojem strokovnem znanju pri izdelavi standardnih komponent in re\u0161itev po meri. Poleg na\u0161e ponudbe standardnih delov se FMP specializira tudi za izdelavo standardnih in specializiranih zobnikov na podlagi risb ali vzorcev, ki jih posredujejo na\u0161e stranke. Na\u0161i zobniki so na voljo v razli\u010dnih materialih, vklju\u010dno z ogljikovim jeklom, nerjavnim jeklom, aluminijem, bakrom, medenino in plasti\u010dnimi vija\u010dnimi ali \u010delnimi konfiguracijami. \u010ce imate kakr\u0161ne koli zahteve za zobnike po meri, nas prosimo kontaktirajte po e-po\u0161ti. FMP-jeva predana ekipa profesionalnih in\u017eenirjev se bo na va\u0161e povpra\u0161evanje odzvala v 24 urah.<\/p>\n<p><img loading=\"lazy\" decoding=\"async\" class=\"alignnone size-full wp-image-7010\" src=\"https:\/\/fmp-components.com\/wp-content\/uploads\/2025\/03\/bevel-gear-3.webp\" alt=\"sto\u017e\u010dasti zobnik\" width=\"1076\" height=\"721\" title=\"\" srcset=\"https:\/\/fmp-components.com\/wp-content\/uploads\/2025\/03\/bevel-gear-3.webp 1076w, https:\/\/fmp-components.com\/wp-content\/uploads\/2025\/03\/bevel-gear-3-980x657.webp 980w, https:\/\/fmp-components.com\/wp-content\/uploads\/2025\/03\/bevel-gear-3-480x322.webp 480w\" sizes=\"(min-width: 0px) and (max-width: 480px) 480px, (min-width: 481px) and (max-width: 980px) 980px, (min-width: 981px) 1076px, 100vw\" \/><\/p>","protected":false},"excerpt":{"rendered":"<p>Model Number M3,M4,M5,M8,M12 and etc. Material Brass, C45 steel, Stainless steel, Copper, POM, Aluminum, Alloy, and so on Surface treatment Zinc-plated, Nickel plated, Passivation, Oxidation, Anodization, Geomet, Dacromet, Black Oxide, Phosphatizing, Powder Coating, and Electrophoresis Standard ISO, DIN, ANSI, JIS, BS, and Non-standard. Precision DIN6,DIN7,DIN8,DIN9. Teeth treatment Hardened, Milled, or Ground Tolerance 0.001mm-0.01mm-0.1mm Finish shot\/sandblast, [&hellip;]<\/p>","protected":false},"featured_media":4335,"comment_status":"open","ping_status":"closed","template":"","meta":{"_et_pb_use_builder":"","_et_pb_old_content":"","_et_gb_content_width":""},"product_brand":[],"product_cat":[106],"product_tag":[],"class_list":{"0":"post-7026","1":"product","2":"type-product","3":"status-publish","4":"has-post-thumbnail","6":"product_cat-bevel-gears","8":"first","9":"instock","10":"shipping-taxable","11":"product-type-simple"},"_links":{"self":[{"href":"https:\/\/fmp-components.com\/sl\/wp-json\/wp\/v2\/product\/7026","targetHints":{"allow":["GET"]}}],"collection":[{"href":"https:\/\/fmp-components.com\/sl\/wp-json\/wp\/v2\/product"}],"about":[{"href":"https:\/\/fmp-components.com\/sl\/wp-json\/wp\/v2\/types\/product"}],"replies":[{"embeddable":true,"href":"https:\/\/fmp-components.com\/sl\/wp-json\/wp\/v2\/comments?post=7026"}],"wp:featuredmedia":[{"embeddable":true,"href":"https:\/\/fmp-components.com\/sl\/wp-json\/wp\/v2\/media\/4335"}],"wp:attachment":[{"href":"https:\/\/fmp-components.com\/sl\/wp-json\/wp\/v2\/media?parent=7026"}],"wp:term":[{"taxonomy":"product_brand","embeddable":true,"href":"https:\/\/fmp-components.com\/sl\/wp-json\/wp\/v2\/product_brand?post=7026"},{"taxonomy":"product_cat","embeddable":true,"href":"https:\/\/fmp-components.com\/sl\/wp-json\/wp\/v2\/product_cat?post=7026"},{"taxonomy":"product_tag","embeddable":true,"href":"https:\/\/fmp-components.com\/sl\/wp-json\/wp\/v2\/product_tag?post=7026"}],"curies":[{"name":"delovni list","href":"https:\/\/api.w.org\/{rel}","templated":true}]}}