{"id":7011,"date":"2025-03-14T06:16:24","date_gmt":"2025-03-14T06:16:24","guid":{"rendered":"https:\/\/fmp-components.com\/?post_type=product&#038;p=7011"},"modified":"2025-03-27T01:30:59","modified_gmt":"2025-03-27T01:30:59","slug":"metal-bevel-gear","status":"publish","type":"product","link":"https:\/\/fmp-components.com\/sl\/product\/metal-bevel-gear\/","title":{"rendered":"Kovinski sto\u017e\u010dasti zobnik"},"content":{"rendered":"<p>Dimenzija: \u03a63 mm - \u03a6120 mm<br \/>\nModul: M1.5<br \/>\nVrsta materiala: Kovina po \u017eelji stranke<\/p>\n<h2>Specifikacija izdelka<\/h2>\n<div class=\"table-responsive\">\n<table class=\"table\" style=\"width: 100%; height: 367px;\" border=\"1\">\n<tbody>\n<tr>\n<td colspan=\"2\">Kovinski sto\u017e\u010dasti zobnik<\/td>\n<\/tr>\n<tr>\n<td>Dimenzija<\/td>\n<td>\u03a68 mm<\/td>\n<\/tr>\n<tr>\n<td>Modul<\/td>\n<td>M0,15\u2013M2,0<\/td>\n<\/tr>\n<tr>\n<td>Vrsta materiala<\/td>\n<td>Kovina, bron, jeklo, zlitina, POM, cink, aluminij, \u017eelezo, nerjave\u010de jeklo, medenina, baker<\/td>\n<\/tr>\n<tr>\n<td>Stopnja mre\u017eenja<\/td>\n<td>JGMA 1, JIS 6, AGMA 13, DIN 6, Din5, AGMA12<\/td>\n<\/tr>\n<tr>\n<td>Uporaba<\/td>\n<td>Avtomobilska, voja\u0161ka, letalska, mehanska, industrijska, medicinska<\/td>\n<\/tr>\n<tr>\n<td>Prilagojeno<\/td>\n<td>ODM\/OEM<\/td>\n<\/tr>\n<tr>\n<td>Vzorec<\/td>\n<td>Vzorec na voljo<\/td>\n<\/tr>\n<tr>\n<td>Na\u010dini pakiranja<\/td>\n<td>Vakuumsko pakirano s plasti\u010dnim pladnjem<\/td>\n<\/tr>\n<tr>\n<td>Na\u010dini dostave<\/td>\n<td>DHL in UPS<\/td>\n<\/tr>\n<tr>\n<td>Potrdilo<\/td>\n<td>ISO 9001: 2008\/TS16949<\/td>\n<\/tr>\n<\/tbody>\n<\/table>\n<\/div>\n<h2>Zna\u010dilnosti kovinskega sto\u017e\u010dastega zobnika<\/h2>\n<p>Sto\u017e\u010dasta oblika z nagnjenimi zobmi: Kovina <a href=\"https:\/\/fmp-components.com\/sl\/bevel-gear-2\/\">sto\u017e\u010dasti zobniki<\/a> imajo zo\u017eeno, sto\u017e\u010dasto strukturo z zobmi, odrezanimi pod kotom, kar jim omogo\u010da prenos mo\u010di med sekajo\u010dima se gredema, pogosto pod kotom 90 stopinj.<br \/>\nVisoka trdnost in vzdr\u017eljivost: Izdelane so iz robustnih kovin, kot so jeklo, aluminij ali medenina, zato so zasnovane tako, da prenesejo znatne mehanske obremenitve, obrabo in velike obremenitve skozi \u010das.<br \/>\nPrecizno in\u017eenirstvo: Izdelani so z natan\u010dnimi tolerancami, ki zagotavljajo gladko zapiranje, u\u010dinkovit prenos mo\u010di in minimalno zra\u010dnost, zaradi \u010desar so primerni za visokozmogljive aplikacije.<br \/>\nOdpornost proti koroziji: Glede na uporabljeno kovino (npr. nerjave\u010de jeklo ali prevle\u010dene zlitine) so pogosto odporne proti rji in okoljski degradaciji, kar podalj\u0161a \u017eivljenjsko dobo v te\u017ekih pogojih.<br \/>\nPrilagodljivi profili zob: Na voljo v razli\u010dnih izvedbah zob \u2013 kot so ravni, spiralni ali ni\u010delni \u2013 kar ponuja vsestranskost za zmanj\u0161anje hrupa, bolj\u0161o porazdelitev obremenitve in izpolnjevanje specifi\u010dnih operativnih potreb.<\/p>\n<div class=\"table-responsive\">\n<h2>O FMP-ju<\/h2>\n<p>FMP je vodilni italijanski proizvajalec zobnikov in zobatih letev, znan po svojem strokovnem znanju pri izdelavi standardnih komponent in re\u0161itev po meri. Poleg na\u0161e ponudbe standardnih delov se FMP specializira tudi za izdelavo standardnih in specializiranih zobnikov na podlagi risb ali vzorcev, ki jih posredujejo na\u0161e stranke. Na\u0161i zobniki so na voljo v razli\u010dnih materialih, vklju\u010dno z ogljikovim jeklom, nerjavnim jeklom, aluminijem, bakrom, medenino in plasti\u010dnimi vija\u010dnimi ali \u010delnimi konfiguracijami. \u010ce imate kakr\u0161ne koli zahteve za zobnike po meri, nas prosimo kontaktirajte po e-po\u0161ti. FMP-jeva predana ekipa profesionalnih in\u017eenirjev se bo na va\u0161e povpra\u0161evanje odzvala v 24 urah.<\/p>\n<p><img loading=\"lazy\" decoding=\"async\" class=\"alignnone size-full wp-image-7010\" src=\"https:\/\/fmp-components.com\/wp-content\/uploads\/2025\/03\/bevel-gear-3.webp\" alt=\"sto\u017e\u010dasti zobnik\" width=\"1076\" height=\"721\" title=\"\" srcset=\"https:\/\/fmp-components.com\/wp-content\/uploads\/2025\/03\/bevel-gear-3.webp 1076w, https:\/\/fmp-components.com\/wp-content\/uploads\/2025\/03\/bevel-gear-3-980x657.webp 980w, https:\/\/fmp-components.com\/wp-content\/uploads\/2025\/03\/bevel-gear-3-480x322.webp 480w\" sizes=\"(min-width: 0px) and (max-width: 480px) 480px, (min-width: 481px) and (max-width: 980px) 980px, (min-width: 981px) 1076px, 100vw\" \/><\/p>\n<\/div>","protected":false},"excerpt":{"rendered":"<p>Dimension:\u03a63mm- \u03a6120mm Module: M1.5 Material Type: Metal as customer required Product Specification Metal Bevel Gear Dimension \u03a68mm Module M0.15-M2.0 Material Type Metal, Bronze, Steel, Alloy, POM, Zinc, Aluminum, Iron, Stainless, Brass, Copper Meshing Grade JGMA 1, JIS 6, AGMA 13, DIN 6,Din5,AGMA12 Application Automotive, Military, Aircraft, Mechanical, industrial, Medical Customized ODM\/OEM Sample Sample available Modes [&hellip;]<\/p>","protected":false},"featured_media":4337,"comment_status":"open","ping_status":"closed","template":"","meta":{"_et_pb_use_builder":"","_et_pb_old_content":"","_et_gb_content_width":""},"product_brand":[],"product_cat":[106],"product_tag":[],"class_list":{"0":"post-7011","1":"product","2":"type-product","3":"status-publish","4":"has-post-thumbnail","6":"product_cat-bevel-gears","8":"first","9":"instock","10":"shipping-taxable","11":"product-type-simple"},"_links":{"self":[{"href":"https:\/\/fmp-components.com\/sl\/wp-json\/wp\/v2\/product\/7011","targetHints":{"allow":["GET"]}}],"collection":[{"href":"https:\/\/fmp-components.com\/sl\/wp-json\/wp\/v2\/product"}],"about":[{"href":"https:\/\/fmp-components.com\/sl\/wp-json\/wp\/v2\/types\/product"}],"replies":[{"embeddable":true,"href":"https:\/\/fmp-components.com\/sl\/wp-json\/wp\/v2\/comments?post=7011"}],"wp:featuredmedia":[{"embeddable":true,"href":"https:\/\/fmp-components.com\/sl\/wp-json\/wp\/v2\/media\/4337"}],"wp:attachment":[{"href":"https:\/\/fmp-components.com\/sl\/wp-json\/wp\/v2\/media?parent=7011"}],"wp:term":[{"taxonomy":"product_brand","embeddable":true,"href":"https:\/\/fmp-components.com\/sl\/wp-json\/wp\/v2\/product_brand?post=7011"},{"taxonomy":"product_cat","embeddable":true,"href":"https:\/\/fmp-components.com\/sl\/wp-json\/wp\/v2\/product_cat?post=7011"},{"taxonomy":"product_tag","embeddable":true,"href":"https:\/\/fmp-components.com\/sl\/wp-json\/wp\/v2\/product_tag?post=7011"}],"curies":[{"name":"delovni list","href":"https:\/\/api.w.org\/{rel}","templated":true}]}}