{"id":7004,"date":"2025-03-14T05:30:53","date_gmt":"2025-03-14T05:30:53","guid":{"rendered":"https:\/\/fmp-components.com\/?post_type=product&#038;p=7004"},"modified":"2025-03-27T01:32:50","modified_gmt":"2025-03-27T01:32:50","slug":"precision-bevel-gear","status":"publish","type":"product","link":"https:\/\/fmp-components.com\/sl\/product\/precision-bevel-gear\/","title":{"rendered":"Precizni sto\u017e\u010dasti zobnik"},"content":{"rendered":"<p>Dimenzija: \u03a63 mm - \u03a6120 mm<br \/>\nModul: M0.3<br \/>\nVrsta materiala: Kovina po \u017eelji stranke<\/p>\n<h2>Specifikacija izdelka<\/h2>\n<div class=\"table-responsive\">\n<table class=\"table\" border=\"1\">\n<tbody>\n<tr>\n<td colspan=\"2\">Precizni sto\u017e\u010dasti zobnik<\/td>\n<\/tr>\n<tr>\n<td>Dimenzija<\/td>\n<td>\u03a612 mm<\/td>\n<\/tr>\n<tr>\n<td>Modul<\/td>\n<td>M0,15\u2013M2,2<\/td>\n<\/tr>\n<tr>\n<td>Vrsta materiala<\/td>\n<td>Kovina, bron, jeklo, zlitina, POM, cink, aluminij, \u017eelezo, nerjave\u010de jeklo, medenina, baker<\/td>\n<\/tr>\n<tr>\n<td>Stopnja mre\u017eenja<\/td>\n<td>ISO6, JGMA 1, JIS 6, AGMA 13, DIN 6, Din5, AGMA12<\/td>\n<\/tr>\n<tr>\n<td>Toplotna obdelava<\/td>\n<td>Cementiranje in kaljenje, visokofrekven\u010dno kaljenje, nitriranje, kaljenje in popu\u0161\u010danje, izbira toplotne obdelave glede na<br \/>\nrazli\u010dnih materialov.<\/td>\n<\/tr>\n<tr>\n<td>Uporaba<\/td>\n<td>Avtomobilska, voja\u0161ka, letalska, mehanska, industrijska, medicinska<\/td>\n<\/tr>\n<tr>\n<td>Prilagojeno<\/td>\n<td>ODM\/OEM<\/td>\n<\/tr>\n<tr>\n<td>Vzorec<\/td>\n<td>Vzorec na voljo<\/td>\n<\/tr>\n<tr>\n<td>Na\u010dini pakiranja<\/td>\n<td>Vakuumsko pakirano s plasti\u010dnim pladnjem<\/td>\n<\/tr>\n<tr>\n<td>Na\u010dini dostave<\/td>\n<td>DHL in UPS<\/td>\n<\/tr>\n<tr>\n<td>Potrdilo<\/td>\n<td>ISO 9001: 2008\/TS16949<\/td>\n<\/tr>\n<\/tbody>\n<\/table>\n<\/div>\n<div><\/div>\n<h2>Zna\u010dilnosti preciznega sto\u017e\u010dastega zobnika<\/h2>\n<div class=\"table-responsive\">\n<div>\n<ul>\n<li class=\"break-words\"><strong>Koni\u010dna oblika<\/strong>Ima sto\u017e\u010dasto povr\u0161ino za prenos mo\u010di med sekajo\u010dima se gredema (obi\u010dajno 90 stopinj).<\/li>\n<li class=\"break-words\"><strong>Visoka natan\u010dnost<\/strong>Izdelano z natan\u010dnimi tolerancami za natan\u010dno geometrijo zob in minimalno zra\u010dnost.<\/li>\n<li class=\"break-words\"><strong>Razlike v zobih<\/strong>Vklju\u010duje ravne zobe (preprosti, nizkohitrostni), spiralne zobe (tihi, visokohitrostni) in ni\u010delne zobe (uravnote\u017eena zmogljivost).<\/li>\n<li class=\"break-words\"><strong>Kakovostni materiali in obdelava<\/strong>Izdelano iz mo\u010dnih materialov, kot sta jeklo ali plastika, pogosto kaljeno ali prevle\u010deno za vzdr\u017eljivost.<\/li>\n<li class=\"break-words\"><strong>U\u010dinkovito in gladko<\/strong>Enakomerna porazdelitev obremenitve in tiho delovanje, idealno za avtomobilsko, vesoljsko in podobno industrijo.<\/li>\n<\/ul>\n<p><img loading=\"lazy\" decoding=\"async\" class=\"size-full wp-image-4340 aligncenter\" src=\"https:\/\/fmp-components.com\/wp-content\/uploads\/2025\/01\/Precision-Bevel-Gear.webp\" alt=\"Precizni sto\u017e\u010dasti zobnik\" width=\"600\" height=\"600\" title=\"\" srcset=\"https:\/\/fmp-components.com\/wp-content\/uploads\/2025\/01\/Precision-Bevel-Gear.webp 600w, https:\/\/fmp-components.com\/wp-content\/uploads\/2025\/01\/Precision-Bevel-Gear-480x480.webp 480w\" sizes=\"(min-width: 0px) and (max-width: 480px) 480px, (min-width: 481px) 600px, 100vw\" \/><\/p>\n<h2>Uporaba preciznih sto\u017e\u010dastih zobnikov<\/h2>\n<div>\n<p class=\"break-words\">Natan\u010dnost <a href=\"https:\/\/fmp-components.com\/sl\/bevel-gear-2\/\">sto\u017e\u010dasti zobniki<\/a> se pogosto uporabljajo v razli\u010dnih panogah zaradi svoje sposobnosti u\u010dinkovitega prenosa mo\u010di med sekajo\u010dimi se gredmi z visoko natan\u010dnostjo in vzdr\u017eljivostjo. Tukaj je nekaj klju\u010dnih aplikacij:<\/p>\n<ol class=\"marker:text-secondary\">\n<li class=\"break-words\"><strong>Avtomobilska industrija<\/strong>:\n<ul class=\"marker:text-secondary\">\n<li class=\"break-words\">Uporablja se v diferencialih za prenos mo\u010di s pogonske gredi na kolesa pod kotom 90 stopinj, kar omogo\u010da gladko obra\u010danje in u\u010dinkovito porazdelitev navora.<\/li>\n<li class=\"break-words\">Najdemo ga v krmilnih sistemih za natan\u010den nadzor gibanja.<\/li>\n<\/ul>\n<\/li>\n<li class=\"break-words\"><strong>Vesoljska in vesoljska industrija<\/strong>:\n<ul class=\"marker:text-secondary\">\n<li class=\"break-words\">Uporablja se v menjalnikih helikopterjev za spreminjanje smeri mo\u010di od motorja do rotorskega sistema.<\/li>\n<li class=\"break-words\">Uporablja se v aktuatorskih sistemih za povr\u0161ine za krmarjenje leta, kjer je potrebna zanesljivost in natan\u010dnost pri visokih obremenitvah.<\/li>\n<\/ul>\n<\/li>\n<li class=\"break-words\"><strong>Industrijski stroji<\/strong>:\n<ul class=\"marker:text-secondary\">\n<li class=\"break-words\">Integriran v obdelovalne stroje (npr. rezkalne stroje, stru\u017enice) za preusmeritev mo\u010di in prilagajanje hitrosti med gredmi.<\/li>\n<li class=\"break-words\">Uporablja se v transportnih sistemih in pakirni opremi za kompakten in u\u010dinkovit prenos mo\u010di.<\/li>\n<\/ul>\n<\/li>\n<li class=\"break-words\"><strong>Robotika<\/strong>:\n<ul class=\"marker:text-secondary\">\n<li class=\"break-words\">Uporablja se v robotskih rokah in sklepih za doseganje natan\u010dnega kotnega gibanja in prenosa navora v kompaktnih izvedbah.<\/li>\n<li class=\"break-words\">Bistveno za ve\u010dosno gibanje v avtomatiziranih sistemih.<\/li>\n<\/ul>\n<\/li>\n<li class=\"break-words\"><strong>Pomorske aplikacije<\/strong>:\n<ul class=\"marker:text-secondary\">\n<li class=\"break-words\">Uporablja se v pogonskih sistemih za \u010dolne (npr. izvenkrmni motorji, krmni pogoni) za prenos mo\u010di z motorja na propeler pod kotom.<\/li>\n<li class=\"break-words\">Zagotavlja vzdr\u017eljivost v te\u017ekih, korozivnih okoljih.<\/li>\n<\/ul>\n<\/li>\n<li class=\"break-words\"><strong>Elektri\u010dno orodje<\/strong>:\n<ul class=\"marker:text-secondary\">\n<li class=\"break-words\">Najdemo ga v vrtalnikih, brusilnikih in \u017eagah za preusmeritev rotacijske sile, kar zagotavlja ergonomske in funkcionalne zasnove.<\/li>\n<li class=\"break-words\">Omogo\u010da visokohitrostno in zanesljivo delovanje.<\/li>\n<\/ul>\n<\/li>\n<li class=\"break-words\"><strong>Kmetijska oprema<\/strong>:\n<ul class=\"marker:text-secondary\">\n<li class=\"break-words\">Vgrajen v traktorje in kombajne za prenos mo\u010di na kolesa ali rezalne mehanizme, kar omogo\u010da opravljanje te\u017ekih nalog.<\/li>\n<li class=\"break-words\">Obvladuje spremenljive obremenitve in te\u017eke pogoje.<\/li>\n<\/ul>\n<\/li>\n<li class=\"break-words\"><strong>Medicinski pripomo\u010dki<\/strong>:\n<ul class=\"marker:text-secondary\">\n<li class=\"break-words\">Uporablja se v kirur\u0161kih robotih in opremi za slikanje (npr. napravah za magnetno resonanco) za natan\u010den, tih in kompakten nadzor gibanja.<\/li>\n<\/ul>\n<\/li>\n<li class=\"break-words\"><strong>Energetski sektor<\/strong>:\n<ul class=\"marker:text-secondary\">\n<li class=\"break-words\">Uporablja se v menjalnikih vetrnih turbin za prilagajanje kotov gredi in upravljanje navora pri nihajo\u010dih obremenitvah.<\/li>\n<li class=\"break-words\">Uporablja se v opremi za nafto in plin za zanesljiv prenos energije.<\/li>\n<\/ul>\n<\/li>\n<\/ol>\n<p class=\"break-words\">Precizni sto\u017e\u010dasti zobniki se v teh aplikacijah odli\u010dno obnesejo zaradi svoje kompaktne zasnove, sposobnosti prena\u0161anja visokih obremenitev ter gladkega in tihega delovanja, zaradi \u010desar so nepogre\u0161ljivi v sistemih, ki zahtevajo kotni prenos mo\u010di z minimalnimi vibracijami ali obrabo.<\/p>\n<h2>O FMP-ju<\/h2>\n<p>FMP je vodilni italijanski proizvajalec zobnikov in zobatih letev, znan po svojem strokovnem znanju pri izdelavi standardnih komponent in re\u0161itev po meri. Poleg na\u0161e ponudbe standardnih delov se FMP specializira tudi za izdelavo standardnih in specializiranih zobnikov na podlagi risb ali vzorcev, ki jih posredujejo na\u0161e stranke. Na\u0161i zobniki so na voljo v razli\u010dnih materialih, vklju\u010dno z ogljikovim jeklom, nerjavnim jeklom, aluminijem, bakrom, medenino in plasti\u010dnimi vija\u010dnimi ali \u010delnimi konfiguracijami. \u010ce imate kakr\u0161ne koli zahteve za zobnike po meri, nas prosimo kontaktirajte po e-po\u0161ti. FMP-jeva predana ekipa profesionalnih in\u017eenirjev se bo na va\u0161e povpra\u0161evanje odzvala v 24 urah.<\/p>\n<p><img loading=\"lazy\" decoding=\"async\" class=\"alignnone size-full wp-image-7010\" src=\"https:\/\/fmp-components.com\/wp-content\/uploads\/2025\/03\/bevel-gear-3.webp\" alt=\"sto\u017e\u010dasti zobnik\" width=\"1076\" height=\"721\" title=\"\" srcset=\"https:\/\/fmp-components.com\/wp-content\/uploads\/2025\/03\/bevel-gear-3.webp 1076w, https:\/\/fmp-components.com\/wp-content\/uploads\/2025\/03\/bevel-gear-3-980x657.webp 980w, https:\/\/fmp-components.com\/wp-content\/uploads\/2025\/03\/bevel-gear-3-480x322.webp 480w\" sizes=\"(min-width: 0px) and (max-width: 480px) 480px, (min-width: 481px) and (max-width: 980px) 980px, (min-width: 981px) 1076px, 100vw\" \/><\/p>\n<\/div>\n<\/div>\n<\/div>","protected":false},"excerpt":{"rendered":"<p>Dimension:\u03a63mm- \u03a6120mm Module: M0.3 Material Type: Metal as customer required Product Specification Precision Bevel Gear Dimension \u03a612mm Module M0.15-M2.2 Material Type Metal, Bronze, Steel, Alloy, POM, Zinc, Aluminum, Iron, Stainless, Brass, Copper Meshing Grade ISO6, JGMA 1, JIS 6, AGMA 13, DIN 6,Din5,AGMA12 Heat Treatment Carburizing and quenching, High-frequency quenching, Nitriding, Hardening, and tempering, Selecting [&hellip;]<\/p>","protected":false},"featured_media":4340,"comment_status":"open","ping_status":"closed","template":"","meta":{"_et_pb_use_builder":"","_et_pb_old_content":"","_et_gb_content_width":""},"product_brand":[],"product_cat":[106],"product_tag":[],"class_list":{"0":"post-7004","1":"product","2":"type-product","3":"status-publish","4":"has-post-thumbnail","6":"product_cat-bevel-gears","8":"first","9":"instock","10":"shipping-taxable","11":"product-type-simple"},"_links":{"self":[{"href":"https:\/\/fmp-components.com\/sl\/wp-json\/wp\/v2\/product\/7004","targetHints":{"allow":["GET"]}}],"collection":[{"href":"https:\/\/fmp-components.com\/sl\/wp-json\/wp\/v2\/product"}],"about":[{"href":"https:\/\/fmp-components.com\/sl\/wp-json\/wp\/v2\/types\/product"}],"replies":[{"embeddable":true,"href":"https:\/\/fmp-components.com\/sl\/wp-json\/wp\/v2\/comments?post=7004"}],"wp:featuredmedia":[{"embeddable":true,"href":"https:\/\/fmp-components.com\/sl\/wp-json\/wp\/v2\/media\/4340"}],"wp:attachment":[{"href":"https:\/\/fmp-components.com\/sl\/wp-json\/wp\/v2\/media?parent=7004"}],"wp:term":[{"taxonomy":"product_brand","embeddable":true,"href":"https:\/\/fmp-components.com\/sl\/wp-json\/wp\/v2\/product_brand?post=7004"},{"taxonomy":"product_cat","embeddable":true,"href":"https:\/\/fmp-components.com\/sl\/wp-json\/wp\/v2\/product_cat?post=7004"},{"taxonomy":"product_tag","embeddable":true,"href":"https:\/\/fmp-components.com\/sl\/wp-json\/wp\/v2\/product_tag?post=7004"}],"curies":[{"name":"delovni list","href":"https:\/\/api.w.org\/{rel}","templated":true}]}}