{"id":6946,"date":"2025-03-13T03:46:50","date_gmt":"2025-03-13T03:46:50","guid":{"rendered":"https:\/\/fmp-components.com\/?post_type=product&#038;p=6946"},"modified":"2025-03-27T01:34:39","modified_gmt":"2025-03-27T01:34:39","slug":"sintered-metal-bevel-gears","status":"publish","type":"product","link":"https:\/\/fmp-components.com\/sl\/product\/sintered-metal-bevel-gears\/","title":{"rendered":"Sintrani kovinski sto\u017e\u010dasti zobniki"},"content":{"rendered":"<div>\n<h3>O sintranih kovinskih sto\u017e\u010dastih zobnikih<\/h3>\n<p class=\"break-words\">Sintrana kovina <a href=\"https:\/\/fmp-components.com\/sl\/bevel-gear-2\/\">sto\u017e\u010dasti zobniki<\/a> so natan\u010dno izdelane komponente, izdelane s postopkom sintranja, kjer se kovinski prah stisne in segreje, da se tvorijo mo\u010dni, vzdr\u017eljivi zobniki sto\u017e\u010daste oblike. Ti zobniki se pogosto uporabljajo v razli\u010dnih panogah zaradi svoje sposobnosti prenosa gibanja in mo\u010di med sekajo\u010dima se gredema, obi\u010dajno pod kotom 90 stopinj. Zaradi postopka pra\u0161ne metalurgije ponujajo prednosti, kot so visoka trdnost, odpornost proti obrabi in stro\u0161kovna u\u010dinkovitost.<\/p>\n<p class=\"break-words\">V podjetju FMP smo specializirani za proizvodnjo \u0161iroke palete sintranih kovinskih sto\u017e\u010dastih zobnikov, ki ustrezajo razli\u010dnim potrebam uporabe. Ponujamo tudi storitve prilagajanja, da na\u0161e izdelke prilagodimo va\u0161im specifi\u010dnim zahtevam. \u010ce na na\u0161em seznamu izdelkov ne najdete natan\u010dnega modela, ki ga potrebujete, to preprosto pomeni, da ga \u0161e nismo imeli mo\u017enosti posodobiti. Prosimo, da nam po e-po\u0161ti po\u0161ljete \u017eelene specifikacije in na\u0161i in\u017eenirji vam bodo odgovorili v 24 urah.\u00a0<img loading=\"lazy\" decoding=\"async\" class=\"alignnone size-full wp-image-6952\" src=\"https:\/\/fmp-components.com\/wp-content\/uploads\/2025\/03\/Sintered-Metal-bevel-gear-maintain.webp\" alt=\"Sintrani kovinski sto\u017e\u010dasti zobnik\" width=\"1300\" height=\"946\" title=\"\" srcset=\"https:\/\/fmp-components.com\/wp-content\/uploads\/2025\/03\/Sintered-Metal-bevel-gear-maintain.webp 1300w, https:\/\/fmp-components.com\/wp-content\/uploads\/2025\/03\/Sintered-Metal-bevel-gear-maintain-1280x931.webp 1280w, https:\/\/fmp-components.com\/wp-content\/uploads\/2025\/03\/Sintered-Metal-bevel-gear-maintain-980x713.webp 980w, https:\/\/fmp-components.com\/wp-content\/uploads\/2025\/03\/Sintered-Metal-bevel-gear-maintain-480x349.webp 480w\" sizes=\"(min-width: 0px) and (max-width: 480px) 480px, (min-width: 481px) and (max-width: 980px) 980px, (min-width: 981px) and (max-width: 1280px) 1280px, (min-width: 1281px) 1300px, 100vw\" \/><\/p>\n<h3>Specifikacija<\/h3>\n<\/div>\n<table class=\"table\" border=\"1\" width=\"100%\" cellspacing=\"0\" cellpadding=\"0\">\n<tbody>\n<tr class=\"firstRow\">\n<td valign=\"center\" width=\"132\">\u0160tevilka modela<\/td>\n<td valign=\"center\" width=\"491\">M3, M4, M5, M8, M12 itd.<\/td>\n<\/tr>\n<tr>\n<td valign=\"center\" width=\"132\">Material<\/td>\n<td valign=\"center\" width=\"491\">Medenina, jeklo C45, nerjave\u010de jeklo, baker, POM, aluminij, zlitina in tako naprej<\/td>\n<\/tr>\n<tr>\n<td valign=\"center\" width=\"132\">Povr\u0161inska obdelava<\/td>\n<td valign=\"center\" width=\"491\">Pocinkano, ponikljano, pasivizacija, oksidacija, anodizacija,<br \/>\nGeomet, Dacromet, \u010drni oksid, fosfatiranje, pra\u0161no barvanje in elektroforeza<\/td>\n<\/tr>\n<tr>\n<td valign=\"center\" width=\"132\">Standardno<\/td>\n<td valign=\"center\" width=\"491\">ISO, DIN, ANSI, JIS, BS in nestandardni.<\/td>\n<\/tr>\n<tr>\n<td valign=\"center\" width=\"132\">Natan\u010dnost<\/td>\n<td valign=\"center\" width=\"491\">DIN6, DIN7, DIN8, DIN9.<\/td>\n<\/tr>\n<tr>\n<td valign=\"center\" width=\"132\">Zdravljenje zob<\/td>\n<td valign=\"center\" width=\"491\">Kaljeno, rezkano ali bru\u0161eno<\/td>\n<\/tr>\n<tr>\n<td valign=\"center\" width=\"132\">Toleranca<\/td>\n<td valign=\"center\" width=\"491\">0,001 mm\u20130,01 mm\u20130,1 mm<\/td>\n<\/tr>\n<tr>\n<td valign=\"center\" width=\"132\">Kon\u010daj<\/td>\n<td valign=\"center\" width=\"491\">peskanje\/peskanje, toplotna obdelava, \u017earjenje, popu\u0161\u010danje, poliranje, eloksiranje, pocinkanje<\/td>\n<\/tr>\n<tr>\n<td valign=\"center\" width=\"132\">Pakiranje predmetov<\/td>\n<td valign=\"center\" width=\"491\">Plasti\u010dna vre\u010dka + \u0161katle ali lesena embala\u017ea<\/td>\n<\/tr>\n<tr>\n<td valign=\"center\" width=\"132\">Pla\u010dilni pogoji<\/td>\n<td valign=\"center\" width=\"491\">T\/T, L\/C<\/td>\n<\/tr>\n<tr>\n<td valign=\"center\" width=\"132\">\u010cas proizvodnje<\/td>\n<td valign=\"center\" width=\"491\">20 delovnih dni za vzorec, 25 dni za ve\u010dji del<\/td>\n<\/tr>\n<tr>\n<td valign=\"center\" width=\"132\">Vzorci<\/td>\n<td valign=\"center\" width=\"491\">Primer cenovnega razpona od $2 do $100.<br \/>\nvzorec ekspresne zahteve, ki jo pla\u010dajo stranke<\/td>\n<\/tr>\n<tr>\n<td valign=\"center\" width=\"132\">Uporaba<\/td>\n<td valign=\"center\" width=\"491\">1. Avtomatski krmilni stroj<br \/>\n2. Polprevodni\u0161ka industrija<br \/>\n3. Stroji za splo\u0161no industrijo<br \/>\n4. Medicinska oprema<br \/>\n5. Oprema za son\u010dno energijo<br \/>\n6. Strojno orodje<br \/>\n7. Parkirni sistem<br \/>\n8. Oprema za hitri \u017eelezni\u0161ki in letalski promet itd.<\/td>\n<\/tr>\n<\/tbody>\n<\/table>\n<p><img loading=\"lazy\" decoding=\"async\" class=\"alignnone wp-image-6953\" src=\"https:\/\/fmp-components.com\/wp-content\/uploads\/2025\/03\/Sintered-Metal-bevel-gear-work.webp\" alt=\"Sintrani kovinski sto\u017e\u010dasti zobnik\" width=\"772\" height=\"587\" title=\"\" srcset=\"https:\/\/fmp-components.com\/wp-content\/uploads\/2025\/03\/Sintered-Metal-bevel-gear-work.webp 772w, https:\/\/fmp-components.com\/wp-content\/uploads\/2025\/03\/Sintered-Metal-bevel-gear-work-480x365.webp 480w\" sizes=\"(min-width: 0px) and (max-width: 480px) 480px, (min-width: 481px) 772px, 100vw\" \/><\/p>","protected":false},"excerpt":{"rendered":"<p>About Sintered Metal bevel gears Sintered metal bevel gears are precision-engineered components made through a sintering process, where metal powders are compacted and heated to form strong, durable gears with a conical shape. These gears are widely used in various industries for their ability to transmit motion and power between intersecting shafts, typically at a [&hellip;]<\/p>","protected":false},"featured_media":6951,"comment_status":"open","ping_status":"closed","template":"","meta":{"_et_pb_use_builder":"","_et_pb_old_content":"","_et_gb_content_width":""},"product_brand":[],"product_cat":[106],"product_tag":[],"class_list":{"0":"post-6946","1":"product","2":"type-product","3":"status-publish","4":"has-post-thumbnail","6":"product_cat-bevel-gears","8":"first","9":"instock","10":"shipping-taxable","11":"product-type-simple"},"_links":{"self":[{"href":"https:\/\/fmp-components.com\/sl\/wp-json\/wp\/v2\/product\/6946","targetHints":{"allow":["GET"]}}],"collection":[{"href":"https:\/\/fmp-components.com\/sl\/wp-json\/wp\/v2\/product"}],"about":[{"href":"https:\/\/fmp-components.com\/sl\/wp-json\/wp\/v2\/types\/product"}],"replies":[{"embeddable":true,"href":"https:\/\/fmp-components.com\/sl\/wp-json\/wp\/v2\/comments?post=6946"}],"wp:featuredmedia":[{"embeddable":true,"href":"https:\/\/fmp-components.com\/sl\/wp-json\/wp\/v2\/media\/6951"}],"wp:attachment":[{"href":"https:\/\/fmp-components.com\/sl\/wp-json\/wp\/v2\/media?parent=6946"}],"wp:term":[{"taxonomy":"product_brand","embeddable":true,"href":"https:\/\/fmp-components.com\/sl\/wp-json\/wp\/v2\/product_brand?post=6946"},{"taxonomy":"product_cat","embeddable":true,"href":"https:\/\/fmp-components.com\/sl\/wp-json\/wp\/v2\/product_cat?post=6946"},{"taxonomy":"product_tag","embeddable":true,"href":"https:\/\/fmp-components.com\/sl\/wp-json\/wp\/v2\/product_tag?post=6946"}],"curies":[{"name":"delovni list","href":"https:\/\/api.w.org\/{rel}","templated":true}]}}