{"id":6943,"date":"2025-03-13T03:22:40","date_gmt":"2025-03-13T03:22:40","guid":{"rendered":"https:\/\/fmp-components.com\/?post_type=product&#038;p=6943"},"modified":"2025-03-27T01:33:31","modified_gmt":"2025-03-27T01:33:31","slug":"90-degree-bevel-gears","status":"publish","type":"product","link":"https:\/\/fmp-components.com\/sl\/product\/90-degree-bevel-gears\/","title":{"rendered":"90-stopinjski sto\u017e\u010dasti zobniki"},"content":{"rendered":"<div>\n<h2>Pribli\u017eno 90-stopinjski sto\u017e\u010dasti zobniki<\/h2>\n<p>90 stopinj <a href=\"https:\/\/fmp-components.com\/sl\/bevel-gear-2\/\">Sto\u017e\u010dasti zobniki<\/a> so odli\u010dni deli, ki pomagajo pri prenosu energije med dvema palicama, ki se zdru\u017eita v vogalu in tvorita kot 90 stopinj. Najdete jih v mnogih stvareh \u2013 kot so avtomobili, letala, ogromni stroji in celo roboti \u2013 saj so resni\u010dno dobri pri po\u0161iljanju energije v majhnih, previdnih zasukih. Ti zobniki so oblikovani kot sto\u017eci in imajo razli\u010dne vrste zob: ravne, spiralne ali posebno vrsto, imenovano zero. To pomeni, da lahko delujejo za lahke, po\u010dasne naloge ali hitre, zahtevne, zaradi \u010desar so danes izjemno uporabni za gradnjo.<\/p>\n<p>V podjetju FMP izdelujemo vse vrste 90-stopinjskih sto\u017e\u010dastih zobnikov, kot so ravni, spiralni in celo kompleti, ki so dobavljeni v \u0161katlah, vsi so resni\u010dno mo\u010dni in kakovostno izdelani. Izdelamo jih lahko tudi to\u010dno po va\u0161ih \u017eeljah, z ustreznim \u0161tevilom zob, pravimi materiali (kot so kovina ali plastika) in velikostjo, ki jo potrebujete. \u010ce na na\u0161em seznamu ne vidite \u017eelenega zobnika, ne skrbite \u2013 to le pomeni, da ga \u0161e nismo dodali. Po\u0161ljite nam e-po\u0161to s pojasnilom, kaj potrebujete, in na\u0161i in\u017eenirji vam bodo v 24 urah odgovorili z odli\u010dno re\u0161itvijo za va\u0161 projekt!<\/p>\n<table style=\"width: 100%;\" border=\"0\" width=\"100%\" cellspacing=\"0\" cellpadding=\"0\">\n<tbody>\n<tr style=\"height: 14.40pt;\">\n<td style=\"height: 14.4pt; width: 50.6281%;\" align=\"right\" width=\"80\" height=\"24\"><img loading=\"lazy\" decoding=\"async\" class=\"alignnone wp-image-6949\" src=\"https:\/\/fmp-components.com\/wp-content\/uploads\/2025\/03\/90-degree-bevel-gears-maintain.webp\" alt=\"Vzdr\u017eevanje 90-stopinjskih sto\u017e\u010dastih zobnikov\" width=\"413\" height=\"413\" title=\"\"><\/td>\n<td style=\"width: 49.2462%;\" align=\"right\" width=\"154\"><img loading=\"lazy\" decoding=\"async\" class=\"alignnone wp-image-6950\" src=\"https:\/\/fmp-components.com\/wp-content\/uploads\/2025\/03\/90-degree-bevel-gears-advantages.webp\" alt=\"90-stopinjski sto\u017e\u010dasti zobniki\" width=\"392\" height=\"392\" title=\"\"><\/td>\n<\/tr>\n<\/tbody>\n<\/table>\n<\/div>\n<h3>1. Standardni ravni sto\u017e\u010dasti zobnik \u2013 model A<\/h3>\n<table style=\"width: 100%;\" border=\"1\" width=\"100%\" cellspacing=\"0\" cellpadding=\"0\">\n<tbody>\n<tr style=\"height: 57.60pt;\">\n<td class=\"et2\" style=\"height: 57.60pt; width: 106.80pt;\" width=\"178\" height=\"96\"><strong>Ime modela<\/strong><\/td>\n<td class=\"et2\" style=\"width: 49.80pt;\" width=\"83\"><strong>Modul<\/strong><\/td>\n<td class=\"et2\" style=\"width: 48.00pt;\" width=\"80\"><strong>\u0160tevilo zob<\/strong><\/td>\n<td class=\"et2\" style=\"width: 92.40pt;\" width=\"154\"><strong>Razmerje<\/strong><\/td>\n<td class=\"et2\" style=\"width: 48.00pt;\" width=\"80\"><strong>Premer izvrtine gredi<\/strong><\/td>\n<td class=\"et2\" style=\"width: 91.80pt;\" width=\"153\"><strong>Material<\/strong><\/td>\n<td class=\"et2\" style=\"width: 48.00pt;\" width=\"80\"><strong>Kot pritiska<\/strong><\/td>\n<td class=\"et2\" style=\"width: 86.40pt;\" width=\"144\"><strong>Zunanji premer<\/strong><\/td>\n<td class=\"et2\" style=\"width: 115.20pt;\" width=\"192\"><strong>Trdota povr\u0161ine zoba<\/strong><\/td>\n<td class=\"et2\" style=\"width: 60.60pt;\" width=\"101\"><strong>Najve\u010dja hitrost<\/strong><\/td>\n<td class=\"et2\" style=\"width: 108.60pt;\" width=\"181\"><strong>Uporaba<\/strong><\/td>\n<\/tr>\n<tr style=\"height: 14.40pt;\">\n<td style=\"height: 14.40pt;\" height=\"24\">Ravni sto\u017e\u010dasti zobnik A<\/td>\n<td align=\"right\">1<\/td>\n<td align=\"right\">20<\/td>\n<td>1:1 (kotni zobnik)<\/td>\n<td>10 mm<\/td>\n<td>45# ogljikovo jeklo<\/td>\n<td>20\u00b0<\/td>\n<td>22 mm<\/td>\n<td>Kaljeno (HRC 40-45)<\/td>\n<td>1000 vrt\/min<\/td>\n<td>Stroji z nizko hitrostjo<\/td>\n<\/tr>\n<\/tbody>\n<\/table>\n<h3>2. Standardni ravni sto\u017e\u010dasti zobnik \u2013 model B<\/h3>\n<table style=\"width: 100%;\" border=\"1\" width=\"100%\" cellspacing=\"0\" cellpadding=\"0\">\n<tbody>\n<tr style=\"height: 57.60pt;\">\n<td class=\"et2\" style=\"height: 57.60pt; width: 106.80pt;\" width=\"178\" height=\"96\"><strong>Ime modela<\/strong><\/td>\n<td class=\"et2\" style=\"width: 49.80pt;\" width=\"83\"><strong>Modul<\/strong><\/td>\n<td class=\"et2\" style=\"width: 48.00pt;\" width=\"80\"><strong>\u0160tevilo zob<\/strong><\/td>\n<td class=\"et2\" style=\"width: 92.40pt;\" width=\"154\"><strong>Razmerje<\/strong><\/td>\n<td class=\"et2\" style=\"width: 48.00pt;\" width=\"80\"><strong>Premer izvrtine gredi<\/strong><\/td>\n<td class=\"et2\" style=\"width: 91.80pt;\" width=\"153\"><strong>Material<\/strong><\/td>\n<td class=\"et2\" style=\"width: 48.00pt;\" width=\"80\"><strong>Kot pritiska<\/strong><\/td>\n<td class=\"et2\" style=\"width: 86.40pt;\" width=\"144\"><strong>Zunanji premer<\/strong><\/td>\n<td class=\"et2\" style=\"width: 115.20pt;\" width=\"192\"><strong>Trdota povr\u0161ine zoba<\/strong><\/td>\n<td class=\"et2\" style=\"width: 60.60pt;\" width=\"101\"><strong>Najve\u010dja hitrost<\/strong><\/td>\n<td class=\"et2\" style=\"width: 108.60pt;\" width=\"181\"><strong>Uporaba<\/strong><\/td>\n<\/tr>\n<tr style=\"height: 14.40pt;\">\n<td style=\"height: 14.40pt;\" height=\"24\">Ravni sto\u017e\u010dasti zobnik B<\/td>\n<td align=\"right\">2<\/td>\n<td align=\"right\">30<\/td>\n<td class=\"et3\" align=\"right\">2:01<\/td>\n<td>14 mm<\/td>\n<td>Nerjave\u010de jeklo<\/td>\n<td>20\u00b0<\/td>\n<td>64 mm<\/td>\n<td>Kaljeno (HRC 45-50)<\/td>\n<td>800 vrt\/min<\/td>\n<td>Srednje te\u017eki menjalniki<\/td>\n<\/tr>\n<\/tbody>\n<\/table>\n<h3>3. Spiralno sto\u017e\u010dasto gonilo \u2013 model C<\/h3>\n<table style=\"width: 100%;\" border=\"1\" width=\"100%\" cellspacing=\"0\" cellpadding=\"0\">\n<thead class=\"border-b border-primary\/20\">\n<tr class=\"border-primary\/10\">\n<th class=\"break-words\">Ime modela<\/th>\n<th class=\"break-words\">Modul<\/th>\n<th class=\"break-words\">\u0160tevilo zob<\/th>\n<th class=\"break-words\">Razmerje<\/th>\n<th class=\"break-words\">Premer izvrtine gredi<\/th>\n<th class=\"break-words\">Material<\/th>\n<th class=\"break-words\">Kot pritiska<\/th>\n<th class=\"break-words\">Zunanji premer<\/th>\n<th class=\"break-words\">Trdota povr\u0161ine zoba<\/th>\n<th class=\"break-words\">Neugodni odziv<\/th>\n<th class=\"break-words\">Najve\u010dja hitrost<\/th>\n<th class=\"break-words\">Uporaba<\/th>\n<\/tr>\n<\/thead>\n<tbody>\n<tr class=\"border-primary\/10\">\n<td class=\"break-words\">Spiralni sto\u017e\u010dasti zobnik C<\/td>\n<td class=\"break-words\">1.5<\/td>\n<td class=\"break-words\">25<\/td>\n<td class=\"break-words\">1:1<\/td>\n<td class=\"break-words\">12 mm<\/td>\n<td class=\"break-words\">Cementirano jeklo<\/td>\n<td class=\"break-words\">20\u00b0<\/td>\n<td class=\"break-words\">40 mm<\/td>\n<td class=\"break-words\">Kaljeno (HRC 50-55)<\/td>\n<td class=\"break-words\">5\u201310 lo\u010dnih minut<\/td>\n<td class=\"break-words\">2000 vrt\/min<\/td>\n<td class=\"break-words\">Visokohitrostna robotika<\/td>\n<\/tr>\n<\/tbody>\n<\/table>\n<h4>4. Spiralno sto\u017e\u010dasto gonilo \u2013 model D<\/h4>\n<table style=\"width: 100%;\" border=\"1\" width=\"100%\" cellspacing=\"0\" cellpadding=\"0\">\n<tbody>\n<tr style=\"height: 57.60pt;\">\n<td class=\"et2\" style=\"height: 57.60pt; width: 106.80pt;\" width=\"178\" height=\"96\"><strong>Ime modela<\/strong><\/td>\n<td class=\"et2\" style=\"width: 49.80pt;\" width=\"83\"><strong>Modul<\/strong><\/td>\n<td class=\"et2\" style=\"width: 48.00pt;\" width=\"80\"><strong>\u0160tevilo zob<\/strong><\/td>\n<td class=\"et2\" style=\"width: 92.40pt;\" width=\"154\"><strong>Razmerje<\/strong><\/td>\n<td class=\"et2\" style=\"width: 48.00pt;\" width=\"80\"><strong>Premer izvrtine gredi<\/strong><\/td>\n<td class=\"et2\" style=\"width: 91.80pt;\" width=\"153\"><strong>Material<\/strong><\/td>\n<td class=\"et2\" style=\"width: 48.00pt;\" width=\"80\"><strong>Kot pritiska<\/strong><\/td>\n<td class=\"et2\" style=\"width: 86.40pt;\" width=\"144\"><strong>Zunanji premer<\/strong><\/td>\n<td class=\"et2\" style=\"width: 115.20pt;\" width=\"192\"><strong>Trdota povr\u0161ine zoba<\/strong><\/td>\n<td class=\"et2\" style=\"width: 60.60pt;\" width=\"101\"><strong>Neugodni odziv<\/strong><\/td>\n<td class=\"et2\" style=\"width: 108.60pt;\" width=\"181\"><strong>Najve\u010dja hitrost<\/strong><\/td>\n<td class=\"et2\" style=\"width: 48.00pt;\" width=\"80\"><strong>Uporaba<\/strong><\/td>\n<\/tr>\n<tr style=\"height: 14.40pt;\">\n<td style=\"height: 14.40pt;\" height=\"24\">Spiralni sto\u017e\u010dasti zobnik D<\/td>\n<td align=\"right\">3<\/td>\n<td align=\"right\">40<\/td>\n<td>1.5:1<\/td>\n<td>16 mm<\/td>\n<td>Kaljeno jeklo<\/td>\n<td>20\u00b0<\/td>\n<td>126 mm<\/td>\n<td>Kaljeno (HRC 55-60)<\/td>\n<td>3\u20138 lo\u010dnih minut<\/td>\n<td>1500 vrt\/min<\/td>\n<td>Te\u017eka mehanizacija<\/td>\n<\/tr>\n<\/tbody>\n<\/table>\n<h3>5. 90-stopinjski sto\u017e\u010dasti menjalnik \u2013 model E (enojni izhod)<\/h3>\n<table style=\"width: 100%; height: 57px;\" border=\"1\" width=\"100%\" cellspacing=\"0\" cellpadding=\"0\">\n<tbody>\n<tr style=\"height: 43.20pt;\">\n<td class=\"et2\" style=\"height: 43px; width: 106.8pt;\" width=\"178\" height=\"72\"><strong>Ime modela<\/strong><\/td>\n<td class=\"et2\" style=\"width: 49.8pt; height: 43px;\" width=\"83\"><strong>Vrsta<\/strong><\/td>\n<td class=\"et2\" style=\"width: 48pt; height: 43px;\" width=\"80\"><strong>Modul<\/strong><\/td>\n<td class=\"et2\" style=\"width: 92.4pt; height: 43px;\" width=\"154\"><strong>\u0160tevilo zob<\/strong><\/td>\n<td class=\"et2\" style=\"width: 48pt; height: 43px;\" width=\"80\"><strong>Razmerje<\/strong><\/td>\n<td class=\"et2\" style=\"width: 91.8pt; height: 43px;\" width=\"153\"><strong>Premer gredi<\/strong><\/td>\n<td class=\"et2\" style=\"width: 48pt; height: 43px;\" width=\"80\"><strong>Material ohi\u0161ja<\/strong><\/td>\n<td class=\"et2\" style=\"width: 86.4pt; height: 43px;\" width=\"144\"><strong>Nazivni izhodni navor<\/strong><\/td>\n<td class=\"et2\" style=\"width: 115.2pt; height: 43px;\" width=\"192\"><strong>Najve\u010dja hitrost<\/strong><\/td>\n<td class=\"et2\" style=\"width: 60.6pt; height: 43px;\" width=\"101\"><strong>Stopnja za\u0161\u010dite<\/strong><\/td>\n<td class=\"et2\" style=\"width: 108.6pt; height: 43px;\" width=\"181\"><strong>Te\u017ea<\/strong><\/td>\n<td class=\"et2\" style=\"width: 48pt; height: 43px;\" width=\"80\"><strong>Uporaba<\/strong><\/td>\n<\/tr>\n<tr style=\"height: 14.40pt;\">\n<td style=\"height: 14px;\" height=\"24\">Sto\u017e\u010dasti menjalnik E<\/td>\n<td style=\"height: 14px;\">Enojna izhodna gred<\/td>\n<td style=\"height: 14px;\" align=\"right\">1<\/td>\n<td style=\"height: 14px;\" align=\"right\">20<\/td>\n<td class=\"et3\" style=\"height: 14px;\" align=\"right\">1:01<\/td>\n<td style=\"height: 14px;\">8 mm<\/td>\n<td style=\"height: 14px;\">Liti aluminij<\/td>\n<td style=\"height: 14px;\">50 Nm<\/td>\n<td style=\"height: 14px;\">1800 vrt\/min<\/td>\n<td style=\"height: 14px;\">IP65<\/td>\n<td style=\"height: 14px;\">0,8 kg<\/td>\n<td style=\"height: 14px;\">Naredi sam mehanski projekti<\/td>\n<\/tr>\n<\/tbody>\n<\/table>\n<h3>6. 90-stopinjski sto\u017e\u010dasti menjalnik \u2013 model F (dvojni izhod)<\/h3>\n<table style=\"width: 100%;\" border=\"1\" width=\"100%\" cellspacing=\"0\" cellpadding=\"0\">\n<thead class=\"border-b border-primary\/20\">\n<tr class=\"border-primary\/10\">\n<th class=\"break-words\">Ime modela<\/th>\n<th class=\"break-words\">Vrsta<\/th>\n<th class=\"break-words\">Modul<\/th>\n<th class=\"break-words\">\u0160tevilo zob<\/th>\n<th class=\"break-words\">Razmerje<\/th>\n<th class=\"break-words\">Premer gredi<\/th>\n<th class=\"break-words\">Material ohi\u0161ja<\/th>\n<th class=\"break-words\">Nazivni izhodni navor<\/th>\n<th class=\"break-words\">Najve\u010dja hitrost<\/th>\n<th class=\"break-words\">Stopnja za\u0161\u010dite<\/th>\n<th class=\"break-words\">Te\u017ea<\/th>\n<th class=\"break-words\">Uporaba<\/th>\n<\/tr>\n<\/thead>\n<tbody>\n<tr class=\"border-primary\/10\">\n<td class=\"break-words\">Sto\u017e\u010dasti menjalnik F<\/td>\n<td class=\"break-words\">Dvojna izhodna gred<\/td>\n<td class=\"break-words\">2<\/td>\n<td class=\"break-words\">30<\/td>\n<td class=\"break-words\">2:1<\/td>\n<td class=\"break-words\">12 mm<\/td>\n<td class=\"break-words\">Nikljani aluminij<\/td>\n<td class=\"break-words\">120 Nm<\/td>\n<td class=\"break-words\">1200 vrt\/min<\/td>\n<td class=\"break-words\">IP67<\/td>\n<td class=\"break-words\">1,5 kg<\/td>\n<td class=\"break-words\">Industrijski transporterji<\/td>\n<\/tr>\n<\/tbody>\n<\/table>\n<h3>7. Standardni ravni sto\u017e\u010dasti zobnik \u2013 model G<\/h3>\n<table style=\"width: 100%;\" border=\"1\" width=\"100%\" cellspacing=\"0\" cellpadding=\"0\">\n<thead class=\"border-b border-primary\/20\">\n<tr class=\"border-primary\/10\">\n<th class=\"break-words\">Ime modela<\/th>\n<th class=\"break-words\">Modul<\/th>\n<th class=\"break-words\">\u0160tevilo zob<\/th>\n<th class=\"break-words\">Razmerje<\/th>\n<th class=\"break-words\">Premer izvrtine gredi<\/th>\n<th class=\"break-words\">Material<\/th>\n<th class=\"break-words\">Kot pritiska<\/th>\n<th class=\"break-words\">Zunanji premer<\/th>\n<th class=\"break-words\">Trdota povr\u0161ine zoba<\/th>\n<th class=\"break-words\">Najve\u010dja hitrost<\/th>\n<th class=\"break-words\">Uporaba<\/th>\n<\/tr>\n<\/thead>\n<tbody>\n<tr class=\"border-primary\/10\">\n<td class=\"break-words\">Ravni sto\u017e\u010dasti zobnik G<\/td>\n<td class=\"break-words\">2.5<\/td>\n<td class=\"break-words\">16<\/td>\n<td class=\"break-words\">1:1 (kotni zobnik)<\/td>\n<td class=\"break-words\">12 mm<\/td>\n<td class=\"break-words\">Aluminij<\/td>\n<td class=\"break-words\">14,5\u00b0<\/td>\n<td class=\"break-words\">42 mm<\/td>\n<td class=\"break-words\">Nekaljeno<\/td>\n<td class=\"break-words\">900 vrtljajev na minuto<\/td>\n<td class=\"break-words\">Lahki sistemi<\/td>\n<\/tr>\n<\/tbody>\n<\/table>\n<h3>8. Spiralno sto\u017e\u010dasto zobni\u0161ko kolo \u2013 model H<\/h3>\n<table style=\"width: 100%;\" border=\"1\" width=\"100%\" cellspacing=\"0\" cellpadding=\"0\">\n<tbody>\n<tr style=\"height: 57.60pt;\">\n<td class=\"et2\" style=\"height: 57.60pt; width: 106.80pt;\" width=\"178\" height=\"96\"><strong>Ime modela<\/strong><\/td>\n<td class=\"et2\" style=\"width: 49.80pt;\" width=\"83\"><strong>Modul<\/strong><\/td>\n<td class=\"et2\" style=\"width: 48.00pt;\" width=\"80\"><strong>\u0160tevilo zob<\/strong><\/td>\n<td class=\"et2\" style=\"width: 92.40pt;\" width=\"154\"><strong>Razmerje<\/strong><\/td>\n<td class=\"et2\" style=\"width: 48.00pt;\" width=\"80\"><strong>Premer izvrtine gredi<\/strong><\/td>\n<td class=\"et2\" style=\"width: 91.80pt;\" width=\"153\"><strong>Material<\/strong><\/td>\n<td class=\"et2\" style=\"width: 48.00pt;\" width=\"80\"><strong>Kot pritiska<\/strong><\/td>\n<td class=\"et2\" style=\"width: 86.40pt;\" width=\"144\"><strong>Zunanji premer<\/strong><\/td>\n<td class=\"et2\" style=\"width: 115.20pt;\" width=\"192\"><strong>Trdota povr\u0161ine zoba<\/strong><\/td>\n<td class=\"et2\" style=\"width: 60.60pt;\" width=\"101\"><strong>Neugodni odziv<\/strong><\/td>\n<td class=\"et2\" style=\"width: 108.60pt;\" width=\"181\"><strong>Najve\u010dja hitrost<\/strong><\/td>\n<td class=\"et2\" style=\"width: 48.00pt;\" width=\"80\"><strong>Uporaba<\/strong><\/td>\n<\/tr>\n<tr style=\"height: 14.40pt;\">\n<td style=\"height: 14.40pt;\" height=\"24\">Spiralni sto\u017e\u010dasti zobnik H<\/td>\n<td align=\"right\">2.5<\/td>\n<td align=\"right\">35<\/td>\n<td class=\"et3\" align=\"right\">2:01<\/td>\n<td>14 mm<\/td>\n<td>Cementirano jeklo<\/td>\n<td>20\u00b0<\/td>\n<td>90 mm<\/td>\n<td>Kaljeno (HRC 50-55)<\/td>\n<td>4\u201312 lo\u010dnih minut<\/td>\n<td>1800 vrt\/min<\/td>\n<td>Avtomobilski diferenciali<\/td>\n<\/tr>\n<\/tbody>\n<\/table>\n<div>\n<h3>Zna\u010dilnosti 90-stopinjskih sto\u017e\u010dastih zobnikov<\/h3>\n<p class=\"break-words\">90-stopinjski sto\u017e\u010dasti zobniki so posebni zobniki v obliki sto\u017ecev, ki prena\u0161ajo mo\u010d med dvema gredema, ki se sre\u010data pod kotom 90 stopinj, podobno kot vogal. Najdete jih v avtomobilih, letalih in strojih. Obstajata dve glavni vrsti: ravni sto\u017e\u010dasti zobniki imajo preproste, ravne zobe in se dobro obnesejo pri po\u010dasnej\u0161ih stvareh, na primer v tiskarskih strojih, vendar jih po utrjevanju s toploto ni mogo\u010de polirati. Spiralni sto\u017e\u010dasti zobniki imajo ukrivljene zobe, ki se zvijajo, zaradi \u010desar so ti\u0161ji in bolj\u0161i za hitra ali te\u017eka dela, na primer v avtomobilskih motorjih. Polirati jih je mogo\u010de do izjemno natan\u010dne izdelave. Ti zobniki so lahko izdelani iz mo\u010dnih materialov, kot sta jeklo ali celo plastika. Spiralni zobniki so te\u017eje izdelati, vendar so trpe\u017enej\u0161i in postajajo vse bolj priljubljeni, ker so tako dobri pri svojem delu!<\/p>\n<\/div>","protected":false},"excerpt":{"rendered":"<p>About 90 Degree Bevel Gears 90 Degree Bevel Gears are awesome parts that help pass energy between two rods that connect at a corner, making a 90-degree angle. You can find them in lots of things\u2014like cars, planes, huge machines, and even robots\u2014because they\u2019re really good at sending energy in small, careful twists. These gears [&hellip;]<\/p>","protected":false},"featured_media":6944,"comment_status":"open","ping_status":"closed","template":"","meta":{"_et_pb_use_builder":"","_et_pb_old_content":"","_et_gb_content_width":""},"product_brand":[],"product_cat":[91,106],"product_tag":[],"class_list":{"0":"post-6943","1":"product","2":"type-product","3":"status-publish","4":"has-post-thumbnail","6":"product_cat-gear-racks","7":"product_cat-bevel-gears","9":"first","10":"instock","11":"shipping-taxable","12":"product-type-simple"},"_links":{"self":[{"href":"https:\/\/fmp-components.com\/sl\/wp-json\/wp\/v2\/product\/6943","targetHints":{"allow":["GET"]}}],"collection":[{"href":"https:\/\/fmp-components.com\/sl\/wp-json\/wp\/v2\/product"}],"about":[{"href":"https:\/\/fmp-components.com\/sl\/wp-json\/wp\/v2\/types\/product"}],"replies":[{"embeddable":true,"href":"https:\/\/fmp-components.com\/sl\/wp-json\/wp\/v2\/comments?post=6943"}],"wp:featuredmedia":[{"embeddable":true,"href":"https:\/\/fmp-components.com\/sl\/wp-json\/wp\/v2\/media\/6944"}],"wp:attachment":[{"href":"https:\/\/fmp-components.com\/sl\/wp-json\/wp\/v2\/media?parent=6943"}],"wp:term":[{"taxonomy":"product_brand","embeddable":true,"href":"https:\/\/fmp-components.com\/sl\/wp-json\/wp\/v2\/product_brand?post=6943"},{"taxonomy":"product_cat","embeddable":true,"href":"https:\/\/fmp-components.com\/sl\/wp-json\/wp\/v2\/product_cat?post=6943"},{"taxonomy":"product_tag","embeddable":true,"href":"https:\/\/fmp-components.com\/sl\/wp-json\/wp\/v2\/product_tag?post=6943"}],"curies":[{"name":"delovni list","href":"https:\/\/api.w.org\/{rel}","templated":true}]}}