{"id":6651,"date":"2025-03-11T06:36:21","date_gmt":"2025-03-11T06:36:21","guid":{"rendered":"https:\/\/fmp-components.com\/product\/italy-manufacturing-price-customized-stage-mini-3-ton-to-100-ton-double-acting-telescopic-hydraulic-cylinders-for-dump-trucks"},"modified":"2025-03-12T08:22:27","modified_gmt":"2025-03-12T08:22:27","slug":"italy-manufacturing-price-customized-stage-mini-3-ton-to-100-ton-double-acting-telescopic-hydraulic-cylinders-for-dump-trucks","status":"publish","type":"product","link":"https:\/\/fmp-components.com\/sl\/product\/italy-manufacturing-price-customized-stage-mini-3-ton-to-100-ton-double-acting-telescopic-hydraulic-cylinders-for-dump-trucks\/","title":{"rendered":"Italijanska proizvodna cena Prilagojeni odrski mini hidravli\u010dni cilindri z dvojnim delovanjem od 3 do 100 ton za prekucnike"},"content":{"rendered":"<h2>Italijanska proizvodna cena Prilagojeni odrski mini hidravli\u010dni cilindri z dvojnim delovanjem od 3 do 100 ton za prekucnike<\/h2>\n<p>Na\u0161i teleskopski hidravli\u010dni cilindri zagotavljajo izjemno funkcionalnost in vzdr\u017eljivost tudi v najzahtevnej\u0161ih aplikacijah. Kot klju\u010dni sestavni del najrazli\u010dnej\u0161ih strojev ti hidravli\u010dni cilindri zagotavljajo silo, potrebno za premikanje, dvigovanje ali stiskanje materialov v proizvodnih obratih, delavnicah za popravilo strojev, na kmetijah ter v energetski in rudarski industriji.<\/p>\n<h3>Specifikacije izdelka<\/h3>\n<p>Na\u0161e hidravli\u010dne cilindre lahko prilagodimo va\u0161im zahtevam. Zasnovani so z izvrtino od 20 do 250 mm, zmorejo najve\u010dji potisk 3000 in najve\u010dji vle\u010dni napor 600. Ohi\u0161je je izdelano iz robustnega jekla, kar zagotavlja vzdr\u017eljivost in dolgo \u017eivljenjsko dobo. Na klju\u010dne komponente nudimo enoletno garancijo, za na\u0161 sistem vodenja kakovosti pa smo prejeli certifikat ISO9001:2000.<\/p>\n<table style=\"width: 96.9169%;\" border=\"\">\n<tbody>\n<tr>\n<td style=\"width: 42.3729%;\">Velikost izvrtine<\/td>\n<td style=\"width: 451.977%;\">3,75\u20134,5 palca<\/td>\n<\/tr>\n<tr>\n<td style=\"width: 42.3729%;\">Zmogljivost<\/td>\n<td style=\"width: 451.977%;\">7\u201312 ton<\/td>\n<\/tr>\n<tr>\n<td style=\"width: 42.3729%;\">Velikost poteze<\/td>\n<td style=\"width: 451.977%;\">78\u2013144 palcev<\/td>\n<\/tr>\n<tr>\n<td style=\"width: 42.3729%;\">Velikost zati\u010da<\/td>\n<td style=\"width: 451.977%;\">1.015<\/td>\n<\/tr>\n<tr>\n<td style=\"width: 42.3729%;\">Pristani\u0161\u010da<\/td>\n<td style=\"width: 451.977%;\">G\/SAE\/NPT\/M<\/td>\n<\/tr>\n<\/tbody>\n<\/table>\n<h2>Klju\u010dne lastnosti in prednosti<\/h2>\n<ul>\n<li>Energetsko u\u010dinkovito<\/li>\n<li>Visoko u\u010dinkovit<\/li>\n<li>Varno in zanesljivo<\/li>\n<li>Prilagodljivo specifi\u010dnim zahtevam<\/li>\n<\/ul>\n<p><img loading=\"lazy\" decoding=\"async\" class=\"alignnone  wp-image-6658\" src=\"https:\/\/fmp-components.com\/wp-content\/uploads\/2025\/03\/telescopic-hydraulic-cylinder-6.webp\" alt=\"teleskopski hidravli\u010dni cilinder\" width=\"858\" height=\"858\" title=\"\" srcset=\"https:\/\/fmp-components.com\/wp-content\/uploads\/2025\/03\/telescopic-hydraulic-cylinder-6.webp 858w, https:\/\/fmp-components.com\/wp-content\/uploads\/2025\/03\/telescopic-hydraulic-cylinder-6-480x480.webp 480w\" sizes=\"(min-width: 0px) and (max-width: 480px) 480px, (min-width: 481px) 858px, 100vw\" \/><\/p>\n<h2>Razumevanje hidravli\u010dnih sistemov<\/h2>\n<p>Hidravli\u010dni valj slu\u017ei kot srce hidravli\u010dnega sistema, saj pretvarja tlak teko\u010dine v mehansko gibanje. S to pretvorbo lahko valji izvajajo znatno silo, zaradi \u010desar so bistveni v razli\u010dnih industrijskih aplikacijah.<\/p>\n<h2>Uporaba hidravli\u010dnih cilindrov<\/h2>\n<p>Na\u0161i hidravli\u010dni cilindri se pogosto uporabljajo v prekucnikih, saj zagotavljajo potrebno silo za dvigovanje kesona in u\u010dinkovito ter varno razkladanje materiala.<\/p>\n<h2>Hidravli\u010dni cilindri in pogonske enote<\/h2>\n<p>Harmonija med hidravli\u010dnimi cilindri in pogonskimi enotami je klju\u010dnega pomena za u\u010dinkovito delovanje hidravli\u010dnega sistema. Ti dve komponenti zagotavljata \u0161iroko uporabo hidravli\u010dne tehnologije v industriji, saj zagotavljata zanesljivo napajanje in podporo krmiljenju razli\u010dnih in\u017eenirskih in mehanskih naprav. V podjetju FMP ponujamo tudi pogonske enote za prodajo.<\/p>\n<h2>Pogosto zastavljena vpra\u0161anja<\/h2>\n<h3>V1: Kak\u0161na je garancijska doba za hidravli\u010dne cilindre?<\/h3>\n<p>A1: Na klju\u010dne komponente na\u0161ih hidravli\u010dnih cilindrov nudimo enoletno garancijo.<\/p>\n<h3>V2: Ali je mogo\u010de hidravli\u010dne cilindre prilagoditi?<\/h3>\n<p>A2: Da, na\u0161e hidravli\u010dne cilindre lahko prilagodimo va\u0161im zahtevam.<\/p>\n<h3>V3: Za katere panoge so primerni ti hidravli\u010dni cilindri?<\/h3>\n<p>A3: Primerni so za uporabo v proizvodnih obratih, delavnicah za popravilo strojev, na kmetijah ter v energetski in rudarski industriji.<\/p>\n<h3>O FMP-ju<\/h3>\n<p>FMP je vodilni italijanski proizvajalec, znan po svojem strokovnem znanju na podro\u010dju na\u010drtovanja, razvoja in proizvodnje visokokakovostnih hidravli\u010dnih cilindrov. Z desetletji izku\u0161enj v industriji brezhibno zdru\u017eujemo tradicionalno italijansko obrt z najsodobnej\u0161o tehnologijo, da bi zagotovili izjemne hidravli\u010dne re\u0161itve, prilagojene raznolikim potrebam na\u0161ih strank po vsem svetu. FMP se nahaja v Italiji, sredi\u0161\u010du in\u017eenirske odli\u010dnosti, in se je uveljavil kot zaupanja vredno ime v hidravli\u010dnem sektorju, predan zagotavljanju zanesljivih, trpe\u017enih in inovativnih izdelkov, ki opolnomo\u010dajo podjetja po vsem svetu.<\/p>\n<p>Na\u0161e podjetje zdru\u017euje najbolj\u0161e napredne proizvodne prakse s prihodnostnim pristopom. Z dolgoletnimi izku\u0161njami na podro\u010dju hidravli\u010dnih sistemov se je FMP razvil v sodobno podjetje, ki blesti na podro\u010dju raziskav, na\u010drtovanja in proizvodnje. Ponujamo \u0161iroko paleto hidravli\u010dnih cilindrov, vklju\u010dno z dvostransko delujo\u010dimi cilindri, avtomobilskimi dvi\u017enimi cilindri, cilindri za kmetijsko mehanizacijo in re\u0161itvami po meri za razli\u010dne industrijske aplikacije. Ne glede na to, ali gre za gradbeni\u0161tvo, industrijske instalacije, kmetijstvo ali te\u017eko mehanizacijo, so na\u0161i hidravli\u010dni cilindri zasnovani za delovanje v najzahtevnej\u0161ih pogojih, kar zagotavlja varnost, u\u010dinkovitost in dolgo \u017eivljenjsko dobo.<\/p>\n<p>V podjetju FMP smo ponosni na na\u0161e najsodobnej\u0161e proizvodne obrate, opremljene s preciznimi stroji in naprednimi sistemi za testiranje. Na\u0161i proizvodni procesi so v skladu s strogimi nacionalnimi in mednarodnimi standardi, kar zagotavlja, da vsak izdelan hidravli\u010dni valj izpolnjuje najvi\u0161je standarde kakovosti in zanesljivosti. Z usposobljeno tehni\u010dno ekipo in najsodobnej\u0161o opremo vzdr\u017eujemo strog nadzor kakovosti na vsaki stopnji proizvodnje \u2013 od izbire surovin do kon\u010dnega pregleda. Ta zavezanost odli\u010dnosti nam je prinesla certifikate in priznanja s strani industrijskih organov, kar utrjuje na\u0161 ugled zanesljivega partnerja.<\/p>\n<p><img loading=\"lazy\" decoding=\"async\" class=\"alignnone size-full wp-image-6720\" src=\"https:\/\/fmp-components.com\/wp-content\/uploads\/2025\/03\/hydraulic-cylinder-8.webp\" alt=\"Teleskopski hidravli\u010dni cilindri\" width=\"933\" height=\"526\" title=\"\" srcset=\"https:\/\/fmp-components.com\/wp-content\/uploads\/2025\/03\/hydraulic-cylinder-8.webp 933w, https:\/\/fmp-components.com\/wp-content\/uploads\/2025\/03\/hydraulic-cylinder-8-480x271.webp 480w\" sizes=\"(min-width: 0px) and (max-width: 480px) 480px, (min-width: 481px) 933px, 100vw\" \/><\/p>\n<p>Na\u0161e poslanstvo je preprosto in ambiciozno hkrati: strankam zagotoviti hidravli\u010dne cilindre, ki presegajo pri\u010dakovanja glede zmogljivosti, vzdr\u017eljivosti in vrednosti. Dr\u017eimo se temeljnih na\u010del profesionalnosti, integritete in osredoto\u010denosti na stranke. Z negovanjem kulture inovacij in natan\u010dnosti nenehno izbolj\u0161ujemo na\u0161e izdelke, da bi ostali v ospredju na konkuren\u010dnem trgu. Na\u0161a \u0161iroka paleta izdelkov in sposobnost ponujanja prilagojenih re\u0161itev nas uvr\u0161\u010data med najbolj priljubljene izbire za podjetja, ki i\u0161\u010dejo visokozmogljive hidravli\u010dne cilindre.<\/p>\n<p>FMP ni le proizvajalec; smo predani partnerji za va\u0161 uspeh. Razumemo, da so na\u0161e stranke odvisne od nas, da jim zagotovimo orodja, ki izbolj\u0161ujejo produktivnost in varnost. Zato smo predani zagotavljanju ne le vrhunskih izdelkov, temve\u010d tudi izjemnih storitev. Od za\u010detnih posvetovanj do poprodajne podpore tesno sodelujemo z na\u0161imi strankami, da zagotovimo, da so njihove potrebe izpolnjene profesionalno in skrbno. Na\u0161e konkuren\u010dne cene v kombinaciji z neomajno zavezanostjo kakovosti naredijo FMP pametno izbiro za podjetja, ki \u017eelijo vlagati v zaupanja vredne hidravli\u010dne re\u0161itve.<\/p>","protected":false},"excerpt":{"rendered":"<p>Italy Manufacturing Price Customized Stage Mini 3 Ton to 100 Ton Double Acting Telescopic Hydraulic Cylinders for Dump Trucks Our Telescopic Hydraulic Cylinders deliver exceptional functionality and durability even in the most demanding applications. A critical component in a wide range of machinery, these hydraulic cylinders provide the force necessary for moving, lifting, or compressing [&hellip;]<\/p>","protected":false},"featured_media":6761,"comment_status":"closed","ping_status":"closed","template":"","meta":{"_et_pb_use_builder":"","_et_pb_old_content":"","_et_gb_content_width":""},"product_brand":[],"product_cat":[103],"product_tag":[34,105],"class_list":{"0":"post-6651","1":"product","2":"type-product","3":"status-publish","4":"has-post-thumbnail","6":"product_cat-telescopic-hydraulic-cylinders","7":"product_tag-hydraulic-cylinder","8":"product_tag-telescopic-hydraulic-cylinders","10":"first","11":"instock","12":"product-type-simple"},"_links":{"self":[{"href":"https:\/\/fmp-components.com\/sl\/wp-json\/wp\/v2\/product\/6651","targetHints":{"allow":["GET"]}}],"collection":[{"href":"https:\/\/fmp-components.com\/sl\/wp-json\/wp\/v2\/product"}],"about":[{"href":"https:\/\/fmp-components.com\/sl\/wp-json\/wp\/v2\/types\/product"}],"replies":[{"embeddable":true,"href":"https:\/\/fmp-components.com\/sl\/wp-json\/wp\/v2\/comments?post=6651"}],"wp:featuredmedia":[{"embeddable":true,"href":"https:\/\/fmp-components.com\/sl\/wp-json\/wp\/v2\/media\/6761"}],"wp:attachment":[{"href":"https:\/\/fmp-components.com\/sl\/wp-json\/wp\/v2\/media?parent=6651"}],"wp:term":[{"taxonomy":"product_brand","embeddable":true,"href":"https:\/\/fmp-components.com\/sl\/wp-json\/wp\/v2\/product_brand?post=6651"},{"taxonomy":"product_cat","embeddable":true,"href":"https:\/\/fmp-components.com\/sl\/wp-json\/wp\/v2\/product_cat?post=6651"},{"taxonomy":"product_tag","embeddable":true,"href":"https:\/\/fmp-components.com\/sl\/wp-json\/wp\/v2\/product_tag?post=6651"}],"curies":[{"name":"delovni list","href":"https:\/\/api.w.org\/{rel}","templated":true}]}}