{"id":6650,"date":"2025-03-11T06:36:21","date_gmt":"2025-03-11T06:36:21","guid":{"rendered":"https:\/\/fmp-components.com\/product\/good-quality-telescopic-hydraulic-cylinder-dump-truck-and-trailer-hydraulic-cylinder"},"modified":"2025-03-12T08:21:57","modified_gmt":"2025-03-12T08:21:57","slug":"good-quality-telescopic-hydraulic-cylinder-dump-truck-and-trailer-hydraulic-cylinder","status":"publish","type":"product","link":"https:\/\/fmp-components.com\/sl\/product\/good-quality-telescopic-hydraulic-cylinder-dump-truck-and-trailer-hydraulic-cylinder\/","title":{"rendered":"Kakovosten teleskopski hidravli\u010dni cilinder za prekucnike in priklopnike"},"content":{"rendered":"<h2>Kakovosten teleskopski hidravli\u010dni cilinder za prekucnike in priklopnike<\/h2>\n<p>Teleskopski hidravli\u010dni cilinder je bistven del opreme, ki ponuja tako trdnost kot vzdr\u017eljivost. Njegova vloga je pretvorba hidravli\u010dne mo\u010di v mehansko mo\u010d, kar zagotavlja zanesljivo silo in nadzor pri razli\u010dnih aplikacijah.<\/p>\n<h2>Pomen in uporaba teleskopskega hidravli\u010dnega cilindra<\/h2>\n<p>Teleskopski hidravli\u010dni cilindri so klju\u010dnega pomena v panogah, kot so proizvodni obrati, delavnice za popravilo strojev, kmetije ter energetika in rudarstvo. Igrajo klju\u010dno vlogo pri operacijah, ki zahtevajo veliko silo, kot sta dvigovanje te\u017ekih bremen in stiskanje materialov.<\/p>\n<h2>Tehni\u010dni parametri izdelka<\/h2>\n<p>Teleskopski hidravli\u010dni cilinder se pona\u0161a s te\u017eo 13 kg, najve\u010djim potiskom 3000 in najve\u010djim vle\u010dnim momentom 600. Izdelek ima certifikat ISO9001:2000, kar zagotavlja njegovo kakovost in zmogljivost.<\/p>\n<table style=\"width: 96.0373%;\" border=\"\">\n<tbody>\n<tr>\n<td style=\"width: 42.3729%;\">Velikost izvrtine<\/td>\n<td style=\"width: 447.458%;\">3,75\u20134,5 palca<\/td>\n<\/tr>\n<tr>\n<td style=\"width: 42.3729%;\">Zmogljivost<\/td>\n<td style=\"width: 447.458%;\">7\u201312 ton<\/td>\n<\/tr>\n<tr>\n<td style=\"width: 42.3729%;\">Velikost poteze<\/td>\n<td style=\"width: 447.458%;\">78\u2013144 palcev<\/td>\n<\/tr>\n<tr>\n<td style=\"width: 42.3729%;\">Velikost zati\u010da<\/td>\n<td style=\"width: 447.458%;\">1.015<\/td>\n<\/tr>\n<tr>\n<td style=\"width: 42.3729%;\">Pristani\u0161\u010da<\/td>\n<td style=\"width: 447.458%;\">G\/SAE\/NPT\/M<\/td>\n<\/tr>\n<\/tbody>\n<\/table>\n<h2>Edinstvene lastnosti in prednosti<\/h2>\n<ul>\n<li style=\"list-style-type: none;\">\n<ul>\n<li><strong>Energetsko u\u010dinkovito:<\/strong> Teleskopski hidravli\u010dni cilinder je zasnovan za pove\u010danje produktivnosti ob hkratnem zmanj\u0161anju porabe energije.<\/li>\n<li><strong>Visoka zmogljivost:<\/strong> Ta izdelek zagotavlja zanesljivo in u\u010dinkovito delovanje tudi v najte\u017ejih pogojih.<\/li>\n<\/ul>\n<\/li>\n<\/ul>\n<ul>\n<li><strong>Varnost:<\/strong> Njegova robustna zasnova zagotavlja varnost med delovanjem in prepre\u010duje morebitne nesre\u010de ali okvare.<\/li>\n<\/ul>\n<h3>Hidravli\u010dni sistemi in princip delovanja<\/h3>\n<p>Teleskopski hidravli\u010dni cilinder deluje na principih hidravli\u010dnih sistemov. Pretvarja hidravli\u010dno energijo v mehansko energijo, pri \u010demer izvaja silo z gibanjem teko\u010dine v valju. Tlak teko\u010dine deluje na bat, zaradi \u010desar se premika in opravlja delo.<\/p>\n<h2>Uporaba teleskopskega hidravli\u010dnega cilindra<\/h2>\n<p>Ta hidravli\u010dni cilinder se uporablja v razli\u010dnih panogah, kot so proizvodni obrati, delavnice za popravilo strojev, kmetije, energetika in rudarstvo ter druge.<\/p>\n<p><img loading=\"lazy\" decoding=\"async\" class=\"alignnone  wp-image-6657\" src=\"https:\/\/fmp-components.com\/wp-content\/uploads\/2025\/03\/telescopic-hydraulic-cylinder-3.webp\" alt=\"teleskopski hidravli\u010dni cilinder\" width=\"906\" height=\"906\" title=\"\" srcset=\"https:\/\/fmp-components.com\/wp-content\/uploads\/2025\/03\/telescopic-hydraulic-cylinder-3.webp 906w, https:\/\/fmp-components.com\/wp-content\/uploads\/2025\/03\/telescopic-hydraulic-cylinder-3-480x480.webp 480w\" sizes=\"(min-width: 0px) and (max-width: 480px) 480px, (min-width: 481px) 906px, 100vw\" \/><\/p>\n<h2>Hidravli\u010dni cilindri in pogonske enote<\/h2>\n<p>Hidravli\u010dni cilinder in pogonska enota sta nepogre\u0161ljiva sestavna dela hidravli\u010dnega sistema. Njuna sinergija zagotavlja \u0161iroko uporabo hidravli\u010dne tehnologije v industriji, saj zagotavlja zanesljivo napajanje in krmiljenje razli\u010dne in\u017eenirske in mehanske opreme. Hidravli\u010dni cilinder kot aktuator je odgovoren za pretvorbo hidravli\u010dne energije v mehansko gibanje, s \u010dimer se tlak pretvori v silo. Pogonska enota pa je jedro, ki zagotavlja potrebno energijo in krmilne signale za hidravli\u010dni sistem. Njuno usklajeno sodelovanje omogo\u010da normalno delovanje hidravli\u010dnega sistema. FMP ponuja tudi pogonske enote za prodajo.<\/p>\n<h2>Pogosta vpra\u0161anja<\/h2>\n<h3>V1: Kak\u0161na je garancija za teleskopski hidravli\u010dni cilinder?<\/h3>\n<p>A1: Izdelek ima 1-letno garancijo.<\/p>\n<h3>V2: Kolik\u0161en je najve\u010dji potisk, ki ga lahko zagotovi teleskopski hidravli\u010dni cilinder?<\/h3>\n<p>A2: Najve\u010dji potisk, ki ga lahko zagotovi teleskopski hidravli\u010dni cilinder, je 3000.<\/p>\n<h3>V3: Ali imajo teleskopski hidravli\u010dni cilindri certifikat ISO?<\/h3>\n<p>A3: Da, imajo certifikat ISO9001: 2000.<\/p>\n<h3>O FMP-ju<\/h3>\n<p>FMP je vodilni italijanski proizvajalec, znan po svojem strokovnem znanju na podro\u010dju na\u010drtovanja, razvoja in proizvodnje visokokakovostnih hidravli\u010dnih cilindrov. Z desetletji izku\u0161enj v industriji brezhibno zdru\u017eujemo tradicionalno italijansko obrt z najsodobnej\u0161o tehnologijo, da bi zagotovili izjemne hidravli\u010dne re\u0161itve, prilagojene raznolikim potrebam na\u0161ih strank po vsem svetu. FMP se nahaja v Italiji, sredi\u0161\u010du in\u017eenirske odli\u010dnosti, in se je uveljavil kot zaupanja vredno ime v hidravli\u010dnem sektorju, predan zagotavljanju zanesljivih, trpe\u017enih in inovativnih izdelkov, ki opolnomo\u010dajo podjetja po vsem svetu.<\/p>\n<p>Na\u0161e podjetje zdru\u017euje najbolj\u0161e napredne proizvodne prakse s prihodnostnim pristopom. Z dolgoletnimi izku\u0161njami na podro\u010dju hidravli\u010dnih sistemov se je FMP razvil v sodobno podjetje, ki blesti na podro\u010dju raziskav, na\u010drtovanja in proizvodnje. Ponujamo \u0161iroko paleto hidravli\u010dnih cilindrov, vklju\u010dno z dvostransko delujo\u010dimi cilindri, avtomobilskimi dvi\u017enimi cilindri, cilindri za kmetijsko mehanizacijo in re\u0161itvami po meri za razli\u010dne industrijske aplikacije. Ne glede na to, ali gre za gradbeni\u0161tvo, industrijske instalacije, kmetijstvo ali te\u017eko mehanizacijo, so na\u0161i hidravli\u010dni cilindri zasnovani za delovanje v najzahtevnej\u0161ih pogojih, kar zagotavlja varnost, u\u010dinkovitost in dolgo \u017eivljenjsko dobo.<\/p>\n<p>V podjetju FMP smo ponosni na na\u0161e najsodobnej\u0161e proizvodne obrate, opremljene s preciznimi stroji in naprednimi sistemi za testiranje. Na\u0161i proizvodni procesi so v skladu s strogimi nacionalnimi in mednarodnimi standardi, kar zagotavlja, da vsak izdelan hidravli\u010dni valj izpolnjuje najvi\u0161je standarde kakovosti in zanesljivosti. Z usposobljeno tehni\u010dno ekipo in najsodobnej\u0161o opremo vzdr\u017eujemo strog nadzor kakovosti na vsaki stopnji proizvodnje \u2013 od izbire surovin do kon\u010dnega pregleda. Ta zavezanost odli\u010dnosti nam je prinesla certifikate in priznanja s strani industrijskih organov, kar utrjuje na\u0161 ugled zanesljivega partnerja.<\/p>\n<p><img loading=\"lazy\" decoding=\"async\" class=\"alignnone size-full wp-image-6720\" src=\"https:\/\/fmp-components.com\/wp-content\/uploads\/2025\/03\/hydraulic-cylinder-8.webp\" alt=\"Teleskopski hidravli\u010dni cilindri\" width=\"933\" height=\"526\" title=\"\" srcset=\"https:\/\/fmp-components.com\/wp-content\/uploads\/2025\/03\/hydraulic-cylinder-8.webp 933w, https:\/\/fmp-components.com\/wp-content\/uploads\/2025\/03\/hydraulic-cylinder-8-480x271.webp 480w\" sizes=\"(min-width: 0px) and (max-width: 480px) 480px, (min-width: 481px) 933px, 100vw\" \/><\/p>\n<p>Na\u0161e poslanstvo je preprosto in ambiciozno hkrati: strankam zagotoviti hidravli\u010dne cilindre, ki presegajo pri\u010dakovanja glede zmogljivosti, vzdr\u017eljivosti in vrednosti. Dr\u017eimo se temeljnih na\u010del profesionalnosti, integritete in osredoto\u010denosti na stranke. Z negovanjem kulture inovacij in natan\u010dnosti nenehno izbolj\u0161ujemo na\u0161e izdelke, da bi ostali v ospredju na konkuren\u010dnem trgu. Na\u0161a \u0161iroka paleta izdelkov in sposobnost ponujanja prilagojenih re\u0161itev nas uvr\u0161\u010data med najbolj priljubljene izbire za podjetja, ki i\u0161\u010dejo visokozmogljive hidravli\u010dne cilindre.<\/p>\n<p>FMP ni le proizvajalec; smo predani partnerji za va\u0161 uspeh. Razumemo, da so na\u0161e stranke odvisne od nas, da jim zagotovimo orodja, ki izbolj\u0161ujejo produktivnost in varnost. Zato smo predani zagotavljanju ne le vrhunskih izdelkov, temve\u010d tudi izjemnih storitev. Od za\u010detnih posvetovanj do poprodajne podpore tesno sodelujemo z na\u0161imi strankami, da zagotovimo, da so njihove potrebe izpolnjene profesionalno in skrbno. Na\u0161e konkuren\u010dne cene v kombinaciji z neomajno zavezanostjo kakovosti naredijo FMP pametno izbiro za podjetja, ki \u017eelijo vlagati v zaupanja vredne hidravli\u010dne re\u0161itve.<\/p>","protected":false},"excerpt":{"rendered":"<p>Good Quality Telescopic Hydraulic Cylinder Dump Truck And Trailer Hydraulic Cylinder The Telescopic Hydraulic Cylinder is an essential piece of equipment, offering both strength and durability. Its role is to transform hydraulic power into mechanical power, providing reliable force and control in various applications. Importance and Uses of Telescopic Hydraulic Cylinder Telescopic Hydraulic Cylinders are [&hellip;]<\/p>","protected":false},"featured_media":6760,"comment_status":"closed","ping_status":"closed","template":"","meta":{"_et_pb_use_builder":"","_et_pb_old_content":"","_et_gb_content_width":""},"product_brand":[],"product_cat":[103],"product_tag":[34,105],"class_list":{"0":"post-6650","1":"product","2":"type-product","3":"status-publish","4":"has-post-thumbnail","6":"product_cat-telescopic-hydraulic-cylinders","7":"product_tag-hydraulic-cylinder","8":"product_tag-telescopic-hydraulic-cylinders","10":"first","11":"instock","12":"product-type-simple"},"_links":{"self":[{"href":"https:\/\/fmp-components.com\/sl\/wp-json\/wp\/v2\/product\/6650","targetHints":{"allow":["GET"]}}],"collection":[{"href":"https:\/\/fmp-components.com\/sl\/wp-json\/wp\/v2\/product"}],"about":[{"href":"https:\/\/fmp-components.com\/sl\/wp-json\/wp\/v2\/types\/product"}],"replies":[{"embeddable":true,"href":"https:\/\/fmp-components.com\/sl\/wp-json\/wp\/v2\/comments?post=6650"}],"wp:featuredmedia":[{"embeddable":true,"href":"https:\/\/fmp-components.com\/sl\/wp-json\/wp\/v2\/media\/6760"}],"wp:attachment":[{"href":"https:\/\/fmp-components.com\/sl\/wp-json\/wp\/v2\/media?parent=6650"}],"wp:term":[{"taxonomy":"product_brand","embeddable":true,"href":"https:\/\/fmp-components.com\/sl\/wp-json\/wp\/v2\/product_brand?post=6650"},{"taxonomy":"product_cat","embeddable":true,"href":"https:\/\/fmp-components.com\/sl\/wp-json\/wp\/v2\/product_cat?post=6650"},{"taxonomy":"product_tag","embeddable":true,"href":"https:\/\/fmp-components.com\/sl\/wp-json\/wp\/v2\/product_tag?post=6650"}],"curies":[{"name":"delovni list","href":"https:\/\/api.w.org\/{rel}","templated":true}]}}