{"id":6647,"date":"2025-03-11T06:36:21","date_gmt":"2025-03-11T06:36:21","guid":{"rendered":"https:\/\/fmp-components.com\/product\/multi-stage-dump-truck-hydraulic-hoist-cylinder"},"modified":"2025-03-12T07:00:10","modified_gmt":"2025-03-12T07:00:10","slug":"multi-stage-dump-truck-hydraulic-hoist-cylinder","status":"publish","type":"product","link":"https:\/\/fmp-components.com\/sl\/product\/multi-stage-dump-truck-hydraulic-hoist-cylinder\/","title":{"rendered":"Ve\u010dstopenjski hidravli\u010dni dvi\u017eni cilinder za prekucnike"},"content":{"rendered":"<h2>Ve\u010dstopenjski hidravli\u010dni dvi\u017eni cilinder za prekucnike<\/h2>\n<p>Predstavljamo vam na\u0161 povsem nov izdelek, ve\u010dstopenjski hidravli\u010dni dvi\u017eni cilinder za prekucnike. Ta hidravli\u010dni cilinder je klju\u010dna komponenta za te\u017eko mehanizacijo in je idealen za delavnice za popravila strojev, kmetije, energetsko in rudarsko industrijo ter proizvodnjo strojev in tovarne.<\/p>\n<h3>Zna\u010dilnosti in specifikacije izdelka<\/h3>\n<p>Ta vrhunski hidravli\u010dni dvi\u017eni valj ima 1-letno garancijo in tehta 120 kg. Osrednje komponente, ki vklju\u010dujejo le\u017eaje in sam hidravli\u010dni valj, so prav tako zajete v 1-letni garanciji. Gre za standardni batni valj z ohi\u0161jem iz robustnega jekla. Najve\u010dja potisna in vle\u010dna sila, ki ju lahko prenese, je 3000 oziroma 20 ton. Njegova izvrtina se giblje od 2 do 6 palcev, velikost palice pa od 1,125 do 4 palcev. Velikost hoda se giblje od 4 do 100 palcev, velikost zati\u010da pa od 0,5 do 2 palcev. Hidravli\u010dni dvi\u017eni valj je \u010drne barve.<\/p>\n<h3>Tehni\u010dne specifikacije<\/h3>\n<table style=\"width: 95.5642%;\" border=\"\">\n<tbody>\n<tr>\n<td style=\"width: 43.5028%;\"><b>Velikost izvrtine<\/b><\/td>\n<td style=\"width: 461.582%;\">2\u20136 palcev<\/td>\n<\/tr>\n<tr>\n<td style=\"width: 43.5028%;\"><b>Velikost palice<\/b><\/td>\n<td style=\"width: 461.582%;\">1,125-4 palca<\/td>\n<\/tr>\n<tr>\n<td style=\"width: 43.5028%;\"><b>Velikost poteze<\/b><\/td>\n<td style=\"width: 461.582%;\">4\u2013100 palcev<\/td>\n<\/tr>\n<tr>\n<td style=\"width: 43.5028%;\"><b>Velikost zati\u010da<\/b><\/td>\n<td style=\"width: 461.582%;\">0,5\u20132 palca<\/td>\n<\/tr>\n<tr>\n<td style=\"width: 43.5028%;\"><b>Pristani\u0161\u010da<\/b><\/td>\n<td style=\"width: 461.582%;\">G\/SAE\/NPT\/M<\/td>\n<\/tr>\n<\/tbody>\n<\/table>\n<h2>Prednosti izdelka<\/h2>\n<p>Ve\u010dstopenjski hidravli\u010dni dvi\u017eni cilinder za prekucnike je energetsko u\u010dinkovit, zelo u\u010dinkovit in neverjetno varen, zaradi \u010desar je idealna izbira za potrebe va\u0161e industrije.<\/p>\n<h3>Hidravli\u010dni sistem in na\u010dela delovanja<\/h3>\n<p>Hidravli\u010dni dvi\u017eni valj je osrednji del hidravli\u010dnega sistema. Pretvarja hidravli\u010dno energijo v mehansko gibanje, s \u010dimer se tlak spremeni v silo. Hidravli\u010dna enota dovaja potrebno energijo in krmilne signale za hidravli\u010dni sistem, kar zagotavlja njegovo nemoteno delovanje.<\/p>\n<p><img loading=\"lazy\" decoding=\"async\" class=\"alignnone  wp-image-6657\" src=\"https:\/\/fmp-components.com\/wp-content\/uploads\/2025\/03\/telescopic-hydraulic-cylinder-3.webp\" alt=\"teleskopski hidravli\u010dni cilinder\" width=\"952\" height=\"952\" title=\"\" srcset=\"https:\/\/fmp-components.com\/wp-content\/uploads\/2025\/03\/telescopic-hydraulic-cylinder-3.webp 952w, https:\/\/fmp-components.com\/wp-content\/uploads\/2025\/03\/telescopic-hydraulic-cylinder-3-480x480.webp 480w\" sizes=\"(min-width: 0px) and (max-width: 480px) 480px, (min-width: 481px) 952px, 100vw\" \/><\/p>\n<h2>Uporaba izdelka<\/h2>\n<p>Ta hidravli\u010dni dvi\u017eni cilinder je idealen za uporabo v delavnicah za popravilo strojev, na kmetijah, v energetski in rudarski industriji ter v proizvodnji strojev in tovarnah. Zasnovan je za prena\u0161anje te\u017ekih bremen in delovanje v te\u017ekih pogojih.<\/p>\n<h2>Hidravli\u010dni cilindri in pogonske enote<\/h2>\n<p>Hidravli\u010dni cilindri in pogonske enote so nelo\u010dljivi sestavni deli hidravli\u010dnega sistema. Njihovo skupno delovanje zagotavlja \u0161iroko uporabo hidravli\u010dne tehnologije v industriji, saj zagotavlja zanesljivo napajanje in krmilno podporo za razli\u010dno in\u017eenirsko in strojno opremo. V podjetju FMP ponujamo tudi pogonske enote za prodajo.<\/p>\n<h2>Pogosta vpra\u0161anja<\/h2>\n<p><b>V: Ali ste trgovsko podjetje ali proizvajalec?<\/b><br \/>\nA: Smo tovarna.<\/p>\n<p><b>V: Koliko \u010dasa traja va\u0161a dobavni rok?<\/b><br \/>\nA: Na splo\u0161no je to 25-35 dni.<\/p>\n<p><b>V: Ali ponujate vzorce? Je to brezpla\u010dno ali dodatno?<\/b><br \/>\nO: Da, lahko ponudimo vzorec, vendar ni brezpla\u010den.<\/p>\n<h3>O FMP-ju<\/h3>\n<p>FMP je vodilni italijanski proizvajalec, znan po svojem strokovnem znanju na podro\u010dju na\u010drtovanja, razvoja in proizvodnje visokokakovostnih hidravli\u010dnih cilindrov. Z desetletji izku\u0161enj v industriji brezhibno zdru\u017eujemo tradicionalno italijansko obrt z najsodobnej\u0161o tehnologijo, da bi zagotovili izjemne hidravli\u010dne re\u0161itve, prilagojene raznolikim potrebam na\u0161ih strank po vsem svetu. FMP se nahaja v Italiji, sredi\u0161\u010du in\u017eenirske odli\u010dnosti, in se je uveljavil kot zaupanja vredno ime v hidravli\u010dnem sektorju, predan zagotavljanju zanesljivih, trpe\u017enih in inovativnih izdelkov, ki opolnomo\u010dajo podjetja po vsem svetu.<\/p>\n<p>Na\u0161e podjetje zdru\u017euje najbolj\u0161e napredne proizvodne prakse s prihodnostnim pristopom. Z dolgoletnimi izku\u0161njami na podro\u010dju hidravli\u010dnih sistemov se je FMP razvil v sodobno podjetje, ki blesti na podro\u010dju raziskav, na\u010drtovanja in proizvodnje. Ponujamo \u0161iroko paleto hidravli\u010dnih cilindrov, vklju\u010dno z dvostransko delujo\u010dimi cilindri, avtomobilskimi dvi\u017enimi cilindri, cilindri za kmetijsko mehanizacijo in re\u0161itvami po meri za razli\u010dne industrijske aplikacije. Ne glede na to, ali gre za gradbeni\u0161tvo, industrijske instalacije, kmetijstvo ali te\u017eko mehanizacijo, so na\u0161i hidravli\u010dni cilindri zasnovani za delovanje v najzahtevnej\u0161ih pogojih, kar zagotavlja varnost, u\u010dinkovitost in dolgo \u017eivljenjsko dobo.<\/p>\n<p>V podjetju FMP smo ponosni na na\u0161e najsodobnej\u0161e proizvodne obrate, opremljene s preciznimi stroji in naprednimi sistemi za testiranje. Na\u0161i proizvodni procesi so v skladu s strogimi nacionalnimi in mednarodnimi standardi, kar zagotavlja, da vsak izdelan hidravli\u010dni valj izpolnjuje najvi\u0161je standarde kakovosti in zanesljivosti. Z usposobljeno tehni\u010dno ekipo in najsodobnej\u0161o opremo vzdr\u017eujemo strog nadzor kakovosti na vsaki stopnji proizvodnje \u2013 od izbire surovin do kon\u010dnega pregleda. Ta zavezanost odli\u010dnosti nam je prinesla certifikate in priznanja s strani industrijskih organov, kar utrjuje na\u0161 ugled zanesljivega partnerja.<\/p>\n<p><img loading=\"lazy\" decoding=\"async\" class=\"alignnone size-full wp-image-6720\" src=\"https:\/\/fmp-components.com\/wp-content\/uploads\/2025\/03\/hydraulic-cylinder-8.webp\" alt=\"Teleskopski hidravli\u010dni cilindri\" width=\"933\" height=\"526\" title=\"\" srcset=\"https:\/\/fmp-components.com\/wp-content\/uploads\/2025\/03\/hydraulic-cylinder-8.webp 933w, https:\/\/fmp-components.com\/wp-content\/uploads\/2025\/03\/hydraulic-cylinder-8-480x271.webp 480w\" sizes=\"(min-width: 0px) and (max-width: 480px) 480px, (min-width: 481px) 933px, 100vw\" \/><\/p>\n<p>Na\u0161e poslanstvo je preprosto in ambiciozno hkrati: strankam zagotoviti hidravli\u010dne cilindre, ki presegajo pri\u010dakovanja glede zmogljivosti, vzdr\u017eljivosti in vrednosti. Dr\u017eimo se temeljnih na\u010del profesionalnosti, integritete in osredoto\u010denosti na stranke. Z negovanjem kulture inovacij in natan\u010dnosti nenehno izbolj\u0161ujemo na\u0161e izdelke, da bi ostali v ospredju na konkuren\u010dnem trgu. Na\u0161a \u0161iroka paleta izdelkov in sposobnost ponujanja prilagojenih re\u0161itev nas uvr\u0161\u010data med najbolj priljubljene izbire za podjetja, ki i\u0161\u010dejo visokozmogljive hidravli\u010dne cilindre.<\/p>\n<p>FMP ni le proizvajalec; smo predani partnerji za va\u0161 uspeh. Razumemo, da so na\u0161e stranke odvisne od nas, da jim zagotovimo orodja, ki izbolj\u0161ujejo produktivnost in varnost. Zato smo predani zagotavljanju ne le vrhunskih izdelkov, temve\u010d tudi izjemnih storitev. Od za\u010detnih posvetovanj do poprodajne podpore tesno sodelujemo z na\u0161imi strankami, da zagotovimo, da so njihove potrebe izpolnjene profesionalno in skrbno. Na\u0161e konkuren\u010dne cene v kombinaciji z neomajno zavezanostjo kakovosti naredijo FMP pametno izbiro za podjetja, ki \u017eelijo vlagati v zaupanja vredne hidravli\u010dne re\u0161itve.<\/p>","protected":false},"excerpt":{"rendered":"<p>Multi Stage Dump Truck Hydraulic Hoist Cylinder Introducing our brand-new product, the Multi Stage Dump Truck Hydraulic Hoist Cylinder. A vital component for heavy machinery, this hydraulic cylinder is perfect for machinery repair shops, farms, energy and mining industries, and machinery manufacturing and factories. Product Features and Specifications This top-quality hydraulic hoist cylinder comes with [&hellip;]<\/p>","protected":false},"featured_media":6757,"comment_status":"closed","ping_status":"closed","template":"","meta":{"_et_pb_use_builder":"","_et_pb_old_content":"","_et_gb_content_width":""},"product_brand":[],"product_cat":[103],"product_tag":[34,105],"class_list":{"0":"post-6647","1":"product","2":"type-product","3":"status-publish","4":"has-post-thumbnail","6":"product_cat-telescopic-hydraulic-cylinders","7":"product_tag-hydraulic-cylinder","8":"product_tag-telescopic-hydraulic-cylinders","10":"first","11":"instock","12":"product-type-simple"},"_links":{"self":[{"href":"https:\/\/fmp-components.com\/sl\/wp-json\/wp\/v2\/product\/6647","targetHints":{"allow":["GET"]}}],"collection":[{"href":"https:\/\/fmp-components.com\/sl\/wp-json\/wp\/v2\/product"}],"about":[{"href":"https:\/\/fmp-components.com\/sl\/wp-json\/wp\/v2\/types\/product"}],"replies":[{"embeddable":true,"href":"https:\/\/fmp-components.com\/sl\/wp-json\/wp\/v2\/comments?post=6647"}],"wp:featuredmedia":[{"embeddable":true,"href":"https:\/\/fmp-components.com\/sl\/wp-json\/wp\/v2\/media\/6757"}],"wp:attachment":[{"href":"https:\/\/fmp-components.com\/sl\/wp-json\/wp\/v2\/media?parent=6647"}],"wp:term":[{"taxonomy":"product_brand","embeddable":true,"href":"https:\/\/fmp-components.com\/sl\/wp-json\/wp\/v2\/product_brand?post=6647"},{"taxonomy":"product_cat","embeddable":true,"href":"https:\/\/fmp-components.com\/sl\/wp-json\/wp\/v2\/product_cat?post=6647"},{"taxonomy":"product_tag","embeddable":true,"href":"https:\/\/fmp-components.com\/sl\/wp-json\/wp\/v2\/product_tag?post=6647"}],"curies":[{"name":"delovni list","href":"https:\/\/api.w.org\/{rel}","templated":true}]}}