{"id":6646,"date":"2025-03-11T06:35:17","date_gmt":"2025-03-11T06:35:17","guid":{"rendered":"https:\/\/fmp-components.com\/product\/long-stroke-4-stage-multistage-hydraulic-cylinder-dump-truck-hydraulic-cylinder"},"modified":"2025-03-12T08:40:59","modified_gmt":"2025-03-12T08:40:59","slug":"long-stroke-4-stage-multistage-hydraulic-cylinder-dump-truck-hydraulic-cylinder","status":"publish","type":"product","link":"https:\/\/fmp-components.com\/sl\/product\/long-stroke-4-stage-multistage-hydraulic-cylinder-dump-truck-hydraulic-cylinder\/","title":{"rendered":"Hidravli\u010dni cilinder za tovornjake z dolgim \u200b\u200bhodom, 4-stopenjski ve\u010dstopenjski hidravli\u010dni cilinder"},"content":{"rendered":"<h2>Hidravli\u010dni cilinder za tovornjake z dolgim \u200b\u200bhodom, 4-stopenjski ve\u010dstopenjski hidravli\u010dni cilinder<\/h2>\n<p>Na\u0161 4-stopenjski ve\u010dstopenjski hidravli\u010dni cilinder z dolgim \u200b\u200bhodom je nov in napreden izdelek, zasnovan posebej za prekucnike. Gre za standardni batni cilinder z robustnim jeklenim ohi\u0161jem, ki zagotavlja odli\u010dno hidravli\u010dno mo\u010d. Z najve\u010djim potiskom 3000 in vle\u010dno zmogljivostjo do 20 ton ta hidravli\u010dni cilinder ponuja izjemno zmogljivost tudi v najzahtevnej\u0161ih pogojih.<\/p>\n<h3>Zna\u010dilnosti in prednosti<\/h3>\n<ul>\n<li>Energetsko u\u010dinkovit: Na\u0161 hidravli\u010dni cilinder je zasnovan za optimizacijo porabe energije, kar dolgoro\u010dno vodi do prihrankov stro\u0161kov.<\/li>\n<li>Visoka zmogljivost: Z najve\u010djim potiskom 3000 ponuja robustno delovanje za vrsto aplikacij.<\/li>\n<li>Varnost: Izdelana iz visokokakovostnega jekla zagotavlja vzdr\u017eljivost in varnost pri vseh vrstah operacij.<\/li>\n<\/ul>\n<h3>Tehni\u010dne specifikacije<\/h3>\n<table style=\"width: 95.3457%;\" border=\"\">\n<tbody>\n<tr>\n<td style=\"width: 42.8571%;\"><i>Velikost izvrtine<\/i><\/td>\n<td style=\"width: 385.714%;\">2\u20136 palcev<\/td>\n<\/tr>\n<tr>\n<td style=\"width: 42.8571%;\"><i>Velikost palice<\/i><\/td>\n<td style=\"width: 385.714%;\">1,125-4 palca<\/td>\n<\/tr>\n<tr>\n<td style=\"width: 42.8571%;\"><i>Velikost poteze<\/i><\/td>\n<td style=\"width: 385.714%;\">4\u2013100 palcev<\/td>\n<\/tr>\n<tr>\n<td style=\"width: 42.8571%;\"><i>Velikost zati\u010da<\/i><\/td>\n<td style=\"width: 385.714%;\">0,5\u20132 palca<\/td>\n<\/tr>\n<tr>\n<td style=\"width: 42.8571%;\"><i>Pristani\u0161\u010da<\/i><\/td>\n<td style=\"width: 385.714%;\">G\/SAE\/NPT\/M<\/td>\n<\/tr>\n<\/tbody>\n<\/table>\n<h2>Razumevanje hidravli\u010dnega sistema<\/h2>\n<p>Hidravli\u010dni sistemi so klju\u010dni za \u0161tevilne industrijske aplikacije. Za ustvarjanje sile in gibanja uporabljajo mo\u010d nestisljivih teko\u010din. Na\u0161 hidravli\u010dni valj kot del tega sistema pretvarja hidravli\u010dno energijo v mehansko energijo in zagotavlja silo, ki jo potrebujejo va\u0161i stroji.<\/p>\n<p><img loading=\"lazy\" decoding=\"async\" class=\"alignnone  wp-image-6662\" src=\"https:\/\/fmp-components.com\/wp-content\/uploads\/2025\/03\/telescopic-hydraulic-cylinder-4.webp\" alt=\"teleskopski hidravli\u010dni cilinder\" width=\"813\" height=\"813\" title=\"\" srcset=\"https:\/\/fmp-components.com\/wp-content\/uploads\/2025\/03\/telescopic-hydraulic-cylinder-4.webp 813w, https:\/\/fmp-components.com\/wp-content\/uploads\/2025\/03\/telescopic-hydraulic-cylinder-4-480x480.webp 480w\" sizes=\"(min-width: 0px) and (max-width: 480px) 480px, (min-width: 481px) 813px, 100vw\" \/><\/p>\n<h2>Hidravli\u010dni cilindri in pogonske enote<\/h2>\n<p>Hidravli\u010dni cilindri in pogonske enote so nelo\u010dljivi sestavni deli hidravli\u010dnega sistema. Cilindri pretvarjajo hidravli\u010dno energijo v mehansko gibanje, pogonske enote pa zagotavljajo potrebno energijo in krmilne signale. Skupaj delujejo, da zagotovijo nemoteno delovanje va\u0161ih hidravli\u010dnih sistemov. Ponujamo tudi pogonske enote za prodajo.<\/p>\n<h2>Pogosta vpra\u0161anja<\/h2>\n<p><strong>V: Ali ste trgovsko podjetje ali proizvajalec?<br \/>\nO: Smo proizvajalec.<\/strong><\/p>\n<p><strong>V: Koliko \u010dasa traja va\u0161a dobavni rok?<br \/>\nA: Na splo\u0161no je to 25-35 dni.<\/strong><\/p>\n<p><strong>V: Ali lahko izdelujete po vzorcih?<br \/>\nO: Da, lahko izdelamo po va\u0161ih vzorcih ali tehni\u010dnih risbah. Izdelamo lahko kalupe in vpenjala.<\/strong><\/p>\n<h3>O FMP-ju<\/h3>\n<p class=\"break-words\">FMP je vodilni italijanski proizvajalec, specializiran za na\u010drtovanje, razvoj in proizvodnjo visokokakovostnih hidravli\u010dnih cilindrov. Z bogato dedi\u0161\u010dino, ki temelji na desetletjih strokovnega znanja, ponosno zdru\u017eujemo italijansko obrt z najsodobnej\u0161o tehnologijo, da bi zagotovili izjemne hidravli\u010dne re\u0161itve, prilagojene raznolikim potrebam na\u0161ih strank po vsem svetu. FMP s sede\u017eem v Italiji, sredi\u0161\u010du in\u017eenirske odli\u010dnosti, velja za zaupanja vredno ime v hidravli\u010dni industriji, zavezano zagotavljanju zanesljivih, trpe\u017enih in inovativnih izdelkov, ki opolnomo\u010dajo podjetja po vsem svetu.<\/p>\n<p class=\"break-words\">Na\u0161e podjetje zdru\u017euje najbolj\u0161e iz naprednih proizvodnih tradicij s prihodnostnim pristopom. Z dolgoletnimi izku\u0161njami na podro\u010dju hidravli\u010dnih sistemov se je FMP razvil v sodobno podjetje, ki blesti na podro\u010dju raziskav, na\u010drtovanja in proizvodnje. Specializirani smo za \u0161iroko paleto hidravli\u010dnih cilindrov, vklju\u010dno z dvostransko delujo\u010dimi cilindri, avtomobilskimi dvi\u017enimi cilindri, cilindri za kmetijsko mehanizacijo in re\u0161itvami po meri za razli\u010dne industrijske aplikacije. Ne glede na to, ali gre za gradbeni\u0161tvo, industrijske instalacije, kmetijstvo ali te\u017eko mehanizacijo, so na\u0161i hidravli\u010dni cilindri izdelani za delovanje v najte\u017ejih pogojih, kar zagotavlja varnost, u\u010dinkovitost in dolgo \u017eivljenjsko dobo.<\/p>\n<p><img loading=\"lazy\" decoding=\"async\" class=\"alignnone size-full wp-image-6720\" src=\"https:\/\/fmp-components.com\/wp-content\/uploads\/2025\/03\/hydraulic-cylinder-8.webp\" alt=\"Teleskopski hidravli\u010dni cilindri\" width=\"933\" height=\"526\" title=\"\" srcset=\"https:\/\/fmp-components.com\/wp-content\/uploads\/2025\/03\/hydraulic-cylinder-8.webp 933w, https:\/\/fmp-components.com\/wp-content\/uploads\/2025\/03\/hydraulic-cylinder-8-480x271.webp 480w\" sizes=\"(min-width: 0px) and (max-width: 480px) 480px, (min-width: 481px) 933px, 100vw\" \/><\/p>\n<p class=\"break-words\">V podjetju FMP smo ponosni na na\u0161e najsodobnej\u0161e proizvodne obrate, opremljene s preciznimi stroji in naprednimi sistemi za testiranje. Na\u0161i proizvodni procesi so v skladu s strogimi nacionalnimi in mednarodnimi standardi, kar zagotavlja, da je vsak hidravli\u010dni valj, ki zapusti na\u0161o tovarno, vrhunske kakovosti in zanesljivosti. Na\u0161a usposobljena tehni\u010dna ekipa nam skupaj z najsodobnej\u0161o opremo omogo\u010da strog nadzor kakovosti na vsaki stopnji proizvodnje \u2013 od izbire surovin do kon\u010dnega pregleda. Ta predanost odli\u010dnosti nam je prinesla certifikate in priznanja s strani industrijskih organov, kar je \u0161e utrdilo na\u0161 ugled zanesljivega partnerja.<\/p>\n<p class=\"break-words\">Na\u0161e poslanstvo je preprosto, a ambiciozno: strankam zagotoviti hidravli\u010dne cilindre, ki presegajo pri\u010dakovanja glede zmogljivosti, vzdr\u017eljivosti in vrednosti. Delujemo po vodilnih na\u010delih profesionalnosti, integritete in osredoto\u010denosti na stranke. Z gojenjem kulture inovacij in natan\u010dnosti nenehno izpopolnjujemo na\u0161e izdelke, da bi ostali v ospredju na konkuren\u010dnem trgu. Na\u0161a celovita ponudba izdelkov in sposobnost ponujanja prilagojenih re\u0161itev nas uvr\u0161\u010data med prva izbira podjetij, ki i\u0161\u010dejo visokozmogljive hidravli\u010dne cilindre.<\/p>\n<p class=\"break-words\">FMP ni le proizvajalec \u2013 smo partner pri va\u0161em uspehu. Razumemo, da se na\u0161e stranke zana\u0161ajo na nas pri dobavi orodij, ki izbolj\u0161ujejo njihovo produktivnost in varnost. Zato smo zavezani k ponujanju ne le vrhunskih izdelkov, temve\u010d tudi izjemne storitve. Od za\u010detnega posvetovanja do poprodajne podpore tesno sodelujemo z na\u0161imi strankami, da zagotovimo, da so njihove potrebe izpolnjene profesionalno in skrbno. Na\u0161e konkuren\u010dne cene, skupaj z na\u0161o neomajno zavezanostjo kakovosti, naredijo FMP pametno izbiro za podjetja, ki \u017eelijo vlagati v hidravli\u010dne re\u0161itve, ki jim lahko zaupajo.<\/p>","protected":false},"excerpt":{"rendered":"<p>Long Stroke 4 Stage Multistage Hydraulic Cylinder Dump Truck Hydraulic Cylinder Our Long Stroke 4 Stage Multistage hydraulic cylinder is a new and advanced product, designed specifically for dump trucks. It&#8217;s a standard plunger cylinder with a robust steel body, providing excellent hydraulic power. With a maximum thrust of 3000 and capacity to pull up [&hellip;]<\/p>","protected":false},"featured_media":6769,"comment_status":"closed","ping_status":"closed","template":"","meta":{"_et_pb_use_builder":"","_et_pb_old_content":"","_et_gb_content_width":""},"product_brand":[],"product_cat":[103],"product_tag":[34,105],"class_list":{"0":"post-6646","1":"product","2":"type-product","3":"status-publish","4":"has-post-thumbnail","6":"product_cat-telescopic-hydraulic-cylinders","7":"product_tag-hydraulic-cylinder","8":"product_tag-telescopic-hydraulic-cylinders","10":"first","11":"instock","12":"product-type-simple"},"_links":{"self":[{"href":"https:\/\/fmp-components.com\/sl\/wp-json\/wp\/v2\/product\/6646","targetHints":{"allow":["GET"]}}],"collection":[{"href":"https:\/\/fmp-components.com\/sl\/wp-json\/wp\/v2\/product"}],"about":[{"href":"https:\/\/fmp-components.com\/sl\/wp-json\/wp\/v2\/types\/product"}],"replies":[{"embeddable":true,"href":"https:\/\/fmp-components.com\/sl\/wp-json\/wp\/v2\/comments?post=6646"}],"wp:featuredmedia":[{"embeddable":true,"href":"https:\/\/fmp-components.com\/sl\/wp-json\/wp\/v2\/media\/6769"}],"wp:attachment":[{"href":"https:\/\/fmp-components.com\/sl\/wp-json\/wp\/v2\/media?parent=6646"}],"wp:term":[{"taxonomy":"product_brand","embeddable":true,"href":"https:\/\/fmp-components.com\/sl\/wp-json\/wp\/v2\/product_brand?post=6646"},{"taxonomy":"product_cat","embeddable":true,"href":"https:\/\/fmp-components.com\/sl\/wp-json\/wp\/v2\/product_cat?post=6646"},{"taxonomy":"product_tag","embeddable":true,"href":"https:\/\/fmp-components.com\/sl\/wp-json\/wp\/v2\/product_tag?post=6646"}],"curies":[{"name":"delovni list","href":"https:\/\/api.w.org\/{rel}","templated":true}]}}