{"id":6645,"date":"2025-03-11T06:35:17","date_gmt":"2025-03-11T06:35:17","guid":{"rendered":"https:\/\/fmp-components.com\/product\/5-stage-hydraulic-hoist-cylinder-dump-truck-hydraulic-cylinder"},"modified":"2025-03-12T08:36:56","modified_gmt":"2025-03-12T08:36:56","slug":"5-stage-hydraulic-hoist-cylinder-dump-truck-hydraulic-cylinder","status":"publish","type":"product","link":"https:\/\/fmp-components.com\/sl\/product\/5-stage-hydraulic-hoist-cylinder-dump-truck-hydraulic-cylinder\/","title":{"rendered":"5-stopenjski hidravli\u010dni dvi\u017eni cilinder hidravli\u010dni cilinder za prekucnike"},"content":{"rendered":"<h2>5-stopenjski hidravli\u010dni dvi\u017eni cilinder hidravli\u010dni cilinder za prekucnike<\/h2>\n<p>Hidravli\u010dni cilinder s 5-stopenjskim hidravli\u010dnim dvi\u017enim cilindrom za prekucnike je najsodobnej\u0161i izdelek, zasnovan za zagotavljanje najvi\u0161je ravni u\u010dinkovitosti in mo\u010di. Zaradi svoje zanesljive in trpe\u017ene zasnove je bistvena komponenta v delavnicah za popravilo strojev, na kmetijah, v energetskem in rudarskem sektorju, proizvodnji strojev in tovarnah strojev.<\/p>\n<p><img loading=\"lazy\" decoding=\"async\" class=\"alignnone  wp-image-6664\" src=\"https:\/\/fmp-components.com\/wp-content\/uploads\/2025\/03\/telescopic-hydraulic-cylinder-8.webp\" alt=\"teleskopski hidravli\u010dni cilinder\" width=\"861\" height=\"861\" title=\"\" srcset=\"https:\/\/fmp-components.com\/wp-content\/uploads\/2025\/03\/telescopic-hydraulic-cylinder-8.webp 861w, https:\/\/fmp-components.com\/wp-content\/uploads\/2025\/03\/telescopic-hydraulic-cylinder-8-480x480.webp 480w\" sizes=\"(min-width: 0px) and (max-width: 480px) 480px, (min-width: 481px) 861px, 100vw\" \/><\/p>\n<h3>Zna\u010dilnosti in specifikacije izdelka<\/h3>\n<p>Ta hidravli\u010dni cilinder ima 1-letno garancijo in tehta 28 kg. Ima standardno strukturo bata, ki ga poganja hidravli\u010dna energija, izdelano iz visokokakovostnega jekla za maksimalno vzdr\u017eljivost. Ima najve\u010dji potisk 3000 in najve\u010dji vle\u010dni moment 20 ton. Je \u010drne barve in je ve\u010dstopenjski hidravli\u010dni cilinder.<\/p>\n<table style=\"width: 95.1506%; height: 115px;\" border=\"\">\n<tbody>\n<tr style=\"height: 23px;\">\n<th style=\"width: 43.5028%; height: 23px;\">Velikost izvrtine<\/th>\n<td style=\"width: 459.393%; height: 23px;\">2\u20136 palcev<\/td>\n<\/tr>\n<tr style=\"height: 23px;\">\n<th style=\"width: 43.5028%; height: 23px;\">Velikost palice<\/th>\n<td style=\"width: 459.393%; height: 23px;\">1,125-4 palca<\/td>\n<\/tr>\n<tr style=\"height: 23px;\">\n<th style=\"width: 43.5028%; height: 23px;\">Velikost poteze<\/th>\n<td style=\"width: 459.393%; height: 23px;\">4\u2013100 palcev<\/td>\n<\/tr>\n<tr style=\"height: 23px;\">\n<th style=\"width: 43.5028%; height: 23px;\">Velikost zati\u010da<\/th>\n<td style=\"width: 459.393%; height: 23px;\">0,5\u20132 palca<\/td>\n<\/tr>\n<tr style=\"height: 23px;\">\n<th style=\"width: 43.5028%; height: 23px;\">Pristani\u0161\u010da<\/th>\n<td style=\"width: 459.393%; height: 23px;\">G\/SAE\/NPT\/M<\/td>\n<\/tr>\n<\/tbody>\n<\/table>\n<h2>Edinstvene lastnosti in prednosti<\/h2>\n<p>Ta hidravli\u010dni cilinder je zasnovan s poudarkom na energetski u\u010dinkovitosti, visoki zmogljivosti in varnosti, zaradi \u010desar je vodilna izbira na trgu. Njegove inovativne lastnosti zagotavljajo delovanje z najve\u010djo zmogljivostjo, hkrati pa zmanj\u0161ujejo vpliv na okolje. Z optimizacijo pretvorbe hidravli\u010dne energije ta cilinder ne le zmanj\u0161uje stro\u0161ke energije, temve\u010d tudi podpira trajnostne prakse. Poleg tega njegova robustna konstrukcija in napredna tehnologija zagotavljata brezskrbnost, saj izpolnjuje stroge varnostne standarde in zagotavlja zanesljivo delovanje v zahtevnih pogojih.<\/p>\n<h3>Hidravli\u010dni sistemi in na\u010dela delovanja<\/h3>\n<p>Hidravli\u010dni cilinder deluje na temeljnem na\u010delu pretvorbe hidravli\u010dne energije v mehansko gibanje. Ta proces vklju\u010duje pretvorbo tlaka v silo, kar omogo\u010da valju natan\u010dno opravljanje razli\u010dnih mehanskih nalog. Ko je hidravli\u010dna teko\u010dina pod tlakom, pritiska na bat v valju in ustvarja linearno gibanje. Zaradi te u\u010dinkovite pretvorbe energije so hidravli\u010dni cilindri bistveni sestavni deli v \u0161tevilnih strojih in in\u017eenirskih aplikacijah, kar upravljavcem omogo\u010da enostavno dvigovanje, potiskanje ali vle\u010denje te\u017ekih bremen.<\/p>\n<p><img loading=\"lazy\" decoding=\"async\" class=\"alignnone  wp-image-6665\" src=\"https:\/\/fmp-components.com\/wp-content\/uploads\/2025\/03\/telescopic-hydraulic-cylinder-9.webp\" alt=\"teleskopski hidravli\u010dni cilinder\" width=\"912\" height=\"912\" title=\"\" srcset=\"https:\/\/fmp-components.com\/wp-content\/uploads\/2025\/03\/telescopic-hydraulic-cylinder-9.webp 912w, https:\/\/fmp-components.com\/wp-content\/uploads\/2025\/03\/telescopic-hydraulic-cylinder-9-480x480.webp 480w\" sizes=\"(min-width: 0px) and (max-width: 480px) 480px, (min-width: 481px) 912px, 100vw\" \/><\/p>\n<h3>Scenariji uporabe<\/h3>\n<p>Ta hidravli\u010dni cilinder se uporablja v razli\u010dnih panogah, vklju\u010dno z:<\/p>\n<ul>\n<li><strong>Servisi strojev:<\/strong> V popravnih okoljih hidravli\u010dni cilindri olaj\u0161ajo dvigovanje in pozicioniranje komponent te\u017ekih strojev, s \u010dimer poenostavijo vzdr\u017eevalne procese in pove\u010dajo operativno u\u010dinkovitost.<\/li>\n<li><strong>Kmetijstvo:<\/strong> V kmetijskem sektorju so ti cilindri klju\u010dnega pomena za upravljanje opreme, kot so traktorji in \u017eetveni stroji. Pomagajo pri nalogah, kot so dvigovanje, oranje in prevoz blaga, kar znatno izbolj\u0161a produktivnost na kmetijah.<\/li>\n<li><strong>Energija in rudarstvo:<\/strong> Hidravli\u010dni cilindri so klju\u010dni v energetiki in rudarstvu, kjer se uporabljajo za vrtanje, izkopavanje in ravnanje z materiali. Zaradi svoje zanesljive zmogljivosti delovanja v te\u017ekih pogojih so nepogre\u0161ljivi za opremo v teh panogah.<\/li>\n<li><strong>Proizvodnja strojev:<\/strong> V proizvodnih okoljih se hidravli\u010dni cilindri uporabljajo za avtomatizacijo procesov, dvigovanje te\u017ekih materialov in zagotavljanje energije za monta\u017ene linije. Njihova u\u010dinkovitost prispeva k ve\u010dji produktivnosti in natan\u010dnosti v proizvodnji.<\/li>\n<li><strong>Strojne tovarne:<\/strong> Ti cilindri igrajo klju\u010dno vlogo pri sestavljanju in delovanju razli\u010dnih strojnih komponent, kar zagotavlja nemotene delovne procese in u\u010dinkovito ravnanje z materiali v tovarni\u0161kih okoljih.<\/li>\n<\/ul>\n<h2>Hidravli\u010dni cilindri in pogonske enote<\/h2>\n<p>Hidravli\u010dni cilindri in pogonske enote so bistveni sestavni deli vsakega hidravli\u010dnega sistema, ki skupaj zagotavljajo zanesljivo mo\u010d in krmiljenje. Hidravli\u010dni cilinder deluje kot aktuator, ki pretvarja hidravli\u010dno energijo v mehansko gibanje, medtem ko pogonska enota ustvarja in regulira hidravli\u010dni tlak, potreben za delovanje. Ta simbiotski odnos omogo\u010da \u0161iroko uporabo hidravli\u010dne tehnologije v razli\u010dnih panogah, kar zagotavlja u\u010dinkovito in uspe\u0161no delovanje in\u017eenirske in mehanske opreme. Z integracijo visokokakovostnih hidravli\u010dnih cilindrov z naprednimi pogonskimi enotami lahko podjetja dose\u017eejo optimalno delovanje in zanesljivost pri svojem delovanju, kar spodbuja produktivnost in inovacije na svojih podro\u010djih.<\/p>\n<h2>Pogosta vpra\u0161anja<\/h2>\n<p><b>V: Ali ste trgovsko podjetje ali proizvajalec?<\/b><br \/>\nA: Smo tovarna.<\/p>\n<p><b>V: Koliko \u010dasa traja va\u0161a dobavni rok?<\/b><br \/>\nA: Na splo\u0161no je to 25-35 dni.<\/p>\n<p><b>V: Ali ponujate vzorce? Je to brezpla\u010dno ali dodatno?<\/b><br \/>\nO: Da, lahko ponudimo vzorec, vendar ni brezpla\u010den.<\/p>\n<h3>O FMP-ju<\/h3>\n<p class=\"break-words\">FMP je vodilni italijanski proizvajalec, specializiran za na\u010drtovanje, razvoj in proizvodnjo visokokakovostnih hidravli\u010dnih cilindrov. Z bogato dedi\u0161\u010dino, ki temelji na desetletjih strokovnega znanja, ponosno zdru\u017eujemo italijansko obrt z najsodobnej\u0161o tehnologijo, da bi zagotovili izjemne hidravli\u010dne re\u0161itve, prilagojene raznolikim potrebam na\u0161ih strank po vsem svetu. FMP s sede\u017eem v Italiji, sredi\u0161\u010du in\u017eenirske odli\u010dnosti, velja za zaupanja vredno ime v hidravli\u010dni industriji, zavezano zagotavljanju zanesljivih, trpe\u017enih in inovativnih izdelkov, ki opolnomo\u010dajo podjetja po vsem svetu.<\/p>\n<p class=\"break-words\">Na\u0161e podjetje zdru\u017euje najbolj\u0161e iz naprednih proizvodnih tradicij s prihodnostnim pristopom. Z dolgoletnimi izku\u0161njami na podro\u010dju hidravli\u010dnih sistemov se je FMP razvil v sodobno podjetje, ki blesti na podro\u010dju raziskav, na\u010drtovanja in proizvodnje. Specializirani smo za \u0161iroko paleto hidravli\u010dnih cilindrov, vklju\u010dno z dvostransko delujo\u010dimi cilindri, avtomobilskimi dvi\u017enimi cilindri, cilindri za kmetijsko mehanizacijo in re\u0161itvami po meri za razli\u010dne industrijske aplikacije. Ne glede na to, ali gre za gradbeni\u0161tvo, industrijske instalacije, kmetijstvo ali te\u017eko mehanizacijo, so na\u0161i hidravli\u010dni cilindri izdelani za delovanje v najte\u017ejih pogojih, kar zagotavlja varnost, u\u010dinkovitost in dolgo \u017eivljenjsko dobo.<\/p>\n<p><img loading=\"lazy\" decoding=\"async\" class=\"alignnone size-full wp-image-6720\" src=\"https:\/\/fmp-components.com\/wp-content\/uploads\/2025\/03\/hydraulic-cylinder-8.webp\" alt=\"Teleskopski hidravli\u010dni cilindri\" width=\"933\" height=\"526\" title=\"\" srcset=\"https:\/\/fmp-components.com\/wp-content\/uploads\/2025\/03\/hydraulic-cylinder-8.webp 933w, https:\/\/fmp-components.com\/wp-content\/uploads\/2025\/03\/hydraulic-cylinder-8-480x271.webp 480w\" sizes=\"(min-width: 0px) and (max-width: 480px) 480px, (min-width: 481px) 933px, 100vw\" \/><\/p>\n<p class=\"break-words\">V podjetju FMP smo ponosni na na\u0161e najsodobnej\u0161e proizvodne obrate, opremljene s preciznimi stroji in naprednimi sistemi za testiranje. Na\u0161i proizvodni procesi so v skladu s strogimi nacionalnimi in mednarodnimi standardi, kar zagotavlja, da je vsak hidravli\u010dni valj, ki zapusti na\u0161o tovarno, vrhunske kakovosti in zanesljivosti. Na\u0161a usposobljena tehni\u010dna ekipa nam skupaj z najsodobnej\u0161o opremo omogo\u010da strog nadzor kakovosti na vsaki stopnji proizvodnje \u2013 od izbire surovin do kon\u010dnega pregleda. Ta predanost odli\u010dnosti nam je prinesla certifikate in priznanja s strani industrijskih organov, kar je \u0161e utrdilo na\u0161 ugled zanesljivega partnerja.<\/p>\n<p class=\"break-words\">Na\u0161e poslanstvo je preprosto, a ambiciozno: strankam zagotoviti hidravli\u010dne cilindre, ki presegajo pri\u010dakovanja glede zmogljivosti, vzdr\u017eljivosti in vrednosti. Delujemo po vodilnih na\u010delih profesionalnosti, integritete in osredoto\u010denosti na stranke. Z gojenjem kulture inovacij in natan\u010dnosti nenehno izpopolnjujemo na\u0161e izdelke, da bi ostali v ospredju na konkuren\u010dnem trgu. Na\u0161a celovita ponudba izdelkov in sposobnost ponujanja prilagojenih re\u0161itev nas uvr\u0161\u010data med prva izbira podjetij, ki i\u0161\u010dejo visokozmogljive hidravli\u010dne cilindre.<\/p>\n<p class=\"break-words\">FMP ni le proizvajalec \u2013 smo partner pri va\u0161em uspehu. Razumemo, da se na\u0161e stranke zana\u0161ajo na nas pri dobavi orodij, ki izbolj\u0161ujejo njihovo produktivnost in varnost. Zato smo zavezani k ponujanju ne le vrhunskih izdelkov, temve\u010d tudi izjemne storitve. Od za\u010detnega posvetovanja do poprodajne podpore tesno sodelujemo z na\u0161imi strankami, da zagotovimo, da so njihove potrebe izpolnjene profesionalno in skrbno. Na\u0161e konkuren\u010dne cene, skupaj z na\u0161o neomajno zavezanostjo kakovosti, naredijo FMP pametno izbiro za podjetja, ki \u017eelijo vlagati v hidravli\u010dne re\u0161itve, ki jim lahko zaupajo.<\/p>","protected":false},"excerpt":{"rendered":"<p>5 Stage Hydraulic Hoist Cylinder Dump Truck Hydraulic Cylinder The 5 Stage Hydraulic Hoist Cylinder Dump Truck hydraulic cylinder is a state-of-the-art product designed to provide the highest level of efficiency and power. Its reliable and durable design makes it an essential component in machinery repair shops, farms, energy and mining sectors, machinery manufacturing and [&hellip;]<\/p>","protected":false},"featured_media":6767,"comment_status":"closed","ping_status":"closed","template":"","meta":{"_et_pb_use_builder":"","_et_pb_old_content":"","_et_gb_content_width":""},"product_brand":[],"product_cat":[103],"product_tag":[34,105],"class_list":{"0":"post-6645","1":"product","2":"type-product","3":"status-publish","4":"has-post-thumbnail","6":"product_cat-telescopic-hydraulic-cylinders","7":"product_tag-hydraulic-cylinder","8":"product_tag-telescopic-hydraulic-cylinders","10":"first","11":"instock","12":"product-type-simple"},"_links":{"self":[{"href":"https:\/\/fmp-components.com\/sl\/wp-json\/wp\/v2\/product\/6645","targetHints":{"allow":["GET"]}}],"collection":[{"href":"https:\/\/fmp-components.com\/sl\/wp-json\/wp\/v2\/product"}],"about":[{"href":"https:\/\/fmp-components.com\/sl\/wp-json\/wp\/v2\/types\/product"}],"replies":[{"embeddable":true,"href":"https:\/\/fmp-components.com\/sl\/wp-json\/wp\/v2\/comments?post=6645"}],"wp:featuredmedia":[{"embeddable":true,"href":"https:\/\/fmp-components.com\/sl\/wp-json\/wp\/v2\/media\/6767"}],"wp:attachment":[{"href":"https:\/\/fmp-components.com\/sl\/wp-json\/wp\/v2\/media?parent=6645"}],"wp:term":[{"taxonomy":"product_brand","embeddable":true,"href":"https:\/\/fmp-components.com\/sl\/wp-json\/wp\/v2\/product_brand?post=6645"},{"taxonomy":"product_cat","embeddable":true,"href":"https:\/\/fmp-components.com\/sl\/wp-json\/wp\/v2\/product_cat?post=6645"},{"taxonomy":"product_tag","embeddable":true,"href":"https:\/\/fmp-components.com\/sl\/wp-json\/wp\/v2\/product_tag?post=6645"}],"curies":[{"name":"delovni list","href":"https:\/\/api.w.org\/{rel}","templated":true}]}}