{"id":6637,"date":"2025-03-11T06:35:17","date_gmt":"2025-03-11T06:35:17","guid":{"rendered":"https:\/\/fmp-components.com\/product\/professional-mini-multistage-hydraulic-cylinder-telescopic-hydraulic-cylinder"},"modified":"2025-03-12T08:58:57","modified_gmt":"2025-03-12T08:58:57","slug":"professional-mini-multistage-hydraulic-cylinder-telescopic-hydraulic-cylinder","status":"publish","type":"product","link":"https:\/\/fmp-components.com\/sl\/product\/professional-mini-multistage-hydraulic-cylinder-telescopic-hydraulic-cylinder\/","title":{"rendered":"Profesionalni mini ve\u010dstopenjski hidravli\u010dni cilinder Teleskopski hidravli\u010dni cilinder"},"content":{"rendered":"<h2>Profesionalni mini ve\u010dstopenjski hidravli\u010dni cilinder Teleskopski hidravli\u010dni cilinder<\/h2>\n<p>Profesionalni mini ve\u010dstopenjski hidravli\u010dni cilinder s teleskopskim hidravli\u010dnim cilindrom je sestavni del razli\u010dnih panog, vklju\u010dno s strojnimi delavnicami, kmetijstvom, energetiko in rudarstvom, proizvodnjo strojev in tovarnami strojev. Cilinder je zasnovan tako, da zagotavlja vrhunsko zmogljivost v razli\u010dnih aplikacijah.<\/p>\n<h3>Specifikacije izdelka<\/h3>\n<p>Hidravli\u010dni cilinder, izdelan iz jeklenega ohi\u0161ja, ima najve\u010dji potisk 3000 in najve\u010dji vle\u010dni moment 20 ton. Cilinder se pona\u0161a z izvrtino od 2 do 6 palcev, premerom palice od 1,125 do 4 palce in velikostjo hoda od 4 do 100 palcev. Velikost zati\u010da meri 0,5 do 2 palca. Poleg tega je na voljo v elegantni \u010drni barvi.<\/p>\n<table style=\"width: 93.6391%;\" border=\"\">\n<tbody>\n<tr>\n<th style=\"width: 43.4286%;\">Velikost izvrtine<\/th>\n<td style=\"width: 387.429%;\">2\u20136 palcev<\/td>\n<\/tr>\n<tr>\n<th style=\"width: 43.4286%;\">Velikost palice<\/th>\n<td style=\"width: 387.429%;\">1,125-4 palca<\/td>\n<\/tr>\n<tr>\n<th style=\"width: 43.4286%;\">Velikost poteze<\/th>\n<td style=\"width: 387.429%;\">4\u2013100 palcev<\/td>\n<\/tr>\n<tr>\n<th style=\"width: 43.4286%;\">Velikost zati\u010da<\/th>\n<td style=\"width: 387.429%;\">0,5\u20132 palca<\/td>\n<\/tr>\n<tr>\n<th style=\"width: 43.4286%;\">Pristani\u0161\u010da<\/th>\n<td style=\"width: 387.429%;\">G\/SAE\/NPT\/M<\/td>\n<\/tr>\n<\/tbody>\n<\/table>\n<h2>Zna\u010dilnosti in prednosti izdelka<\/h2>\n<p>Hidravli\u010dni cilinder je zasnovan za maksimalno u\u010dinkovitost in hkrati zagotavlja varnost. Znan je po svojih energetsko var\u010dnih lastnostih, robustni konstrukciji in zanesljivem delovanju.<\/p>\n<p><img loading=\"lazy\" decoding=\"async\" class=\"alignnone  wp-image-6658\" src=\"https:\/\/fmp-components.com\/wp-content\/uploads\/2025\/03\/telescopic-hydraulic-cylinder-6.webp\" alt=\"teleskopski hidravli\u010dni cilinder\" width=\"773\" height=\"773\" title=\"\" srcset=\"https:\/\/fmp-components.com\/wp-content\/uploads\/2025\/03\/telescopic-hydraulic-cylinder-6.webp 773w, https:\/\/fmp-components.com\/wp-content\/uploads\/2025\/03\/telescopic-hydraulic-cylinder-6-480x480.webp 480w\" sizes=\"(min-width: 0px) and (max-width: 480px) 480px, (min-width: 481px) 773px, 100vw\" \/><\/p>\n<h2>Razumevanje hidravli\u010dnih sistemov in njihovega na\u010dela delovanja<\/h2>\n<p>Hidravli\u010dni valj deluje na hidravli\u010dnem principu, ki pretvarja tlak teko\u010dine v mehansko delo. Ta mehanizem je klju\u010dnega pomena v razli\u010dnih industrijskih aplikacijah.<\/p>\n<h2>Uporaba hidravli\u010dnega cilindra<\/h2>\n<p>Hidravli\u010dni cilinder se zaradi svoje vsestranskosti in u\u010dinkovitosti pogosto uporablja v \u0161tevilnih panogah. Posebne aplikacije vklju\u010dujejo delavnice za popravilo strojev, kmetije, energetiko in rudarstvo, proizvodnjo strojev in tovarne strojev.<\/p>\n<h3>Pogosta vpra\u0161anja<\/h3>\n<dl>\n<dt>V: Ali ste trgovsko podjetje ali proizvajalec?<\/dt>\n<dd>O: Smo proizvajalec.<\/dd>\n<dt>V: Koliko \u010dasa traja va\u0161a dobavni rok?<\/dt>\n<dd>A: Na splo\u0161no je to 25-35 dni.<\/dd>\n<dt>V: Ali ponujate vzorce?<\/dt>\n<dd>O: Da, lahko ponudimo vzorec, vendar ni brezpla\u010den.<\/dd>\n<\/dl>\n<h3>O FMP-ju<\/h3>\n<p class=\"break-words\">FMP je vodilni italijanski proizvajalec, specializiran za na\u010drtovanje, razvoj in proizvodnjo visokokakovostnih hidravli\u010dnih cilindrov. Z bogato dedi\u0161\u010dino, ki temelji na desetletjih strokovnega znanja, ponosno zdru\u017eujemo italijansko obrt z najsodobnej\u0161o tehnologijo, da bi zagotovili izjemne hidravli\u010dne re\u0161itve, prilagojene raznolikim potrebam na\u0161ih strank po vsem svetu. FMP s sede\u017eem v Italiji, sredi\u0161\u010du in\u017eenirske odli\u010dnosti, velja za zaupanja vredno ime v hidravli\u010dni industriji, zavezano zagotavljanju zanesljivih, trpe\u017enih in inovativnih izdelkov, ki opolnomo\u010dajo podjetja po vsem svetu.<\/p>\n<p class=\"break-words\">Na\u0161e podjetje zdru\u017euje najbolj\u0161e iz naprednih proizvodnih tradicij s prihodnostnim pristopom. Z dolgoletnimi izku\u0161njami na podro\u010dju hidravli\u010dnih sistemov se je FMP razvil v sodobno podjetje, ki blesti na podro\u010dju raziskav, na\u010drtovanja in proizvodnje. Specializirani smo za \u0161iroko paleto hidravli\u010dnih cilindrov, vklju\u010dno z dvostransko delujo\u010dimi cilindri, avtomobilskimi dvi\u017enimi cilindri, cilindri za kmetijsko mehanizacijo in re\u0161itvami po meri za razli\u010dne industrijske aplikacije. Ne glede na to, ali gre za gradbeni\u0161tvo, industrijske instalacije, kmetijstvo ali te\u017eko mehanizacijo, so na\u0161i hidravli\u010dni cilindri izdelani za delovanje v najte\u017ejih pogojih, kar zagotavlja varnost, u\u010dinkovitost in dolgo \u017eivljenjsko dobo.<\/p>\n<p><img loading=\"lazy\" decoding=\"async\" class=\"alignnone size-full wp-image-6720\" src=\"https:\/\/fmp-components.com\/wp-content\/uploads\/2025\/03\/hydraulic-cylinder-8.webp\" alt=\"Teleskopski hidravli\u010dni cilindri\" width=\"933\" height=\"526\" title=\"\" srcset=\"https:\/\/fmp-components.com\/wp-content\/uploads\/2025\/03\/hydraulic-cylinder-8.webp 933w, https:\/\/fmp-components.com\/wp-content\/uploads\/2025\/03\/hydraulic-cylinder-8-480x271.webp 480w\" sizes=\"(min-width: 0px) and (max-width: 480px) 480px, (min-width: 481px) 933px, 100vw\" \/><\/p>\n<p class=\"break-words\">V podjetju FMP smo ponosni na na\u0161e najsodobnej\u0161e proizvodne obrate, opremljene s preciznimi stroji in naprednimi sistemi za testiranje. Na\u0161i proizvodni procesi so v skladu s strogimi nacionalnimi in mednarodnimi standardi, kar zagotavlja, da je vsak hidravli\u010dni valj, ki zapusti na\u0161o tovarno, vrhunske kakovosti in zanesljivosti. Na\u0161a usposobljena tehni\u010dna ekipa nam skupaj z najsodobnej\u0161o opremo omogo\u010da strog nadzor kakovosti na vsaki stopnji proizvodnje \u2013 od izbire surovin do kon\u010dnega pregleda. Ta predanost odli\u010dnosti nam je prinesla certifikate in priznanja s strani industrijskih organov, kar je \u0161e utrdilo na\u0161 ugled zanesljivega partnerja.<\/p>\n<p class=\"break-words\">Na\u0161e poslanstvo je preprosto, a ambiciozno: strankam zagotoviti hidravli\u010dne cilindre, ki presegajo pri\u010dakovanja glede zmogljivosti, vzdr\u017eljivosti in vrednosti. Delujemo po vodilnih na\u010delih profesionalnosti, integritete in osredoto\u010denosti na stranke. Z gojenjem kulture inovacij in natan\u010dnosti nenehno izpopolnjujemo na\u0161e izdelke, da bi ostali v ospredju na konkuren\u010dnem trgu. Na\u0161a celovita ponudba izdelkov in sposobnost ponujanja prilagojenih re\u0161itev nas uvr\u0161\u010data med prva izbira podjetij, ki i\u0161\u010dejo visokozmogljive hidravli\u010dne cilindre.<\/p>\n<p class=\"break-words\">FMP ni le proizvajalec \u2013 smo partner pri va\u0161em uspehu. Razumemo, da se na\u0161e stranke zana\u0161ajo na nas pri dobavi orodij, ki izbolj\u0161ujejo njihovo produktivnost in varnost. Zato smo zavezani k ponujanju ne le vrhunskih izdelkov, temve\u010d tudi izjemne storitve. Od za\u010detnega posvetovanja do poprodajne podpore tesno sodelujemo z na\u0161imi strankami, da zagotovimo, da so njihove potrebe izpolnjene profesionalno in skrbno. Na\u0161e konkuren\u010dne cene, skupaj z na\u0161o neomajno zavezanostjo kakovosti, naredijo FMP pametno izbiro za podjetja, ki \u017eelijo vlagati v hidravli\u010dne re\u0161itve, ki jim lahko zaupajo.<\/p>","protected":false},"excerpt":{"rendered":"<p>Professional Mini Multistage Hydraulic Cylinder Telescopic Hydraulic Cylinder The Professional Mini Multistage Hydraulic Cylinder Telescopic Hydraulic Cylinder is an integral component in various industries, including Machinery Repair Shops, Farms, Energy &amp; Mining, Machinery manufacturing, and Machinery Factories. The cylinder is designed to provide superior performance in a variety of applications. Product Specifications Constructed with a [&hellip;]<\/p>","protected":false},"featured_media":6777,"comment_status":"closed","ping_status":"closed","template":"","meta":{"_et_pb_use_builder":"","_et_pb_old_content":"","_et_gb_content_width":""},"product_brand":[],"product_cat":[103],"product_tag":[34,105],"class_list":{"0":"post-6637","1":"product","2":"type-product","3":"status-publish","4":"has-post-thumbnail","6":"product_cat-telescopic-hydraulic-cylinders","7":"product_tag-hydraulic-cylinder","8":"product_tag-telescopic-hydraulic-cylinders","10":"first","11":"instock","12":"product-type-simple"},"_links":{"self":[{"href":"https:\/\/fmp-components.com\/sl\/wp-json\/wp\/v2\/product\/6637","targetHints":{"allow":["GET"]}}],"collection":[{"href":"https:\/\/fmp-components.com\/sl\/wp-json\/wp\/v2\/product"}],"about":[{"href":"https:\/\/fmp-components.com\/sl\/wp-json\/wp\/v2\/types\/product"}],"replies":[{"embeddable":true,"href":"https:\/\/fmp-components.com\/sl\/wp-json\/wp\/v2\/comments?post=6637"}],"wp:featuredmedia":[{"embeddable":true,"href":"https:\/\/fmp-components.com\/sl\/wp-json\/wp\/v2\/media\/6777"}],"wp:attachment":[{"href":"https:\/\/fmp-components.com\/sl\/wp-json\/wp\/v2\/media?parent=6637"}],"wp:term":[{"taxonomy":"product_brand","embeddable":true,"href":"https:\/\/fmp-components.com\/sl\/wp-json\/wp\/v2\/product_brand?post=6637"},{"taxonomy":"product_cat","embeddable":true,"href":"https:\/\/fmp-components.com\/sl\/wp-json\/wp\/v2\/product_cat?post=6637"},{"taxonomy":"product_tag","embeddable":true,"href":"https:\/\/fmp-components.com\/sl\/wp-json\/wp\/v2\/product_tag?post=6637"}],"curies":[{"name":"delovni list","href":"https:\/\/api.w.org\/{rel}","templated":true}]}}