{"id":6628,"date":"2025-03-11T06:35:17","date_gmt":"2025-03-11T06:35:17","guid":{"rendered":"https:\/\/fmp-components.com\/product\/double-acting-telescopic-hydraulic-cylinder-for-sale"},"modified":"2025-03-12T08:29:50","modified_gmt":"2025-03-12T08:29:50","slug":"double-acting-telescopic-hydraulic-cylinder-for-sale","status":"publish","type":"product","link":"https:\/\/fmp-components.com\/sl\/product\/double-acting-telescopic-hydraulic-cylinder-for-sale\/","title":{"rendered":"Dvostranski teleskopski hidravli\u010dni cilinder naprodaj"},"content":{"rendered":"<h2>Stro\u0161kovno u\u010dinkovit dvostranski teleskopski hidravli\u010dni cilinder za prodajo<\/h2>\n<p>Ta novi, stro\u0161kovno u\u010dinkoviti, dvostransko delujo\u010di teleskopski hidravli\u010dni cilinder je va\u0161a idealna re\u0161itev za razli\u010dne aplikacije v delavnicah za popravilo strojev, na kmetijah, v energetski in rudarski industriji, proizvodnji strojev in tovarnah strojev. Ta standardni batni cilinder, izdelan iz trpe\u017enega jekla, deluje na hidravli\u010dno mo\u010d in zagotavlja najve\u010dji potisk 3000 ton ter najve\u010dji vle\u010dni moment 20 ton.<\/p>\n<h2>Specifikacije izdelka<\/h2>\n<p>Hidravli\u010dni cilinder ima izvrtino od 2 do 6 palcev, velikost palice od 1,125 do 4 palcev, velikost hoda od 4 do 100 palcev in velikost zati\u010da od 0,5 do 2 palca. Priklju\u010dki so G\/SAE\/NPT\/M. Tehta 31 kg in je v elegantni \u010drni barvi.<\/p>\n<table style=\"width: 91.8479%;\" border=\"\">\n<tbody>\n<tr>\n<td style=\"width: 43.5028%;\"><strong>Velikost izvrtine<\/strong><\/td>\n<td style=\"width: 441.808%;\">2\u20136 palcev<\/td>\n<\/tr>\n<tr>\n<td style=\"width: 43.5028%;\"><strong>Velikost palice<\/strong><\/td>\n<td style=\"width: 441.808%;\">1,125-4 palca<\/td>\n<\/tr>\n<tr>\n<td style=\"width: 43.5028%;\"><strong>Velikost poteze<\/strong><\/td>\n<td style=\"width: 441.808%;\">4\u2013100 palcev<\/td>\n<\/tr>\n<tr>\n<td style=\"width: 43.5028%;\"><strong>Velikost zati\u010da<\/strong><\/td>\n<td style=\"width: 441.808%;\">0,5\u20132 palca<\/td>\n<\/tr>\n<tr>\n<td style=\"width: 43.5028%;\"><strong>Pristani\u0161\u010da<\/strong><\/td>\n<td style=\"width: 441.808%;\">G\/SAE\/NPT\/M<\/td>\n<\/tr>\n<\/tbody>\n<\/table>\n<h2>Edinstvene lastnosti in prednosti<\/h2>\n<p>Na\u0161 ve\u010dstopenjski hidravli\u010dni cilinder ima certifikat ISO9001:2000, kar zagotavlja kakovost in zanesljivost. Je energetsko u\u010dinkovit, zmogljiv in varen, zaradi \u010desar je neprecenljivo sredstvo v razli\u010dnih panogah.<\/p>\n<h3>Hidravli\u010dni sistem in princip delovanja<\/h3>\n<p>Hidravli\u010dni valj deluje tako, da pretvarja hidravli\u010dno mo\u010d v mehansko gibanje, tlak pa v silo, medtem ko je pogonska enota jedro, ki zagotavlja energijo in krmilne signale, ki jih potrebuje hidravli\u010dni sistem. Njihova sinergija zagotavlja \u0161iroko uporabo hidravli\u010dne tehnologije v industriji in zagotavlja zanesljivo podporo pri energiji in krmiljenju za razli\u010dne projekte in mehansko opremo.<\/p>\n<p><img loading=\"lazy\" decoding=\"async\" class=\"alignnone  wp-image-6662\" src=\"https:\/\/fmp-components.com\/wp-content\/uploads\/2025\/03\/telescopic-hydraulic-cylinder-4.webp\" alt=\"teleskopski hidravli\u010dni cilinder\" width=\"925\" height=\"925\" title=\"\" srcset=\"https:\/\/fmp-components.com\/wp-content\/uploads\/2025\/03\/telescopic-hydraulic-cylinder-4.webp 925w, https:\/\/fmp-components.com\/wp-content\/uploads\/2025\/03\/telescopic-hydraulic-cylinder-4-480x480.webp 480w\" sizes=\"(min-width: 0px) and (max-width: 480px) 480px, (min-width: 481px) 925px, 100vw\" \/><\/p>\n<h3>Scenariji uporabe<\/h3>\n<p>Ta vsestranski hidravli\u010dni cilinder se lahko uporablja v razli\u010dnih panogah, vklju\u010dno s servisnimi delavnicami, kmetijstvom, energetsko in rudarsko industrijo, proizvodnjo strojev in tovarnami strojev.<\/p>\n<h2>Hidravli\u010dni cilindri in pogonske enote<\/h2>\n<p>Hidravli\u010dni valj in pogonska enota sta nepogre\u0161ljiva sestavna dela hidravli\u010dnega sistema. Njun sinergijski u\u010dinek zagotavlja \u0161iroko uporabo hidravli\u010dne tehnologije v industriji, saj zagotavlja zanesljivo napajanje in podporo krmiljenju razli\u010dne in\u017eenirske in mehanske opreme. V podjetju FMP prodajamo tudi pogonske enote.<\/p>\n<h2>Pogosta vpra\u0161anja<\/h2>\n<dl>\n<dt>V: Ali ste trgovsko podjetje ali proizvajalec?<\/dt>\n<dd>O: Smo proizvajalec.<\/dd>\n<dt>V: Koliko \u010dasa traja va\u0161a dobavni rok?<\/dt>\n<dd>A: Na splo\u0161no je to 25-35 dni.<\/dd>\n<dt>V: Ali ponujate vzorce? Je to brezpla\u010dno ali dodatno?<\/dt>\n<dd>O: Da, lahko ponudimo vzorce, vendar niso brezpla\u010dni.<\/dd>\n<\/dl>\n<h3>O FMP-ju<\/h3>\n<p>FMP je vodilni italijanski proizvajalec, znan po svojem strokovnem znanju na podro\u010dju na\u010drtovanja, razvoja in proizvodnje visokokakovostnih hidravli\u010dnih cilindrov. Z desetletji izku\u0161enj v industriji brezhibno zdru\u017eujemo tradicionalno italijansko obrt z najsodobnej\u0161o tehnologijo, da bi zagotovili izjemne hidravli\u010dne re\u0161itve, prilagojene raznolikim potrebam na\u0161ih strank po vsem svetu. FMP se nahaja v Italiji, sredi\u0161\u010du in\u017eenirske odli\u010dnosti, in se je uveljavil kot zaupanja vredno ime v hidravli\u010dnem sektorju, predan zagotavljanju zanesljivih, trpe\u017enih in inovativnih izdelkov, ki opolnomo\u010dajo podjetja po vsem svetu.<\/p>\n<p>Na\u0161e podjetje zdru\u017euje najbolj\u0161e napredne proizvodne prakse s prihodnostnim pristopom. Z dolgoletnimi izku\u0161njami na podro\u010dju hidravli\u010dnih sistemov se je FMP razvil v sodobno podjetje, ki blesti na podro\u010dju raziskav, na\u010drtovanja in proizvodnje. Ponujamo \u0161iroko paleto hidravli\u010dnih cilindrov, vklju\u010dno z dvostransko delujo\u010dimi cilindri, avtomobilskimi dvi\u017enimi cilindri, cilindri za kmetijsko mehanizacijo in re\u0161itvami po meri za razli\u010dne industrijske aplikacije. Ne glede na to, ali gre za gradbeni\u0161tvo, industrijske instalacije, kmetijstvo ali te\u017eko mehanizacijo, so na\u0161i hidravli\u010dni cilindri zasnovani za delovanje v najzahtevnej\u0161ih pogojih, kar zagotavlja varnost, u\u010dinkovitost in dolgo \u017eivljenjsko dobo.<\/p>\n<p>V podjetju FMP smo ponosni na na\u0161e najsodobnej\u0161e proizvodne obrate, opremljene s preciznimi stroji in naprednimi sistemi za testiranje. Na\u0161i proizvodni procesi so v skladu s strogimi nacionalnimi in mednarodnimi standardi, kar zagotavlja, da vsak izdelan hidravli\u010dni valj izpolnjuje najvi\u0161je standarde kakovosti in zanesljivosti. Z usposobljeno tehni\u010dno ekipo in najsodobnej\u0161o opremo vzdr\u017eujemo strog nadzor kakovosti na vsaki stopnji proizvodnje \u2013 od izbire surovin do kon\u010dnega pregleda. Ta zavezanost odli\u010dnosti nam je prinesla certifikate in priznanja s strani industrijskih organov, kar utrjuje na\u0161 ugled zanesljivega partnerja.<\/p>\n<p><img loading=\"lazy\" decoding=\"async\" class=\"alignnone size-full wp-image-6720\" src=\"https:\/\/fmp-components.com\/wp-content\/uploads\/2025\/03\/hydraulic-cylinder-8.webp\" alt=\"Teleskopski hidravli\u010dni cilindri\" width=\"933\" height=\"526\" title=\"\" srcset=\"https:\/\/fmp-components.com\/wp-content\/uploads\/2025\/03\/hydraulic-cylinder-8.webp 933w, https:\/\/fmp-components.com\/wp-content\/uploads\/2025\/03\/hydraulic-cylinder-8-480x271.webp 480w\" sizes=\"(min-width: 0px) and (max-width: 480px) 480px, (min-width: 481px) 933px, 100vw\" \/><\/p>\n<p>Na\u0161e poslanstvo je preprosto in ambiciozno hkrati: strankam zagotoviti hidravli\u010dne cilindre, ki presegajo pri\u010dakovanja glede zmogljivosti, vzdr\u017eljivosti in vrednosti. Dr\u017eimo se temeljnih na\u010del profesionalnosti, integritete in osredoto\u010denosti na stranke. Z negovanjem kulture inovacij in natan\u010dnosti nenehno izbolj\u0161ujemo na\u0161e izdelke, da bi ostali v ospredju na konkuren\u010dnem trgu. Na\u0161a \u0161iroka paleta izdelkov in sposobnost ponujanja prilagojenih re\u0161itev nas uvr\u0161\u010data med najbolj priljubljene izbire za podjetja, ki i\u0161\u010dejo visokozmogljive hidravli\u010dne cilindre.<\/p>\n<p>FMP ni le proizvajalec; smo predani partnerji za va\u0161 uspeh. Razumemo, da so na\u0161e stranke odvisne od nas, da jim zagotovimo orodja, ki izbolj\u0161ujejo produktivnost in varnost. Zato smo predani zagotavljanju ne le vrhunskih izdelkov, temve\u010d tudi izjemnih storitev. Od za\u010detnih posvetovanj do poprodajne podpore tesno sodelujemo z na\u0161imi strankami, da zagotovimo, da so njihove potrebe izpolnjene profesionalno in skrbno. Na\u0161e konkuren\u010dne cene v kombinaciji z neomajno zavezanostjo kakovosti naredijo FMP pametno izbiro za podjetja, ki \u017eelijo vlagati v zaupanja vredne hidravli\u010dne re\u0161itve.<\/p>","protected":false},"excerpt":{"rendered":"<p>Cost Effective Double Acting Telescopic Hydraulic Cylinder for Sale This new, cost-effective, double acting telescopic hydraulic cylinder is your ideal solution for various applications in the machinery repair shops, farms, energy &amp; mining industries, machinery manufacturing, and machinery factories. Made of durable steel, this standard plunger cylinder operates on hydraulic power and provides a maximum [&hellip;]<\/p>","protected":false},"featured_media":6764,"comment_status":"closed","ping_status":"closed","template":"","meta":{"_et_pb_use_builder":"","_et_pb_old_content":"","_et_gb_content_width":""},"product_brand":[],"product_cat":[103],"product_tag":[34,105],"class_list":{"0":"post-6628","1":"product","2":"type-product","3":"status-publish","4":"has-post-thumbnail","6":"product_cat-telescopic-hydraulic-cylinders","7":"product_tag-hydraulic-cylinder","8":"product_tag-telescopic-hydraulic-cylinders","10":"first","11":"instock","12":"product-type-simple"},"_links":{"self":[{"href":"https:\/\/fmp-components.com\/sl\/wp-json\/wp\/v2\/product\/6628","targetHints":{"allow":["GET"]}}],"collection":[{"href":"https:\/\/fmp-components.com\/sl\/wp-json\/wp\/v2\/product"}],"about":[{"href":"https:\/\/fmp-components.com\/sl\/wp-json\/wp\/v2\/types\/product"}],"replies":[{"embeddable":true,"href":"https:\/\/fmp-components.com\/sl\/wp-json\/wp\/v2\/comments?post=6628"}],"wp:featuredmedia":[{"embeddable":true,"href":"https:\/\/fmp-components.com\/sl\/wp-json\/wp\/v2\/media\/6764"}],"wp:attachment":[{"href":"https:\/\/fmp-components.com\/sl\/wp-json\/wp\/v2\/media?parent=6628"}],"wp:term":[{"taxonomy":"product_brand","embeddable":true,"href":"https:\/\/fmp-components.com\/sl\/wp-json\/wp\/v2\/product_brand?post=6628"},{"taxonomy":"product_cat","embeddable":true,"href":"https:\/\/fmp-components.com\/sl\/wp-json\/wp\/v2\/product_cat?post=6628"},{"taxonomy":"product_tag","embeddable":true,"href":"https:\/\/fmp-components.com\/sl\/wp-json\/wp\/v2\/product_tag?post=6628"}],"curies":[{"name":"delovni list","href":"https:\/\/api.w.org\/{rel}","templated":true}]}}