{"id":6625,"date":"2025-03-11T06:33:57","date_gmt":"2025-03-11T06:33:57","guid":{"rendered":"https:\/\/fmp-components.com\/product\/professional-small-dump-truck-hydraulic-hoist-cylinder-multistage-hydraulic-cylinder"},"modified":"2025-03-14T01:51:38","modified_gmt":"2025-03-14T01:51:38","slug":"professional-small-dump-truck-hydraulic-hoist-cylinder-multistage-hydraulic-cylinder","status":"publish","type":"product","link":"https:\/\/fmp-components.com\/sl\/product\/professional-small-dump-truck-hydraulic-hoist-cylinder-multistage-hydraulic-cylinder\/","title":{"rendered":"Profesionalni hidravli\u010dni dvi\u017eni cilinder za mala prekucnika, ve\u010dstopenjski hidravli\u010dni cilinder"},"content":{"rendered":"<h2>Profesionalni hidravli\u010dni dvi\u017eni cilinder za mala prekucnika, ve\u010dstopenjski hidravli\u010dni cilinder<\/h2>\n<p>Na\u0161 profesionalni ve\u010dstopenjski hidravli\u010dni cilinder za male prekucnike je najsodobnej\u0161i izdelek, ki ponuja neprimerljivo kakovost in zmogljivost. Ta hidravli\u010dni cilinder je zasnovan z mislijo na u\u010dinkovitost in zanesljivost ter je idealen za razli\u010dne aplikacije v delavnicah za popravilo strojev, na kmetijah, v energetski in rudarski industriji ter v proizvodnji strojev in tovarnah.<\/p>\n<h3>Klju\u010dne lastnosti in prednosti<\/h3>\n<ul>\n<li>Vrhunska mo\u010d: Z najve\u010djim potiskom 3000 in zmo\u017enostjo vleke do 20 ton je ta hidravli\u010dni cilinder sila mo\u010di in vzdr\u017eljivosti.<\/li>\n<li>Kakovostni materiali: Izdelano iz visokokakovostnega jekla zagotavlja dolgotrajno uporabo in odpornost proti obrabi.<\/li>\n<li>Visoka u\u010dinkovitost: Njegova ve\u010dstopenjska funkcija omogo\u010da ve\u010djo u\u010dinkovitost in funkcionalnost pri razli\u010dnih nalogah.<\/li>\n<li>Var\u010devanje z energijo: Na\u0161 hidravli\u010dni cilinder je zasnovan za u\u010dinkovito uporabo energije, kar zmanj\u0161uje porabo energije in obratovalne stro\u0161ke.<\/li>\n<li>Varnost: Na voljo je z 1-letno garancijo, ki zagotavlja varnost in dolgoro\u010dno delovanje njegovih klju\u010dnih komponent.<\/li>\n<\/ul>\n<h3>Tehni\u010dne specifikacije<\/h3>\n<table style=\"width: 95.5978%;\" border=\"\">\n<tbody>\n<tr>\n<td style=\"width: 42.8571%;\"><i>Velikost izvrtine<\/i><\/td>\n<td style=\"width: 386.857%;\">2\u20136 palcev<\/td>\n<\/tr>\n<tr>\n<td style=\"width: 42.8571%;\"><i>Velikost palice<\/i><\/td>\n<td style=\"width: 386.857%;\">1,125-4 palca<\/td>\n<\/tr>\n<tr>\n<td style=\"width: 42.8571%;\"><i>Velikost poteze<\/i><\/td>\n<td style=\"width: 386.857%;\">4\u2013100 palcev<\/td>\n<\/tr>\n<tr>\n<td style=\"width: 42.8571%;\"><i>Velikost zati\u010da<\/i><\/td>\n<td style=\"width: 386.857%;\">0,5\u20132 palca<\/td>\n<\/tr>\n<tr>\n<td style=\"width: 42.8571%;\"><i>Pristani\u0161\u010da<\/i><\/td>\n<td style=\"width: 386.857%;\">G\/SAE\/NPT\/M<\/td>\n<\/tr>\n<\/tbody>\n<\/table>\n<h2>Edinstvene lastnosti in prednosti<\/h2>\n<ul>\n<li>Var\u010devanje z energijo: Zasnova in delovanje hidravli\u010dnega cilindra sta optimizirana za energetsko u\u010dinkovitost.<\/li>\n<li>Visoka u\u010dinkovitost: Naloge opravlja hitro in natan\u010dno, zaradi \u010desar je zelo u\u010dinkovito orodje.<\/li>\n<li>Varnost: Zgrajen je z varnostnimi funkcijami za za\u0161\u010dito uporabnika in strojev, ki jih upravlja.<\/li>\n<\/ul>\n<h2>Hidravli\u010dni sistemi in princip delovanja<\/h2>\n<p>Na\u0161 hidravli\u010dni valj deluje na temeljnem principu pretvorbe hidravli\u010dne energije v mehansko energijo, kar je bistven proces za razli\u010dne industrijske aplikacije. Ta pretvorba se zgodi z gibanjem hidravli\u010dne teko\u010dine pod tlakom, ki se usmeri v valj. Ko teko\u010dina vstopi, izvaja silo na bat, ki se nahaja v valju. Ta sila povzro\u010di premikanje bata, kar pretvarja hidravli\u010dno energijo v mehansko gibanje.<\/p>\n<p>Gibanje bata je mogo\u010de izkoristiti za opravljanje koristnega dela, kot je dvigovanje te\u017ekih bremen, upravljanje strojnih delov ali celo opravljanje zapletenih nalog v proizvodnih procesih. U\u010dinkovitost tega sistema je v veliki meri posledica nestisljivosti hidravli\u010dne teko\u010dine, kar omogo\u010da mo\u010dno pove\u010danje sile. Z uporabo relativno majhnih vhodnih sil lahko na\u0161i hidravli\u010dni cilindri ustvarijo znatne izhodne sile, zaradi \u010desar so idealni za naloge, ki zahtevajo mo\u010d in natan\u010dnost.<\/p>\n<p>To na\u010delo hidravli\u010dnega delovanja ni le u\u010dinkovito, temve\u010d zagotavlja tudi raven nadzora, ki jo je te\u017eko dose\u010di zgolj z mehanskimi sistemi. Operaterji lahko enostavno prilagodijo tlak in pretok hidravli\u010dne teko\u010dine, da natan\u010dno nastavijo gibanje bata, kar omogo\u010da natan\u010dno delovanje v razli\u010dnih okoljih.<\/p>\n<p><img loading=\"lazy\" decoding=\"async\" class=\"alignnone  wp-image-6664\" src=\"https:\/\/fmp-components.com\/wp-content\/uploads\/2025\/03\/telescopic-hydraulic-cylinder-8.webp\" alt=\"teleskopski hidravli\u010dni cilinder\" width=\"778\" height=\"778\" title=\"\" srcset=\"https:\/\/fmp-components.com\/wp-content\/uploads\/2025\/03\/telescopic-hydraulic-cylinder-8.webp 778w, https:\/\/fmp-components.com\/wp-content\/uploads\/2025\/03\/telescopic-hydraulic-cylinder-8-480x480.webp 480w\" sizes=\"(min-width: 0px) and (max-width: 480px) 480px, (min-width: 481px) 778px, 100vw\" \/><\/p>\n<h2>Uporaba na\u0161ega hidravli\u010dnega cilindra<\/h2>\n<p>Na\u0161 hidravli\u010dni cilinder je izjemno vsestranski in se lahko uporablja v najrazli\u010dnej\u0161ih panogah. Ena od prevladujo\u010dih uporab je v delavnicah za popravilo strojev, kjer olaj\u0161a dvigovanje in pozicioniranje te\u017eke opreme za vzdr\u017eevalna in popravila. Zmo\u017enost varnega in u\u010dinkovitega dvigovanja in manevriranja velikih komponent je klju\u010dnega pomena za zagotavljanje delovanja in dobrega vzdr\u017eevanja strojev.<\/p>\n<p>V kmetijskem sektorju so na\u0161i hidravli\u010dni cilindri bistveni za upravljanje kmetijskih strojev, kot so traktorji, plugi in \u017eetveni stroji. Kmetom omogo\u010dajo enostavno opravljanje nalog, kot sta dvigovanje plugov in prilagajanje opreme, kar znatno pove\u010da produktivnost in zmanj\u0161a ro\u010dno delo.<\/p>\n<p>Tudi energetska in rudarska industrija imata koristi od robustnega delovanja na\u0161ih hidravli\u010dnih cilindrov. V teh sektorjih se uporabljajo za pogon te\u017ekih strojev, kot so bagri in vrtalniki, ki pomagajo pri pridobivanju in transportu materialov. Zaradi svoje mo\u010di in zanesljivosti v ekstremnih pogojih so nepogre\u0161ljivi v teh zahtevnih okoljih.<\/p>\n<p>Poleg tega se na\u0161i hidravli\u010dni cilindri pogosto uporabljajo v proizvodnji strojev in tovarnah. So klju\u010dnega pomena za monta\u017ene linije, kjer olaj\u0161ajo premikanje in name\u0161\u010danje komponent ter prispevajo k poenostavljenim proizvodnim procesom. Natan\u010dnost in mo\u010d, ki ju zagotavljajo na\u0161i hidravli\u010dni cilindri, pove\u010dujeta splo\u0161no operativno u\u010dinkovitost, zaradi \u010desar so klju\u010dni sestavni del sodobne proizvodnje.<\/p>\n<p>Skratka, na\u0161i hidravli\u010dni cilindri so zasnovani tako, da izpolnjujejo raznolike potrebe razli\u010dnih panog ter zagotavljajo zanesljive in u\u010dinkovite re\u0161itve za dvigovanje, premikanje in upravljanje strojev. Njihova \u0161iroka paleta uporabe poudarja njihov pomen pri pove\u010danju produktivnosti in varnosti v ve\u010d sektorjih.<\/p>\n<h2>Hidravli\u010dni cilindri in pogonske enote<\/h2>\n<p>Hidravli\u010dni cilindri in pogonske enote so nepogre\u0161ljive komponente hidravli\u010dnih sistemov. Njihovo skupno delovanje zagotavlja \u0161iroko uporabo hidravli\u010dne tehnologije v industriji, saj zagotavlja zanesljivo napajanje in krmilno podporo za razli\u010dno in\u017eenirsko in mehansko opremo. Hidravli\u010dni valj kot aktuator je odgovoren za pretvorbo hidravli\u010dne energije v mehansko gibanje, tlak pa v silo. Pogonska enota je jedro, ki zagotavlja energijo in krmilne signale, ki jih potrebuje hidravli\u010dni sistem.<\/p>\n<h2>Pogosta vpra\u0161anja<\/h2>\n<dl>\n<dt>V: Ali ste trgovsko podjetje ali proizvajalec?<\/dt>\n<dd>O: Smo proizvajalec.<\/dd>\n<dt>V: Koliko \u010dasa traja va\u0161a dobavni rok?<\/dt>\n<dd>A: Na splo\u0161no je to 25-35 dni.<\/dd>\n<dt>V: Ali ponujate vzorce? Je to brezpla\u010dno ali dodatno?<\/dt>\n<dd>O: Da, lahko ponudimo vzorec, vendar ni brezpla\u010den.<\/dd>\n<\/dl>\n<h3>O FMP-ju<\/h3>\n<p class=\"break-words\">FMP je vodilni italijanski proizvajalec, specializiran za na\u010drtovanje, razvoj in proizvodnjo visokokakovostnih hidravli\u010dnih cilindrov. Z bogato dedi\u0161\u010dino, ki temelji na desetletjih strokovnega znanja, ponosno zdru\u017eujemo italijansko obrt z najsodobnej\u0161o tehnologijo, da bi zagotovili izjemne hidravli\u010dne re\u0161itve, prilagojene raznolikim potrebam na\u0161ih strank po vsem svetu. FMP s sede\u017eem v Italiji, sredi\u0161\u010du in\u017eenirske odli\u010dnosti, velja za zaupanja vredno ime v hidravli\u010dni industriji, zavezano zagotavljanju zanesljivih, trpe\u017enih in inovativnih izdelkov, ki opolnomo\u010dajo podjetja po vsem svetu.<\/p>\n<p class=\"break-words\">Na\u0161e podjetje zdru\u017euje najbolj\u0161e iz naprednih proizvodnih tradicij s prihodnostnim pristopom. Z dolgoletnimi izku\u0161njami na podro\u010dju hidravli\u010dnih sistemov se je FMP razvil v sodobno podjetje, ki blesti na podro\u010dju raziskav, na\u010drtovanja in proizvodnje. Specializirani smo za \u0161iroko paleto hidravli\u010dnih cilindrov, vklju\u010dno z dvostransko delujo\u010dimi cilindri, avtomobilskimi dvi\u017enimi cilindri, cilindri za kmetijsko mehanizacijo in re\u0161itvami po meri za razli\u010dne industrijske aplikacije. Ne glede na to, ali gre za gradbeni\u0161tvo, industrijske instalacije, kmetijstvo ali te\u017eko mehanizacijo, so na\u0161i hidravli\u010dni cilindri izdelani za delovanje v najte\u017ejih pogojih, kar zagotavlja varnost, u\u010dinkovitost in dolgo \u017eivljenjsko dobo.<\/p>\n<p><img loading=\"lazy\" decoding=\"async\" class=\"alignnone size-full wp-image-6720\" src=\"https:\/\/fmp-components.com\/wp-content\/uploads\/2025\/03\/hydraulic-cylinder-8.webp\" alt=\"Teleskopski hidravli\u010dni cilindri\" width=\"933\" height=\"526\" title=\"\" srcset=\"https:\/\/fmp-components.com\/wp-content\/uploads\/2025\/03\/hydraulic-cylinder-8.webp 933w, https:\/\/fmp-components.com\/wp-content\/uploads\/2025\/03\/hydraulic-cylinder-8-480x271.webp 480w\" sizes=\"(min-width: 0px) and (max-width: 480px) 480px, (min-width: 481px) 933px, 100vw\" \/><\/p>\n<p class=\"break-words\">V podjetju FMP smo ponosni na na\u0161e najsodobnej\u0161e proizvodne obrate, opremljene s preciznimi stroji in naprednimi sistemi za testiranje. Na\u0161i proizvodni procesi so v skladu s strogimi nacionalnimi in mednarodnimi standardi, kar zagotavlja, da je vsak hidravli\u010dni valj, ki zapusti na\u0161o tovarno, vrhunske kakovosti in zanesljivosti. Na\u0161a usposobljena tehni\u010dna ekipa nam skupaj z najsodobnej\u0161o opremo omogo\u010da strog nadzor kakovosti na vsaki stopnji proizvodnje \u2013 od izbire surovin do kon\u010dnega pregleda. Ta predanost odli\u010dnosti nam je prinesla certifikate in priznanja s strani industrijskih organov, kar je \u0161e utrdilo na\u0161 ugled zanesljivega partnerja.<\/p>\n<p class=\"break-words\">Na\u0161e poslanstvo je preprosto, a ambiciozno: strankam zagotoviti hidravli\u010dne cilindre, ki presegajo pri\u010dakovanja glede zmogljivosti, vzdr\u017eljivosti in vrednosti. Delujemo po vodilnih na\u010delih profesionalnosti, integritete in osredoto\u010denosti na stranke. Z gojenjem kulture inovacij in natan\u010dnosti nenehno izpopolnjujemo na\u0161e izdelke, da bi ostali v ospredju na konkuren\u010dnem trgu. Na\u0161a celovita ponudba izdelkov in sposobnost ponujanja prilagojenih re\u0161itev nas uvr\u0161\u010data med prva izbira podjetij, ki i\u0161\u010dejo visokozmogljive hidravli\u010dne cilindre.<\/p>\n<p class=\"break-words\">FMP ni le proizvajalec \u2013 smo partner pri va\u0161em uspehu. Razumemo, da se na\u0161e stranke zana\u0161ajo na nas pri dobavi orodij, ki izbolj\u0161ujejo njihovo produktivnost in varnost. Zato smo zavezani k ponujanju ne le vrhunskih izdelkov, temve\u010d tudi izjemne storitve. Od za\u010detnega posvetovanja do poprodajne podpore tesno sodelujemo z na\u0161imi strankami, da zagotovimo, da so njihove potrebe izpolnjene profesionalno in skrbno. Na\u0161e konkuren\u010dne cene, skupaj z na\u0161o neomajno zavezanostjo kakovosti, naredijo FMP pametno izbiro za podjetja, ki \u017eelijo vlagati v hidravli\u010dne re\u0161itve, ki jim lahko zaupajo.<\/p>","protected":false},"excerpt":{"rendered":"<p>Professional Small Dump Truck Hydraulic Hoist Cylinder Multistage Hydraulic Cylinder Our Professional Small Dump Truck Hydraulic Hoist Cylinder Multistage hydraulic cylinder is a state-of-the-art product that offers unparalleled quality and performance. Designed with efficiency and reliability in mind, this hydraulic cylinder is perfect for various applications in machinery repair shops, farms, energy and mining industries, [&hellip;]<\/p>","protected":false},"featured_media":6806,"comment_status":"closed","ping_status":"closed","template":"","meta":{"_et_pb_use_builder":"","_et_pb_old_content":"","_et_gb_content_width":""},"product_brand":[],"product_cat":[103],"product_tag":[34,105],"class_list":{"0":"post-6625","1":"product","2":"type-product","3":"status-publish","4":"has-post-thumbnail","6":"product_cat-telescopic-hydraulic-cylinders","7":"product_tag-hydraulic-cylinder","8":"product_tag-telescopic-hydraulic-cylinders","10":"first","11":"instock","12":"product-type-simple"},"_links":{"self":[{"href":"https:\/\/fmp-components.com\/sl\/wp-json\/wp\/v2\/product\/6625","targetHints":{"allow":["GET"]}}],"collection":[{"href":"https:\/\/fmp-components.com\/sl\/wp-json\/wp\/v2\/product"}],"about":[{"href":"https:\/\/fmp-components.com\/sl\/wp-json\/wp\/v2\/types\/product"}],"replies":[{"embeddable":true,"href":"https:\/\/fmp-components.com\/sl\/wp-json\/wp\/v2\/comments?post=6625"}],"wp:featuredmedia":[{"embeddable":true,"href":"https:\/\/fmp-components.com\/sl\/wp-json\/wp\/v2\/media\/6806"}],"wp:attachment":[{"href":"https:\/\/fmp-components.com\/sl\/wp-json\/wp\/v2\/media?parent=6625"}],"wp:term":[{"taxonomy":"product_brand","embeddable":true,"href":"https:\/\/fmp-components.com\/sl\/wp-json\/wp\/v2\/product_brand?post=6625"},{"taxonomy":"product_cat","embeddable":true,"href":"https:\/\/fmp-components.com\/sl\/wp-json\/wp\/v2\/product_cat?post=6625"},{"taxonomy":"product_tag","embeddable":true,"href":"https:\/\/fmp-components.com\/sl\/wp-json\/wp\/v2\/product_tag?post=6625"}],"curies":[{"name":"delovni list","href":"https:\/\/api.w.org\/{rel}","templated":true}]}}