{"id":6621,"date":"2025-03-11T06:33:57","date_gmt":"2025-03-11T06:33:57","guid":{"rendered":"https:\/\/fmp-components.com\/product\/premium-quality-dump-truck-hydraulic-hoist-cylinder-double-acting-hydraulic-cylinder"},"modified":"2025-03-14T00:55:26","modified_gmt":"2025-03-14T00:55:26","slug":"premium-quality-dump-truck-hydraulic-hoist-cylinder-double-acting-hydraulic-cylinder","status":"publish","type":"product","link":"https:\/\/fmp-components.com\/sl\/product\/premium-quality-dump-truck-hydraulic-hoist-cylinder-double-acting-hydraulic-cylinder\/","title":{"rendered":"Dvosmerni hidravli\u010dni cilinder za dvigalo prekucnikov vrhunske kakovosti"},"content":{"rendered":"<h2>Visokokakovostni hidravli\u010dni dvi\u017eni cilinder za prekucnike<\/h2>\n<p>Na\u0161 visokokakovostni hidravli\u010dni dvi\u017eni cilinder za prekucnike je dvosmerno delujo\u010di hidravli\u010dni cilinder, ki zagotavlja vrhunsko zmogljivost v vseh ustreznih panogah. Ne glede na to, ali se ukvarjate s popravilom strojev, kmetijstvom, energetiko in rudarstvom, proizvodnjo strojev ali imate tovarno strojev, je ta hidravli\u010dni cilinder izdelan tako, da izjemno zadovolji va\u0161e potrebe.<\/p>\n<h3>Specifikacije izdelka<\/h3>\n<p>Na\u0161 hidravli\u010dni cilinder je nov in ima enoletno garancijo. Gre za standardni ve\u010dstopenjski hidravli\u010dni cilinder z batno strukturo. Ohi\u0161je je izdelano iz jekla in ima najve\u010dji potisk 3000. Najve\u010dja vle\u010dna sila na\u0161ega hidravli\u010dnega cilindra je 20 ton in ima certifikat ISO9001:2000.<\/p>\n<table style=\"width: 95.0781%;\" border=\"\">\n<tbody>\n<tr>\n<th style=\"width: 42.8571%;\">Velikost izvrtine<\/th>\n<th style=\"width: 396%;\">2\u20136 palcev<\/th>\n<\/tr>\n<tr>\n<th style=\"width: 42.8571%;\">Velikost palice<\/th>\n<th style=\"width: 396%;\">1,125-4 palca<\/th>\n<\/tr>\n<tr>\n<th style=\"width: 42.8571%;\">Velikost poteze<\/th>\n<th style=\"width: 396%;\">4\u2013100 palcev<\/th>\n<\/tr>\n<tr>\n<th style=\"width: 42.8571%;\">Velikost zati\u010da<\/th>\n<th style=\"width: 396%;\">0,5\u20132 palca<\/th>\n<\/tr>\n<tr>\n<th style=\"width: 42.8571%;\">Pristani\u0161\u010da<\/th>\n<th style=\"width: 396%;\">G\/SAE\/NPT\/M<\/th>\n<\/tr>\n<\/tbody>\n<\/table>\n<h2>Zna\u010dilnosti in prednosti izdelka<\/h2>\n<ul>\n<li>Energetsko u\u010dinkovito<\/li>\n<li>Zelo u\u010dinkovito<\/li>\n<li>Zagotovljena varnost<\/li>\n<\/ul>\n<h2>Na\u010delo delovanja hidravli\u010dnega sistema<\/h2>\n<p>Na\u0161 hidravli\u010dni valj deluje na principu fluidne sile, tehnologije, ki izkori\u0161\u010da nestisljivost hidravli\u010dne teko\u010dine za prenos sile in izvajanje mehanskih nalog. Ko se hidravli\u010dna teko\u010dina pod tlakom vnese v valj, deluje na bat v notranjosti. Ta sila povzro\u010di premikanje bata, kar nato poganja pritrjeno palico, da se iztegne ali umakne. Temeljni koncept tega delovanja je Pascalov zakon, ki pravi, da se vsaka sprememba tlaka, ki se izvaja na omejeno teko\u010dino, enakomerno prena\u0161a v vse smeri. To omogo\u010da, da relativno majhna vhodna sila ustvari veliko ve\u010djo izhodno silo, zaradi \u010desar so hidravli\u010dni sistemi neverjetno u\u010dinkoviti za dvigovanje in premikanje te\u017ekih bremen.<\/p>\n<p>Zasnova hidravli\u010dnega cilindra vklju\u010duje razli\u010dne komponente, kot so tesnila in ventili, ki pomagajo nadzorovati pretok teko\u010dine in zagotavljajo nemoteno delovanje. Z uravnavanjem tlaka in pretoka hidravli\u010dne teko\u010dine lahko upravljavci dose\u017eejo natan\u010dne gibe in nadzor nad opremo, zaradi \u010desar so hidravli\u010dni sistemi idealni za naloge, ki zahtevajo tako mo\u010d kot natan\u010dnost.<\/p>\n<p><img loading=\"lazy\" decoding=\"async\" class=\"alignnone  wp-image-6663\" src=\"https:\/\/fmp-components.com\/wp-content\/uploads\/2025\/03\/telescopic-hydraulic-cylinder-11.webp\" alt=\"teleskopski hidravli\u010dni cilinder\" width=\"784\" height=\"784\" title=\"\" srcset=\"https:\/\/fmp-components.com\/wp-content\/uploads\/2025\/03\/telescopic-hydraulic-cylinder-11.webp 784w, https:\/\/fmp-components.com\/wp-content\/uploads\/2025\/03\/telescopic-hydraulic-cylinder-11-480x480.webp 480w\" sizes=\"(min-width: 0px) and (max-width: 480px) 480px, (min-width: 481px) 784px, 100vw\" \/><\/p>\n<h3>Uporaba hidravli\u010dnega cilindra<\/h3>\n<p>Zaradi vsestranskosti na\u0161ega hidravli\u010dnega dvi\u017enega cilindra je bistvena komponenta v razli\u010dnih aplikacijah, zlasti v gradbeni\u0161tvu in transportnem sektorju. Ta vrsta hidravli\u010dnega cilindra se pogosto uporablja v prekucnikih, kjer igra klju\u010dno vlogo pri dvigovanju kesona tovornjaka za la\u017eje razkladanje materialov, kot so gramoz, pesek ali ru\u0161evine. Zmo\u017enost u\u010dinkovitega dvigovanja in spu\u0161\u010danja kesona tovornjaka pove\u010duje produktivnost in varnost na gradbi\u0161\u010dih.<\/p>\n<p>Poleg prekucnikov se hidravli\u010dni dvi\u017eni cilindri pogosto uporabljajo tudi v bagrih in nakladalnikih. V bagrih so ti cilindri odgovorni za nadzor gibanja roke in roke, kar omogo\u010da natan\u010dno kopanje, dvigovanje in odlaganje materialov. Podobno pri nakladalnikih hidravli\u010dni cilindri omogo\u010dajo dvigovanje in nagibanje \u017elice, kar olaj\u0161a prevoz in nalaganje materialov.<\/p>\n<p>Uporaba hidravli\u010dnih cilindrov sega onkraj gradbenih strojev; najdemo jih tudi v razli\u010dni industrijski opremi, kot so vili\u010darji in sistemi za ravnanje z materiali, kjer zagotavljajo potrebno silo za dvigovanje te\u017ekih bremen in izbolj\u0161anje u\u010dinkovitosti delovanja. Zaradi svoje robustne zasnove in visoke izhodne mo\u010di so nepogre\u0161ljivi za naloge, ki zahtevajo dvigovanje in premikanje te\u017ekih bremen, saj zagotavljajo nemoteno in u\u010dinkovito delovanje strojev v zahtevnih okoljih.<\/p>\n<p>Na splo\u0161no hidravli\u010dni dvi\u017eni valj ponazarja u\u010dinkovitost hidravli\u010dnih sistemov v sodobnih strojih in dokazuje njihovo sposobnost opravljanja kompleksnih nalog z zanesljivostjo in natan\u010dnostjo v ve\u010d panogah.<\/p>\n<p><img alt=\"\" \/><\/p>\n<h2>Pogosta vpra\u0161anja<\/h2>\n<p><span>V: Ali ste trgovsko podjetje ali proizvajalec?<\/span><br \/>\n<span>A: Smo tovarna.<\/span><br \/>\n<span>V: Koliko \u010dasa traja va\u0161a dobavni rok?<\/span><br \/>\n<span>A: Na splo\u0161no je to 25-35 dni.<\/span><br \/>\n<span>V: Ali ponujate vzorce? So brezpla\u010dni ali dodatni?<\/span><br \/>\n<span>O: Da, lahko ponudimo vzorec, vendar ni brezpla\u010den.<\/span><\/p>\n<h3>O FMP-ju<\/h3>\n<p class=\"break-words\">FMP je vodilni italijanski proizvajalec, specializiran za na\u010drtovanje, razvoj in proizvodnjo visokokakovostnih hidravli\u010dnih cilindrov. Z bogato dedi\u0161\u010dino, ki temelji na desetletjih strokovnega znanja, ponosno zdru\u017eujemo italijansko obrt z najsodobnej\u0161o tehnologijo, da bi zagotovili izjemne hidravli\u010dne re\u0161itve, prilagojene raznolikim potrebam na\u0161ih strank po vsem svetu. FMP s sede\u017eem v Italiji, sredi\u0161\u010du in\u017eenirske odli\u010dnosti, velja za zaupanja vredno ime v hidravli\u010dni industriji, zavezano zagotavljanju zanesljivih, trpe\u017enih in inovativnih izdelkov, ki opolnomo\u010dajo podjetja po vsem svetu.<\/p>\n<p class=\"break-words\">Na\u0161e podjetje zdru\u017euje najbolj\u0161e iz naprednih proizvodnih tradicij s prihodnostnim pristopom. Z dolgoletnimi izku\u0161njami na podro\u010dju hidravli\u010dnih sistemov se je FMP razvil v sodobno podjetje, ki blesti na podro\u010dju raziskav, na\u010drtovanja in proizvodnje. Specializirani smo za \u0161iroko paleto hidravli\u010dnih cilindrov, vklju\u010dno z dvostransko delujo\u010dimi cilindri, avtomobilskimi dvi\u017enimi cilindri, cilindri za kmetijsko mehanizacijo in re\u0161itvami po meri za razli\u010dne industrijske aplikacije. Ne glede na to, ali gre za gradbeni\u0161tvo, industrijske instalacije, kmetijstvo ali te\u017eko mehanizacijo, so na\u0161i hidravli\u010dni cilindri izdelani za delovanje v najte\u017ejih pogojih, kar zagotavlja varnost, u\u010dinkovitost in dolgo \u017eivljenjsko dobo.<\/p>\n<p><img loading=\"lazy\" decoding=\"async\" class=\"alignnone size-full wp-image-6720\" src=\"https:\/\/fmp-components.com\/wp-content\/uploads\/2025\/03\/hydraulic-cylinder-8.webp\" alt=\"Teleskopski hidravli\u010dni cilindri\" width=\"933\" height=\"526\" title=\"\" srcset=\"https:\/\/fmp-components.com\/wp-content\/uploads\/2025\/03\/hydraulic-cylinder-8.webp 933w, https:\/\/fmp-components.com\/wp-content\/uploads\/2025\/03\/hydraulic-cylinder-8-480x271.webp 480w\" sizes=\"(min-width: 0px) and (max-width: 480px) 480px, (min-width: 481px) 933px, 100vw\" \/><\/p>\n<p class=\"break-words\">V podjetju FMP smo ponosni na na\u0161e najsodobnej\u0161e proizvodne obrate, opremljene s preciznimi stroji in naprednimi sistemi za testiranje. Na\u0161i proizvodni procesi so v skladu s strogimi nacionalnimi in mednarodnimi standardi, kar zagotavlja, da je vsak hidravli\u010dni valj, ki zapusti na\u0161o tovarno, vrhunske kakovosti in zanesljivosti. Na\u0161a usposobljena tehni\u010dna ekipa nam skupaj z najsodobnej\u0161o opremo omogo\u010da strog nadzor kakovosti na vsaki stopnji proizvodnje \u2013 od izbire surovin do kon\u010dnega pregleda. Ta predanost odli\u010dnosti nam je prinesla certifikate in priznanja s strani industrijskih organov, kar je \u0161e utrdilo na\u0161 ugled zanesljivega partnerja.<\/p>\n<p class=\"break-words\">Na\u0161e poslanstvo je preprosto, a ambiciozno: strankam zagotoviti hidravli\u010dne cilindre, ki presegajo pri\u010dakovanja glede zmogljivosti, vzdr\u017eljivosti in vrednosti. Delujemo po vodilnih na\u010delih profesionalnosti, integritete in osredoto\u010denosti na stranke. Z gojenjem kulture inovacij in natan\u010dnosti nenehno izpopolnjujemo na\u0161e izdelke, da bi ostali v ospredju na konkuren\u010dnem trgu. Na\u0161a celovita ponudba izdelkov in sposobnost ponujanja prilagojenih re\u0161itev nas uvr\u0161\u010data med prva izbira podjetij, ki i\u0161\u010dejo visokozmogljive hidravli\u010dne cilindre.<\/p>\n<p class=\"break-words\">FMP ni le proizvajalec \u2013 smo partner pri va\u0161em uspehu. Razumemo, da se na\u0161e stranke zana\u0161ajo na nas pri dobavi orodij, ki izbolj\u0161ujejo njihovo produktivnost in varnost. Zato smo zavezani k ponujanju ne le vrhunskih izdelkov, temve\u010d tudi izjemne storitve. Od za\u010detnega posvetovanja do poprodajne podpore tesno sodelujemo z na\u0161imi strankami, da zagotovimo, da so njihove potrebe izpolnjene profesionalno in skrbno. Na\u0161e konkuren\u010dne cene, skupaj z na\u0161o neomajno zavezanostjo kakovosti, naredijo FMP pametno izbiro za podjetja, ki \u017eelijo vlagati v hidravli\u010dne re\u0161itve, ki jim lahko zaupajo.<\/p>","protected":false},"excerpt":{"rendered":"<p>Premium Quality Dump Truck Hydraulic Hoist Cylinder Our Premium Quality Dump Truck Hydraulic Hoist Cylinder is a double acting hydraulic cylinder that delivers top-notch performance in all applicable industries. Whether you are into machinery repair, farming, energy and mining, machinery manufacturing, or you own a machinery factory, this hydraulic cylinder is crafted to serve your [&hellip;]<\/p>","protected":false},"featured_media":6789,"comment_status":"closed","ping_status":"closed","template":"","meta":{"_et_pb_use_builder":"","_et_pb_old_content":"","_et_gb_content_width":""},"product_brand":[],"product_cat":[103],"product_tag":[34,105],"class_list":{"0":"post-6621","1":"product","2":"type-product","3":"status-publish","4":"has-post-thumbnail","6":"product_cat-telescopic-hydraulic-cylinders","7":"product_tag-hydraulic-cylinder","8":"product_tag-telescopic-hydraulic-cylinders","10":"first","11":"instock","12":"product-type-simple"},"_links":{"self":[{"href":"https:\/\/fmp-components.com\/sl\/wp-json\/wp\/v2\/product\/6621","targetHints":{"allow":["GET"]}}],"collection":[{"href":"https:\/\/fmp-components.com\/sl\/wp-json\/wp\/v2\/product"}],"about":[{"href":"https:\/\/fmp-components.com\/sl\/wp-json\/wp\/v2\/types\/product"}],"replies":[{"embeddable":true,"href":"https:\/\/fmp-components.com\/sl\/wp-json\/wp\/v2\/comments?post=6621"}],"wp:featuredmedia":[{"embeddable":true,"href":"https:\/\/fmp-components.com\/sl\/wp-json\/wp\/v2\/media\/6789"}],"wp:attachment":[{"href":"https:\/\/fmp-components.com\/sl\/wp-json\/wp\/v2\/media?parent=6621"}],"wp:term":[{"taxonomy":"product_brand","embeddable":true,"href":"https:\/\/fmp-components.com\/sl\/wp-json\/wp\/v2\/product_brand?post=6621"},{"taxonomy":"product_cat","embeddable":true,"href":"https:\/\/fmp-components.com\/sl\/wp-json\/wp\/v2\/product_cat?post=6621"},{"taxonomy":"product_tag","embeddable":true,"href":"https:\/\/fmp-components.com\/sl\/wp-json\/wp\/v2\/product_tag?post=6621"}],"curies":[{"name":"delovni list","href":"https:\/\/api.w.org\/{rel}","templated":true}]}}