{"id":6619,"date":"2025-03-11T06:33:57","date_gmt":"2025-03-11T06:33:57","guid":{"rendered":"https:\/\/fmp-components.com\/product\/hot-sale-2-stage-dump-truck-hydraulic-hoist-cylinder-multistage-hydraulic-cylinder"},"modified":"2025-03-14T01:47:45","modified_gmt":"2025-03-14T01:47:45","slug":"hot-sale-2-stage-dump-truck-hydraulic-hoist-cylinder-multistage-hydraulic-cylinder","status":"publish","type":"product","link":"https:\/\/fmp-components.com\/sl\/product\/hot-sale-2-stage-dump-truck-hydraulic-hoist-cylinder-multistage-hydraulic-cylinder\/","title":{"rendered":"Vro\u010de razprodaja 2-stopenjski hidravli\u010dni dvi\u017eni cilinder za prekucnike ve\u010dstopenjski hidravli\u010dni cilinder"},"content":{"rendered":"<h2>Vro\u010de razprodaja 2-stopenjski hidravli\u010dni dvi\u017eni cilinder za prekucnike ve\u010dstopenjski hidravli\u010dni cilinder<\/h2>\n<p>Izkusite izjemno u\u010dinkovitost in mo\u010d z na\u0161im dvostopenjskim hidravli\u010dnim dvi\u017enim cilindrom za prekucnike. Ta ve\u010dstopenjski hidravli\u010dni cilinder, nov na trgu leta 2025, je zasnovan tako, da nudi vrhunsko zmogljivost v razli\u010dnih panogah, vklju\u010dno s servisnimi delavnicami, kmetijstvom, energetiko in rudarstvom, proizvodnjo strojev in tovarnami strojev.<\/p>\n<h3>Specifikacije izdelka<\/h3>\n<p>Na\u0161 dvostopenjski hidravli\u010dni dvi\u017eni cilinder za prekucnike je standarden in ima enoletno garancijo. Cilinder, izdelan iz jekla, ima najve\u010dji potisk 3000 in najve\u010dji vle\u010dni moment 20 ton. Velikost izvrtine se giblje od 2 do 6 palcev, z velikostjo palice od 1,125 do 4 palcev in velikostjo hoda od 4 do 100 palcev. Ta ve\u010dstopenjski hidravli\u010dni cilinder ima certifikat ISO9001:2000, kar zagotavlja njegovo kakovost in zanesljivost.<\/p>\n<table style=\"width: 94.2569%;\" border=\"\">\n<tbody>\n<tr>\n<td style=\"width: 43.4286%;\"><b>Velikost izvrtine<\/b><\/td>\n<td style=\"width: 390.286%;\">2\u20136 palcev<\/td>\n<\/tr>\n<tr>\n<td style=\"width: 43.4286%;\"><b>Velikost palice<\/b><\/td>\n<td style=\"width: 390.286%;\">1,125-4 palca<\/td>\n<\/tr>\n<tr>\n<td style=\"width: 43.4286%;\"><b>Velikost poteze<\/b><\/td>\n<td style=\"width: 390.286%;\">4\u2013100 palcev<\/td>\n<\/tr>\n<tr>\n<td style=\"width: 43.4286%;\"><b>Velikost zati\u010da<\/b><\/td>\n<td style=\"width: 390.286%;\">0,5\u20132 palca<\/td>\n<\/tr>\n<tr>\n<td style=\"width: 43.4286%;\"><b>Pristani\u0161\u010da<\/b><\/td>\n<td style=\"width: 390.286%;\">G\/SAE\/NPT\/M<\/td>\n<\/tr>\n<\/tbody>\n<\/table>\n<h2>Edinstvene lastnosti in prednosti<\/h2>\n<p>Na\u0161 ve\u010dstopenjski hidravli\u010dni cilinder ponuja ve\u010d edinstvenih prednosti. Je energetsko u\u010dinkovit in zasnovan za visoko zmogljivost, kar zagotavlja nemoteno in varno delovanje v razli\u010dnih aplikacijah.<\/p>\n<h2>Hidravli\u010dni sistemi in princip delovanja<\/h2>\n<p>Na\u0161 ve\u010dstopenjski hidravli\u010dni valj je sestavni del hidravli\u010dnih sistemov, ki je odgovoren za pretvorbo hidravli\u010dne energije v mehansko gibanje. Deluje tako, da pretvarja tlak v silo, zaradi \u010desar je nepogre\u0161ljiv sestavni del v \u0161tevilnih industrijskih aplikacijah.<\/p>\n<p><img loading=\"lazy\" decoding=\"async\" class=\"alignnone  wp-image-6767\" src=\"https:\/\/fmp-components.com\/wp-content\/uploads\/2025\/03\/Telescopic-Hydraulic-Cylinders-124.webp\" alt=\"Teleskopski hidravli\u010dni cilindri\" width=\"754\" height=\"588\" title=\"\" srcset=\"https:\/\/fmp-components.com\/wp-content\/uploads\/2025\/03\/Telescopic-Hydraulic-Cylinders-124.webp 754w, https:\/\/fmp-components.com\/wp-content\/uploads\/2025\/03\/Telescopic-Hydraulic-Cylinders-124-480x374.webp 480w\" sizes=\"(min-width: 0px) and (max-width: 480px) 480px, (min-width: 481px) 754px, 100vw\" \/><\/p>\n<h2>Prizori uporabe<\/h2>\n<p>Ta ve\u010dstopenjski hidravli\u010dni cilinder je vsestranski in se lahko uporablja v razli\u010dnih okoljih, vklju\u010dno s servisnimi delavnicami, kmetijami, energetiko in rudarstvom ter tovarnami strojev.<\/p>\n<h2>Hidravli\u010dni cilindri in pogonske enote<\/h2>\n<p>Hidravli\u010dni cilindri in pogonske enote so bistvene komponente hidravli\u010dnih sistemov. Njihova medsebojna interakcija zagotavlja \u0161iroko uporabo hidravli\u010dne tehnologije v industriji, saj zagotavlja zanesljivo napajanje in podporo krmiljenju za razli\u010dno in\u017eenirsko in mehansko opremo.<\/p>\n<h3>Pogosta vpra\u0161anja<\/h3>\n<p><b>V: Ali ste trgovsko podjetje ali proizvajalec?<\/b><br \/>\nO: Smo proizvajalec.<\/p>\n<p><b>V: Koliko \u010dasa traja va\u0161a dobavni rok?<\/b><br \/>\nA: Na splo\u0161no je to 25-35 dni.<\/p>\n<p><b>V: Ali ponujate vzorce? Je to brezpla\u010dno ali dodatno?<\/b><br \/>\nO: Da, lahko ponudimo vzorec, vendar ni brezpla\u010den.<\/p>\n<h3>O FMP-ju<\/h3>\n<p class=\"break-words\">FMP je vodilni italijanski proizvajalec, specializiran za na\u010drtovanje, razvoj in proizvodnjo visokokakovostnih hidravli\u010dnih cilindrov. Z bogato dedi\u0161\u010dino, ki temelji na desetletjih strokovnega znanja, ponosno zdru\u017eujemo italijansko obrt z najsodobnej\u0161o tehnologijo, da bi zagotovili izjemne hidravli\u010dne re\u0161itve, prilagojene raznolikim potrebam na\u0161ih strank po vsem svetu. FMP s sede\u017eem v Italiji, sredi\u0161\u010du in\u017eenirske odli\u010dnosti, velja za zaupanja vredno ime v hidravli\u010dni industriji, zavezano zagotavljanju zanesljivih, trpe\u017enih in inovativnih izdelkov, ki opolnomo\u010dajo podjetja po vsem svetu.<\/p>\n<p class=\"break-words\">Na\u0161e podjetje zdru\u017euje najbolj\u0161e iz naprednih proizvodnih tradicij s prihodnostnim pristopom. Z dolgoletnimi izku\u0161njami na podro\u010dju hidravli\u010dnih sistemov se je FMP razvil v sodobno podjetje, ki blesti na podro\u010dju raziskav, na\u010drtovanja in proizvodnje. Specializirani smo za \u0161iroko paleto hidravli\u010dnih cilindrov, vklju\u010dno z dvostransko delujo\u010dimi cilindri, avtomobilskimi dvi\u017enimi cilindri, cilindri za kmetijsko mehanizacijo in re\u0161itvami po meri za razli\u010dne industrijske aplikacije. Ne glede na to, ali gre za gradbeni\u0161tvo, industrijske instalacije, kmetijstvo ali te\u017eko mehanizacijo, so na\u0161i hidravli\u010dni cilindri izdelani za delovanje v najte\u017ejih pogojih, kar zagotavlja varnost, u\u010dinkovitost in dolgo \u017eivljenjsko dobo.<\/p>\n<p><img loading=\"lazy\" decoding=\"async\" class=\"alignnone size-full wp-image-6720\" src=\"https:\/\/fmp-components.com\/wp-content\/uploads\/2025\/03\/hydraulic-cylinder-8.webp\" alt=\"Teleskopski hidravli\u010dni cilindri\" width=\"933\" height=\"526\" title=\"\" srcset=\"https:\/\/fmp-components.com\/wp-content\/uploads\/2025\/03\/hydraulic-cylinder-8.webp 933w, https:\/\/fmp-components.com\/wp-content\/uploads\/2025\/03\/hydraulic-cylinder-8-480x271.webp 480w\" sizes=\"(min-width: 0px) and (max-width: 480px) 480px, (min-width: 481px) 933px, 100vw\" \/><\/p>\n<p class=\"break-words\">V podjetju FMP smo ponosni na na\u0161e najsodobnej\u0161e proizvodne obrate, opremljene s preciznimi stroji in naprednimi sistemi za testiranje. Na\u0161i proizvodni procesi so v skladu s strogimi nacionalnimi in mednarodnimi standardi, kar zagotavlja, da je vsak hidravli\u010dni valj, ki zapusti na\u0161o tovarno, vrhunske kakovosti in zanesljivosti. Na\u0161a usposobljena tehni\u010dna ekipa nam skupaj z najsodobnej\u0161o opremo omogo\u010da strog nadzor kakovosti na vsaki stopnji proizvodnje \u2013 od izbire surovin do kon\u010dnega pregleda. Ta predanost odli\u010dnosti nam je prinesla certifikate in priznanja s strani industrijskih organov, kar je \u0161e utrdilo na\u0161 ugled zanesljivega partnerja.<\/p>\n<p class=\"break-words\">Na\u0161e poslanstvo je preprosto, a ambiciozno: strankam zagotoviti hidravli\u010dne cilindre, ki presegajo pri\u010dakovanja glede zmogljivosti, vzdr\u017eljivosti in vrednosti. Delujemo po vodilnih na\u010delih profesionalnosti, integritete in osredoto\u010denosti na stranke. Z gojenjem kulture inovacij in natan\u010dnosti nenehno izpopolnjujemo na\u0161e izdelke, da bi ostali v ospredju na konkuren\u010dnem trgu. Na\u0161a celovita ponudba izdelkov in sposobnost ponujanja prilagojenih re\u0161itev nas uvr\u0161\u010data med prva izbira podjetij, ki i\u0161\u010dejo visokozmogljive hidravli\u010dne cilindre.<\/p>\n<p class=\"break-words\">FMP ni le proizvajalec \u2013 smo partner pri va\u0161em uspehu. Razumemo, da se na\u0161e stranke zana\u0161ajo na nas pri dobavi orodij, ki izbolj\u0161ujejo njihovo produktivnost in varnost. Zato smo zavezani k ponujanju ne le vrhunskih izdelkov, temve\u010d tudi izjemne storitve. Od za\u010detnega posvetovanja do poprodajne podpore tesno sodelujemo z na\u0161imi strankami, da zagotovimo, da so njihove potrebe izpolnjene profesionalno in skrbno. Na\u0161e konkuren\u010dne cene, skupaj z na\u0161o neomajno zavezanostjo kakovosti, naredijo FMP pametno izbiro za podjetja, ki \u017eelijo vlagati v hidravli\u010dne re\u0161itve, ki jim lahko zaupajo.<\/p>","protected":false},"excerpt":{"rendered":"<p>Hot Sale 2 Stage Dump Truck Hydraulic Hoist Cylinder Multistage Hydraulic Cylinder Experience unprecedented efficiency and power with our 2 Stage Dump Truck Hydraulic Hoist Cylinder. This multistage hydraulic cylinder, new to the market in 2025, is designed to offer superior performance in various industries, including machinery repair shops, farms, energy &amp; mining, machinery manufacturing, [&hellip;]<\/p>","protected":false},"featured_media":6807,"comment_status":"closed","ping_status":"closed","template":"","meta":{"_et_pb_use_builder":"","_et_pb_old_content":"","_et_gb_content_width":""},"product_brand":[],"product_cat":[103],"product_tag":[34,105],"class_list":{"0":"post-6619","1":"product","2":"type-product","3":"status-publish","4":"has-post-thumbnail","6":"product_cat-telescopic-hydraulic-cylinders","7":"product_tag-hydraulic-cylinder","8":"product_tag-telescopic-hydraulic-cylinders","10":"first","11":"instock","12":"product-type-simple"},"_links":{"self":[{"href":"https:\/\/fmp-components.com\/sl\/wp-json\/wp\/v2\/product\/6619","targetHints":{"allow":["GET"]}}],"collection":[{"href":"https:\/\/fmp-components.com\/sl\/wp-json\/wp\/v2\/product"}],"about":[{"href":"https:\/\/fmp-components.com\/sl\/wp-json\/wp\/v2\/types\/product"}],"replies":[{"embeddable":true,"href":"https:\/\/fmp-components.com\/sl\/wp-json\/wp\/v2\/comments?post=6619"}],"wp:featuredmedia":[{"embeddable":true,"href":"https:\/\/fmp-components.com\/sl\/wp-json\/wp\/v2\/media\/6807"}],"wp:attachment":[{"href":"https:\/\/fmp-components.com\/sl\/wp-json\/wp\/v2\/media?parent=6619"}],"wp:term":[{"taxonomy":"product_brand","embeddable":true,"href":"https:\/\/fmp-components.com\/sl\/wp-json\/wp\/v2\/product_brand?post=6619"},{"taxonomy":"product_cat","embeddable":true,"href":"https:\/\/fmp-components.com\/sl\/wp-json\/wp\/v2\/product_cat?post=6619"},{"taxonomy":"product_tag","embeddable":true,"href":"https:\/\/fmp-components.com\/sl\/wp-json\/wp\/v2\/product_tag?post=6619"}],"curies":[{"name":"delovni list","href":"https:\/\/api.w.org\/{rel}","templated":true}]}}