{"id":6614,"date":"2025-03-11T06:33:57","date_gmt":"2025-03-11T06:33:57","guid":{"rendered":"https:\/\/fmp-components.com\/product\/quality-assurance-hydraulic-cylinder-double-acting-5-stage-hydraulic-telescopic-cylinder"},"modified":"2025-03-14T00:49:46","modified_gmt":"2025-03-14T00:49:46","slug":"quality-assurance-hydraulic-cylinder-double-acting-5-stage-hydraulic-telescopic-cylinder","status":"publish","type":"product","link":"https:\/\/fmp-components.com\/sl\/product\/quality-assurance-hydraulic-cylinder-double-acting-5-stage-hydraulic-telescopic-cylinder\/","title":{"rendered":"Hidravli\u010dni cilinder za zagotavljanje kakovosti, dvosmerni 5-stopenjski hidravli\u010dni teleskopski cilinder"},"content":{"rendered":"<h2>Hidravli\u010dni cilinder za zagotavljanje kakovosti, dvosmerni 5-stopenjski hidravli\u010dni teleskopski cilinder<\/h2>\n<p>Predstavljamo vam na\u0161 dvosmerni hidravli\u010dni teleskopski cilinder s 5-stopenjskim delovanjem, najsodobnej\u0161i izdelek, zasnovan za razli\u010dne aplikacije v panogah, kot so delavnice za popravilo strojev, kmetije, energetika in rudarstvo, proizvodnja strojev ter tovarne strojev. Ta hidravli\u010dni cilinder je izdelan z upo\u0161tevanjem najvi\u0161jih standardov kakovosti, kar zagotavlja robustno in zanesljivo delovanje.<\/p>\n<h3>Zna\u010dilnosti in prednosti izdelka<\/h3>\n<ul>\n<li>Dvojno delovanje \u2013 omogo\u010da nadzor pri iztegovanju in umikanju palice, kar zagotavlja dodatno varnost in natan\u010dnost pri delovanju.<\/li>\n<li>5-stopenjska teleskopska zasnova \u2013 ponuja dalj\u0161i delovni hod kot enostopenjski valj enake zaprte dol\u017eine.<\/li>\n<li>Jekleno ohi\u0161je \u2013 zagotavlja vzdr\u017eljivost in dolgotrajno delovanje tudi v te\u017ekih delovnih pogojih.<\/li>\n<li>Visoka zmogljivost \u2013 z najve\u010djim potiskom 3000 in najve\u010djim vle\u010dnim naporom 20 ton lahko ta hidravli\u010dni cilinder obvladuje te\u017eka dela.<\/li>\n<li>Zagotavljanje kakovosti \u2013 na\u0161 hidravli\u010dni valj ima 1-letno garancijo na klju\u010dne komponente, poro\u010dila o preskusih in certifikat ISO9001:2000.<\/li>\n<\/ul>\n<h3>Tehni\u010dne specifikacije<\/h3>\n<table style=\"width: 101.022%;\" border=\"\">\n<tbody>\n<tr>\n<td style=\"width: 42.8571%;\"><i>Velikost izvrtine<\/i><\/td>\n<td style=\"width: 411.429%;\">2\u20136 palcev<\/td>\n<\/tr>\n<tr>\n<td style=\"width: 42.8571%;\"><i>Velikost palice<\/i><\/td>\n<td style=\"width: 411.429%;\">1,125-4 palca<\/td>\n<\/tr>\n<tr>\n<td style=\"width: 42.8571%;\"><i>Velikost poteze<\/i><\/td>\n<td style=\"width: 411.429%;\">4\u2013100 palcev<\/td>\n<\/tr>\n<tr>\n<td style=\"width: 42.8571%;\"><i>Velikost zati\u010da<\/i><\/td>\n<td style=\"width: 411.429%;\">0,5\u20132 palca<\/td>\n<\/tr>\n<tr>\n<td style=\"width: 42.8571%;\"><i>Pristani\u0161\u010da<\/i><\/td>\n<td style=\"width: 411.429%;\">G\/SAE\/NPT\/M<\/td>\n<\/tr>\n<\/tbody>\n<\/table>\n<h2>Uporaba hidravli\u010dnih cilindrov<\/h2>\n<p>Na\u0161i hidravli\u010dni cilindri se pogosto uporabljajo v najrazli\u010dnej\u0161ih aplikacijah, kar dokazuje njihovo vsestranskost in u\u010dinkovitost v razli\u010dnih sektorjih. Od delavnic za popravilo strojev do kmetijstva, proizvodnje energije, rudarstva, proizvodnje strojev in industrijskih tovarn, ti cilindri igrajo klju\u010dno vlogo pri opravljanju nalog, ki zahtevajo veliko silo in natan\u010dnost.<\/p>\n<p>Ena klju\u010dnih zna\u010dilnosti na\u0161ih hidravli\u010dnih cilindrov je njihova ve\u010dstopenjska zasnova, ki jim omogo\u010da ustvarjanje velike mo\u010di ob ohranjanju kompaktne velikosti. Zaradi tega so idealni za aplikacije, ki zahtevajo znatno silo na dolge razdalje. Na primer, v delavnicah za popravilo strojev se hidravli\u010dni cilindri uporabljajo za dvigovanje te\u017eke opreme za vzdr\u017eevanje in popravila, kar zagotavlja varnost in u\u010dinkovitost med postopkom.<\/p>\n<p>V kmetijstvu ti cilindri pomagajo pri upravljanju kmetijskih strojev, kot so traktorji in \u017eetveni stroji, kar kmetom omogo\u010da enostavno opravljanje nalog, kot so dvigovanje plugov ali prilagajanje opreme. Kmetijski sektor ima velike koristi od zmogljivih dvi\u017enih zmogljivosti hidravli\u010dnih cilindrov, kar pove\u010duje produktivnost in zmanj\u0161uje ro\u010dno delo.<\/p>\n<p>V energetski in rudarski industriji so hidravli\u010dni cilindri bistveni za upravljanje te\u017eke opreme, ki se uporablja pri vrtanju, izkopavanju in ravnanju z materiali. Zagotavljajo potrebno silo za premikanje velikih koli\u010din zemlje ali materialov, zaradi \u010desar so operacije varnej\u0161e in u\u010dinkovitej\u0161e. Poleg tega so v proizvodnji strojev in tovarnah hidravli\u010dni cilindri sestavni del monta\u017enih linij, kjer olaj\u0161ajo premikanje in postavitev komponent ter prispevajo k poenostavitvi proizvodnih procesov.<\/p>\n<p><img loading=\"lazy\" decoding=\"async\" class=\"alignnone size-full wp-image-6788\" src=\"https:\/\/fmp-components.com\/wp-content\/uploads\/2025\/03\/Telescopic-Hydraulic-Cylinders-4.webp\" alt=\"Teleskopski hidravli\u010dni cilindri\" width=\"800\" height=\"800\" title=\"\" srcset=\"https:\/\/fmp-components.com\/wp-content\/uploads\/2025\/03\/Telescopic-Hydraulic-Cylinders-4.webp 800w, https:\/\/fmp-components.com\/wp-content\/uploads\/2025\/03\/Telescopic-Hydraulic-Cylinders-4-480x480.webp 480w\" sizes=\"(min-width: 0px) and (max-width: 480px) 480px, (min-width: 481px) 800px, 100vw\" \/><\/p>\n<h2>Hidravli\u010dni cilindri in pogonske enote<\/h2>\n<p>Hidravli\u010dni cilindri in pogonske enote so temeljne komponente vsakega hidravli\u010dnega sistema, ki delujejo usklajeno, da bi pove\u010dali u\u010dinkovitost hidravli\u010dne tehnologije v industrijskih aplikacijah. Hidravli\u010dni cilinder slu\u017ei kot aktuator, ki pretvarja hidravli\u010dni tlak v mehansko gibanje, medtem ko pogonska enota ustvarja in regulira tlak hidravli\u010dne teko\u010dine, potreben za delovanje cilindra.<\/p>\n<p>Te komponente skupaj zagotavljajo, da hidravli\u010dni sistemi zagotavljajo zanesljivo mo\u010d in natan\u010den nadzor za razli\u010dno in\u017eenirsko in mehansko opremo. Sodelovanje med hidravli\u010dnimi cilindri in pogonskimi enotami omogo\u010da \u0161irok spekter uporabe, od dvigovanja in potiskanja do vpenjanja in upogibanja, zaradi \u010desar so nepogre\u0161ljivi v sodobni proizvodnji, gradbeni\u0161tvu in pridobivanju virov.<\/p>\n<p>Poleg tega njihova skupna u\u010dinkovitost ne le pove\u010da produktivnost, temve\u010d zagotavlja tudi varnost in natan\u010dnost delovanja. Z izkori\u0161\u010danjem prednosti hidravli\u010dne tehnologije lahko industrije dose\u017eejo vi\u0161jo raven zmogljivosti, zmanj\u0161ajo \u010das izpada in izbolj\u0161ajo splo\u0161no operativno u\u010dinkovitost. Ta simbioti\u010dni odnos med hidravli\u010dnimi cilindri in pogonskimi enotami ponazarja klju\u010dno vlogo, ki jo imajo hidravli\u010dni sistemi pri napredku industrijskih zmogljivosti in inovacij.<\/p>\n<h2>Pogosta vpra\u0161anja<\/h2>\n<p><b>V: Koliko \u010dasa traja va\u0161a dobavni rok?<\/b><br \/>\nA: Na splo\u0161no je to 25-35 dni.<\/p>\n<p><b>V: Ali ponujate vzorce? Je to brezpla\u010dno ali dodatno?<\/b><br \/>\nO: Da, lahko ponudimo vzorec, vendar ni brezpla\u010den.<\/p>\n<p><b>Ali lahko izdelate po vzorcih?<\/b><br \/>\nO: Da, lahko izdelamo po va\u0161ih vzorcih ali tehni\u010dnih risbah. Izdelamo lahko kalupe in vpenjala.<\/p>\n<h3>O FMP-ju<\/h3>\n<p class=\"break-words\">FMP je vodilni italijanski proizvajalec, specializiran za na\u010drtovanje, razvoj in proizvodnjo visokokakovostnih hidravli\u010dnih cilindrov. Z bogato dedi\u0161\u010dino, ki temelji na desetletjih strokovnega znanja, ponosno zdru\u017eujemo italijansko obrt z najsodobnej\u0161o tehnologijo, da bi zagotovili izjemne hidravli\u010dne re\u0161itve, prilagojene raznolikim potrebam na\u0161ih strank po vsem svetu. FMP s sede\u017eem v Italiji, sredi\u0161\u010du in\u017eenirske odli\u010dnosti, velja za zaupanja vredno ime v hidravli\u010dni industriji, zavezano zagotavljanju zanesljivih, trpe\u017enih in inovativnih izdelkov, ki opolnomo\u010dajo podjetja po vsem svetu.<\/p>\n<p class=\"break-words\">Na\u0161e podjetje zdru\u017euje najbolj\u0161e iz naprednih proizvodnih tradicij s prihodnostnim pristopom. Z dolgoletnimi izku\u0161njami na podro\u010dju hidravli\u010dnih sistemov se je FMP razvil v sodobno podjetje, ki blesti na podro\u010dju raziskav, na\u010drtovanja in proizvodnje. Specializirani smo za \u0161iroko paleto hidravli\u010dnih cilindrov, vklju\u010dno z dvostransko delujo\u010dimi cilindri, avtomobilskimi dvi\u017enimi cilindri, cilindri za kmetijsko mehanizacijo in re\u0161itvami po meri za razli\u010dne industrijske aplikacije. Ne glede na to, ali gre za gradbeni\u0161tvo, industrijske instalacije, kmetijstvo ali te\u017eko mehanizacijo, so na\u0161i hidravli\u010dni cilindri izdelani za delovanje v najte\u017ejih pogojih, kar zagotavlja varnost, u\u010dinkovitost in dolgo \u017eivljenjsko dobo.<\/p>\n<p><img loading=\"lazy\" decoding=\"async\" class=\"alignnone size-full wp-image-6720\" src=\"https:\/\/fmp-components.com\/wp-content\/uploads\/2025\/03\/hydraulic-cylinder-8.webp\" alt=\"Teleskopski hidravli\u010dni cilindri\" width=\"933\" height=\"526\" title=\"\" srcset=\"https:\/\/fmp-components.com\/wp-content\/uploads\/2025\/03\/hydraulic-cylinder-8.webp 933w, https:\/\/fmp-components.com\/wp-content\/uploads\/2025\/03\/hydraulic-cylinder-8-480x271.webp 480w\" sizes=\"(min-width: 0px) and (max-width: 480px) 480px, (min-width: 481px) 933px, 100vw\" \/><\/p>\n<p class=\"break-words\">V podjetju FMP smo ponosni na na\u0161e najsodobnej\u0161e proizvodne obrate, opremljene s preciznimi stroji in naprednimi sistemi za testiranje. Na\u0161i proizvodni procesi so v skladu s strogimi nacionalnimi in mednarodnimi standardi, kar zagotavlja, da je vsak hidravli\u010dni valj, ki zapusti na\u0161o tovarno, vrhunske kakovosti in zanesljivosti. Na\u0161a usposobljena tehni\u010dna ekipa nam skupaj z najsodobnej\u0161o opremo omogo\u010da strog nadzor kakovosti na vsaki stopnji proizvodnje \u2013 od izbire surovin do kon\u010dnega pregleda. Ta predanost odli\u010dnosti nam je prinesla certifikate in priznanja s strani industrijskih organov, kar je \u0161e utrdilo na\u0161 ugled zanesljivega partnerja.<\/p>\n<p class=\"break-words\">Na\u0161e poslanstvo je preprosto, a ambiciozno: strankam zagotoviti hidravli\u010dne cilindre, ki presegajo pri\u010dakovanja glede zmogljivosti, vzdr\u017eljivosti in vrednosti. Delujemo po vodilnih na\u010delih profesionalnosti, integritete in osredoto\u010denosti na stranke. Z gojenjem kulture inovacij in natan\u010dnosti nenehno izpopolnjujemo na\u0161e izdelke, da bi ostali v ospredju na konkuren\u010dnem trgu. Na\u0161a celovita ponudba izdelkov in sposobnost ponujanja prilagojenih re\u0161itev nas uvr\u0161\u010data med prva izbira podjetij, ki i\u0161\u010dejo visokozmogljive hidravli\u010dne cilindre.<\/p>\n<p class=\"break-words\">FMP ni le proizvajalec \u2013 smo partner pri va\u0161em uspehu. Razumemo, da se na\u0161e stranke zana\u0161ajo na nas pri dobavi orodij, ki izbolj\u0161ujejo njihovo produktivnost in varnost. Zato smo zavezani k ponujanju ne le vrhunskih izdelkov, temve\u010d tudi izjemne storitve. Od za\u010detnega posvetovanja do poprodajne podpore tesno sodelujemo z na\u0161imi strankami, da zagotovimo, da so njihove potrebe izpolnjene profesionalno in skrbno. Na\u0161e konkuren\u010dne cene, skupaj z na\u0161o neomajno zavezanostjo kakovosti, naredijo FMP pametno izbiro za podjetja, ki \u017eelijo vlagati v hidravli\u010dne re\u0161itve, ki jim lahko zaupajo.<\/p>","protected":false},"excerpt":{"rendered":"<p>Quality Assurance Hydraulic Cylinder Double Acting 5 Stage Hydraulic Telescopic Cylinder Introducing our Quality Assurance hydraulic cylinder Double Acting 5 Stage Hydraulic Telescopic Cylinder, a state-of-the-art product designed for various applications in industries such as machinery repair shops, farms, energy &amp; mining, machinery manufacturing, and from machinery factories. This hydraulic cylinder is built with the [&hellip;]<\/p>","protected":false},"featured_media":6788,"comment_status":"closed","ping_status":"closed","template":"","meta":{"_et_pb_use_builder":"","_et_pb_old_content":"","_et_gb_content_width":""},"product_brand":[],"product_cat":[103],"product_tag":[34,105],"class_list":{"0":"post-6614","1":"product","2":"type-product","3":"status-publish","4":"has-post-thumbnail","6":"product_cat-telescopic-hydraulic-cylinders","7":"product_tag-hydraulic-cylinder","8":"product_tag-telescopic-hydraulic-cylinders","10":"first","11":"instock","12":"product-type-simple"},"_links":{"self":[{"href":"https:\/\/fmp-components.com\/sl\/wp-json\/wp\/v2\/product\/6614","targetHints":{"allow":["GET"]}}],"collection":[{"href":"https:\/\/fmp-components.com\/sl\/wp-json\/wp\/v2\/product"}],"about":[{"href":"https:\/\/fmp-components.com\/sl\/wp-json\/wp\/v2\/types\/product"}],"replies":[{"embeddable":true,"href":"https:\/\/fmp-components.com\/sl\/wp-json\/wp\/v2\/comments?post=6614"}],"wp:featuredmedia":[{"embeddable":true,"href":"https:\/\/fmp-components.com\/sl\/wp-json\/wp\/v2\/media\/6788"}],"wp:attachment":[{"href":"https:\/\/fmp-components.com\/sl\/wp-json\/wp\/v2\/media?parent=6614"}],"wp:term":[{"taxonomy":"product_brand","embeddable":true,"href":"https:\/\/fmp-components.com\/sl\/wp-json\/wp\/v2\/product_brand?post=6614"},{"taxonomy":"product_cat","embeddable":true,"href":"https:\/\/fmp-components.com\/sl\/wp-json\/wp\/v2\/product_cat?post=6614"},{"taxonomy":"product_tag","embeddable":true,"href":"https:\/\/fmp-components.com\/sl\/wp-json\/wp\/v2\/product_tag?post=6614"}],"curies":[{"name":"delovni list","href":"https:\/\/api.w.org\/{rel}","templated":true}]}}