{"id":6609,"date":"2025-03-11T06:33:57","date_gmt":"2025-03-11T06:33:57","guid":{"rendered":"https:\/\/fmp-components.com\/product\/professional-double-acting-multi-stage-hydraulic-cylinder-for-press"},"modified":"2025-03-14T01:21:24","modified_gmt":"2025-03-14T01:21:24","slug":"professional-double-acting-multi-stage-hydraulic-cylinder-for-press","status":"publish","type":"product","link":"https:\/\/fmp-components.com\/sl\/product\/professional-double-acting-multi-stage-hydraulic-cylinder-for-press\/","title":{"rendered":"Profesionalni dvostranski ve\u010dstopenjski hidravli\u010dni cilinder za stiskalnico"},"content":{"rendered":"<h2>Profesionalni dvostranski ve\u010dstopenjski hidravli\u010dni cilinder za stiskalnico<\/h2>\n<p>Profesionalni dvosmerni ve\u010dstopenjski hidravli\u010dni cilinder za stiskalnice je robusten in zanesljiv sestavni del v svetu hidravlike. Ta cilinder je zasnovan z natan\u010dnostjo in je idealen za uporabo v stiskalnicah v razli\u010dnih panogah, kot so delavnice za popravilo strojev, energetika in rudarstvo.<\/p>\n<h3>Zna\u010dilnosti in specifikacije izdelka<\/h3>\n<p>Ta hidravli\u010dni cilinder se pona\u0161a z vrsto lastnosti, zaradi katerih izstopa na svojem podro\u010dju. Ponuja najve\u010dji potisk 3000 in najve\u010dji vle\u010dni moment 20 ton. Cilinder je izdelan iz trpe\u017enega jekla in ima premer izvrtine od 2 do 6 palcev, premer palice od 1,125 do 4 palcev ter velikost hoda od 4 do 100 palcev.<\/p>\n<h3>Tehni\u010dni parametri<\/h3>\n<table style=\"width: 96.4775%;\" border=\"\">\n<tbody>\n<tr>\n<th style=\"width: 43.4286%;\">Velikost izvrtine<\/th>\n<td style=\"width: 400.571%;\">2\u20136 palcev<\/td>\n<\/tr>\n<tr>\n<th style=\"width: 43.4286%;\">Velikost palice<\/th>\n<td style=\"width: 400.571%;\">1,125-4 palca<\/td>\n<\/tr>\n<tr>\n<th style=\"width: 43.4286%;\">Velikost poteze<\/th>\n<td style=\"width: 400.571%;\">4\u2013100 palcev<\/td>\n<\/tr>\n<tr>\n<th style=\"width: 43.4286%;\">Velikost zati\u010da<\/th>\n<td style=\"width: 400.571%;\">0,5\u20132 palca<\/td>\n<\/tr>\n<tr>\n<th style=\"width: 43.4286%;\">Pristani\u0161\u010da<\/th>\n<td style=\"width: 400.571%;\">G\/SAE\/NPT\/M<\/td>\n<\/tr>\n<\/tbody>\n<\/table>\n<h2>Edinstvene prednosti<\/h2>\n<p>Ta hidravli\u010dni cilinder je energetsko u\u010dinkovit, visoko zmogljiv in varen. Njegova dvojno delujo\u010da funkcija omogo\u010da ve\u010djo u\u010dinkovitost in mo\u010d. Hidravli\u010dni cilinder ima tudi certifikat ISO9001:2000, kar zagotavlja kakovost in zanesljivost.<\/p>\n<h2>Hidravli\u010dni sistemi in na\u010dela delovanja<\/h2>\n<p>Hidravli\u010dni cilindri so temeljni sestavni del vsakega hidravli\u010dnega sistema in igrajo klju\u010dno vlogo pri pretvorbi hidravli\u010dne energije v mehansko gibanje. Ta pretvorba se dose\u017ee z uporabo hidravli\u010dne teko\u010dine, ki je pod tlakom usmerjena v valj. Ko teko\u010dina vstopi, izvaja silo na bat znotraj valja, zaradi \u010desar se ta premika. To gibanje se pretvori v linearno gibanje, ki ga je mogo\u010de izkoristiti za opravljanje razli\u010dnih industrijskih nalog, od dvigovanja te\u017ekih bremen do natan\u010dnega upravljanja strojev.<\/p>\n<p>Ena najbolj vsestranskih vrst hidravli\u010dnih cilindrov je dvostranski hidravli\u010dni cilinder. Za razliko od enostranskih cilindrov, ki se lahko premikajo le v eno smer, se lahko dvostranski cilindri s hidravli\u010dno silo umikajo in iztegujejo v obe smeri. Zaradi te zmogljivosti so idealni za \u0161irok spekter uporabe, vklju\u010dno z gradbenimi stroji, avtomobilskimi dvigali in opremo za ravnanje z materiali. Zmo\u017enost nadzora gibanja v obe smeri omogo\u010da ve\u010djo prilagodljivost in u\u010dinkovitost delovanja, zaradi \u010desar so dvostranski cilindri priljubljena izbira v \u0161tevilnih industrijskih okoljih.<\/p>\n<p><img loading=\"lazy\" decoding=\"async\" class=\"alignnone size-full wp-image-6795\" src=\"https:\/\/fmp-components.com\/wp-content\/uploads\/2025\/03\/Telescopic-Hydraulic-Cylinders-11.webp\" alt=\"Teleskopski hidravli\u010dni cilindri\" width=\"800\" height=\"800\" title=\"\" srcset=\"https:\/\/fmp-components.com\/wp-content\/uploads\/2025\/03\/Telescopic-Hydraulic-Cylinders-11.webp 800w, https:\/\/fmp-components.com\/wp-content\/uploads\/2025\/03\/Telescopic-Hydraulic-Cylinders-11-480x480.webp 480w\" sizes=\"(min-width: 0px) and (max-width: 480px) 480px, (min-width: 481px) 800px, 100vw\" \/><\/p>\n<h2>Hidravli\u010dni cilindri in pogonske enote<\/h2>\n<p>Hidravli\u010dni cilindri in pogonske enote so klju\u010dne komponente hidravli\u010dnega sistema, ki delujejo skupaj, da u\u010dinkovito izkori\u0161\u010dajo mo\u010d hidravlike. Hidravli\u010dni valj deluje kot aktuator, ki pretvarja hidravli\u010dni tlak, ki ga ustvari pogonska enota, v mehansko gibanje. Medtem je pogonska enota odgovorna za ustvarjanje in regulacijo tlaka hidravli\u010dne teko\u010dine, s \u010dimer sistemu dovaja potrebno energijo.<\/p>\n<p>To sodelovanje je bistvenega pomena za \u0161iroko uporabo hidravli\u010dne tehnologije v industrijskem sektorju. Hidravli\u010dni cilindri in pogonske enote skupaj zagotavljajo zanesljivo napajanje in natan\u010den nadzor za razli\u010dno in\u017eenirsko in mehansko opremo. Na primer, v proizvodnih okoljih ta sinergija omogo\u010da delovanje stiskalnic, transporterjev in robotskih sistemov, kar pove\u010duje produktivnost in u\u010dinkovitost.<\/p>\n<p>Poleg tega integracija hidravli\u010dnih cilindrov z pogonskimi enotami omogo\u010da izvajanje kompleksnih nalog, ki zahtevajo tako mo\u010d kot natan\u010dnost. Z nastavljanjem tlaka in pretoka hidravli\u010dne teko\u010dine lahko upravljavci dose\u017eejo natan\u010den nadzor nad gibi, zaradi \u010desar so hidravli\u010dni sistemi primerni za uporabo od dvigovanja te\u017ekih bremen do zapletenih monta\u017enih procesov.<\/p>\n<p>Skratka, kombinacija hidravli\u010dnih cilindrov in pogonskih enot ponazarja u\u010dinkovitost hidravli\u010dnih sistemov v sodobnih industrijskih aplikacijah. Njihova sposobnost brezhibnega sodelovanja zagotavlja, da lahko industrije izkoristijo hidravli\u010dno tehnologijo za izbolj\u0161anje operativne u\u010dinkovitosti, pove\u010danje varnosti in pove\u010danje splo\u0161ne produktivnosti v najrazli\u010dnej\u0161ih aplikacijah.<\/p>\n<h2>Pogosta vpra\u0161anja<\/h2>\n<p>V: Ali ste trgovsko podjetje ali proizvajalec?<br \/>\nA: Smo tovarna.<\/p>\n<p>V: Koliko \u010dasa traja va\u0161a dobavni rok?<br \/>\nA: Na splo\u0161no je to 25-35 dni.<\/p>\n<p>V: Ali lahko izdelujete po vzorcih?<br \/>\nO: Da, lahko izdelamo po va\u0161ih vzorcih ali tehni\u010dnih risbah. Izdelamo lahko kalupe in vpenjala.<\/p>\n<h3>O FMP-ju<\/h3>\n<p class=\"break-words\">FMP je vodilni italijanski proizvajalec, specializiran za na\u010drtovanje, razvoj in proizvodnjo visokokakovostnih hidravli\u010dnih cilindrov. Z bogato dedi\u0161\u010dino, ki temelji na desetletjih strokovnega znanja, ponosno zdru\u017eujemo italijansko obrt z najsodobnej\u0161o tehnologijo, da bi zagotovili izjemne hidravli\u010dne re\u0161itve, prilagojene raznolikim potrebam na\u0161ih strank po vsem svetu. FMP s sede\u017eem v Italiji, sredi\u0161\u010du in\u017eenirske odli\u010dnosti, velja za zaupanja vredno ime v hidravli\u010dni industriji, zavezano zagotavljanju zanesljivih, trpe\u017enih in inovativnih izdelkov, ki opolnomo\u010dajo podjetja po vsem svetu.<\/p>\n<p class=\"break-words\">Na\u0161e podjetje zdru\u017euje najbolj\u0161e iz naprednih proizvodnih tradicij s prihodnostnim pristopom. Z dolgoletnimi izku\u0161njami na podro\u010dju hidravli\u010dnih sistemov se je FMP razvil v sodobno podjetje, ki blesti na podro\u010dju raziskav, na\u010drtovanja in proizvodnje. Specializirani smo za \u0161iroko paleto hidravli\u010dnih cilindrov, vklju\u010dno z dvostransko delujo\u010dimi cilindri, avtomobilskimi dvi\u017enimi cilindri, cilindri za kmetijsko mehanizacijo in re\u0161itvami po meri za razli\u010dne industrijske aplikacije. Ne glede na to, ali gre za gradbeni\u0161tvo, industrijske instalacije, kmetijstvo ali te\u017eko mehanizacijo, so na\u0161i hidravli\u010dni cilindri izdelani za delovanje v najte\u017ejih pogojih, kar zagotavlja varnost, u\u010dinkovitost in dolgo \u017eivljenjsko dobo.<\/p>\n<p><img loading=\"lazy\" decoding=\"async\" class=\"alignnone size-full wp-image-6720\" src=\"https:\/\/fmp-components.com\/wp-content\/uploads\/2025\/03\/hydraulic-cylinder-8.webp\" alt=\"Teleskopski hidravli\u010dni cilindri\" width=\"933\" height=\"526\" title=\"\" srcset=\"https:\/\/fmp-components.com\/wp-content\/uploads\/2025\/03\/hydraulic-cylinder-8.webp 933w, https:\/\/fmp-components.com\/wp-content\/uploads\/2025\/03\/hydraulic-cylinder-8-480x271.webp 480w\" sizes=\"(min-width: 0px) and (max-width: 480px) 480px, (min-width: 481px) 933px, 100vw\" \/><\/p>\n<p class=\"break-words\">V podjetju FMP smo ponosni na na\u0161e najsodobnej\u0161e proizvodne obrate, opremljene s preciznimi stroji in naprednimi sistemi za testiranje. Na\u0161i proizvodni procesi so v skladu s strogimi nacionalnimi in mednarodnimi standardi, kar zagotavlja, da je vsak hidravli\u010dni valj, ki zapusti na\u0161o tovarno, vrhunske kakovosti in zanesljivosti. Na\u0161a usposobljena tehni\u010dna ekipa nam skupaj z najsodobnej\u0161o opremo omogo\u010da strog nadzor kakovosti na vsaki stopnji proizvodnje \u2013 od izbire surovin do kon\u010dnega pregleda. Ta predanost odli\u010dnosti nam je prinesla certifikate in priznanja s strani industrijskih organov, kar je \u0161e utrdilo na\u0161 ugled zanesljivega partnerja.<\/p>\n<p class=\"break-words\">Na\u0161e poslanstvo je preprosto, a ambiciozno: strankam zagotoviti hidravli\u010dne cilindre, ki presegajo pri\u010dakovanja glede zmogljivosti, vzdr\u017eljivosti in vrednosti. Delujemo po vodilnih na\u010delih profesionalnosti, integritete in osredoto\u010denosti na stranke. Z gojenjem kulture inovacij in natan\u010dnosti nenehno izpopolnjujemo na\u0161e izdelke, da bi ostali v ospredju na konkuren\u010dnem trgu. Na\u0161a celovita ponudba izdelkov in sposobnost ponujanja prilagojenih re\u0161itev nas uvr\u0161\u010data med prva izbira podjetij, ki i\u0161\u010dejo visokozmogljive hidravli\u010dne cilindre.<\/p>\n<p class=\"break-words\">FMP ni le proizvajalec \u2013 smo partner pri va\u0161em uspehu. Razumemo, da se na\u0161e stranke zana\u0161ajo na nas pri dobavi orodij, ki izbolj\u0161ujejo njihovo produktivnost in varnost. Zato smo zavezani k ponujanju ne le vrhunskih izdelkov, temve\u010d tudi izjemne storitve. Od za\u010detnega posvetovanja do poprodajne podpore tesno sodelujemo z na\u0161imi strankami, da zagotovimo, da so njihove potrebe izpolnjene profesionalno in skrbno. Na\u0161e konkuren\u010dne cene, skupaj z na\u0161o neomajno zavezanostjo kakovosti, naredijo FMP pametno izbiro za podjetja, ki \u017eelijo vlagati v hidravli\u010dne re\u0161itve, ki jim lahko zaupajo.<\/p>","protected":false},"excerpt":{"rendered":"<p>Professional Double Acting Multi Stage Hydraulic Cylinder for Press The Professional Double Acting multi stage hydraulic cylinder for press is a robust and reliable component in the world of hydraulics. Designed with precision, this cylinder is ideal for press applications in various industries such as machinery repair shops, energy, and mining. Product Features and Specifications [&hellip;]<\/p>","protected":false},"featured_media":6795,"comment_status":"closed","ping_status":"closed","template":"","meta":{"_et_pb_use_builder":"","_et_pb_old_content":"","_et_gb_content_width":""},"product_brand":[],"product_cat":[103],"product_tag":[34,105],"class_list":{"0":"post-6609","1":"product","2":"type-product","3":"status-publish","4":"has-post-thumbnail","6":"product_cat-telescopic-hydraulic-cylinders","7":"product_tag-hydraulic-cylinder","8":"product_tag-telescopic-hydraulic-cylinders","10":"first","11":"instock","12":"product-type-simple"},"_links":{"self":[{"href":"https:\/\/fmp-components.com\/sl\/wp-json\/wp\/v2\/product\/6609","targetHints":{"allow":["GET"]}}],"collection":[{"href":"https:\/\/fmp-components.com\/sl\/wp-json\/wp\/v2\/product"}],"about":[{"href":"https:\/\/fmp-components.com\/sl\/wp-json\/wp\/v2\/types\/product"}],"replies":[{"embeddable":true,"href":"https:\/\/fmp-components.com\/sl\/wp-json\/wp\/v2\/comments?post=6609"}],"wp:featuredmedia":[{"embeddable":true,"href":"https:\/\/fmp-components.com\/sl\/wp-json\/wp\/v2\/media\/6795"}],"wp:attachment":[{"href":"https:\/\/fmp-components.com\/sl\/wp-json\/wp\/v2\/media?parent=6609"}],"wp:term":[{"taxonomy":"product_brand","embeddable":true,"href":"https:\/\/fmp-components.com\/sl\/wp-json\/wp\/v2\/product_brand?post=6609"},{"taxonomy":"product_cat","embeddable":true,"href":"https:\/\/fmp-components.com\/sl\/wp-json\/wp\/v2\/product_cat?post=6609"},{"taxonomy":"product_tag","embeddable":true,"href":"https:\/\/fmp-components.com\/sl\/wp-json\/wp\/v2\/product_tag?post=6609"}],"curies":[{"name":"delovni list","href":"https:\/\/api.w.org\/{rel}","templated":true}]}}