{"id":6608,"date":"2025-03-11T06:33:57","date_gmt":"2025-03-11T06:33:57","guid":{"rendered":"https:\/\/fmp-components.com\/product\/customized-trailer-telescopic-hydraulic-cylinder-used-for-dump-truck-from-fmp"},"modified":"2025-03-14T01:34:20","modified_gmt":"2025-03-14T01:34:20","slug":"customized-trailer-telescopic-hydraulic-cylinder-used-for-dump-truck-from-fmp","status":"publish","type":"product","link":"https:\/\/fmp-components.com\/sl\/product\/customized-trailer-telescopic-hydraulic-cylinder-used-for-dump-truck-from-fmp\/","title":{"rendered":"Prilagojen teleskopski hidravli\u010dni cilinder za prikolico, ki se uporablja za prekucnike podjetja FMP"},"content":{"rendered":"<h2>Prilagojen teleskopski hidravli\u010dni cilinder za prikolico, ki se uporablja za prekucnike podjetja FMP<\/h2>\n<p>Izkusite mo\u010d in u\u010dinkovitost prilagojenega teleskopskega hidravli\u010dnega cilindra za prikolice, vrhunskega izdelka podjetja FMP. Ta hidravli\u010dni cilinder, zasnovan posebej za prekucnike, ponuja neprekosljivo zmogljivost in zanesljivost.<\/p>\n<h3>Klju\u010dne lastnosti in specifikacije<\/h3>\n<h4>Zna\u010dilnosti<\/h4>\n<ul>\n<li>Stanje: Novo<\/li>\n<li>Garancija: 1 leto<\/li>\n<li>Struktura: Batni valj<\/li>\n<li>Mo\u010d: Hidravli\u010dna<\/li>\n<li>Material ohi\u0161ja: jeklo<\/li>\n<li>Najve\u010dji potisk: 3000<\/li>\n<li>Teko\u010dina: Olje<\/li>\n<li>Najve\u010dji vlek: 600<\/li>\n<li>Certifikat: ISO9001:2000<\/li>\n<\/ul>\n<h4><span style=\"font-size: 26px;\">Edinstvene zna\u010dilnosti in prednosti<\/span><\/h4>\n<p>Na\u0161 hidravli\u010dni cilinder izstopa zaradi var\u010devanja z energijo, visoke u\u010dinkovitosti in varnostnih funkcij. Je standardni izdelek, ki ga je mogo\u010de prilagoditi va\u0161im zahtevam in predstavlja idealno re\u0161itev za razli\u010dne panoge, kot so proizvodni obrati, delavnice za popravilo strojev, kmetije ter energetski in rudarski sektor.<\/p>\n<p><img loading=\"lazy\" decoding=\"async\" class=\"alignnone size-full wp-image-6757\" src=\"https:\/\/fmp-components.com\/wp-content\/uploads\/2025\/03\/Telescopic-Hydraulic-Cylinders-114.webp\" alt=\"Teleskopski hidravli\u010dni cilindri\" width=\"2160\" height=\"2160\" title=\"\" srcset=\"https:\/\/fmp-components.com\/wp-content\/uploads\/2025\/03\/Telescopic-Hydraulic-Cylinders-114.webp 2160w, https:\/\/fmp-components.com\/wp-content\/uploads\/2025\/03\/Telescopic-Hydraulic-Cylinders-114-1280x1280.webp 1280w, https:\/\/fmp-components.com\/wp-content\/uploads\/2025\/03\/Telescopic-Hydraulic-Cylinders-114-980x980.webp 980w, https:\/\/fmp-components.com\/wp-content\/uploads\/2025\/03\/Telescopic-Hydraulic-Cylinders-114-480x480.webp 480w\" sizes=\"(min-width: 0px) and (max-width: 480px) 480px, (min-width: 481px) and (max-width: 980px) 980px, (min-width: 981px) and (max-width: 1280px) 1280px, (min-width: 1281px) 2160px, 100vw\" \/><\/p>\n<h2>Hidravli\u010dni sistem in princip delovanja<\/h2>\n<p>Hidravli\u010dni cilinder deluje tako, da pretvarja hidravli\u010dno energijo v mehansko gibanje, s \u010dimer se tlak pretvori v silo. Je bistveni sestavni del hidravli\u010dnega sistema, ki zagotavlja njegovo nemoteno delovanje. Velikost izvrtine, velikost hoda in druge parametre cilindra je mogo\u010de prilagoditi va\u0161im potrebam, kar zagotavlja prilagodljivo in prilagojeno re\u0161itev za va\u0161e podjetje.<\/p>\n<h2>Scenariji uporabe<\/h2>\n<p>Ta hidravli\u010dni cilinder se pogosto uporablja v prekucnikih, kjer zagotavlja zanesljivo in u\u010dinkovito delovanje, ki je klju\u010dnega pomena za razli\u010dna dvi\u017ena in razkladalna opravila. Njegova robustna konstrukcija je zasnovana tako, da prenese zahtevne pogoje, s katerimi se pogosto sre\u010dujemo v gradbenih in transportnih okoljih. Z visoko potisno zmogljivostjo ta hidravli\u010dni cilinder zagotavlja, da lahko prekucnik gladko dvigne in spusti svojo keson, kar omogo\u010da hitro in u\u010dinkovito razkladanje materialov, kot so gramoz, pesek in gradbeni odpadki.<\/p>\n<p>Zaradi sposobnosti delovanja pod velikimi obremenitvami in v te\u017ekih pogojih je ta hidravli\u010dni cilinder nepogre\u0161ljiv sestavni del prekucnikov. Njegova zanesljivost neposredno vpliva na splo\u0161no produktivnost gradbenih projektov, saj omogo\u010da hitrej\u0161e ravnanje z materialom in zmanj\u0161uje \u010das izpada. Ne glede na to, ali gre za mestna gradbi\u0161\u010da ali oddaljene rudarske dejavnosti, dosledno delovanje hidravli\u010dnega cilindra prispeva k u\u010dinkovitosti in uspe\u0161nosti delovanja prekucnikov.<\/p>\n<p>Poleg prekucnikov se ti hidravli\u010dni cilindri uporabljajo tudi v razli\u010dnih drugih aplikacijah, vklju\u010dno z bagri, nakladalniki in celo v kmetijski mehanizaciji. Zaradi svoje vsestranskosti in mo\u010di so primerni za \u0161irok spekter nalog, od dvigovanja in premikanja te\u017eke opreme do izvajanja natan\u010dnih operacij v proizvodnih okoljih.<\/p>\n<h2>Hidravli\u010dni cilindri in pogonske enote<\/h2>\n<p>Hidravli\u010dni cilindri in pogonske enote so sestavni deli hidravli\u010dnega sistema, pri \u010demer ima vsak klju\u010dno vlogo pri zagotavljanju u\u010dinkovite uporabe hidravli\u010dne tehnologije v vseh industrijskih sektorjih. Hidravli\u010dni cilinder deluje kot aktuator, ki pretvarja hidravli\u010dno energijo v mehansko gibanje, medtem ko pogonska enota ustvarja in uravnava tlak hidravli\u010dne teko\u010dine, potreben za delovanje cilindra.<\/p>\n<p>Te komponente skupaj zagotavljajo, da hidravli\u010dni sistemi zagotavljajo zanesljivo napajanje in podporo krmiljenju za razli\u010dno in\u017eenirsko in mehansko opremo. V proizvodnih obratih na primer sodelovanje med hidravli\u010dnimi cilindri in pogonskimi enotami omogo\u010da delovanje strojev, kot so stiskalnice, robotske roke in transportni sistemi. To partnerstvo omogo\u010da izvajanje kompleksnih nalog, ki zahtevajo tako mo\u010d kot natan\u010dnost, kar pove\u010duje splo\u0161no produktivnost.<\/p>\n<p>Poleg tega u\u010dinkovitost hidravli\u010dnih sistemov \u0161e pove\u010da mo\u017enost nadzora tlaka in pretoka teko\u010dine. To operaterjem omogo\u010da natan\u010dno nastavljene gibe, zaradi \u010desar je hidravli\u010dna tehnologija primerna za \u0161irok spekter uporabe, od dvigovanja te\u017ekih bremen do zapletenih monta\u017enih procesov.<\/p>\n<p>Skratka, sinergija med hidravli\u010dnimi cilindri in pogonskimi enotami ponazarja u\u010dinkovitost hidravli\u010dnih sistemov v sodobni industriji. Njihova skupna funkcionalnost ne le izbolj\u0161a operativno u\u010dinkovitost, temve\u010d tudi znatno prispeva k varnosti in zanesljivosti v razli\u010dnih aplikacijah, kar na koncu spodbuja inovacije in produktivnost v industrijskem okolju.<\/p>\n<h3>O FMP-ju<\/h3>\n<p class=\"break-words\">FMP je vodilni italijanski proizvajalec, specializiran za na\u010drtovanje, razvoj in proizvodnjo visokokakovostnih hidravli\u010dnih cilindrov. Z bogato dedi\u0161\u010dino, ki temelji na desetletjih strokovnega znanja, ponosno zdru\u017eujemo italijansko obrt z najsodobnej\u0161o tehnologijo, da bi zagotovili izjemne hidravli\u010dne re\u0161itve, prilagojene raznolikim potrebam na\u0161ih strank po vsem svetu. FMP s sede\u017eem v Italiji, sredi\u0161\u010du in\u017eenirske odli\u010dnosti, velja za zaupanja vredno ime v hidravli\u010dni industriji, zavezano zagotavljanju zanesljivih, trpe\u017enih in inovativnih izdelkov, ki opolnomo\u010dajo podjetja po vsem svetu.<\/p>\n<p class=\"break-words\">Na\u0161e podjetje zdru\u017euje najbolj\u0161e iz naprednih proizvodnih tradicij s prihodnostnim pristopom. Z dolgoletnimi izku\u0161njami na podro\u010dju hidravli\u010dnih sistemov se je FMP razvil v sodobno podjetje, ki blesti na podro\u010dju raziskav, na\u010drtovanja in proizvodnje. Specializirani smo za \u0161iroko paleto hidravli\u010dnih cilindrov, vklju\u010dno z dvostransko delujo\u010dimi cilindri, avtomobilskimi dvi\u017enimi cilindri, cilindri za kmetijsko mehanizacijo in re\u0161itvami po meri za razli\u010dne industrijske aplikacije. Ne glede na to, ali gre za gradbeni\u0161tvo, industrijske instalacije, kmetijstvo ali te\u017eko mehanizacijo, so na\u0161i hidravli\u010dni cilindri izdelani za delovanje v najte\u017ejih pogojih, kar zagotavlja varnost, u\u010dinkovitost in dolgo \u017eivljenjsko dobo.<\/p>\n<p><img loading=\"lazy\" decoding=\"async\" class=\"alignnone size-full wp-image-6720\" src=\"https:\/\/fmp-components.com\/wp-content\/uploads\/2025\/03\/hydraulic-cylinder-8.webp\" alt=\"Teleskopski hidravli\u010dni cilindri\" width=\"933\" height=\"526\" title=\"\" srcset=\"https:\/\/fmp-components.com\/wp-content\/uploads\/2025\/03\/hydraulic-cylinder-8.webp 933w, https:\/\/fmp-components.com\/wp-content\/uploads\/2025\/03\/hydraulic-cylinder-8-480x271.webp 480w\" sizes=\"(min-width: 0px) and (max-width: 480px) 480px, (min-width: 481px) 933px, 100vw\" \/><\/p>\n<p class=\"break-words\">V podjetju FMP smo ponosni na na\u0161e najsodobnej\u0161e proizvodne obrate, opremljene s preciznimi stroji in naprednimi sistemi za testiranje. Na\u0161i proizvodni procesi so v skladu s strogimi nacionalnimi in mednarodnimi standardi, kar zagotavlja, da je vsak hidravli\u010dni valj, ki zapusti na\u0161o tovarno, vrhunske kakovosti in zanesljivosti. Na\u0161a usposobljena tehni\u010dna ekipa nam skupaj z najsodobnej\u0161o opremo omogo\u010da strog nadzor kakovosti na vsaki stopnji proizvodnje \u2013 od izbire surovin do kon\u010dnega pregleda. Ta predanost odli\u010dnosti nam je prinesla certifikate in priznanja s strani industrijskih organov, kar je \u0161e utrdilo na\u0161 ugled zanesljivega partnerja.<\/p>\n<p class=\"break-words\">Na\u0161e poslanstvo je preprosto, a ambiciozno: strankam zagotoviti hidravli\u010dne cilindre, ki presegajo pri\u010dakovanja glede zmogljivosti, vzdr\u017eljivosti in vrednosti. Delujemo po vodilnih na\u010delih profesionalnosti, integritete in osredoto\u010denosti na stranke. Z gojenjem kulture inovacij in natan\u010dnosti nenehno izpopolnjujemo na\u0161e izdelke, da bi ostali v ospredju na konkuren\u010dnem trgu. Na\u0161a celovita ponudba izdelkov in sposobnost ponujanja prilagojenih re\u0161itev nas uvr\u0161\u010data med prva izbira podjetij, ki i\u0161\u010dejo visokozmogljive hidravli\u010dne cilindre.<\/p>\n<p class=\"break-words\">FMP ni le proizvajalec \u2013 smo partner pri va\u0161em uspehu. Razumemo, da se na\u0161e stranke zana\u0161ajo na nas pri dobavi orodij, ki izbolj\u0161ujejo njihovo produktivnost in varnost. Zato smo zavezani k ponujanju ne le vrhunskih izdelkov, temve\u010d tudi izjemne storitve. Od za\u010detnega posvetovanja do poprodajne podpore tesno sodelujemo z na\u0161imi strankami, da zagotovimo, da so njihove potrebe izpolnjene profesionalno in skrbno. Na\u0161e konkuren\u010dne cene, skupaj z na\u0161o neomajno zavezanostjo kakovosti, naredijo FMP pametno izbiro za podjetja, ki \u017eelijo vlagati v hidravli\u010dne re\u0161itve, ki jim lahko zaupajo.<\/p>","protected":false},"excerpt":{"rendered":"<p>Customized Trailer Telescopic Hydraulic Cylinder Used For Dump Truck From FMP Experience the power and efficiency of the Customized Trailer Telescopic hydraulic cylinder, a top-notch product From FMP. Designed specifically for dump trucks, this hydraulic cylinder offers unmatched performance and reliability. Key Features and Specifications Features Condition: New Warranty: 1 Year Structure: Piston Cylinder Power: [&hellip;]<\/p>","protected":false},"featured_media":6801,"comment_status":"closed","ping_status":"closed","template":"","meta":{"_et_pb_use_builder":"","_et_pb_old_content":"","_et_gb_content_width":""},"product_brand":[],"product_cat":[103],"product_tag":[34,105],"class_list":{"0":"post-6608","1":"product","2":"type-product","3":"status-publish","4":"has-post-thumbnail","6":"product_cat-telescopic-hydraulic-cylinders","7":"product_tag-hydraulic-cylinder","8":"product_tag-telescopic-hydraulic-cylinders","10":"first","11":"instock","12":"product-type-simple"},"_links":{"self":[{"href":"https:\/\/fmp-components.com\/sl\/wp-json\/wp\/v2\/product\/6608","targetHints":{"allow":["GET"]}}],"collection":[{"href":"https:\/\/fmp-components.com\/sl\/wp-json\/wp\/v2\/product"}],"about":[{"href":"https:\/\/fmp-components.com\/sl\/wp-json\/wp\/v2\/types\/product"}],"replies":[{"embeddable":true,"href":"https:\/\/fmp-components.com\/sl\/wp-json\/wp\/v2\/comments?post=6608"}],"wp:featuredmedia":[{"embeddable":true,"href":"https:\/\/fmp-components.com\/sl\/wp-json\/wp\/v2\/media\/6801"}],"wp:attachment":[{"href":"https:\/\/fmp-components.com\/sl\/wp-json\/wp\/v2\/media?parent=6608"}],"wp:term":[{"taxonomy":"product_brand","embeddable":true,"href":"https:\/\/fmp-components.com\/sl\/wp-json\/wp\/v2\/product_brand?post=6608"},{"taxonomy":"product_cat","embeddable":true,"href":"https:\/\/fmp-components.com\/sl\/wp-json\/wp\/v2\/product_cat?post=6608"},{"taxonomy":"product_tag","embeddable":true,"href":"https:\/\/fmp-components.com\/sl\/wp-json\/wp\/v2\/product_tag?post=6608"}],"curies":[{"name":"delovni list","href":"https:\/\/api.w.org\/{rel}","templated":true}]}}