{"id":6602,"date":"2025-03-11T06:32:38","date_gmt":"2025-03-11T06:32:38","guid":{"rendered":"https:\/\/fmp-components.com\/product\/multistage-customized-hydraulic-telescopic-cylinder-manufacturer-in-italy-from-fmp"},"modified":"2025-03-14T02:05:15","modified_gmt":"2025-03-14T02:05:15","slug":"multistage-customized-hydraulic-telescopic-cylinder-manufacturer-in-italy-from-fmp","status":"publish","type":"product","link":"https:\/\/fmp-components.com\/sl\/product\/multistage-customized-hydraulic-telescopic-cylinder-manufacturer-in-italy-from-fmp\/","title":{"rendered":"Proizvajalec ve\u010dstopenjskih hidravli\u010dnih teleskopskih cilindrov po meri v Italiji, FMP"},"content":{"rendered":"<h2>Proizvajalec ve\u010dstopenjskih hidravli\u010dnih teleskopskih cilindrov po meri v Italiji, FMP<\/h2>\n<p>Ve\u010dstopenjski hidravli\u010dni teleskopski cilinder po meri je vrhunski izdelek, ki ga proizvaja FMP, vodilno podjetje na podro\u010dju hidravli\u010dnega in\u017eenirstva, ustanovljeno leta 2006. Ta visokokakovosten hidravli\u010dni cilinder je zasnovan za vrhunsko funkcionalnost v razli\u010dnih panogah, vklju\u010dno s proizvodnimi obrati, delavnicami za popravilo strojev, kmetijstvom ter energetsko in rudarsko industrijo.<\/p>\n<h2><span style=\"font-size: 22px;\">Izjemne lastnosti<\/span><\/h2>\n<ul>\n<li>Energetsko u\u010dinkovito<\/li>\n<li>Visoka u\u010dinkovitost<\/li>\n<li>Zagotovljena varnost<\/li>\n<\/ul>\n<h2>Hidravli\u010dni sistem in njegovo na\u010delo delovanja<\/h2>\n<p>Na\u0161i ve\u010dstopenjski hidravli\u010dni teleskopski cilindri delujejo na preprostem principu prenosa tlaka skozi nestisljivo teko\u010dino. Cilindri pretvarjajo hidravli\u010dno energijo v mehansko energijo, kar povzro\u010di linearno silo in gibanje. To gibanje opravlja delo, potrebno v razli\u010dnih industrijskih aplikacijah.<\/p>\n<h2>Uporaba hidravli\u010dnega cilindra<\/h2>\n<p>Hidravli\u010dni cilinder ima \u0161iroko paleto uporabe v proizvodnji, kmetijstvu, energetiki in rudarstvu. Je zelo vsestranski in lahko izpolnjuje razli\u010dne industrijske potrebe.<\/p>\n<p><img loading=\"lazy\" decoding=\"async\" class=\"alignnone  wp-image-6659\" src=\"https:\/\/fmp-components.com\/wp-content\/uploads\/2025\/03\/telescopic-hydraulic-cylinder-12.webp\" alt=\"teleskopski hidravli\u010dni cilinder\" width=\"798\" height=\"798\" title=\"\" srcset=\"https:\/\/fmp-components.com\/wp-content\/uploads\/2025\/03\/telescopic-hydraulic-cylinder-12.webp 798w, https:\/\/fmp-components.com\/wp-content\/uploads\/2025\/03\/telescopic-hydraulic-cylinder-12-480x480.webp 480w\" sizes=\"(min-width: 0px) and (max-width: 480px) 480px, (min-width: 481px) 798px, 100vw\" \/><\/p>\n<h2>Hidravli\u010dni cilindri in pogonske enote<\/h2>\n<p>Hidravli\u010dni cilindri in pogonske enote so sestavni deli vsakega hidravli\u010dnega sistema. Njihov simbiotski odnos zagotavlja \u0161iroko uporabo hidravli\u010dne tehnologije v industrijskih okoljih. Hidravli\u010dni cilinder, ki deluje kot aktuator, pretvarja hidravli\u010dno energijo v mehansko gibanje in pretvarja tlak v silo. Pogonska enota pa je srce hidravli\u010dnega sistema, ki dovaja energijo in krmilne signale. Brezhibno sodelovanje med tema dvema elementoma omogo\u010da brezhibno delovanje hidravli\u010dnega sistema. Upo\u0161tevajte, da FMP ponuja tudi pogonske enote za prodajo.<img alt=\"\" \/><\/p>\n<h2>Pogosta vpra\u0161anja<\/h2>\n<p><strong>V1: Kak\u0161na je garancija za va\u0161e hidravli\u010dne cilindre?<\/strong><\/p>\n<p>A1: Za na\u0161e hidravli\u010dne cilindre nudimo 1-letno garancijo.<\/p>\n<p><strong>V2: Ali je mogo\u010de prilagoditi velikost izvrtine hidravli\u010dnega cilindra?<\/strong><\/p>\n<p>A2: Da, velikost izvrtine je mogo\u010de prilagoditi va\u0161im zahtevam.<\/p>\n<p><strong>V3: Kolik\u0161en je najve\u010dji potisk in vle\u010dna sila va\u0161ega hidravli\u010dnega cilindra?<\/strong><\/p>\n<p>A3: Najve\u010dji potisk je 3000, najve\u010dji vle\u010dni moment pa 600.<\/p>\n<h3>O FMP-ju<\/h3>\n<p class=\"break-words\">FMP je vodilni italijanski proizvajalec, specializiran za na\u010drtovanje, razvoj in proizvodnjo visokokakovostnih hidravli\u010dnih cilindrov. Z bogato dedi\u0161\u010dino, ki temelji na desetletjih strokovnega znanja, ponosno zdru\u017eujemo italijansko obrt z najsodobnej\u0161o tehnologijo, da bi zagotovili izjemne hidravli\u010dne re\u0161itve, prilagojene raznolikim potrebam na\u0161ih strank po vsem svetu. FMP s sede\u017eem v Italiji, sredi\u0161\u010du in\u017eenirske odli\u010dnosti, velja za zaupanja vredno ime v hidravli\u010dni industriji, zavezano zagotavljanju zanesljivih, trpe\u017enih in inovativnih izdelkov, ki opolnomo\u010dajo podjetja po vsem svetu.<\/p>\n<p class=\"break-words\">Na\u0161e podjetje zdru\u017euje najbolj\u0161e iz naprednih proizvodnih tradicij s prihodnostnim pristopom. Z dolgoletnimi izku\u0161njami na podro\u010dju hidravli\u010dnih sistemov se je FMP razvil v sodobno podjetje, ki blesti na podro\u010dju raziskav, na\u010drtovanja in proizvodnje. Specializirani smo za \u0161iroko paleto hidravli\u010dnih cilindrov, vklju\u010dno z dvostransko delujo\u010dimi cilindri, avtomobilskimi dvi\u017enimi cilindri, cilindri za kmetijsko mehanizacijo in re\u0161itvami po meri za razli\u010dne industrijske aplikacije. Ne glede na to, ali gre za gradbeni\u0161tvo, industrijske instalacije, kmetijstvo ali te\u017eko mehanizacijo, so na\u0161i hidravli\u010dni cilindri izdelani za delovanje v najte\u017ejih pogojih, kar zagotavlja varnost, u\u010dinkovitost in dolgo \u017eivljenjsko dobo.<\/p>\n<p><img loading=\"lazy\" decoding=\"async\" class=\"alignnone size-full wp-image-6720\" src=\"https:\/\/fmp-components.com\/wp-content\/uploads\/2025\/03\/hydraulic-cylinder-8.webp\" alt=\"Teleskopski hidravli\u010dni cilindri\" width=\"933\" height=\"526\" title=\"\" srcset=\"https:\/\/fmp-components.com\/wp-content\/uploads\/2025\/03\/hydraulic-cylinder-8.webp 933w, https:\/\/fmp-components.com\/wp-content\/uploads\/2025\/03\/hydraulic-cylinder-8-480x271.webp 480w\" sizes=\"(min-width: 0px) and (max-width: 480px) 480px, (min-width: 481px) 933px, 100vw\" \/><\/p>\n<p class=\"break-words\">V podjetju FMP smo ponosni na na\u0161e najsodobnej\u0161e proizvodne obrate, opremljene s preciznimi stroji in naprednimi sistemi za testiranje. Na\u0161i proizvodni procesi so v skladu s strogimi nacionalnimi in mednarodnimi standardi, kar zagotavlja, da je vsak hidravli\u010dni valj, ki zapusti na\u0161o tovarno, vrhunske kakovosti in zanesljivosti. Na\u0161a usposobljena tehni\u010dna ekipa nam skupaj z najsodobnej\u0161o opremo omogo\u010da strog nadzor kakovosti na vsaki stopnji proizvodnje \u2013 od izbire surovin do kon\u010dnega pregleda. Ta predanost odli\u010dnosti nam je prinesla certifikate in priznanja s strani industrijskih organov, kar je \u0161e utrdilo na\u0161 ugled zanesljivega partnerja.<\/p>\n<p class=\"break-words\">Na\u0161e poslanstvo je preprosto, a ambiciozno: strankam zagotoviti hidravli\u010dne cilindre, ki presegajo pri\u010dakovanja glede zmogljivosti, vzdr\u017eljivosti in vrednosti. Delujemo po vodilnih na\u010delih profesionalnosti, integritete in osredoto\u010denosti na stranke. Z gojenjem kulture inovacij in natan\u010dnosti nenehno izpopolnjujemo na\u0161e izdelke, da bi ostali v ospredju na konkuren\u010dnem trgu. Na\u0161a celovita ponudba izdelkov in sposobnost ponujanja prilagojenih re\u0161itev nas uvr\u0161\u010data med prva izbira podjetij, ki i\u0161\u010dejo visokozmogljive hidravli\u010dne cilindre.<\/p>\n<p class=\"break-words\">FMP ni le proizvajalec \u2013 smo partner pri va\u0161em uspehu. Razumemo, da se na\u0161e stranke zana\u0161ajo na nas pri dobavi orodij, ki izbolj\u0161ujejo njihovo produktivnost in varnost. Zato smo zavezani k ponujanju ne le vrhunskih izdelkov, temve\u010d tudi izjemne storitve. Od za\u010detnega posvetovanja do poprodajne podpore tesno sodelujemo z na\u0161imi strankami, da zagotovimo, da so njihove potrebe izpolnjene profesionalno in skrbno. Na\u0161e konkuren\u010dne cene, skupaj z na\u0161o neomajno zavezanostjo kakovosti, naredijo FMP pametno izbiro za podjetja, ki \u017eelijo vlagati v hidravli\u010dne re\u0161itve, ki jim lahko zaupajo.<\/p>","protected":false},"excerpt":{"rendered":"<p>Multistage Customized Hydraulic Telescopic Cylinder Manufacturer In Italy From FMP The Multistage Customized Hydraulic Telescopic Cylinder is a top-tier product manufactured by FMP, a leading enterprise in hydraulic engineering established in 2006. This high-quality hydraulic cylinder is designed for superior functionality in various industries including manufacturing plants, machinery repair shops, farms, and the energy and [&hellip;]<\/p>","protected":false},"featured_media":6800,"comment_status":"closed","ping_status":"closed","template":"","meta":{"_et_pb_use_builder":"","_et_pb_old_content":"","_et_gb_content_width":""},"product_brand":[],"product_cat":[103],"product_tag":[34,105],"class_list":{"0":"post-6602","1":"product","2":"type-product","3":"status-publish","4":"has-post-thumbnail","6":"product_cat-telescopic-hydraulic-cylinders","7":"product_tag-hydraulic-cylinder","8":"product_tag-telescopic-hydraulic-cylinders","10":"first","11":"instock","12":"product-type-simple"},"_links":{"self":[{"href":"https:\/\/fmp-components.com\/sl\/wp-json\/wp\/v2\/product\/6602","targetHints":{"allow":["GET"]}}],"collection":[{"href":"https:\/\/fmp-components.com\/sl\/wp-json\/wp\/v2\/product"}],"about":[{"href":"https:\/\/fmp-components.com\/sl\/wp-json\/wp\/v2\/types\/product"}],"replies":[{"embeddable":true,"href":"https:\/\/fmp-components.com\/sl\/wp-json\/wp\/v2\/comments?post=6602"}],"wp:featuredmedia":[{"embeddable":true,"href":"https:\/\/fmp-components.com\/sl\/wp-json\/wp\/v2\/media\/6800"}],"wp:attachment":[{"href":"https:\/\/fmp-components.com\/sl\/wp-json\/wp\/v2\/media?parent=6602"}],"wp:term":[{"taxonomy":"product_brand","embeddable":true,"href":"https:\/\/fmp-components.com\/sl\/wp-json\/wp\/v2\/product_brand?post=6602"},{"taxonomy":"product_cat","embeddable":true,"href":"https:\/\/fmp-components.com\/sl\/wp-json\/wp\/v2\/product_cat?post=6602"},{"taxonomy":"product_tag","embeddable":true,"href":"https:\/\/fmp-components.com\/sl\/wp-json\/wp\/v2\/product_tag?post=6602"}],"curies":[{"name":"delovni list","href":"https:\/\/api.w.org\/{rel}","templated":true}]}}