{"id":6600,"date":"2025-03-11T06:32:38","date_gmt":"2025-03-11T06:32:38","guid":{"rendered":"https:\/\/fmp-components.com\/product\/3tons-5tons-7tons-12-tons-telescopic-multistages-tipper-truck-hydraulic-cylinder-from-fmp"},"modified":"2025-03-12T03:14:59","modified_gmt":"2025-03-12T03:14:59","slug":"3tons-5tons-7tons-12-tons-telescopic-multistages-tipper-truck-hydraulic-cylinder-from-fmp","status":"publish","type":"product","link":"https:\/\/fmp-components.com\/sl\/product\/3tons-5tons-7tons-12-tons-telescopic-multistages-tipper-truck-hydraulic-cylinder-from-fmp\/","title":{"rendered":"3 tone 5 ton 7 ton 12 ton Teleskopski\/ve\u010dstopenjski hidravli\u010dni cilinder za prekucnike podjetja FMP"},"content":{"rendered":"<h2>3 tone 5 ton 7 ton 12 ton Teleskopski\/ve\u010dstopenjski hidravli\u010dni cilinder za prekucnike podjetja FMP<\/h2>\n<p>Teleskopski\/ve\u010dstopenjski hidravli\u010dni cilinder podjetja FMP je inovativna re\u0161itev za prekucnike. Ta hidravli\u010dni cilinder je zasnovan za 3-tonske, 5-tonske, 7-tonske in 12-tonske tovornjake ter zagotavlja izjemno mo\u010d in natan\u010dnost. Izdelani iz visokokakovostnega jekla, ti hidravli\u010dni cilindri zagotavljajo optimalno delovanje in vzdr\u017eljivost.<\/p>\n<h3>Zna\u010dilnosti in funkcije<\/h3>\n<p>Na\u0161i hidravli\u010dni cilindri imajo certifikat ISO 9001:2000, kar je znak vrhunske kakovosti in zmogljivosti, ki odra\u017ea na\u0161o zavezanost odli\u010dnosti v proizvodnji. Z impresivnim najve\u010djim potiskom 3000 in najve\u010djim vle\u010dnim momentom 600 ti cilindri zagotavljajo zmogljivo delovanje, primerno za \u0161irok spekter industrijskih aplikacij. Premer cilindrov se giblje od 20 mm do 250 mm, kar ponuja neprimerljivo vsestranskost za razli\u010dne operativne zahteve. Ne glede na to, ali potrebujete kompaktno re\u0161itev za tesne prostore ali ve\u010dji valj za te\u017eka opravila, lahko na\u0161e izdelke prilagodimo va\u0161im specifi\u010dnim potrebam.<\/p>\n<p><img loading=\"lazy\" decoding=\"async\" class=\"alignnone  wp-image-6657\" src=\"https:\/\/fmp-components.com\/wp-content\/uploads\/2025\/03\/telescopic-hydraulic-cylinder-3.webp\" alt=\"teleskopski hidravli\u010dni cilinder\" width=\"902\" height=\"902\" title=\"\" srcset=\"https:\/\/fmp-components.com\/wp-content\/uploads\/2025\/03\/telescopic-hydraulic-cylinder-3.webp 902w, https:\/\/fmp-components.com\/wp-content\/uploads\/2025\/03\/telescopic-hydraulic-cylinder-3-480x480.webp 480w\" sizes=\"(min-width: 0px) and (max-width: 480px) 480px, (min-width: 481px) 902px, 100vw\" \/><\/p>\n<h3>Specifikacije izdelka<\/h3>\n<p>Vsak hidravli\u010dni valj je strokovno zasnovan in izdelan v skladu z natan\u010dnimi specifikacijami. Velikost izvrtine je popolnoma prilagodljiva, kar vam omogo\u010da, da izberete dimenzije, ki najbolje ustrezajo zahtevam va\u0161e aplikacije. Ta prilagodljivost zagotavlja, da prejmete izdelek, ki se popolnoma ujema z va\u0161imi operativnimi zahtevami. Poleg tega so ti valji opremljeni z visokokakovostnimi le\u017eaji kot klju\u010dnimi komponentami, kar znatno izbolj\u0161a njihovo zmogljivost in vzdr\u017eljivost. Uporaba le\u017eajev zmanj\u0161uje trenje in obrabo, kar omogo\u010da bolj gladko delovanje in podalj\u0161uje \u017eivljenjsko dobo hidravli\u010dnega valja.<\/p>\n<h3>Edinstvene lastnosti<\/h3>\n<ul>\n<li><strong>Var\u010devanje z energijo:<\/strong> Na\u0161i hidravli\u010dni cilindri so zasnovani z mislijo na var\u010devanje z energijo. Ta zasnova ne le pomaga zmanj\u0161ati obratovalne stro\u0161ke, temve\u010d prispeva tudi k okoljski trajnosti z zmanj\u0161evanjem porabe energije med delovanjem. Z optimizacijo porabe hidravli\u010dne teko\u010dine na\u0161i cilindri zagotavljajo, da lahko podjetja u\u010dinkovito dose\u017eejo svoje cilje, hkrati pa so pozorna na porabo energije.<\/li>\n<li><strong>U\u010dinkovito:<\/strong> Z uporabo napredne hidravli\u010dne tehnologije na\u0161i cilindri zagotavljajo visoko u\u010dinkovitost in zmogljivost. Ta u\u010dinkovitost se odra\u017ea v kraj\u0161ih \u010dasih ciklov in izbolj\u0161ani produktivnosti, kar omogo\u010da industrijam, da poenostavijo svoje procese in izbolj\u0161ajo splo\u0161no operativno u\u010dinkovitost.<\/li>\n<li><strong>Varnost:<\/strong> Varnost je v industrijskih aplikacijah najpomembnej\u0161a, na\u0161i hidravli\u010dni cilindri pa so izdelani iz visokokakovostnih materialov, ki zagotavljajo vzdr\u017eljivost tudi v najzahtevnej\u0161ih delovnih pogojih. Vzpostavljeni so strogi protokoli testiranja in zagotavljanja kakovosti, ki zagotavljajo, da na\u0161i izdelki izpolnjujejo najvi\u0161je varnostne standarde. Ta robustna konstrukcija ne le \u0161\u010diti upravljavce, temve\u010d tudi pove\u010duje zanesljivost strojev in omogo\u010da varnej\u0161e delovno okolje.<\/li>\n<\/ul>\n<p>Na\u0161i hidravli\u010dni cilindri so zasnovani tako, da odlikujejo zmogljivost, varnost in u\u010dinkovitost, zaradi \u010desar so idealna izbira za razli\u010dne industrijske aplikacije. S prilagodljivimi specifikacijami in zavezanostjo h kakovosti ponujamo re\u0161itve, ki podjetjem omogo\u010dajo u\u010dinkovito in varno delovanje.<\/p>\n<h3>O FMP-ju<\/h3>\n<p class=\"break-words\">FMP je vodilni italijanski proizvajalec, specializiran za na\u010drtovanje, razvoj in proizvodnjo visokokakovostnih hidravli\u010dnih cilindrov. Z bogato dedi\u0161\u010dino, ki temelji na desetletjih strokovnega znanja, ponosno zdru\u017eujemo italijansko obrt z najsodobnej\u0161o tehnologijo, da bi zagotovili izjemne hidravli\u010dne re\u0161itve, prilagojene raznolikim potrebam na\u0161ih strank po vsem svetu. FMP s sede\u017eem v Italiji, sredi\u0161\u010du in\u017eenirske odli\u010dnosti, velja za zaupanja vredno ime v hidravli\u010dni industriji, zavezano zagotavljanju zanesljivih, trpe\u017enih in inovativnih izdelkov, ki opolnomo\u010dajo podjetja po vsem svetu.<\/p>\n<p class=\"break-words\">Na\u0161e podjetje zdru\u017euje najbolj\u0161e iz naprednih proizvodnih tradicij s prihodnostnim pristopom. Z dolgoletnimi izku\u0161njami na podro\u010dju hidravli\u010dnih sistemov se je FMP razvil v sodobno podjetje, ki blesti na podro\u010dju raziskav, na\u010drtovanja in proizvodnje. Specializirani smo za \u0161iroko paleto hidravli\u010dnih cilindrov, vklju\u010dno z dvostransko delujo\u010dimi cilindri, avtomobilskimi dvi\u017enimi cilindri, cilindri za kmetijsko mehanizacijo in re\u0161itvami po meri za razli\u010dne industrijske aplikacije. Ne glede na to, ali gre za gradbeni\u0161tvo, industrijske instalacije, kmetijstvo ali te\u017eko mehanizacijo, so na\u0161i hidravli\u010dni cilindri izdelani za delovanje v najte\u017ejih pogojih, kar zagotavlja varnost, u\u010dinkovitost in dolgo \u017eivljenjsko dobo.<\/p>\n<p><img loading=\"lazy\" decoding=\"async\" class=\"alignnone size-full wp-image-6720\" src=\"https:\/\/fmp-components.com\/wp-content\/uploads\/2025\/03\/hydraulic-cylinder-8.webp\" alt=\"Teleskopski hidravli\u010dni cilindri\" width=\"933\" height=\"526\" title=\"\" srcset=\"https:\/\/fmp-components.com\/wp-content\/uploads\/2025\/03\/hydraulic-cylinder-8.webp 933w, https:\/\/fmp-components.com\/wp-content\/uploads\/2025\/03\/hydraulic-cylinder-8-480x271.webp 480w\" sizes=\"(min-width: 0px) and (max-width: 480px) 480px, (min-width: 481px) 933px, 100vw\" \/><\/p>\n<p class=\"break-words\">V podjetju FMP smo ponosni na na\u0161e najsodobnej\u0161e proizvodne obrate, opremljene s preciznimi stroji in naprednimi sistemi za testiranje. Na\u0161i proizvodni procesi so v skladu s strogimi nacionalnimi in mednarodnimi standardi, kar zagotavlja, da je vsak hidravli\u010dni valj, ki zapusti na\u0161o tovarno, vrhunske kakovosti in zanesljivosti. Na\u0161a usposobljena tehni\u010dna ekipa nam skupaj z najsodobnej\u0161o opremo omogo\u010da strog nadzor kakovosti na vsaki stopnji proizvodnje \u2013 od izbire surovin do kon\u010dnega pregleda. Ta predanost odli\u010dnosti nam je prinesla certifikate in priznanja s strani industrijskih organov, kar je \u0161e utrdilo na\u0161 ugled zanesljivega partnerja.<\/p>\n<p class=\"break-words\">Na\u0161e poslanstvo je preprosto, a ambiciozno: strankam zagotoviti hidravli\u010dne cilindre, ki presegajo pri\u010dakovanja glede zmogljivosti, vzdr\u017eljivosti in vrednosti. Delujemo po vodilnih na\u010delih profesionalnosti, integritete in osredoto\u010denosti na stranke. Z gojenjem kulture inovacij in natan\u010dnosti nenehno izpopolnjujemo na\u0161e izdelke, da bi ostali v ospredju na konkuren\u010dnem trgu. Na\u0161a celovita ponudba izdelkov in sposobnost ponujanja prilagojenih re\u0161itev nas uvr\u0161\u010data med prva izbira podjetij, ki i\u0161\u010dejo visokozmogljive hidravli\u010dne cilindre.<\/p>\n<p class=\"break-words\">FMP ni le proizvajalec \u2013 smo partner pri va\u0161em uspehu. Razumemo, da se na\u0161e stranke zana\u0161ajo na nas pri dobavi orodij, ki izbolj\u0161ujejo njihovo produktivnost in varnost. Zato smo zavezani k ponujanju ne le vrhunskih izdelkov, temve\u010d tudi izjemne storitve. Od za\u010detnega posvetovanja do poprodajne podpore tesno sodelujemo z na\u0161imi strankami, da zagotovimo, da so njihove potrebe izpolnjene profesionalno in skrbno. Na\u0161e konkuren\u010dne cene, skupaj z na\u0161o neomajno zavezanostjo kakovosti, naredijo FMP pametno izbiro za podjetja, ki \u017eelijo vlagati v hidravli\u010dne re\u0161itve, ki jim lahko zaupajo.<\/p>\n<h2>Pogosta vpra\u0161anja<\/h2>\n<h3>V1: Kak\u0161na je garancija za hidravli\u010dne cilindre?<\/h3>\n<p>Za na\u0161e hidravli\u010dne cilindre nudimo 1-letno garancijo, s katero zagotavljamo njihovo kakovost in delovanje.<\/p>\n<h3>V2: Ali lahko prilagodim velikost izvrtine hidravli\u010dnega cilindra?<\/h3>\n<p>Da, velikost izvrtine na\u0161ih hidravli\u010dnih cilindrov je mogo\u010de prilagoditi va\u0161im specifi\u010dnim zahtevam.<\/p>\n<h3>V3: Kolik\u0161en je najve\u010dji potisk in vle\u010dna sila hidravli\u010dnih cilindrov?<\/h3>\n<p>Najve\u010dji potisk na\u0161ih hidravli\u010dnih cilindrov je 3000, najve\u010dji vle\u010dni moment pa 600.<\/p>\n<p><img loading=\"lazy\" decoding=\"async\" class=\"alignnone  wp-image-6717\" src=\"https:\/\/fmp-components.com\/wp-content\/uploads\/2025\/03\/hydraulic-cylinder-211.webp\" alt=\"Hidravli\u010dni cilindri\" width=\"893\" height=\"895\" title=\"\" srcset=\"https:\/\/fmp-components.com\/wp-content\/uploads\/2025\/03\/hydraulic-cylinder-211.webp 893w, https:\/\/fmp-components.com\/wp-content\/uploads\/2025\/03\/hydraulic-cylinder-211-480x481.webp 480w\" sizes=\"(min-width: 0px) and (max-width: 480px) 480px, (min-width: 481px) 893px, 100vw\" \/><\/p>","protected":false},"excerpt":{"rendered":"<p>3 tone 5 ton 7 ton 12 ton Teleskopski\/ve\u010dstopenjski hidravli\u010dni cilinder za prekucnike znamke FMP Teleskopski\/ve\u010dstopenjski hidravli\u010dni cilinder znamke FMP je inovativna re\u0161itev za prekucnike. Ta hidravli\u010dni cilinder je zasnovan za 3-tonske, 5-tonske, 7-tonske in 12-tonske tovornjake ter zagotavlja izjemno mo\u010d in natan\u010dnost. Ti hidravli\u010dni cilindri, izdelani iz visokokakovostnega jekla, zagotavljajo optimalno delovanje in vzdr\u017eljivost. [\u2026]<\/p>","protected":false},"featured_media":6710,"comment_status":"closed","ping_status":"closed","template":"","meta":{"_et_pb_use_builder":"","_et_pb_old_content":"","_et_gb_content_width":""},"product_brand":[],"product_cat":[103],"product_tag":[34,105],"class_list":{"0":"post-6600","1":"product","2":"type-product","3":"status-publish","4":"has-post-thumbnail","6":"product_cat-telescopic-hydraulic-cylinders","7":"product_tag-hydraulic-cylinder","8":"product_tag-telescopic-hydraulic-cylinders","10":"first","11":"instock","12":"product-type-simple"},"_links":{"self":[{"href":"https:\/\/fmp-components.com\/sl\/wp-json\/wp\/v2\/product\/6600","targetHints":{"allow":["GET"]}}],"collection":[{"href":"https:\/\/fmp-components.com\/sl\/wp-json\/wp\/v2\/product"}],"about":[{"href":"https:\/\/fmp-components.com\/sl\/wp-json\/wp\/v2\/types\/product"}],"replies":[{"embeddable":true,"href":"https:\/\/fmp-components.com\/sl\/wp-json\/wp\/v2\/comments?post=6600"}],"wp:featuredmedia":[{"embeddable":true,"href":"https:\/\/fmp-components.com\/sl\/wp-json\/wp\/v2\/media\/6710"}],"wp:attachment":[{"href":"https:\/\/fmp-components.com\/sl\/wp-json\/wp\/v2\/media?parent=6600"}],"wp:term":[{"taxonomy":"product_brand","embeddable":true,"href":"https:\/\/fmp-components.com\/sl\/wp-json\/wp\/v2\/product_brand?post=6600"},{"taxonomy":"product_cat","embeddable":true,"href":"https:\/\/fmp-components.com\/sl\/wp-json\/wp\/v2\/product_cat?post=6600"},{"taxonomy":"product_tag","embeddable":true,"href":"https:\/\/fmp-components.com\/sl\/wp-json\/wp\/v2\/product_tag?post=6600"}],"curies":[{"name":"delovni list","href":"https:\/\/api.w.org\/{rel}","templated":true}]}}