{"id":6599,"date":"2025-03-11T06:32:38","date_gmt":"2025-03-11T06:32:38","guid":{"rendered":"https:\/\/fmp-components.com\/product\/telescopic-multi-stages-tipper-truck-hydraulic-cylinder-from-fmp"},"modified":"2025-03-12T03:13:48","modified_gmt":"2025-03-12T03:13:48","slug":"telescopic-multi-stages-tipper-truck-hydraulic-cylinder-from-fmp","status":"publish","type":"product","link":"https:\/\/fmp-components.com\/sl\/product\/telescopic-multi-stages-tipper-truck-hydraulic-cylinder-from-fmp\/","title":{"rendered":"Teleskopski ve\u010dstopenjski hidravli\u010dni cilinder za prekucnike podjetja FMP"},"content":{"rendered":"<h2>Teleskopski ve\u010dstopenjski hidravli\u010dni cilinder za prekucnike podjetja FMP<\/h2>\n<p>Odkrijte mo\u010d hidravlike z na\u0161im teleskopskim ve\u010dstopenjskim hidravli\u010dnim cilindrom za prekucnike. Ta inovativni izdelek podjetja FMP je zasnovan tako, da ponuja odli\u010dno zmogljivost, zanesljivost in dolgo \u017eivljenjsko dobo, zaradi \u010desar je dragocen dodatek razli\u010dnim panogam, kot so proizvodni obrati, delavnice za popravilo strojev, kmetije ter energetski in rudarski sektor.<\/p>\n<h2>Zna\u010dilnosti in specifikacije izdelka<\/h2>\n<p>Na\u0161 teleskopski ve\u010dstopenjski hidravli\u010dni cilinder za prekucnike ima \u0161tevilne funkcije, zaradi katerih izstopa na trgu. Tukaj je podroben pregled specifikacij izdelka:<\/p>\n<ul>\n<li>Stanje: Novo<\/li>\n<li>Garancija: 1 leto<\/li>\n<li>Uporabne panoge: proizvodni obrati, delavnice za popravilo strojev, kmetije, energetika in rudarstvo<\/li>\n<li>Video izhodni pregled: Zagotovljeno<\/li>\n<li>Poro\u010dilo o preskusu strojev: Zagotovljeno<\/li>\n<li>Vrsta tr\u017eenja: Nov izdelek 2021<\/li>\n<li>Garancija za klju\u010dne komponente: 1 leto<\/li>\n<li>Osnovne komponente: Le\u017eaj<\/li>\n<li>Standardno ali nestandardno: Standardno<\/li>\n<li>Struktura: Batni valj<\/li>\n<li>Mo\u010d: Hidravli\u010dna<\/li>\n<li>Material ohi\u0161ja: jeklo<\/li>\n<li>Najve\u010dji potisk: 3000<\/li>\n<li>Tip: Majhni hidravli\u010dni cilindri<\/li>\n<li>Velikost izvrtine: Glede na va\u0161e zahteve<\/li>\n<li>Najve\u010dji vlek: 600<\/li>\n<li>Certifikat: ISO9001:2000<\/li>\n<li>Teko\u010dina: Olje<\/li>\n<li>Premer valja: 20~250 mm<\/li>\n<li>Podrobnosti o embala\u017ei: \u017delezna \u0161katla, \u0161katla iz vezanega lesa ali kartonska \u0161katla<\/li>\n<\/ul>\n<h2>Edinstvene lastnosti in prednosti<\/h2>\n<p>Na\u0161 teleskopski ve\u010dstopenjski hidravli\u010dni cilinder za prekucnike se pona\u0161a z edinstvenimi lastnostmi in prednostmi, kot so energetska u\u010dinkovitost, visoka zmogljivost, varnost in \u0161e veliko ve\u010d. Zagotavlja nemoteno delovanje, pomaga podjetjem pove\u010dati produktivnost in zmanj\u0161ati izpade.<\/p>\n<h2>Hidravli\u010dni sistemi in na\u010dela delovanja<\/h2>\n<p>Na\u0161 hidravli\u010dni valj deluje na preprostih principih \u2013 mo\u010d tla\u010dne teko\u010dine se uporablja za ustvarjanje linearnega gibanja. Ta mehanizem zagotavlja robustno in zanesljivo delovanje, zaradi \u010desar je nepogre\u0161ljiv del \u0161tevilnih industrijskih aplikacij.<\/p>\n<p><img loading=\"lazy\" decoding=\"async\" class=\"alignnone  wp-image-6658\" src=\"https:\/\/fmp-components.com\/wp-content\/uploads\/2025\/03\/telescopic-hydraulic-cylinder-6.webp\" alt=\"teleskopski hidravli\u010dni cilinder\" width=\"928\" height=\"928\" title=\"\" srcset=\"https:\/\/fmp-components.com\/wp-content\/uploads\/2025\/03\/telescopic-hydraulic-cylinder-6.webp 928w, https:\/\/fmp-components.com\/wp-content\/uploads\/2025\/03\/telescopic-hydraulic-cylinder-6-480x480.webp 480w\" sizes=\"(min-width: 0px) and (max-width: 480px) 480px, (min-width: 481px) 928px, 100vw\" \/><\/p>\n<h2>Hidravli\u010dni cilindri in pogonske enote<\/h2>\n<p>Hidravli\u010dni cilindri in pogonske enote so sestavni deli hidravli\u010dnega sistema. Njihova sinergija zagotavlja \u0161iroko uporabnost hidravli\u010dne tehnologije v industrijskem sektorju, saj zagotavlja zanesljivo napajanje in podporo krmiljenju za razli\u010dno in\u017eenirsko in strojno opremo. Hidravli\u010dni cilinder kot aktuator pretvarja hidravli\u010dno energijo v mehansko gibanje, s \u010dimer se tlak pretvori v silo. Pogonska enota pa je jedro, ki zagotavlja energijo in krmilne signale, ki jih potrebuje hidravli\u010dni sistem. Njihovo usklajeno delovanje omogo\u010da pravilno delovanje hidravli\u010dnega sistema. V podjetju FMP ponujamo tudi pogonske enote za prodajo.<\/p>\n<h2>Pogosta vpra\u0161anja<\/h2>\n<p><strong>V1: Kak\u0161na je garancijska doba za hidravli\u010dni cilinder za teleskopski ve\u010dstopenjski prekucnik?<\/strong><br \/>\nA1: Garancijska doba za izdelek je 1 leto.<\/p>\n<p><strong>V2: Ali je mogo\u010de hidravli\u010dni cilinder prilagoditi na\u0161im zahtevam?<\/strong><br \/>\nA2: Da, hidravli\u010dni cilinder lahko za vas oblikujemo glede na va\u0161o zahtevo.<\/p>\n<p><strong>V3: Katere so klju\u010dne komponente hidravli\u010dnega cilindra?<\/strong><br \/>\nA3: Osrednji del hidravli\u010dnega cilindra je le\u017eaj.<\/p>\n<h3>O FMP-ju<\/h3>\n<p class=\"break-words\">FMP je vodilni italijanski proizvajalec, specializiran za na\u010drtovanje, razvoj in proizvodnjo visokokakovostnih hidravli\u010dnih cilindrov. Z bogato dedi\u0161\u010dino, ki temelji na desetletjih strokovnega znanja, ponosno zdru\u017eujemo italijansko obrt z najsodobnej\u0161o tehnologijo, da bi zagotovili izjemne hidravli\u010dne re\u0161itve, prilagojene raznolikim potrebam na\u0161ih strank po vsem svetu. FMP s sede\u017eem v Italiji, sredi\u0161\u010du in\u017eenirske odli\u010dnosti, velja za zaupanja vredno ime v hidravli\u010dni industriji, zavezano zagotavljanju zanesljivih, trpe\u017enih in inovativnih izdelkov, ki opolnomo\u010dajo podjetja po vsem svetu.<\/p>\n<p class=\"break-words\">Na\u0161e podjetje zdru\u017euje najbolj\u0161e iz naprednih proizvodnih tradicij s prihodnostnim pristopom. Z dolgoletnimi izku\u0161njami na podro\u010dju hidravli\u010dnih sistemov se je FMP razvil v sodobno podjetje, ki blesti na podro\u010dju raziskav, na\u010drtovanja in proizvodnje. Specializirani smo za \u0161iroko paleto hidravli\u010dnih cilindrov, vklju\u010dno z dvostransko delujo\u010dimi cilindri, avtomobilskimi dvi\u017enimi cilindri, cilindri za kmetijsko mehanizacijo in re\u0161itvami po meri za razli\u010dne industrijske aplikacije. Ne glede na to, ali gre za gradbeni\u0161tvo, industrijske instalacije, kmetijstvo ali te\u017eko mehanizacijo, so na\u0161i hidravli\u010dni cilindri izdelani za delovanje v najte\u017ejih pogojih, kar zagotavlja varnost, u\u010dinkovitost in dolgo \u017eivljenjsko dobo.<\/p>\n<p><img loading=\"lazy\" decoding=\"async\" class=\"alignnone size-full wp-image-6720\" src=\"https:\/\/fmp-components.com\/wp-content\/uploads\/2025\/03\/hydraulic-cylinder-8.webp\" alt=\"Teleskopski hidravli\u010dni cilindri\" width=\"933\" height=\"526\" title=\"\" srcset=\"https:\/\/fmp-components.com\/wp-content\/uploads\/2025\/03\/hydraulic-cylinder-8.webp 933w, https:\/\/fmp-components.com\/wp-content\/uploads\/2025\/03\/hydraulic-cylinder-8-480x271.webp 480w\" sizes=\"(min-width: 0px) and (max-width: 480px) 480px, (min-width: 481px) 933px, 100vw\" \/><\/p>\n<p class=\"break-words\">V podjetju FMP smo ponosni na na\u0161e najsodobnej\u0161e proizvodne obrate, opremljene s preciznimi stroji in naprednimi sistemi za testiranje. Na\u0161i proizvodni procesi so v skladu s strogimi nacionalnimi in mednarodnimi standardi, kar zagotavlja, da je vsak hidravli\u010dni valj, ki zapusti na\u0161o tovarno, vrhunske kakovosti in zanesljivosti. Na\u0161a usposobljena tehni\u010dna ekipa nam skupaj z najsodobnej\u0161o opremo omogo\u010da strog nadzor kakovosti na vsaki stopnji proizvodnje \u2013 od izbire surovin do kon\u010dnega pregleda. Ta predanost odli\u010dnosti nam je prinesla certifikate in priznanja s strani industrijskih organov, kar je \u0161e utrdilo na\u0161 ugled zanesljivega partnerja.<\/p>\n<p class=\"break-words\">Na\u0161e poslanstvo je preprosto, a ambiciozno: strankam zagotoviti hidravli\u010dne cilindre, ki presegajo pri\u010dakovanja glede zmogljivosti, vzdr\u017eljivosti in vrednosti. Delujemo po vodilnih na\u010delih profesionalnosti, integritete in osredoto\u010denosti na stranke. Z gojenjem kulture inovacij in natan\u010dnosti nenehno izpopolnjujemo na\u0161e izdelke, da bi ostali v ospredju na konkuren\u010dnem trgu. Na\u0161a celovita ponudba izdelkov in sposobnost ponujanja prilagojenih re\u0161itev nas uvr\u0161\u010data med prva izbira podjetij, ki i\u0161\u010dejo visokozmogljive hidravli\u010dne cilindre.<\/p>\n<p class=\"break-words\">FMP ni le proizvajalec \u2013 smo partner pri va\u0161em uspehu. Razumemo, da se na\u0161e stranke zana\u0161ajo na nas pri dobavi orodij, ki izbolj\u0161ujejo njihovo produktivnost in varnost. Zato smo zavezani k ponujanju ne le vrhunskih izdelkov, temve\u010d tudi izjemne storitve. Od za\u010detnega posvetovanja do poprodajne podpore tesno sodelujemo z na\u0161imi strankami, da zagotovimo, da so njihove potrebe izpolnjene profesionalno in skrbno. Na\u0161e konkuren\u010dne cene, skupaj z na\u0161o neomajno zavezanostjo kakovosti, naredijo FMP pametno izbiro za podjetja, ki \u017eelijo vlagati v hidravli\u010dne re\u0161itve, ki jim lahko zaupajo.<\/p>","protected":false},"excerpt":{"rendered":"<p>Telescopic Multi Stages Tipper Truck Hydraulic Cylinder From FMP Discover the power of hydraulics with our Telescopic Multi Stages Tipper Truck Hydraulic Cylinder. This innovative product From FMP is designed to offer excellent performance, reliability, and longevity, making it a valuable addition to various industries such as manufacturing plants, machinery repair shops, farms, and the [&hellip;]<\/p>","protected":false},"featured_media":6709,"comment_status":"closed","ping_status":"closed","template":"","meta":{"_et_pb_use_builder":"","_et_pb_old_content":"","_et_gb_content_width":""},"product_brand":[],"product_cat":[103],"product_tag":[34,105],"class_list":{"0":"post-6599","1":"product","2":"type-product","3":"status-publish","4":"has-post-thumbnail","6":"product_cat-telescopic-hydraulic-cylinders","7":"product_tag-hydraulic-cylinder","8":"product_tag-telescopic-hydraulic-cylinders","10":"first","11":"instock","12":"product-type-simple"},"_links":{"self":[{"href":"https:\/\/fmp-components.com\/sl\/wp-json\/wp\/v2\/product\/6599","targetHints":{"allow":["GET"]}}],"collection":[{"href":"https:\/\/fmp-components.com\/sl\/wp-json\/wp\/v2\/product"}],"about":[{"href":"https:\/\/fmp-components.com\/sl\/wp-json\/wp\/v2\/types\/product"}],"replies":[{"embeddable":true,"href":"https:\/\/fmp-components.com\/sl\/wp-json\/wp\/v2\/comments?post=6599"}],"wp:featuredmedia":[{"embeddable":true,"href":"https:\/\/fmp-components.com\/sl\/wp-json\/wp\/v2\/media\/6709"}],"wp:attachment":[{"href":"https:\/\/fmp-components.com\/sl\/wp-json\/wp\/v2\/media?parent=6599"}],"wp:term":[{"taxonomy":"product_brand","embeddable":true,"href":"https:\/\/fmp-components.com\/sl\/wp-json\/wp\/v2\/product_brand?post=6599"},{"taxonomy":"product_cat","embeddable":true,"href":"https:\/\/fmp-components.com\/sl\/wp-json\/wp\/v2\/product_cat?post=6599"},{"taxonomy":"product_tag","embeddable":true,"href":"https:\/\/fmp-components.com\/sl\/wp-json\/wp\/v2\/product_tag?post=6599"}],"curies":[{"name":"delovni list","href":"https:\/\/api.w.org\/{rel}","templated":true}]}}