{"id":6598,"date":"2025-03-11T06:32:38","date_gmt":"2025-03-11T06:32:38","guid":{"rendered":"https:\/\/fmp-components.com\/product\/3-ton-telescopic-multi-stages-trailer-ram-for-agriculture-machinery-from-fmp"},"modified":"2025-03-12T03:06:42","modified_gmt":"2025-03-12T03:06:42","slug":"3-ton-telescopic-multi-stages-trailer-ram-for-agriculture-machinery-from-fmp","status":"publish","type":"product","link":"https:\/\/fmp-components.com\/sl\/product\/3-ton-telescopic-multi-stages-trailer-ram-for-agriculture-machinery-from-fmp\/","title":{"rendered":"3-tonski teleskopski ve\u010dstopenjski priklopnik za kmetijsko mehanizacijo podjetja FMP"},"content":{"rendered":"<h2>3-tonski teleskopski ve\u010dstopenjski priklopnik za kmetijsko mehanizacijo podjetja FMP<\/h2>\n<p>Dobrodo\u0161li v svet visokokakovostnih hidravli\u010dnih cilindrov podjetja FMP. Na\u0161 3-tonski teleskopski ve\u010dstopenjski hidravli\u010dni cilindri za prikolice so posebej zasnovani za kmetijsko mehanizacijo in zagotavljajo vrhunsko zmogljivost ter vzdr\u017eljivost. Zaradi svoje kompaktne strukture, visoke zanesljivosti in odli\u010dne u\u010dinkovitosti so odli\u010dna izbira za va\u0161e potrebe po mehanizaciji.<\/p>\n<h3>Podrobnosti o izdelku<\/h3>\n<p>Na\u0161 izdelek se pona\u0161a s 3-tonsko nosilnostjo in lahko prenese potisk 3000 in vle\u010dno silo 600. Ima standardno batno-valjno strukturo, ki jo poganja hidravli\u010dno. Ohi\u0161je izdelka je izdelano iz robustnega jekla. Velikost izvrtine je mogo\u010de prilagoditi va\u0161im specifi\u010dnim zahtevam, premer valja pa se giblje od 20 mm do 250 mm.<\/p>\n<p>Ta hidravli\u010dni cilinder ima certifikat ISO9001:2000 in kot teko\u010dino uporablja olje. Pakiran je v \u017eeleznem ohi\u0161ju, ohi\u0161ju iz vezane plo\u0161\u010de ali kartonski \u0161katli.<\/p>\n<p><img loading=\"lazy\" decoding=\"async\" class=\"alignnone  wp-image-6659\" src=\"https:\/\/fmp-components.com\/wp-content\/uploads\/2025\/03\/telescopic-hydraulic-cylinder-12.webp\" alt=\"teleskopski hidravli\u010dni cilinder\" width=\"888\" height=\"888\" title=\"\" srcset=\"https:\/\/fmp-components.com\/wp-content\/uploads\/2025\/03\/telescopic-hydraulic-cylinder-12.webp 888w, https:\/\/fmp-components.com\/wp-content\/uploads\/2025\/03\/telescopic-hydraulic-cylinder-12-480x480.webp 480w\" sizes=\"(min-width: 0px) and (max-width: 480px) 480px, (min-width: 481px) 888px, 100vw\" \/><\/p>\n<h3>Klju\u010dne lastnosti<\/h3>\n<ul>\n<li>Energetska u\u010dinkovitost: Na\u0161i hidravli\u010dni cilindri so zasnovani tako, da pove\u010dajo produktivnost ob hkratnem zmanj\u0161anju porabe energije.<\/li>\n<li>Visoka zmogljivost: Ti cilindri ponujajo odli\u010dno zmogljivost tudi v te\u017ekih pogojih.<\/li>\n<li>Varnost: S svojo robustno strukturo in visokokakovostnimi komponentami ti cilindri vedno zagotavljajo varno delovanje.<\/li>\n<\/ul>\n<h3>Uporaba in na\u010delo delovanja<\/h3>\n<p>Na\u0161i hidravli\u010dni cilindri se pogosto uporabljajo v proizvodnih obratih, delavnicah za popravilo strojev, na kmetijah ter v energetski in rudarski industriji. Delujejo na principu pretvorbe hidravli\u010dne energije v mehansko gibanje in zagotavljajo zanesljiv vir energije za va\u0161e industrijske stroje.<\/p>\n<h2>Hidravli\u010dni cilindri in pogonske enote<\/h2>\n<p>Hidravli\u010dni cilindri in pogonske enote so sestavni deli vsakega hidravli\u010dnega sistema. Njihovo skupno delovanje zagotavlja \u0161iroko uporabo hidravli\u010dne tehnologije v industrijskem sektorju, saj zagotavlja zanesljivo napajanje in krmilno podporo za razli\u010dno in\u017eenirsko in mehansko opremo. Hidravli\u010dni cilinder kot aktuator je odgovoren za pretvorbo hidravli\u010dne energije v mehansko gibanje, s \u010dimer se tlak spremeni v silo. Pogonska enota pa zagotavlja energijo in krmilne signale, ki jih potrebuje hidravli\u010dni sistem. Njihovo usklajeno delovanje zagotavlja nemoteno delovanje hidravli\u010dnega sistema. V podjetju FMP dobavljamo tako hidravli\u010dne cilindre kot pogonske enote.<\/p>\n<h2>Pogosto zastavljena vpra\u0161anja<\/h2>\n<dl>\n<dt>V1: Ali je mogo\u010de prilagoditi velikost izvrtine hidravli\u010dnega cilindra?<\/dt>\n<dd>A1: Da, velikost izvrtine lahko oblikujemo glede na va\u0161e zahteve.<\/dd>\n<dt>V2: Kak\u0161na je garancijska doba za hidravli\u010dni cilinder?<\/dt>\n<dd>A2: Za na\u0161 hidravli\u010dni valj nudimo 1-letno garancijo.<\/dd>\n<dt>V3: Ali nudite poprodajno podporo?<\/dt>\n<dd>A3: Da, nudimo spletno podporo tudi po izteku garancije.<\/dd>\n<\/dl>\n<h3>O FMP-ju<\/h3>\n<p class=\"break-words\">FMP je vodilni italijanski proizvajalec, specializiran za na\u010drtovanje, razvoj in proizvodnjo visokokakovostnih hidravli\u010dnih cilindrov. Z bogato dedi\u0161\u010dino, ki temelji na desetletjih strokovnega znanja, ponosno zdru\u017eujemo italijansko obrt z najsodobnej\u0161o tehnologijo, da bi zagotovili izjemne hidravli\u010dne re\u0161itve, prilagojene raznolikim potrebam na\u0161ih strank po vsem svetu. FMP s sede\u017eem v Italiji, sredi\u0161\u010du in\u017eenirske odli\u010dnosti, velja za zaupanja vredno ime v hidravli\u010dni industriji, zavezano zagotavljanju zanesljivih, trpe\u017enih in inovativnih izdelkov, ki opolnomo\u010dajo podjetja po vsem svetu.<\/p>\n<p class=\"break-words\">Na\u0161e podjetje zdru\u017euje najbolj\u0161e iz naprednih proizvodnih tradicij s prihodnostnim pristopom. Z dolgoletnimi izku\u0161njami na podro\u010dju hidravli\u010dnih sistemov se je FMP razvil v sodobno podjetje, ki blesti na podro\u010dju raziskav, na\u010drtovanja in proizvodnje. Specializirani smo za \u0161iroko paleto hidravli\u010dnih cilindrov, vklju\u010dno z dvostransko delujo\u010dimi cilindri, avtomobilskimi dvi\u017enimi cilindri, cilindri za kmetijsko mehanizacijo in re\u0161itvami po meri za razli\u010dne industrijske aplikacije. Ne glede na to, ali gre za gradbeni\u0161tvo, industrijske instalacije, kmetijstvo ali te\u017eko mehanizacijo, so na\u0161i hidravli\u010dni cilindri izdelani za delovanje v najte\u017ejih pogojih, kar zagotavlja varnost, u\u010dinkovitost in dolgo \u017eivljenjsko dobo.<\/p>\n<p><img loading=\"lazy\" decoding=\"async\" class=\"alignnone size-full wp-image-6720\" src=\"https:\/\/fmp-components.com\/wp-content\/uploads\/2025\/03\/hydraulic-cylinder-8.webp\" alt=\"Teleskopski hidravli\u010dni cilindri\" width=\"933\" height=\"526\" title=\"\" srcset=\"https:\/\/fmp-components.com\/wp-content\/uploads\/2025\/03\/hydraulic-cylinder-8.webp 933w, https:\/\/fmp-components.com\/wp-content\/uploads\/2025\/03\/hydraulic-cylinder-8-480x271.webp 480w\" sizes=\"(min-width: 0px) and (max-width: 480px) 480px, (min-width: 481px) 933px, 100vw\" \/><\/p>\n<p class=\"break-words\">V podjetju FMP smo ponosni na na\u0161e najsodobnej\u0161e proizvodne obrate, opremljene s preciznimi stroji in naprednimi sistemi za testiranje. Na\u0161i proizvodni procesi so v skladu s strogimi nacionalnimi in mednarodnimi standardi, kar zagotavlja, da je vsak hidravli\u010dni valj, ki zapusti na\u0161o tovarno, vrhunske kakovosti in zanesljivosti. Na\u0161a usposobljena tehni\u010dna ekipa nam skupaj z najsodobnej\u0161o opremo omogo\u010da strog nadzor kakovosti na vsaki stopnji proizvodnje \u2013 od izbire surovin do kon\u010dnega pregleda. Ta predanost odli\u010dnosti nam je prinesla certifikate in priznanja s strani industrijskih organov, kar je \u0161e utrdilo na\u0161 ugled zanesljivega partnerja.<\/p>\n<p class=\"break-words\">Na\u0161e poslanstvo je preprosto, a ambiciozno: strankam zagotoviti hidravli\u010dne cilindre, ki presegajo pri\u010dakovanja glede zmogljivosti, vzdr\u017eljivosti in vrednosti. Delujemo po vodilnih na\u010delih profesionalnosti, integritete in osredoto\u010denosti na stranke. Z gojenjem kulture inovacij in natan\u010dnosti nenehno izpopolnjujemo na\u0161e izdelke, da bi ostali v ospredju na konkuren\u010dnem trgu. Na\u0161a celovita ponudba izdelkov in sposobnost ponujanja prilagojenih re\u0161itev nas uvr\u0161\u010data med prva izbira podjetij, ki i\u0161\u010dejo visokozmogljive hidravli\u010dne cilindre.<\/p>\n<p class=\"break-words\">FMP ni le proizvajalec \u2013 smo partner pri va\u0161em uspehu. Razumemo, da se na\u0161e stranke zana\u0161ajo na nas pri dobavi orodij, ki izbolj\u0161ujejo njihovo produktivnost in varnost. Zato smo zavezani k ponujanju ne le vrhunskih izdelkov, temve\u010d tudi izjemne storitve. Od za\u010detnega posvetovanja do poprodajne podpore tesno sodelujemo z na\u0161imi strankami, da zagotovimo, da so njihove potrebe izpolnjene profesionalno in skrbno. Na\u0161e konkuren\u010dne cene, skupaj z na\u0161o neomajno zavezanostjo kakovosti, naredijo FMP pametno izbiro za podjetja, ki \u017eelijo vlagati v hidravli\u010dne re\u0161itve, ki jim lahko zaupajo.<\/p>","protected":false},"excerpt":{"rendered":"<p>3 Ton Telescopic Multi Stages Trailer Ram For Agriculture Machinery From FMP Welcome to the world of high-quality hydraulic cylinders From FMP. Our 3 Ton Telescopic Multi Stages Trailer Ram is specifically designed for agricultural machinery, providing superior performance and durability. Its compact structure, high reliability, and excellent efficiency make it the perfect choice for [&hellip;]<\/p>","protected":false},"featured_media":6708,"comment_status":"closed","ping_status":"closed","template":"","meta":{"_et_pb_use_builder":"","_et_pb_old_content":"","_et_gb_content_width":""},"product_brand":[],"product_cat":[103],"product_tag":[34,105],"class_list":{"0":"post-6598","1":"product","2":"type-product","3":"status-publish","4":"has-post-thumbnail","6":"product_cat-telescopic-hydraulic-cylinders","7":"product_tag-hydraulic-cylinder","8":"product_tag-telescopic-hydraulic-cylinders","10":"first","11":"instock","12":"product-type-simple"},"_links":{"self":[{"href":"https:\/\/fmp-components.com\/sl\/wp-json\/wp\/v2\/product\/6598","targetHints":{"allow":["GET"]}}],"collection":[{"href":"https:\/\/fmp-components.com\/sl\/wp-json\/wp\/v2\/product"}],"about":[{"href":"https:\/\/fmp-components.com\/sl\/wp-json\/wp\/v2\/types\/product"}],"replies":[{"embeddable":true,"href":"https:\/\/fmp-components.com\/sl\/wp-json\/wp\/v2\/comments?post=6598"}],"wp:featuredmedia":[{"embeddable":true,"href":"https:\/\/fmp-components.com\/sl\/wp-json\/wp\/v2\/media\/6708"}],"wp:attachment":[{"href":"https:\/\/fmp-components.com\/sl\/wp-json\/wp\/v2\/media?parent=6598"}],"wp:term":[{"taxonomy":"product_brand","embeddable":true,"href":"https:\/\/fmp-components.com\/sl\/wp-json\/wp\/v2\/product_brand?post=6598"},{"taxonomy":"product_cat","embeddable":true,"href":"https:\/\/fmp-components.com\/sl\/wp-json\/wp\/v2\/product_cat?post=6598"},{"taxonomy":"product_tag","embeddable":true,"href":"https:\/\/fmp-components.com\/sl\/wp-json\/wp\/v2\/product_tag?post=6598"}],"curies":[{"name":"delovni list","href":"https:\/\/api.w.org\/{rel}","templated":true}]}}