{"id":6596,"date":"2025-03-11T06:32:38","date_gmt":"2025-03-11T06:32:38","guid":{"rendered":"https:\/\/fmp-components.com\/product\/high-quality-italy-manufacture-direct-seal-multi-stages-hydraulic-cylinder-for-dump-truck-industry-and-agriculture"},"modified":"2025-03-17T08:47:26","modified_gmt":"2025-03-17T08:47:26","slug":"high-quality-italy-manufacture-direct-seal-multi-stages-hydraulic-cylinder-for-dump-truck-industry-and-agriculture","status":"publish","type":"product","link":"https:\/\/fmp-components.com\/sl\/product\/high-quality-italy-manufacture-direct-seal-multi-stages-hydraulic-cylinder-for-dump-truck-industry-and-agriculture\/","title":{"rendered":"Visokokakovostni ve\u010dstopenjski hidravli\u010dni cilinder z neposrednim tesnjenjem iz Italije za industrijo in kmetijstvo prekucnikov"},"content":{"rendered":"<h2>Visokokakovostni ve\u010dstopenjski hidravli\u010dni cilinder z neposrednim tesnjenjem iz Italije za industrijo in kmetijstvo prekucnikov<\/h2>\n<p>Ve\u010dstopenjski hidravli\u010dni cilinder je izdelek vrhunske kakovosti, ki prihaja neposredno od podjetja FMP, cenjenega proizvodnega podjetja s sede\u017eem v mestu Italy City. FMP je priznano ime v panogi, ki proizvaja vrhunske hidravli\u010dne cilindre za uporabo v prekucnikih, kmetijstvu in drugih panogah.<\/p>\n<h3>Zna\u010dilnosti in funkcije<\/h3>\n<p>Ta hidravli\u010dni cilinder je zasnovan za delovanje v ve\u010d fazah, zaradi \u010desar je vsestransko in u\u010dinkovito orodje za ne\u0161teto aplikacij. Zasnovan je z batnim cilindrom in deluje s pomo\u010djo hidravli\u010dne mo\u010di. Osrednje komponente tega izdelka so cilinder, bat in tesnilni komplet. Te komponente so zaprte v trdnem jeklenem ohi\u0161ju, kar zagotavlja robustnost izdelka.<\/p>\n<p><img loading=\"lazy\" decoding=\"async\" class=\"alignnone wp-image-6662\" src=\"https:\/\/fmp-components.com\/wp-content\/uploads\/2025\/03\/telescopic-hydraulic-cylinder-4.webp\" alt=\"teleskopski hidravli\u010dni cilinder\" width=\"928\" height=\"928\" title=\"\" srcset=\"https:\/\/fmp-components.com\/wp-content\/uploads\/2025\/03\/telescopic-hydraulic-cylinder-4.webp 928w, https:\/\/fmp-components.com\/wp-content\/uploads\/2025\/03\/telescopic-hydraulic-cylinder-4-480x480.webp 480w\" sizes=\"(min-width: 0px) and (max-width: 480px) 480px, (min-width: 481px) 928px, 100vw\" \/><\/p>\n<h3>Specifikacije izdelka<\/h3>\n<ul>\n<li>Najve\u010dji potisk: 3000<\/li>\n<li>Tip: Ve\u010dstopenjski hidravli\u010dni cilinder<\/li>\n<li>Velikost izvrtine: Glede na va\u0161e zahteve<\/li>\n<li>Najve\u010dji vlek: 600<\/li>\n<li>Certifikat: ISO9001:2000<\/li>\n<li>Teko\u010dina: Olje<\/li>\n<li>Premer valja: 20~250 mm<\/li>\n<li>Stanje: Novo<\/li>\n<li>Garancija: 1 leto<\/li>\n<\/ul>\n<table style=\"width: 91.9676%;\" border=\"\">\n<tbody>\n<tr>\n<td style=\"width: 42.3729%;\">Velikost izvrtine<\/td>\n<td style=\"width: 426.554%;\">2,5\u201312 palcev<\/td>\n<\/tr>\n<tr>\n<td style=\"width: 42.3729%;\">Velikost palice<\/td>\n<td style=\"width: 426.554%;\">1,8\u201310 palcev<\/td>\n<\/tr>\n<tr>\n<td style=\"width: 42.3729%;\">Velikost poteze<\/td>\n<td style=\"width: 426.554%;\">20\u2013120 palcev<\/td>\n<\/tr>\n<tr>\n<td style=\"width: 42.3729%;\">Pristani\u0161\u010da<\/td>\n<td style=\"width: 426.554%;\">G\/SAE\/NPT\/M<\/td>\n<\/tr>\n<\/tbody>\n<\/table>\n<h3>O FMP-ju<\/h3>\n<p class=\"break-words\">FMP je vodilni italijanski proizvajalec, specializiran za na\u010drtovanje, razvoj in proizvodnjo visokokakovostnih hidravli\u010dnih cilindrov. Z bogato dedi\u0161\u010dino, ki temelji na desetletjih strokovnega znanja, ponosno zdru\u017eujemo italijansko obrt z najsodobnej\u0161o tehnologijo, da bi zagotovili izjemne hidravli\u010dne re\u0161itve, prilagojene raznolikim potrebam na\u0161ih strank po vsem svetu. FMP s sede\u017eem v Italiji, sredi\u0161\u010du in\u017eenirske odli\u010dnosti, velja za zaupanja vredno ime v hidravli\u010dni industriji, zavezano zagotavljanju zanesljivih, trpe\u017enih in inovativnih izdelkov, ki opolnomo\u010dajo podjetja po vsem svetu.<\/p>\n<p class=\"break-words\">Na\u0161e podjetje zdru\u017euje najbolj\u0161e iz naprednih proizvodnih tradicij s prihodnostnim pristopom. Z dolgoletnimi izku\u0161njami na podro\u010dju hidravli\u010dnih sistemov se je FMP razvil v sodobno podjetje, ki blesti na podro\u010dju raziskav, na\u010drtovanja in proizvodnje. Specializirani smo za \u0161iroko paleto hidravli\u010dnih cilindrov, vklju\u010dno z dvostransko delujo\u010dimi cilindri, avtomobilskimi dvi\u017enimi cilindri, cilindri za kmetijsko mehanizacijo in re\u0161itvami po meri za razli\u010dne industrijske aplikacije. Ne glede na to, ali gre za gradbeni\u0161tvo, industrijske instalacije, kmetijstvo ali te\u017eko mehanizacijo, so na\u0161i hidravli\u010dni cilindri izdelani za delovanje v najte\u017ejih pogojih, kar zagotavlja varnost, u\u010dinkovitost in dolgo \u017eivljenjsko dobo.<\/p>\n<p><img loading=\"lazy\" decoding=\"async\" class=\"alignnone size-full wp-image-6720\" src=\"https:\/\/fmp-components.com\/wp-content\/uploads\/2025\/03\/hydraulic-cylinder-8.webp\" alt=\"Teleskopski hidravli\u010dni cilindri\" width=\"933\" height=\"526\" title=\"\" srcset=\"https:\/\/fmp-components.com\/wp-content\/uploads\/2025\/03\/hydraulic-cylinder-8.webp 933w, https:\/\/fmp-components.com\/wp-content\/uploads\/2025\/03\/hydraulic-cylinder-8-480x271.webp 480w\" sizes=\"(min-width: 0px) and (max-width: 480px) 480px, (min-width: 481px) 933px, 100vw\" \/><\/p>\n<p class=\"break-words\">V podjetju FMP smo ponosni na na\u0161e najsodobnej\u0161e proizvodne obrate, opremljene s preciznimi stroji in naprednimi sistemi za testiranje. Na\u0161i proizvodni procesi so v skladu s strogimi nacionalnimi in mednarodnimi standardi, kar zagotavlja, da je vsak hidravli\u010dni valj, ki zapusti na\u0161o tovarno, vrhunske kakovosti in zanesljivosti. Na\u0161a usposobljena tehni\u010dna ekipa nam skupaj z najsodobnej\u0161o opremo omogo\u010da strog nadzor kakovosti na vsaki stopnji proizvodnje \u2013 od izbire surovin do kon\u010dnega pregleda. Ta predanost odli\u010dnosti nam je prinesla certifikate in priznanja s strani industrijskih organov, kar je \u0161e utrdilo na\u0161 ugled zanesljivega partnerja.<\/p>\n<p class=\"break-words\">Na\u0161e poslanstvo je preprosto, a ambiciozno: strankam zagotoviti hidravli\u010dne cilindre, ki presegajo pri\u010dakovanja glede zmogljivosti, vzdr\u017eljivosti in vrednosti. Delujemo po vodilnih na\u010delih profesionalnosti, integritete in osredoto\u010denosti na stranke. Z gojenjem kulture inovacij in natan\u010dnosti nenehno izpopolnjujemo na\u0161e izdelke, da bi ostali v ospredju na konkuren\u010dnem trgu. Na\u0161a celovita ponudba izdelkov in sposobnost ponujanja prilagojenih re\u0161itev nas uvr\u0161\u010data med prva izbira podjetij, ki i\u0161\u010dejo visokozmogljive hidravli\u010dne cilindre.<\/p>\n<p class=\"break-words\">FMP ni le proizvajalec \u2013 smo partner pri va\u0161em uspehu. Razumemo, da se na\u0161e stranke zana\u0161ajo na nas pri dobavi orodij, ki izbolj\u0161ujejo njihovo produktivnost in varnost. Zato smo zavezani k ponujanju ne le vrhunskih izdelkov, temve\u010d tudi izjemne storitve. Od za\u010detnega posvetovanja do poprodajne podpore tesno sodelujemo z na\u0161imi strankami, da zagotovimo, da so njihove potrebe izpolnjene profesionalno in skrbno. Na\u0161e konkuren\u010dne cene, skupaj z na\u0161o neomajno zavezanostjo kakovosti, naredijo FMP pametno izbiro za podjetja, ki \u017eelijo vlagati v hidravli\u010dne re\u0161itve, ki jim lahko zaupajo.<\/p>\n<h3>Pogosta vpra\u0161anja<\/h3>\n<h4>V: Kak\u0161na je garancija za ta izdelek?<\/h4>\n<p>A: Izdelek ima 1-letno garancijo.<\/p>\n<h4>V: Ali je mogo\u010de prilagoditi velikost izvrtine hidravli\u010dnega cilindra?<\/h4>\n<p>O: Da, velikost izvrtine je mogo\u010de prilagoditi va\u0161im zahtevam.<\/p>\n<h4>V: Katere panoge lahko uporabljajo ta hidravli\u010dni cilinder?<\/h4>\n<p>A: Ta hidravli\u010dni cilinder se lahko uporablja v proizvodnih obratih, delavnicah za popravilo strojev, na kmetijah, v energetiki in rudarstvu, ogla\u0161evalskih podjetjih in \u0161e ve\u010d.<\/p>","protected":false},"excerpt":{"rendered":"<p>High Quality Italy Manufacture Direct Seal Multi Stages Hydraulic Cylinder for Dump Truck Industry and Agriculture The multi-stages hydraulic cylinder is a product of superior quality that is direct from FMP, an esteemed manufacturing company based in Italy City. FMP is a renowned name in the industry that produces top-notch hydraulic cylinders for use in [&hellip;]<\/p>","protected":false},"featured_media":6706,"comment_status":"closed","ping_status":"closed","template":"","meta":{"_et_pb_use_builder":"","_et_pb_old_content":"","_et_gb_content_width":""},"product_brand":[],"product_cat":[103],"product_tag":[34,105],"class_list":{"0":"post-6596","1":"product","2":"type-product","3":"status-publish","4":"has-post-thumbnail","6":"product_cat-telescopic-hydraulic-cylinders","7":"product_tag-hydraulic-cylinder","8":"product_tag-telescopic-hydraulic-cylinders","10":"first","11":"instock","12":"product-type-simple"},"_links":{"self":[{"href":"https:\/\/fmp-components.com\/sl\/wp-json\/wp\/v2\/product\/6596","targetHints":{"allow":["GET"]}}],"collection":[{"href":"https:\/\/fmp-components.com\/sl\/wp-json\/wp\/v2\/product"}],"about":[{"href":"https:\/\/fmp-components.com\/sl\/wp-json\/wp\/v2\/types\/product"}],"replies":[{"embeddable":true,"href":"https:\/\/fmp-components.com\/sl\/wp-json\/wp\/v2\/comments?post=6596"}],"wp:featuredmedia":[{"embeddable":true,"href":"https:\/\/fmp-components.com\/sl\/wp-json\/wp\/v2\/media\/6706"}],"wp:attachment":[{"href":"https:\/\/fmp-components.com\/sl\/wp-json\/wp\/v2\/media?parent=6596"}],"wp:term":[{"taxonomy":"product_brand","embeddable":true,"href":"https:\/\/fmp-components.com\/sl\/wp-json\/wp\/v2\/product_brand?post=6596"},{"taxonomy":"product_cat","embeddable":true,"href":"https:\/\/fmp-components.com\/sl\/wp-json\/wp\/v2\/product_cat?post=6596"},{"taxonomy":"product_tag","embeddable":true,"href":"https:\/\/fmp-components.com\/sl\/wp-json\/wp\/v2\/product_tag?post=6596"}],"curies":[{"name":"delovni list","href":"https:\/\/api.w.org\/{rel}","templated":true}]}}