{"id":6595,"date":"2025-03-11T06:32:38","date_gmt":"2025-03-11T06:32:38","guid":{"rendered":"https:\/\/fmp-components.com\/product\/factory-serving-stainless-steel-hydraulic-cylinder-for-seeder"},"modified":"2025-03-12T02:50:08","modified_gmt":"2025-03-12T02:50:08","slug":"factory-serving-stainless-steel-hydraulic-cylinder-for-seeder","status":"publish","type":"product","link":"https:\/\/fmp-components.com\/sl\/product\/factory-serving-stainless-steel-hydraulic-cylinder-for-seeder\/","title":{"rendered":"Tovarni\u0161ko servirani hidravli\u010dni cilinder iz nerjave\u010dega jekla za sejalnico"},"content":{"rendered":"<h2>Tovarni\u0161ko servirani hidravli\u010dni cilinder iz nerjave\u010dega jekla za sejalnico<\/h2>\n<p>FMP vam predstavlja nov hidravli\u010dni cilinder iz nerjave\u010dega jekla za sejalnico, preboj v hidravli\u010dni tehnologiji. Ta zmogljiva naprava, izdelana za popolnost, bo spremenila na\u010din dela na kmetijah, v delavnicah za popravilo strojev, energetskem in rudarskem sektorju ter v proizvodnji strojev. Njegove vrhunske lastnosti in robustna konstrukcija zagotavljajo maksimalno u\u010dinkovitost in dolgo \u017eivljenjsko dobo.<\/p>\n<h2>Tehni\u010dne specifikacije<\/h2>\n<p>Hidravli\u010dni cilinder je dovr\u0161eno zasnovan ob upo\u0161tevanju visokih zahtev razli\u010dnih panog. Izdelek ima 1-letno garancijo in tehta 38 kg. Tukaj so podrobne tehni\u010dne specifikacije:<\/p>\n<table style=\"width: 100.51%;\" border=\"\">\n<tbody>\n<tr>\n<td style=\"width: 42.9379%;\"><i>Velikost izvrtine<\/i><\/td>\n<td style=\"width: 476.836%;\">2\u20136 palcev<\/td>\n<\/tr>\n<tr>\n<td style=\"width: 42.9379%;\"><i>Velikost palice<\/i><\/td>\n<td style=\"width: 476.836%;\">1,125-4 palca<\/td>\n<\/tr>\n<tr>\n<td style=\"width: 42.9379%;\"><i>Velikost poteze<\/i><\/td>\n<td style=\"width: 476.836%;\">4\u2013100 palcev<\/td>\n<\/tr>\n<tr>\n<td style=\"width: 42.9379%;\"><i>Velikost zati\u010da<\/i><\/td>\n<td style=\"width: 476.836%;\">0,5\u20132 palca<\/td>\n<\/tr>\n<tr>\n<td style=\"width: 42.9379%;\"><i>Pristani\u0161\u010da<\/i><\/td>\n<td style=\"width: 476.836%;\">G\/SAE\/NPT\/M<\/td>\n<\/tr>\n<\/tbody>\n<\/table>\n<h2>Edinstvene lastnosti in prednosti<\/h2>\n<ul>\n<li>Energetsko u\u010dinkovito<\/li>\n<li>Visoka u\u010dinkovitost in zmogljivost<\/li>\n<li>Varno in zanesljivo<\/li>\n<li>Standardna konstrukcija z batom<\/li>\n<li>Najve\u010dji potisk: 3000 in najve\u010dji vle\u010dni napor: 20 ton<\/li>\n<li>Certifikat ISO9001:2000<\/li>\n<\/ul>\n<h3>Na\u010delo delovanja hidravli\u010dnih sistemov<\/h3>\n<p>Hidravli\u010dni cilinder deluje na osnovnem principu tla\u010dne teko\u010dine, kar povzro\u010di linearno gibanje. Ko se hidravli\u010dna teko\u010dina vnese v cilinder, jo pogonska enota stisne, kar ustvari silo, ki deluje na bat znotraj cilindra. Ta sila poganja bat v linearni smeri, kar omogo\u010da nadzorovano gibanje. Edinstvena zasnova hidravli\u010dnih sistemov zagotavlja, da lahko \u017ee majhna koli\u010dina teko\u010dine ustvari znatno silo, zaradi \u010desar so zelo u\u010dinkoviti pri nalogah, ki zahtevajo dvigovanje ali potiskanje te\u017ekih bremen. To na\u010delo dinamike teko\u010din omogo\u010da hidravli\u010dnim cilindrom natan\u010dno in zanesljivo delovanje v razli\u010dnih aplikacijah.<\/p>\n<p><img loading=\"lazy\" decoding=\"async\" class=\"alignnone  wp-image-6664\" src=\"https:\/\/fmp-components.com\/wp-content\/uploads\/2025\/03\/telescopic-hydraulic-cylinder-8.webp\" alt=\"teleskopski hidravli\u010dni cilinder\" width=\"884\" height=\"884\" title=\"\" srcset=\"https:\/\/fmp-components.com\/wp-content\/uploads\/2025\/03\/telescopic-hydraulic-cylinder-8.webp 884w, https:\/\/fmp-components.com\/wp-content\/uploads\/2025\/03\/telescopic-hydraulic-cylinder-8-480x480.webp 480w\" sizes=\"(min-width: 0px) and (max-width: 480px) 480px, (min-width: 481px) 884px, 100vw\" \/><\/p>\n<h3>Podro\u010dja uporabe<\/h3>\n<p>Ta ve\u010dstopenjski hidravli\u010dni cilinder je idealen za \u0161iroko paleto uporabe, zlasti v panogah, ki zahtevajo robustne zmogljivosti dvigovanja in premikanja. Idealen je na primer za uporabo v prekucnikih, kjer olaj\u0161a mehanizem za prekucanje, potreben za razkladanje te\u017ekih materialov, kot so gramoz, pesek ali gradbeni odpadki. Poleg tega je zaradi velike zmogljivosti in dolgega hoda primeren za delavnice za popravila strojev, kjer lahko dvigne in namesti te\u017eko opremo za vzdr\u017eevanje in popravila. V kmetijskem sektorju je ta hidravli\u010dni cilinder neprecenljiv za upravljanje opreme, kot so traktorji in nakladalniki, saj kmetom omogo\u010da u\u010dinkovito opravljanje razli\u010dnih nalog. Energetska in rudarska industrija imata koristi tudi od njegove uporabe v opremi za vrtanje in izkopavanje, kjer je zanesljiva dvi\u017ena mo\u010d klju\u010dnega pomena. Na splo\u0161no je ta ve\u010dstopenjski hidravli\u010dni cilinder zasnovan tako, da izpolnjuje zahtevne potrebe razli\u010dnih sektorjev, saj zagotavlja mo\u010d in vsestranskost, ki sta potrebni za te\u017eka dela.<\/p>\n<h2>Hidravli\u010dni cilindri in pogonske enote<\/h2>\n<p>Hidravli\u010dni cilindri in pogonske enote so sestavni deli vsakega hidravli\u010dnega sistema, ki delujejo skupaj, da zagotovijo optimalno delovanje in u\u010dinkovitost. Hidravli\u010dni cilinder slu\u017ei kot aktuator, ki pretvarja hidravli\u010dno energijo v mehansko gibanje. Pretvarja tlak, ki ga ustvarja hidravli\u010dna teko\u010dina, v linearno gibanje, kar omogo\u010da izvajanje nalog, kot so dvigovanje, potiskanje ali vle\u010denje z veliko silo.<\/p>\n<p>Po drugi strani pa pogonska enota deluje kot srce hidravli\u010dnega sistema. Odgovorna je za ustvarjanje hidravli\u010dnega tlaka, potrebnega za pogon teko\u010dine skozi sistem in vzdr\u017eevanje konstantnih pretokov. Pogonska enota, ki jo obi\u010dajno sestavljajo motor, \u010drpalka, rezervoar in regulacijski ventili, zagotavlja nemoteno in u\u010dinkovito delovanje hidravli\u010dnega cilindra. Sinergija med tema dvema komponentama je bistvena za u\u010dinkovito delovanje hidravli\u010dnih sistemov, kar omogo\u010da industrijam, da izkoristijo hidravli\u010dno tehnologijo za \u0161irok spekter aplikacij. Z zagotavljanjem hidravli\u010dnih cilindrov in pogonskih enot lahko podjetja ustvarijo popolnoma integrirane sisteme, ki pove\u010dajo produktivnost in zmogljivost v vseh svojih dejavnostih.<\/p>\n<p><img loading=\"lazy\" decoding=\"async\" class=\"alignnone  wp-image-6663\" src=\"https:\/\/fmp-components.com\/wp-content\/uploads\/2025\/03\/telescopic-hydraulic-cylinder-11.webp\" alt=\"teleskopski hidravli\u010dni cilinder\" width=\"930\" height=\"930\" title=\"\" srcset=\"https:\/\/fmp-components.com\/wp-content\/uploads\/2025\/03\/telescopic-hydraulic-cylinder-11.webp 930w, https:\/\/fmp-components.com\/wp-content\/uploads\/2025\/03\/telescopic-hydraulic-cylinder-11-480x480.webp 480w\" sizes=\"(min-width: 0px) and (max-width: 480px) 480px, (min-width: 481px) 930px, 100vw\" \/><\/p>\n<h2>Pogosta vpra\u0161anja<\/h2>\n<p>V: Ali ste trgovsko podjetje ali proizvajalec?<br \/>\nA: Smo tovarna.<\/p>\n<p>V: Koliko \u010dasa traja va\u0161a dobavni rok?<br \/>\nA: Na splo\u0161no je to 25-35 dni.<br \/>\n<img alt=\"\" \/><br \/>\nV: Ali ponujate vzorce? Je to brezpla\u010dno ali dodatno?<br \/>\nO: Da, lahko ponudimo vzorec, vendar ni brezpla\u010den.<\/p>\n<h3>O FMP-ju<\/h3>\n<p class=\"break-words\">FMP je vodilni italijanski proizvajalec, specializiran za na\u010drtovanje, razvoj in proizvodnjo visokokakovostnih hidravli\u010dnih cilindrov. Z bogato dedi\u0161\u010dino, ki temelji na desetletjih strokovnega znanja, ponosno zdru\u017eujemo italijansko obrt z najsodobnej\u0161o tehnologijo, da bi zagotovili izjemne hidravli\u010dne re\u0161itve, prilagojene raznolikim potrebam na\u0161ih strank po vsem svetu. FMP s sede\u017eem v Italiji, sredi\u0161\u010du in\u017eenirske odli\u010dnosti, velja za zaupanja vredno ime v hidravli\u010dni industriji, zavezano zagotavljanju zanesljivih, trpe\u017enih in inovativnih izdelkov, ki opolnomo\u010dajo podjetja po vsem svetu.<\/p>\n<p class=\"break-words\">Na\u0161e podjetje zdru\u017euje najbolj\u0161e iz naprednih proizvodnih tradicij s prihodnostnim pristopom. Z dolgoletnimi izku\u0161njami na podro\u010dju hidravli\u010dnih sistemov se je FMP razvil v sodobno podjetje, ki blesti na podro\u010dju raziskav, na\u010drtovanja in proizvodnje. Specializirani smo za \u0161iroko paleto hidravli\u010dnih cilindrov, vklju\u010dno z dvostransko delujo\u010dimi cilindri, avtomobilskimi dvi\u017enimi cilindri, cilindri za kmetijsko mehanizacijo in re\u0161itvami po meri za razli\u010dne industrijske aplikacije. Ne glede na to, ali gre za gradbeni\u0161tvo, industrijske instalacije, kmetijstvo ali te\u017eko mehanizacijo, so na\u0161i hidravli\u010dni cilindri izdelani za delovanje v najte\u017ejih pogojih, kar zagotavlja varnost, u\u010dinkovitost in dolgo \u017eivljenjsko dobo.<\/p>\n<p><img loading=\"lazy\" decoding=\"async\" class=\"alignnone size-full wp-image-6720\" src=\"https:\/\/fmp-components.com\/wp-content\/uploads\/2025\/03\/hydraulic-cylinder-8.webp\" alt=\"Teleskopski hidravli\u010dni cilindri\" width=\"933\" height=\"526\" title=\"\" srcset=\"https:\/\/fmp-components.com\/wp-content\/uploads\/2025\/03\/hydraulic-cylinder-8.webp 933w, https:\/\/fmp-components.com\/wp-content\/uploads\/2025\/03\/hydraulic-cylinder-8-480x271.webp 480w\" sizes=\"(min-width: 0px) and (max-width: 480px) 480px, (min-width: 481px) 933px, 100vw\" \/><\/p>\n<p class=\"break-words\">V podjetju FMP smo ponosni na na\u0161e najsodobnej\u0161e proizvodne obrate, opremljene s preciznimi stroji in naprednimi sistemi za testiranje. Na\u0161i proizvodni procesi so v skladu s strogimi nacionalnimi in mednarodnimi standardi, kar zagotavlja, da je vsak hidravli\u010dni valj, ki zapusti na\u0161o tovarno, vrhunske kakovosti in zanesljivosti. Na\u0161a usposobljena tehni\u010dna ekipa nam skupaj z najsodobnej\u0161o opremo omogo\u010da strog nadzor kakovosti na vsaki stopnji proizvodnje \u2013 od izbire surovin do kon\u010dnega pregleda. Ta predanost odli\u010dnosti nam je prinesla certifikate in priznanja s strani industrijskih organov, kar je \u0161e utrdilo na\u0161 ugled zanesljivega partnerja.<\/p>\n<p class=\"break-words\">Na\u0161e poslanstvo je preprosto, a ambiciozno: strankam zagotoviti hidravli\u010dne cilindre, ki presegajo pri\u010dakovanja glede zmogljivosti, vzdr\u017eljivosti in vrednosti. Delujemo po vodilnih na\u010delih profesionalnosti, integritete in osredoto\u010denosti na stranke. Z gojenjem kulture inovacij in natan\u010dnosti nenehno izpopolnjujemo na\u0161e izdelke, da bi ostali v ospredju na konkuren\u010dnem trgu. Na\u0161a celovita ponudba izdelkov in sposobnost ponujanja prilagojenih re\u0161itev nas uvr\u0161\u010data med prva izbira podjetij, ki i\u0161\u010dejo visokozmogljive hidravli\u010dne cilindre.<\/p>\n<p class=\"break-words\">FMP ni le proizvajalec \u2013 smo partner pri va\u0161em uspehu. Razumemo, da se na\u0161e stranke zana\u0161ajo na nas pri dobavi orodij, ki izbolj\u0161ujejo njihovo produktivnost in varnost. Zato smo zavezani k ponujanju ne le vrhunskih izdelkov, temve\u010d tudi izjemne storitve. Od za\u010detnega posvetovanja do poprodajne podpore tesno sodelujemo z na\u0161imi strankami, da zagotovimo, da so njihove potrebe izpolnjene profesionalno in skrbno. Na\u0161e konkuren\u010dne cene, skupaj z na\u0161o neomajno zavezanostjo kakovosti, naredijo FMP pametno izbiro za podjetja, ki \u017eelijo vlagati v hidravli\u010dne re\u0161itve, ki jim lahko zaupajo.<\/p>","protected":false},"excerpt":{"rendered":"<p>Factory Serving Stainless Steel Hydraulic Cylinder For Seeder FMP brings you the new stainless steel hydraulic cylinder for seeder, a breakthrough in hydraulic technology. Made for perfection, this powerhouse is set to change the way you work in farms, machinery repair shops, energy &amp; mining sectors, and machinery manufacturing. Its high-end features and robust build [&hellip;]<\/p>","protected":false},"featured_media":6705,"comment_status":"closed","ping_status":"closed","template":"","meta":{"_et_pb_use_builder":"","_et_pb_old_content":"","_et_gb_content_width":""},"product_brand":[],"product_cat":[103],"product_tag":[34,105],"class_list":{"0":"post-6595","1":"product","2":"type-product","3":"status-publish","4":"has-post-thumbnail","6":"product_cat-telescopic-hydraulic-cylinders","7":"product_tag-hydraulic-cylinder","8":"product_tag-telescopic-hydraulic-cylinders","10":"first","11":"instock","12":"product-type-simple"},"_links":{"self":[{"href":"https:\/\/fmp-components.com\/sl\/wp-json\/wp\/v2\/product\/6595","targetHints":{"allow":["GET"]}}],"collection":[{"href":"https:\/\/fmp-components.com\/sl\/wp-json\/wp\/v2\/product"}],"about":[{"href":"https:\/\/fmp-components.com\/sl\/wp-json\/wp\/v2\/types\/product"}],"replies":[{"embeddable":true,"href":"https:\/\/fmp-components.com\/sl\/wp-json\/wp\/v2\/comments?post=6595"}],"wp:featuredmedia":[{"embeddable":true,"href":"https:\/\/fmp-components.com\/sl\/wp-json\/wp\/v2\/media\/6705"}],"wp:attachment":[{"href":"https:\/\/fmp-components.com\/sl\/wp-json\/wp\/v2\/media?parent=6595"}],"wp:term":[{"taxonomy":"product_brand","embeddable":true,"href":"https:\/\/fmp-components.com\/sl\/wp-json\/wp\/v2\/product_brand?post=6595"},{"taxonomy":"product_cat","embeddable":true,"href":"https:\/\/fmp-components.com\/sl\/wp-json\/wp\/v2\/product_cat?post=6595"},{"taxonomy":"product_tag","embeddable":true,"href":"https:\/\/fmp-components.com\/sl\/wp-json\/wp\/v2\/product_tag?post=6595"}],"curies":[{"name":"delovni list","href":"https:\/\/api.w.org\/{rel}","templated":true}]}}