{"id":6594,"date":"2025-03-11T06:32:38","date_gmt":"2025-03-11T06:32:38","guid":{"rendered":"https:\/\/fmp-components.com\/product\/good-quality-stainless-steel-multistage-hydraulic-cylinder-for-dump-trailer"},"modified":"2025-03-12T02:43:38","modified_gmt":"2025-03-12T02:43:38","slug":"good-quality-stainless-steel-multistage-hydraulic-cylinder-for-dump-trailer","status":"publish","type":"product","link":"https:\/\/fmp-components.com\/sl\/product\/good-quality-stainless-steel-multistage-hydraulic-cylinder-for-dump-trailer\/","title":{"rendered":"Kakovosten ve\u010dstopenjski hidravli\u010dni cilinder iz nerjave\u010dega jekla za priklopnik"},"content":{"rendered":"<h2>Kakovosten ve\u010dstopenjski hidravli\u010dni cilinder iz nerjave\u010dega jekla za priklopnik<\/h2>\n<p>Na\u0161i ve\u010dstopenjski hidravli\u010dni cilindri iz nerjave\u010dega jekla so zasnovani s poudarkom na kakovosti in zmogljivosti. Izdelani iz robustnega in vzdr\u017eljivega nerjave\u010dega jekla, so ti hidravli\u010dni cilindri idealni za prekucnike, saj ponujajo visoko u\u010dinkovitost in zanesljivost za razli\u010dne panoge, vklju\u010dno s strojnimi delavnicami, kmetijstvom, energetiko in rudarstvom, proizvodnjo strojev in tovarnami strojev.<\/p>\n<h3>Zna\u010dilnosti in specifikacije<\/h3>\n<table style=\"width: 94.7139%;\" border=\"\">\n<tbody>\n<tr>\n<th style=\"width: 43.5028%;\">Velikost izvrtine<\/th>\n<td style=\"width: 457.062%;\">2\u20136 palcev<\/td>\n<\/tr>\n<tr>\n<th style=\"width: 43.5028%;\">Velikost palice<\/th>\n<td style=\"width: 457.062%;\">1,125-4 palca<\/td>\n<\/tr>\n<tr>\n<th style=\"width: 43.5028%;\">Velikost poteze<\/th>\n<td style=\"width: 457.062%;\">4\u2013100 palcev<\/td>\n<\/tr>\n<tr>\n<th style=\"width: 43.5028%;\">Velikost zati\u010da<\/th>\n<td style=\"width: 457.062%;\">0,5\u20132 palca<\/td>\n<\/tr>\n<tr>\n<th style=\"width: 43.5028%;\">Pristani\u0161\u010da<\/th>\n<td style=\"width: 457.062%;\">G\/SAE\/NPT\/M<\/td>\n<\/tr>\n<\/tbody>\n<\/table>\n<h3>Edinstvene lastnosti in prednosti<\/h3>\n<ul>\n<li>Energetsko u\u010dinkoviti: Na\u0161i cilindri so zasnovani tako, da pove\u010dajo mo\u010d in hkrati zmanj\u0161ajo porabo energije.<\/li>\n<li>Visoka zmogljivost: Z najve\u010djim potiskom 3000 in najve\u010djim vle\u010dnim tlakom 20 ton ti cilindri obljubljajo vrhunsko zmogljivost.<\/li>\n<li>Varnost: Ti cilindri, certificirani po standardu ISO9001:2000, izpolnjujejo mednarodne varnostne standarde in so zanesljivi za te\u017eka dela.<\/li>\n<\/ul>\n<h2>Razumevanje hidravli\u010dnega sistema in na\u010dela delovanja<\/h2>\n<p>Hidravli\u010dni sistemi delujejo na podlagi temeljnega na\u010dela prenosa mo\u010di s tlakom zaprte teko\u010dine. Ta inovativen pristop omogo\u010da hidravli\u010dnim cilindrom u\u010dinkovito ustvarjanje linearnega gibanja in znatne sile. Ko je hidravli\u010dna teko\u010dina pod tlakom v omejenem prostoru, ustvari silo, ki jo je mogo\u010de usmeriti za izvajanje dolo\u010denih nalog. To na\u010delo omogo\u010da hidravli\u010dnim cilindrom, da opravljajo te\u017eka dela z izjemno natan\u010dnostjo in nadzorom, zaradi \u010desar so nepogre\u0161ljivo orodje v \u0161tevilnih panogah.<\/p>\n<p>U\u010dinkovitost hidravli\u010dnih sistemov je v njihovi sposobnosti izkori\u0161\u010danja mo\u010di teko\u010dine, kar omogo\u010da mo\u010dne gibe brez potrebe po pretirani fizi\u010dni sili. Ko se hidravli\u010dna teko\u010dina \u010drpa v valj, pritiska na bat, ki nato ta tlak pretvori v linearno gibanje. Ta sposobnost je bistvena za razli\u010dne aplikacije, ki zahtevajo dvigovanje, potiskanje ali vle\u010denje te\u017ekih predmetov, in zagotavlja, da se naloge lahko opravijo hitro in natan\u010dno.<\/p>\n<p><img loading=\"lazy\" decoding=\"async\" class=\"alignnone  wp-image-6717\" src=\"https:\/\/fmp-components.com\/wp-content\/uploads\/2025\/03\/hydraulic-cylinder-211.webp\" alt=\"Hidravli\u010dni cilindri\" width=\"925\" height=\"927\" title=\"\" srcset=\"https:\/\/fmp-components.com\/wp-content\/uploads\/2025\/03\/hydraulic-cylinder-211.webp 925w, https:\/\/fmp-components.com\/wp-content\/uploads\/2025\/03\/hydraulic-cylinder-211-480x481.webp 480w\" sizes=\"(min-width: 0px) and (max-width: 480px) 480px, (min-width: 481px) 925px, 100vw\" \/><\/p>\n<h3>Uporaba hidravli\u010dnega cilindra<\/h3>\n<p>Na\u0161i hidravli\u010dni cilindri so \u0161e posebej primerni za uporabo v prekucnikih, kjer zagotavljajo potrebno mo\u010d in nadzor za u\u010dinkovito ravnanje s te\u017ekimi bremeni. V teh aplikacijah cilindri olaj\u0161ajo delovanje mehanizma za prekucanje, kar omogo\u010da u\u010dinkovito razkladanje materialov, kot so gramoz, pesek ali ru\u0161evine. Ta zmogljivost ne le pove\u010da produktivnost, temve\u010d zagotavlja tudi varno in zanesljivo delovanje.<\/p>\n<p>Poleg prekucnikov se hidravli\u010dni cilindri pogosto uporabljajo tudi v \u0161tevilnih drugih panogah. V delavnicah za popravilo strojev pomagajo pri dvigovanju in pozicioniranju te\u017eke opreme za vzdr\u017eevanje. V kmetijstvu se hidravli\u010dni cilindri uporabljajo v traktorjih in drugih kmetijskih strojih za opravljanje nalog, kot so dvigovanje plugov in drugih orodij. Tudi energetski in rudarski sektor imata koristi od hidravli\u010dnih cilindrov, saj se uporabljajo v opremi za vrtanje, izkopavanje in ravnanje z materiali. Poleg tega imajo hidravli\u010dni cilindri v proizvodnji strojev klju\u010dno vlogo pri monta\u017enih linijah in proizvodnih procesih, saj omogo\u010dajo natan\u010dne premike in dvigovanje te\u017ekih bremen.<\/p>\n<p><img loading=\"lazy\" decoding=\"async\" class=\"alignnone  wp-image-6665\" src=\"https:\/\/fmp-components.com\/wp-content\/uploads\/2025\/03\/telescopic-hydraulic-cylinder-9.webp\" alt=\"teleskopski hidravli\u010dni cilinder\" width=\"942\" height=\"942\" title=\"\" srcset=\"https:\/\/fmp-components.com\/wp-content\/uploads\/2025\/03\/telescopic-hydraulic-cylinder-9.webp 942w, https:\/\/fmp-components.com\/wp-content\/uploads\/2025\/03\/telescopic-hydraulic-cylinder-9-480x480.webp 480w\" sizes=\"(min-width: 0px) and (max-width: 480px) 480px, (min-width: 481px) 942px, 100vw\" \/><\/p>\n<h2>Hidravli\u010dni cilindri in pogonske enote<\/h2>\n<p>Hidravli\u010dni cilindri in pogonske enote so sestavni deli vsakega hidravli\u010dnega sistema. Skupaj zagotavljajo \u0161iroko uporabo hidravli\u010dne tehnologije v industrijskem sektorju in zagotavljajo zanesljivo napajanje in podporo krmiljenju razli\u010dne in\u017eenirske in mehanske opreme.<\/p>\n<h3>O FMP-ju<\/h3>\n<p class=\"break-words\">FMP je vodilni italijanski proizvajalec, specializiran za na\u010drtovanje, razvoj in proizvodnjo visokokakovostnih hidravli\u010dnih cilindrov. Z bogato dedi\u0161\u010dino, ki temelji na desetletjih strokovnega znanja, ponosno zdru\u017eujemo italijansko obrt z najsodobnej\u0161o tehnologijo, da bi zagotovili izjemne hidravli\u010dne re\u0161itve, prilagojene raznolikim potrebam na\u0161ih strank po vsem svetu. FMP s sede\u017eem v Italiji, sredi\u0161\u010du in\u017eenirske odli\u010dnosti, velja za zaupanja vredno ime v hidravli\u010dni industriji, zavezano zagotavljanju zanesljivih, trpe\u017enih in inovativnih izdelkov, ki opolnomo\u010dajo podjetja po vsem svetu.<\/p>\n<p class=\"break-words\">Na\u0161e podjetje zdru\u017euje najbolj\u0161e iz naprednih proizvodnih tradicij s prihodnostnim pristopom. Z dolgoletnimi izku\u0161njami na podro\u010dju hidravli\u010dnih sistemov se je FMP razvil v sodobno podjetje, ki blesti na podro\u010dju raziskav, na\u010drtovanja in proizvodnje. Specializirani smo za \u0161iroko paleto hidravli\u010dnih cilindrov, vklju\u010dno z dvostransko delujo\u010dimi cilindri, avtomobilskimi dvi\u017enimi cilindri, cilindri za kmetijsko mehanizacijo in re\u0161itvami po meri za razli\u010dne industrijske aplikacije. Ne glede na to, ali gre za gradbeni\u0161tvo, industrijske instalacije, kmetijstvo ali te\u017eko mehanizacijo, so na\u0161i hidravli\u010dni cilindri izdelani za delovanje v najte\u017ejih pogojih, kar zagotavlja varnost, u\u010dinkovitost in dolgo \u017eivljenjsko dobo.<\/p>\n<p><img loading=\"lazy\" decoding=\"async\" class=\"alignnone size-full wp-image-6720\" src=\"https:\/\/fmp-components.com\/wp-content\/uploads\/2025\/03\/hydraulic-cylinder-8.webp\" alt=\"Teleskopski hidravli\u010dni cilindri\" width=\"933\" height=\"526\" title=\"\" srcset=\"https:\/\/fmp-components.com\/wp-content\/uploads\/2025\/03\/hydraulic-cylinder-8.webp 933w, https:\/\/fmp-components.com\/wp-content\/uploads\/2025\/03\/hydraulic-cylinder-8-480x271.webp 480w\" sizes=\"(min-width: 0px) and (max-width: 480px) 480px, (min-width: 481px) 933px, 100vw\" \/><\/p>\n<p class=\"break-words\">V podjetju FMP smo ponosni na na\u0161e najsodobnej\u0161e proizvodne obrate, opremljene s preciznimi stroji in naprednimi sistemi za testiranje. Na\u0161i proizvodni procesi so v skladu s strogimi nacionalnimi in mednarodnimi standardi, kar zagotavlja, da je vsak hidravli\u010dni valj, ki zapusti na\u0161o tovarno, vrhunske kakovosti in zanesljivosti. Na\u0161a usposobljena tehni\u010dna ekipa nam skupaj z najsodobnej\u0161o opremo omogo\u010da strog nadzor kakovosti na vsaki stopnji proizvodnje \u2013 od izbire surovin do kon\u010dnega pregleda. Ta predanost odli\u010dnosti nam je prinesla certifikate in priznanja s strani industrijskih organov, kar je \u0161e utrdilo na\u0161 ugled zanesljivega partnerja.<\/p>\n<p class=\"break-words\">Na\u0161e poslanstvo je preprosto, a ambiciozno: strankam zagotoviti hidravli\u010dne cilindre, ki presegajo pri\u010dakovanja glede zmogljivosti, vzdr\u017eljivosti in vrednosti. Delujemo po vodilnih na\u010delih profesionalnosti, integritete in osredoto\u010denosti na stranke. Z gojenjem kulture inovacij in natan\u010dnosti nenehno izpopolnjujemo na\u0161e izdelke, da bi ostali v ospredju na konkuren\u010dnem trgu. Na\u0161a celovita ponudba izdelkov in sposobnost ponujanja prilagojenih re\u0161itev nas uvr\u0161\u010data med prva izbira podjetij, ki i\u0161\u010dejo visokozmogljive hidravli\u010dne cilindre.<\/p>\n<p class=\"break-words\">FMP ni le proizvajalec \u2013 smo partner pri va\u0161em uspehu. Razumemo, da se na\u0161e stranke zana\u0161ajo na nas pri dobavi orodij, ki izbolj\u0161ujejo njihovo produktivnost in varnost. Zato smo zavezani k ponujanju ne le vrhunskih izdelkov, temve\u010d tudi izjemne storitve. Od za\u010detnega posvetovanja do poprodajne podpore tesno sodelujemo z na\u0161imi strankami, da zagotovimo, da so njihove potrebe izpolnjene profesionalno in skrbno. Na\u0161e konkuren\u010dne cene, skupaj z na\u0161o neomajno zavezanostjo kakovosti, naredijo FMP pametno izbiro za podjetja, ki \u017eelijo vlagati v hidravli\u010dne re\u0161itve, ki jim lahko zaupajo.<\/p>","protected":false},"excerpt":{"rendered":"<p>Kakovosten ve\u010dstopenjski hidravli\u010dni valj iz nerjave\u010dega jekla za prekucne prikolice Na\u0161i ve\u010dstopenjski hidravli\u010dni cilindri iz nerjave\u010dega jekla so zasnovani s poudarkom na kakovosti in zmogljivosti. Izdelani iz robustnega in vzdr\u017eljivega nerjave\u010dega jekla, so ti hidravli\u010dni cilindri idealni za prekucne prikolice, saj ponujajo visoko u\u010dinkovitost in zanesljivost za razli\u010dne panoge, vklju\u010dno s strojnimi delavnicami, kmetijstvom, energetiko in [\u2026]<\/p>","protected":false},"featured_media":6704,"comment_status":"closed","ping_status":"closed","template":"","meta":{"_et_pb_use_builder":"","_et_pb_old_content":"","_et_gb_content_width":""},"product_brand":[],"product_cat":[103],"product_tag":[34,105],"class_list":{"0":"post-6594","1":"product","2":"type-product","3":"status-publish","4":"has-post-thumbnail","6":"product_cat-telescopic-hydraulic-cylinders","7":"product_tag-hydraulic-cylinder","8":"product_tag-telescopic-hydraulic-cylinders","10":"first","11":"instock","12":"product-type-simple"},"_links":{"self":[{"href":"https:\/\/fmp-components.com\/sl\/wp-json\/wp\/v2\/product\/6594","targetHints":{"allow":["GET"]}}],"collection":[{"href":"https:\/\/fmp-components.com\/sl\/wp-json\/wp\/v2\/product"}],"about":[{"href":"https:\/\/fmp-components.com\/sl\/wp-json\/wp\/v2\/types\/product"}],"replies":[{"embeddable":true,"href":"https:\/\/fmp-components.com\/sl\/wp-json\/wp\/v2\/comments?post=6594"}],"wp:featuredmedia":[{"embeddable":true,"href":"https:\/\/fmp-components.com\/sl\/wp-json\/wp\/v2\/media\/6704"}],"wp:attachment":[{"href":"https:\/\/fmp-components.com\/sl\/wp-json\/wp\/v2\/media?parent=6594"}],"wp:term":[{"taxonomy":"product_brand","embeddable":true,"href":"https:\/\/fmp-components.com\/sl\/wp-json\/wp\/v2\/product_brand?post=6594"},{"taxonomy":"product_cat","embeddable":true,"href":"https:\/\/fmp-components.com\/sl\/wp-json\/wp\/v2\/product_cat?post=6594"},{"taxonomy":"product_tag","embeddable":true,"href":"https:\/\/fmp-components.com\/sl\/wp-json\/wp\/v2\/product_tag?post=6594"}],"curies":[{"name":"delovni list","href":"https:\/\/api.w.org\/{rel}","templated":true}]}}