{"id":6591,"date":"2025-03-11T06:32:38","date_gmt":"2025-03-11T06:32:38","guid":{"rendered":"https:\/\/fmp-components.com\/product\/high-quality-double-acting-telescopic-hydraulic-cylinder-for-dump-truck"},"modified":"2025-03-17T08:49:02","modified_gmt":"2025-03-17T08:49:02","slug":"high-quality-double-acting-telescopic-hydraulic-cylinder-for-dump-truck","status":"publish","type":"product","link":"https:\/\/fmp-components.com\/sl\/product\/high-quality-double-acting-telescopic-hydraulic-cylinder-for-dump-truck\/","title":{"rendered":"Visokokakovostni dvostranski teleskopski hidravli\u010dni cilinder za prekucnik"},"content":{"rendered":"<h2>Visokokakovostni dvostranski teleskopski hidravli\u010dni cilinder za prekucnik<\/h2>\n<p>Ta visokokakovosten dvosmerni teleskopski hidravli\u010dni cilinder, zasnovan posebej za prekucnike, je vrhunski kos stroja. Proizvaja ga podjetje FMP, znano po svojih vrhunskih izdelkih in storitvah, in je sinonim za funkcionalnost in vzdr\u017eljivost. Ne glede na to, ali delate v popravilu strojev, energetiki in rudarstvu ali proizvodnji strojev, je to izdelek, ki ga potrebujete.<\/p>\n<p><img loading=\"lazy\" decoding=\"async\" class=\"alignnone size-full wp-image-6767\" src=\"https:\/\/fmp-components.com\/wp-content\/uploads\/2025\/03\/Telescopic-Hydraulic-Cylinders-124.webp\" alt=\"Teleskopski hidravli\u010dni cilindri\" width=\"744\" height=\"580\" title=\"\" srcset=\"https:\/\/fmp-components.com\/wp-content\/uploads\/2025\/03\/Telescopic-Hydraulic-Cylinders-124.webp 744w, https:\/\/fmp-components.com\/wp-content\/uploads\/2025\/03\/Telescopic-Hydraulic-Cylinders-124-480x374.webp 480w\" sizes=\"(min-width: 0px) and (max-width: 480px) 480px, (min-width: 481px) 744px, 100vw\" \/><\/p>\n<h2>Klju\u010dne lastnosti in funkcionalnost<\/h2>\n<p>Z enoletno garancijo ste lahko prepri\u010dani, da je va\u0161 izdelek zagotovljen. Ta hidravli\u010dni cilinder je zasnovan standardno, z batno strukturo cilindra. Deluje na hidravli\u010dno mo\u010d in je izdelan iz robustnega jekla. Z najve\u010djim potiskom 3000 je ta ve\u010dstopenjski hidravli\u010dni cilinder vrhunska zmogljivost. Ima najve\u010djo vle\u010dno silo 20 ton in je certificiran po standardu ISO9001:2000, kar zagotavlja kakovost in zanesljivost.<\/p>\n<h3>Tehni\u010dne specifikacije<\/h3>\n<table style=\"width: 98.1199%;\" border=\"\">\n<tbody>\n<tr>\n<th style=\"width: 42.8571%;\">Velikost izvrtine<\/th>\n<th style=\"width: 398.286%;\">2\u20136 palcev<\/th>\n<\/tr>\n<tr>\n<td style=\"width: 42.8571%;\">Velikost palice<\/td>\n<td style=\"width: 398.286%;\">1,125-4 palca<\/td>\n<\/tr>\n<tr>\n<td style=\"width: 42.8571%;\">Velikost poteze<\/td>\n<td style=\"width: 398.286%;\">4\u2013100 palcev<\/td>\n<\/tr>\n<tr>\n<td style=\"width: 42.8571%;\">Velikost zati\u010da<\/td>\n<td style=\"width: 398.286%;\">0,5\u20132 palca<\/td>\n<\/tr>\n<tr>\n<td style=\"width: 42.8571%;\">Pristani\u0161\u010da<\/td>\n<td style=\"width: 398.286%;\">G\/SAE\/NPT\/M<\/td>\n<\/tr>\n<\/tbody>\n<\/table>\n<h2>Edinstvene prednosti<\/h2>\n<p>Ta hidravli\u010dni cilinder izstopa po svoji energetski u\u010dinkovitosti in visoki zmogljivosti. Varnostne funkcije zagotavljajo nemoteno in zanesljivo delovanje, zaradi \u010desar je optimalna izbira za te\u017eka dela.<\/p>\n<h2>Hidravli\u010dni sistem in princip delovanja<\/h2>\n<p>Razumevanje hidravli\u010dnega sistema in principa delovanja je klju\u010dnega pomena za maksimalno u\u010dinkovitost in dolgo \u017eivljenjsko dobo va\u0161e opreme. Hidravli\u010dni sistem se za prenos sile z ene to\u010dke na drugo zana\u0161a na nestisljivo teko\u010dino. Hidravli\u010dni valj pretvarja hidravli\u010dno energijo v mehansko energijo in zagotavlja silo, potrebno za delovanje va\u0161ega stroja.<\/p>\n<h2>Uporaba<\/h2>\n<p>Ta hidravli\u010dni cilinder je idealen za razli\u010dne panoge in aplikacije, vklju\u010dno s servisnimi delavnicami, kmetijstvom, energetiko in rudarstvom, proizvodnjo strojev in tovarnami strojev.<\/p>\n<h2>Pogosta vpra\u0161anja<\/h2>\n<p><b>V: Ali ste trgovsko podjetje ali proizvajalec?<\/b><br \/>\nO: Smo proizvajalec.<\/p>\n<p><b>V: Koliko \u010dasa traja va\u0161a dobavni rok?<\/b><br \/>\nA: Na splo\u0161no je to 25-35 dni.<\/p>\n<p><b>V: Ali ponujate vzorce?<\/b><br \/>\nO: Da, lahko zagotovimo vzorce, vendar niso brezpla\u010dni.<\/p>\n<h3>O FMP-ju<\/h3>\n<p class=\"break-words\">FMP je vodilni italijanski proizvajalec, specializiran za na\u010drtovanje, razvoj in proizvodnjo visokokakovostnih hidravli\u010dnih cilindrov. Z bogato dedi\u0161\u010dino, ki temelji na desetletjih strokovnega znanja, ponosno zdru\u017eujemo italijansko obrt z najsodobnej\u0161o tehnologijo, da bi zagotovili izjemne hidravli\u010dne re\u0161itve, prilagojene raznolikim potrebam na\u0161ih strank po vsem svetu. FMP s sede\u017eem v Italiji, sredi\u0161\u010du in\u017eenirske odli\u010dnosti, velja za zaupanja vredno ime v hidravli\u010dni industriji, zavezano zagotavljanju zanesljivih, trpe\u017enih in inovativnih izdelkov, ki opolnomo\u010dajo podjetja po vsem svetu.<\/p>\n<p class=\"break-words\">Na\u0161e podjetje zdru\u017euje najbolj\u0161e iz naprednih proizvodnih tradicij s prihodnostnim pristopom. Z dolgoletnimi izku\u0161njami na podro\u010dju hidravli\u010dnih sistemov se je FMP razvil v sodobno podjetje, ki blesti na podro\u010dju raziskav, na\u010drtovanja in proizvodnje. Specializirani smo za \u0161iroko paleto hidravli\u010dnih cilindrov, vklju\u010dno z dvostransko delujo\u010dimi cilindri, avtomobilskimi dvi\u017enimi cilindri, cilindri za kmetijsko mehanizacijo in re\u0161itvami po meri za razli\u010dne industrijske aplikacije. Ne glede na to, ali gre za gradbeni\u0161tvo, industrijske instalacije, kmetijstvo ali te\u017eko mehanizacijo, so na\u0161i hidravli\u010dni cilindri izdelani za delovanje v najte\u017ejih pogojih, kar zagotavlja varnost, u\u010dinkovitost in dolgo \u017eivljenjsko dobo.<\/p>\n<p><img loading=\"lazy\" decoding=\"async\" class=\"alignnone size-full wp-image-6720\" src=\"https:\/\/fmp-components.com\/wp-content\/uploads\/2025\/03\/hydraulic-cylinder-8.webp\" alt=\"Teleskopski hidravli\u010dni cilindri\" width=\"933\" height=\"526\" title=\"\" srcset=\"https:\/\/fmp-components.com\/wp-content\/uploads\/2025\/03\/hydraulic-cylinder-8.webp 933w, https:\/\/fmp-components.com\/wp-content\/uploads\/2025\/03\/hydraulic-cylinder-8-480x271.webp 480w\" sizes=\"(min-width: 0px) and (max-width: 480px) 480px, (min-width: 481px) 933px, 100vw\" \/><\/p>\n<p class=\"break-words\">V podjetju FMP smo ponosni na na\u0161e najsodobnej\u0161e proizvodne obrate, opremljene s preciznimi stroji in naprednimi sistemi za testiranje. Na\u0161i proizvodni procesi so v skladu s strogimi nacionalnimi in mednarodnimi standardi, kar zagotavlja, da je vsak hidravli\u010dni valj, ki zapusti na\u0161o tovarno, vrhunske kakovosti in zanesljivosti. Na\u0161a usposobljena tehni\u010dna ekipa nam skupaj z najsodobnej\u0161o opremo omogo\u010da strog nadzor kakovosti na vsaki stopnji proizvodnje \u2013 od izbire surovin do kon\u010dnega pregleda. Ta predanost odli\u010dnosti nam je prinesla certifikate in priznanja s strani industrijskih organov, kar je \u0161e utrdilo na\u0161 ugled zanesljivega partnerja.<\/p>\n<p class=\"break-words\">Na\u0161e poslanstvo je preprosto, a ambiciozno: strankam zagotoviti hidravli\u010dne cilindre, ki presegajo pri\u010dakovanja glede zmogljivosti, vzdr\u017eljivosti in vrednosti. Delujemo po vodilnih na\u010delih profesionalnosti, integritete in osredoto\u010denosti na stranke. Z gojenjem kulture inovacij in natan\u010dnosti nenehno izpopolnjujemo na\u0161e izdelke, da bi ostali v ospredju na konkuren\u010dnem trgu. Na\u0161a celovita ponudba izdelkov in sposobnost ponujanja prilagojenih re\u0161itev nas uvr\u0161\u010data med prva izbira podjetij, ki i\u0161\u010dejo visokozmogljive hidravli\u010dne cilindre.<\/p>\n<p class=\"break-words\">FMP ni le proizvajalec \u2013 smo partner pri va\u0161em uspehu. Razumemo, da se na\u0161e stranke zana\u0161ajo na nas pri dobavi orodij, ki izbolj\u0161ujejo njihovo produktivnost in varnost. Zato smo zavezani k ponujanju ne le vrhunskih izdelkov, temve\u010d tudi izjemne storitve. Od za\u010detnega posvetovanja do poprodajne podpore tesno sodelujemo z na\u0161imi strankami, da zagotovimo, da so njihove potrebe izpolnjene profesionalno in skrbno. Na\u0161e konkuren\u010dne cene, skupaj z na\u0161o neomajno zavezanostjo kakovosti, naredijo FMP pametno izbiro za podjetja, ki \u017eelijo vlagati v hidravli\u010dne re\u0161itve, ki jim lahko zaupajo.<\/p>","protected":false},"excerpt":{"rendered":"<p>High Quality Double Acting Telescopic Hydraulic Cylinder for Dump Truck This High Quality Double Acting Telescopic Hydraulic Cylinder, designed specifically for dump trucks, is a top-of-the-line piece of machinery. Manufactured by FMP, a company renowned for its superior products and services, this hydraulic cylinder is the epitome of function and durability. Whether you&#8217;re working in [&hellip;]<\/p>","protected":false},"featured_media":6777,"comment_status":"closed","ping_status":"closed","template":"","meta":{"_et_pb_use_builder":"","_et_pb_old_content":"","_et_gb_content_width":""},"product_brand":[],"product_cat":[103],"product_tag":[34,105],"class_list":{"0":"post-6591","1":"product","2":"type-product","3":"status-publish","4":"has-post-thumbnail","6":"product_cat-telescopic-hydraulic-cylinders","7":"product_tag-hydraulic-cylinder","8":"product_tag-telescopic-hydraulic-cylinders","10":"first","11":"instock","12":"product-type-simple"},"_links":{"self":[{"href":"https:\/\/fmp-components.com\/sl\/wp-json\/wp\/v2\/product\/6591","targetHints":{"allow":["GET"]}}],"collection":[{"href":"https:\/\/fmp-components.com\/sl\/wp-json\/wp\/v2\/product"}],"about":[{"href":"https:\/\/fmp-components.com\/sl\/wp-json\/wp\/v2\/types\/product"}],"replies":[{"embeddable":true,"href":"https:\/\/fmp-components.com\/sl\/wp-json\/wp\/v2\/comments?post=6591"}],"wp:featuredmedia":[{"embeddable":true,"href":"https:\/\/fmp-components.com\/sl\/wp-json\/wp\/v2\/media\/6777"}],"wp:attachment":[{"href":"https:\/\/fmp-components.com\/sl\/wp-json\/wp\/v2\/media?parent=6591"}],"wp:term":[{"taxonomy":"product_brand","embeddable":true,"href":"https:\/\/fmp-components.com\/sl\/wp-json\/wp\/v2\/product_brand?post=6591"},{"taxonomy":"product_cat","embeddable":true,"href":"https:\/\/fmp-components.com\/sl\/wp-json\/wp\/v2\/product_cat?post=6591"},{"taxonomy":"product_tag","embeddable":true,"href":"https:\/\/fmp-components.com\/sl\/wp-json\/wp\/v2\/product_tag?post=6591"}],"curies":[{"name":"delovni list","href":"https:\/\/api.w.org\/{rel}","templated":true}]}}