{"id":6587,"date":"2025-03-11T06:32:38","date_gmt":"2025-03-11T06:32:38","guid":{"rendered":"https:\/\/fmp-components.com\/product\/high-quality-4-stage-telescopic-double-acting-telescopic-hydraulic-cylinder"},"modified":"2025-03-17T08:56:27","modified_gmt":"2025-03-17T08:56:27","slug":"high-quality-4-stage-telescopic-double-acting-telescopic-hydraulic-cylinder","status":"publish","type":"product","link":"https:\/\/fmp-components.com\/sl\/product\/high-quality-4-stage-telescopic-double-acting-telescopic-hydraulic-cylinder\/","title":{"rendered":"Visokokakovosten 4-stopenjski teleskopski dvostranski teleskopski hidravli\u010dni cilinder"},"content":{"rendered":"<p>&#8221;<\/p>\n<h2>Visokokakovosten 4-stopenjski teleskopski dvostranski teleskopski hidravli\u010dni cilinder<\/h2>\n<p>Prepustite se najvi\u0161ji kakovosti na\u0161ega 4-stopenjskega teleskopskega dvostranskega teleskopskega hidravli\u010dnega cilindra, vrhunskega izdelka, ki izstopa v svoji uporabi v razli\u010dnih panogah, kot so delavnice za popravilo strojev, kmetije, energetika in rudarstvo, proizvodnja strojev in tovarne strojev.<\/p>\n<h3>Klju\u010dne lastnosti in funkcije<\/h3>\n<p>Ta ve\u010dstopenjski hidravli\u010dni cilinder se pona\u0161a z visokim potiskom 3000 in najve\u010djo vle\u010dno silo 20 ton. Poganja ga hidravli\u010dna teko\u010dina, ohi\u0161je pa je izdelano iz odpornega in trpe\u017enega jekla. Standardno je izdelan z batom, kar zagotavlja optimalno delovanje in u\u010dinkovitost.<\/p>\n<h3>Tehni\u010dne specifikacije<\/h3>\n<table style=\"width: 98.7112%;\" border=\"\">\n<tbody>\n<tr>\n<td style=\"width: 42.6136%;\"><i>Velikost izvrtine<\/i><\/td>\n<td style=\"width: 303.977%;\">2\u20136 palcev<\/td>\n<\/tr>\n<tr>\n<td style=\"width: 42.6136%;\"><i>Velikost palice<\/i><\/td>\n<td style=\"width: 303.977%;\">1,125-4 palca<\/td>\n<\/tr>\n<tr>\n<td style=\"width: 42.6136%;\"><i>Velikost poteze<\/i><\/td>\n<td style=\"width: 303.977%;\">4\u2013100 palcev<\/td>\n<\/tr>\n<tr>\n<td style=\"width: 42.6136%;\"><i>Velikost zati\u010da<\/i><\/td>\n<td style=\"width: 303.977%;\">0,5\u20132 palca<\/td>\n<\/tr>\n<tr>\n<td style=\"width: 42.6136%;\"><i>Pristani\u0161\u010da<\/i><\/td>\n<td style=\"width: 303.977%;\">G\/SAE\/NPT\/M<\/td>\n<\/tr>\n<\/tbody>\n<\/table>\n<h3>Edinstvene prednosti<\/h3>\n<p>Na\u0161 hidravli\u010dni cilinder ima certifikat ISO9001:2000, kar pomeni enoletno garancijo na njegove klju\u010dne komponente, vklju\u010dno z le\u017eajem in samim hidravli\u010dnim valjem. Z energetsko var\u010dnimi, visoko u\u010dinkovitimi in varnostnimi lastnostmi bo na\u0161 hidravli\u010dni cilinder nedvomno dragocen dodatek k va\u0161im strojem.<\/p>\n<p><img loading=\"lazy\" decoding=\"async\" class=\"alignnone size-full wp-image-6757\" src=\"https:\/\/fmp-components.com\/wp-content\/uploads\/2025\/03\/Telescopic-Hydraulic-Cylinders-114.webp\" alt=\"Teleskopski hidravli\u010dni cilindri\" width=\"2160\" height=\"2160\" title=\"\" srcset=\"https:\/\/fmp-components.com\/wp-content\/uploads\/2025\/03\/Telescopic-Hydraulic-Cylinders-114.webp 2160w, https:\/\/fmp-components.com\/wp-content\/uploads\/2025\/03\/Telescopic-Hydraulic-Cylinders-114-1280x1280.webp 1280w, https:\/\/fmp-components.com\/wp-content\/uploads\/2025\/03\/Telescopic-Hydraulic-Cylinders-114-980x980.webp 980w, https:\/\/fmp-components.com\/wp-content\/uploads\/2025\/03\/Telescopic-Hydraulic-Cylinders-114-480x480.webp 480w\" sizes=\"(min-width: 0px) and (max-width: 480px) 480px, (min-width: 481px) and (max-width: 980px) 980px, (min-width: 981px) and (max-width: 1280px) 1280px, (min-width: 1281px) 2160px, 100vw\" \/><\/p>\n<h2>Hidravli\u010dni sistemi in na\u010dela delovanja<\/h2>\n<p>Hidravli\u010dni cilindri igrajo klju\u010dno vlogo v razli\u010dnih strojih in aplikacijah, saj pretvarjajo hidravli\u010dno energijo v mehansko gibanje in tlak v silo. To brezhibno delovanje je omogo\u010deno zaradi sinergije med hidravli\u010dnim cilindrom in <b>str.<\/b>pogonska enota, jedro, ki dobavlja potrebno energijo in krmilne signale za hidravli\u010dni sistem.<\/p>\n<h2>Uporaba hidravli\u010dnega cilindra<\/h2>\n<p>Vsestranskost na\u0161ega hidravli\u010dnega cilindra omogo\u010da njegovo uporabo v razli\u010dnih panogah in strojih. Od delavnic za popravilo strojev do kmetij, od energetike in rudarstva do proizvodnje strojev in tovarn strojev se je na\u0161 hidravli\u010dni cilinder izkazal za nepogre\u0161ljivega.<\/p>\n<h2>Hidravli\u010dni cilindri in pogonske enote<\/h2>\n<p>Hidravli\u010dni cilindri in pogonske enote so sestavni deli hidravli\u010dnega sistema. Njihova skupna funkcija zagotavlja \u0161iroko uporabo hidravli\u010dne tehnologije v industriji, saj zagotavlja zanesljivo napajanje in podporo krmiljenju za razli\u010dno in\u017eenirsko in mehansko opremo.<\/p>\n<h2>Pogosta vpra\u0161anja<\/h2>\n<h3>V: Ali ste trgovsko podjetje ali proizvajalec?<\/h3>\n<p>O: Smo proizvajalec.<\/p>\n<h3>V: Koliko \u010dasa traja va\u0161a dobavni rok?<\/h3>\n<p>A: Na splo\u0161no je na\u0161 dobavni rok med 25 in 35 dnevi.<\/p>\n<h3>V: Ali ponujate vzorce? Je to brezpla\u010dno ali dodatno?<\/h3>\n<p>O: Da, nudimo vzorce, vendar niso brezpla\u010dni.<\/p>","protected":false},"excerpt":{"rendered":"<p>&#8221; High Quality 4 Stage Telescopic Double Acting Telescopic Hydraulic Cylinder Indulge in the finest quality of our 4 Stage Telescopic Double Acting Telescopic hydraulic cylinder, a top-tier product that stands out in its application across industries such as Machinery Repair Shops, Farms, Energy &amp; Mining, Machinery manufacturing, and Machinery Factory. Key Features and Functions [&hellip;]<\/p>","protected":false},"featured_media":6769,"comment_status":"closed","ping_status":"closed","template":"","meta":{"_et_pb_use_builder":"","_et_pb_old_content":"","_et_gb_content_width":""},"product_brand":[],"product_cat":[103],"product_tag":[34,105],"class_list":{"0":"post-6587","1":"product","2":"type-product","3":"status-publish","4":"has-post-thumbnail","6":"product_cat-telescopic-hydraulic-cylinders","7":"product_tag-hydraulic-cylinder","8":"product_tag-telescopic-hydraulic-cylinders","10":"first","11":"instock","12":"product-type-simple"},"_links":{"self":[{"href":"https:\/\/fmp-components.com\/sl\/wp-json\/wp\/v2\/product\/6587","targetHints":{"allow":["GET"]}}],"collection":[{"href":"https:\/\/fmp-components.com\/sl\/wp-json\/wp\/v2\/product"}],"about":[{"href":"https:\/\/fmp-components.com\/sl\/wp-json\/wp\/v2\/types\/product"}],"replies":[{"embeddable":true,"href":"https:\/\/fmp-components.com\/sl\/wp-json\/wp\/v2\/comments?post=6587"}],"wp:featuredmedia":[{"embeddable":true,"href":"https:\/\/fmp-components.com\/sl\/wp-json\/wp\/v2\/media\/6769"}],"wp:attachment":[{"href":"https:\/\/fmp-components.com\/sl\/wp-json\/wp\/v2\/media?parent=6587"}],"wp:term":[{"taxonomy":"product_brand","embeddable":true,"href":"https:\/\/fmp-components.com\/sl\/wp-json\/wp\/v2\/product_brand?post=6587"},{"taxonomy":"product_cat","embeddable":true,"href":"https:\/\/fmp-components.com\/sl\/wp-json\/wp\/v2\/product_cat?post=6587"},{"taxonomy":"product_tag","embeddable":true,"href":"https:\/\/fmp-components.com\/sl\/wp-json\/wp\/v2\/product_tag?post=6587"}],"curies":[{"name":"delovni list","href":"https:\/\/api.w.org\/{rel}","templated":true}]}}