{"id":6586,"date":"2025-03-11T06:31:13","date_gmt":"2025-03-11T06:31:13","guid":{"rendered":"https:\/\/fmp-components.com\/product\/factory-price-two-stage-hydraulic-telescopic-cylinder"},"modified":"2025-03-12T03:28:50","modified_gmt":"2025-03-12T03:28:50","slug":"factory-price-two-stage-hydraulic-telescopic-cylinder","status":"publish","type":"product","link":"https:\/\/fmp-components.com\/sl\/product\/factory-price-two-stage-hydraulic-telescopic-cylinder\/","title":{"rendered":"Tovarni\u0161ka cena Dvostopenjski hidravli\u010dni teleskopski cilinder"},"content":{"rendered":"<h2>Tovarni\u0161ka cena Dvostopenjski hidravli\u010dni teleskopski cilinder<\/h2>\n<p>Izkusite mo\u010d in u\u010dinkovitost dvostopenjskega hidravli\u010dnega teleskopskega cilindra po tovarni\u0161ki ceni. Ta hidravli\u010dni cilinder, zasnovan za visoko zmogljivost in vzdr\u017eljivost, je idealen za uporabo v delavnicah za popravilo strojev, na kmetijah, v energetiki, rudarstvu, proizvodnji strojev in tovarnah strojev. Z jeklenim ohi\u0161jem in najve\u010djim potiskom 3000 je robusten in zanesljiv. Ve\u010dstopenjski hidravli\u010dni cilinder je zasnovan za najve\u010djo vle\u010dno silo 20 ton, zaradi \u010desar je vsestranski dodatek k va\u0161i ponudbi strojev.<\/p>\n<p><img loading=\"lazy\" decoding=\"async\" class=\"alignnone wp-image-6665\" src=\"https:\/\/fmp-components.com\/wp-content\/uploads\/2025\/03\/telescopic-hydraulic-cylinder-9.webp\" alt=\"teleskopski hidravli\u010dni cilinder\" width=\"905\" height=\"905\" title=\"\" srcset=\"https:\/\/fmp-components.com\/wp-content\/uploads\/2025\/03\/telescopic-hydraulic-cylinder-9.webp 905w, https:\/\/fmp-components.com\/wp-content\/uploads\/2025\/03\/telescopic-hydraulic-cylinder-9-480x480.webp 480w\" sizes=\"(min-width: 0px) and (max-width: 480px) 480px, (min-width: 481px) 905px, 100vw\" \/><\/p>\n<h3>Specifikacije izdelka<\/h3>\n<p>Klju\u010dni sestavni deli tega hidravli\u010dnega cilindra vklju\u010dujejo le\u017eaj in sam hidravli\u010dni cilinder, za vse pa velja 1-letna garancija. Gre za standardni batni cilinder, ki deluje na hidravli\u010dno energijo. Ohi\u0161je cilindra je izdelano iz jekla, kar zagotavlja njegovo vzdr\u017eljivost in dolgo \u017eivljenjsko dobo.<\/p>\n<h3>Tehni\u010dni parametri<\/h3>\n<table style=\"width: 99.4924%; height: 115px;\" border=\"\">\n<tbody>\n<tr style=\"height: 23px;\">\n<td style=\"width: 43.5028%; height: 23px;\"><b>Velikost izvrtine<\/b><\/td>\n<td style=\"width: 482.486%; height: 23px;\">2\u20136 palcev<\/td>\n<\/tr>\n<tr style=\"height: 23px;\">\n<td style=\"width: 43.5028%; height: 23px;\"><b>Velikost palice<\/b><\/td>\n<td style=\"width: 482.486%; height: 23px;\">1,125-4 palca<\/td>\n<\/tr>\n<tr style=\"height: 23px;\">\n<td style=\"width: 43.5028%; height: 23px;\"><b>Velikost poteze<\/b><\/td>\n<td style=\"width: 482.486%; height: 23px;\">4\u2013100 palcev<\/td>\n<\/tr>\n<tr style=\"height: 23px;\">\n<td style=\"width: 43.5028%; height: 23px;\"><b>Velikost zati\u010da<\/b><\/td>\n<td style=\"width: 482.486%; height: 23px;\">0,5\u20132 palca<\/td>\n<\/tr>\n<tr style=\"height: 23px;\">\n<td style=\"width: 43.5028%; height: 23px;\"><b>Pristani\u0161\u010da<\/b><\/td>\n<td style=\"width: 482.486%; height: 23px;\">G\/SAE\/NPT\/M<\/td>\n<\/tr>\n<\/tbody>\n<\/table>\n<h2>Zna\u010dilnosti izdelka<\/h2>\n<ul>\n<li>Energetsko u\u010dinkovit: Hidravli\u010dni cilinder deluje na hidravli\u010dno mo\u010d in zagotavlja maksimalno u\u010dinkovitost.<\/li>\n<li>Visoka zmogljivost: Z najve\u010djim potiskom 3000 lahko ta hidravli\u010dni cilinder prenese te\u017eke obremenitve.<\/li>\n<li>Varnost: Jekleno ohi\u0161je zagotavlja vzdr\u017eljivost in varnost hidravli\u010dnega cilindra med delovanjem.<\/li>\n<\/ul>\n<h2>Na\u010delo delovanja<\/h2>\n<p>Hidravli\u010dni cilinder deluje na principu tlaka teko\u010dine. Pretvarja hidravli\u010dno energijo v mehansko gibanje, kar zagotavlja mo\u010d, potrebno za premikanje in krmiljenje strojev.<\/p>\n<p><img loading=\"lazy\" decoding=\"async\" class=\"alignnone wp-image-6664\" src=\"https:\/\/fmp-components.com\/wp-content\/uploads\/2025\/03\/telescopic-hydraulic-cylinder-8.webp\" alt=\"teleskopski hidravli\u010dni cilinder\" width=\"884\" height=\"884\" title=\"\" srcset=\"https:\/\/fmp-components.com\/wp-content\/uploads\/2025\/03\/telescopic-hydraulic-cylinder-8.webp 884w, https:\/\/fmp-components.com\/wp-content\/uploads\/2025\/03\/telescopic-hydraulic-cylinder-8-480x480.webp 480w\" sizes=\"(min-width: 0px) and (max-width: 480px) 480px, (min-width: 481px) 884px, 100vw\" \/><\/p>\n<h2>Aplikacije<\/h2>\n<p>Hidravli\u010dni cilinder se \u0161iroko uporablja v delavnicah za popravilo strojev, na kmetijah, v energetski in rudarski industriji, proizvodnji strojev in tovarnah strojev, kjer je potrebno dvigovanje in premikanje te\u017ekih bremen.<\/p>\n<h2>Hidravli\u010dni cilindri in pogonske enote<\/h2>\n<p>Hidravli\u010dni valj in pogonska enota sta sestavna dela hidravli\u010dnega sistema. Njuna sinergija zagotavlja \u0161iroko uporabo hidravli\u010dne tehnologije v industriji, saj zagotavlja zanesljivo napajanje in krmilno podporo za razli\u010dno in\u017eenirsko in mehansko opremo. Hidravli\u010dni valj kot aktuator je odgovoren za pretvorbo hidravli\u010dne energije v mehansko gibanje, tlak pa v silo. Pogonska enota pa je jedro, ki zagotavlja energijo in krmilne signale, ki jih potrebuje hidravli\u010dni sistem. Usklajevanje med njima zagotavlja normalno delovanje hidravli\u010dnega sistema. V podjetju FMP ponujamo tudi pogonske enote za prodajo.<\/p>\n<h2>Pogosto zastavljena vpra\u0161anja<\/h2>\n<p><b>V: Ali ste trgovsko podjetje ali proizvajalec?<\/b><br \/>\nA: Smo tovarna.<\/p>\n<p><b>V: Koliko \u010dasa traja va\u0161a dobavni rok?<\/b><br \/>\nA: Na splo\u0161no je to 25-35 dni.<\/p>\n<p><b>V: Ali ponujate vzorce? So brezpla\u010dni ali dodatni?<\/b><br \/>\nO: Da, lahko ponudimo vzorec, vendar ni brezpla\u010den.<\/p>\n<h3>O FMP-ju<\/h3>\n<p>FMP je vodilni italijanski proizvajalec, specializiran za na\u010drtovanje, razvoj in proizvodnjo visokokakovostnih hidravli\u010dnih cilindrov. Z zapu\u0161\u010dino, zgrajeno na desetletjih strokovnega znanja, strokovno zdru\u017eujemo italijansko obrt z inovativno tehnologijo, da bi zagotovili izjemne hidravli\u010dne re\u0161itve, prilagojene raznolikim potrebam na\u0161ih strank po vsem svetu. FMP, ki se nahaja v Italiji, sredi\u0161\u010du in\u017eenirske odli\u010dnosti, je zaupanja vredno ime v hidravli\u010dni industriji, predano zagotavljanju zanesljivih, trpe\u017enih in inovativnih izdelkov, ki opolnomo\u010dajo podjetja po vsem svetu.<\/p>\n<p>Na\u0161e podjetje zdru\u017euje napredne proizvodne tradicije s prihodnostnim pristopom. Z dolgoletnimi izku\u0161njami na podro\u010dju hidravli\u010dnih sistemov se je FMP preoblikoval v sodobno podjetje, ki blesti na podro\u010dju raziskav, na\u010drtovanja in proizvodnje. Ponujamo \u0161iroko paleto hidravli\u010dnih cilindrov, vklju\u010dno z dvostransko delujo\u010dimi cilindri, avtomobilskimi dvi\u017enimi cilindri, cilindri za kmetijsko mehanizacijo in re\u0161itvami po meri za razli\u010dne industrijske aplikacije. Ne glede na to, ali gre za gradbeni\u0161tvo, industrijske instalacije, kmetijstvo ali te\u017eko mehanizacijo, so na\u0161i hidravli\u010dni cilindri zasnovani za delovanje v najzahtevnej\u0161ih pogojih, kar zagotavlja varnost, u\u010dinkovitost in dolgo \u017eivljenjsko dobo.<\/p>\n<p>V podjetju FMP smo ponosni na na\u0161e najsodobnej\u0161e proizvodne obrate, ki so opremljeni s preciznimi stroji in naprednimi sistemi za testiranje. Na\u0161i proizvodni procesi so v skladu s strogimi nacionalnimi in mednarodnimi standardi, kar zagotavlja, da vsak izdelan hidravli\u010dni valj izpolnjuje najvi\u0161je standarde kakovosti in zanesljivosti. Na\u0161a usposobljena tehni\u010dna ekipa, ki jo podpira najsodobnej\u0161a oprema, nam omogo\u010da, da vzdr\u017eujemo strog nadzor kakovosti na vsaki stopnji proizvodnje \u2013 od izbire surovin do kon\u010dnega pregleda. Ta zavezanost odli\u010dnosti nam je prinesla certifikate in priznanja s strani industrijskih organov, kar je \u0161e utrdilo na\u0161 ugled zanesljivega partnerja.<\/p>\n<p><img loading=\"lazy\" decoding=\"async\" class=\"alignnone size-full wp-image-6720\" src=\"https:\/\/fmp-components.com\/wp-content\/uploads\/2025\/03\/hydraulic-cylinder-8.webp\" alt=\"Teleskopski hidravli\u010dni cilindri\" width=\"933\" height=\"526\" title=\"\" srcset=\"https:\/\/fmp-components.com\/wp-content\/uploads\/2025\/03\/hydraulic-cylinder-8.webp 933w, https:\/\/fmp-components.com\/wp-content\/uploads\/2025\/03\/hydraulic-cylinder-8-480x271.webp 480w\" sizes=\"(min-width: 0px) and (max-width: 480px) 480px, (min-width: 481px) 933px, 100vw\" \/><\/p>\n<p>Na\u0161e poslanstvo je preprosto, a ambiciozno: dobavljati hidravli\u010dne cilindre, ki presegajo pri\u010dakovanja glede zmogljivosti, vzdr\u017eljivosti in vrednosti. Vodimo se z na\u010deli profesionalnosti, integritete in osredoto\u010denosti na stranke, spodbujamo kulturo inovacij in natan\u010dnosti ter nenehno izpopolnjujemo na\u0161e izdelke, da bi ostali konkuren\u010dni na trgu. Na\u0161a celovita ponudba izdelkov in sposobnost zagotavljanja prilagojenih re\u0161itev nas uvr\u0161\u010data med prednostne izbire za podjetja, ki i\u0161\u010dejo visokozmogljive hidravli\u010dne cilindre.<\/p>\n<p>FMP ni le proizvajalec; smo partner pri va\u0161em uspehu. Razumemo, da so na\u0161e stranke odvisne od nas pri orodjih, ki pove\u010dujejo produktivnost in varnost. Zato smo zavezani k zagotavljanju ne le vrhunskih izdelkov, temve\u010d tudi izjemnih storitev. Od za\u010detnega posvetovanja do poprodajne podpore tesno sodelujemo z na\u0161imi strankami, da zagotovimo, da so njihove potrebe izpolnjene profesionalno in skrbno. Na\u0161e konkuren\u010dne cene v kombinaciji z neomajno zavezanostjo kakovosti naredijo FMP pametno izbiro za podjetja, ki \u017eelijo vlagati v zaupanja vredne hidravli\u010dne re\u0161itve.<\/p>","protected":false},"excerpt":{"rendered":"<p>Factory Price Two Stage Hydraulic Telescopic Cylinder Experience the power and efficiency of the Factory Price Two Stage Hydraulic Telescopic Cylinder. Designed for high performance and durability, this hydraulic cylinder is ideal for use in machinery repair shops, farms, energy, mining, machinery manufacturing and machinery factories. With its steel body and maximum thrust of 3000, [&hellip;]<\/p>","protected":false},"featured_media":6713,"comment_status":"closed","ping_status":"closed","template":"","meta":{"_et_pb_use_builder":"","_et_pb_old_content":"","_et_gb_content_width":""},"product_brand":[],"product_cat":[103],"product_tag":[34,105],"class_list":{"0":"post-6586","1":"product","2":"type-product","3":"status-publish","4":"has-post-thumbnail","6":"product_cat-telescopic-hydraulic-cylinders","7":"product_tag-hydraulic-cylinder","8":"product_tag-telescopic-hydraulic-cylinders","10":"first","11":"instock","12":"product-type-simple"},"_links":{"self":[{"href":"https:\/\/fmp-components.com\/sl\/wp-json\/wp\/v2\/product\/6586","targetHints":{"allow":["GET"]}}],"collection":[{"href":"https:\/\/fmp-components.com\/sl\/wp-json\/wp\/v2\/product"}],"about":[{"href":"https:\/\/fmp-components.com\/sl\/wp-json\/wp\/v2\/types\/product"}],"replies":[{"embeddable":true,"href":"https:\/\/fmp-components.com\/sl\/wp-json\/wp\/v2\/comments?post=6586"}],"wp:featuredmedia":[{"embeddable":true,"href":"https:\/\/fmp-components.com\/sl\/wp-json\/wp\/v2\/media\/6713"}],"wp:attachment":[{"href":"https:\/\/fmp-components.com\/sl\/wp-json\/wp\/v2\/media?parent=6586"}],"wp:term":[{"taxonomy":"product_brand","embeddable":true,"href":"https:\/\/fmp-components.com\/sl\/wp-json\/wp\/v2\/product_brand?post=6586"},{"taxonomy":"product_cat","embeddable":true,"href":"https:\/\/fmp-components.com\/sl\/wp-json\/wp\/v2\/product_cat?post=6586"},{"taxonomy":"product_tag","embeddable":true,"href":"https:\/\/fmp-components.com\/sl\/wp-json\/wp\/v2\/product_tag?post=6586"}],"curies":[{"name":"delovni list","href":"https:\/\/api.w.org\/{rel}","templated":true}]}}