{"id":6585,"date":"2025-03-11T06:31:13","date_gmt":"2025-03-11T06:31:13","guid":{"rendered":"https:\/\/fmp-components.com\/product\/quality-assurance-multistage-hydraulic-cylinder-for-dump-trailer"},"modified":"2025-03-12T05:57:30","modified_gmt":"2025-03-12T05:57:30","slug":"quality-assurance-multistage-hydraulic-cylinder-for-dump-trailer","status":"publish","type":"product","link":"https:\/\/fmp-components.com\/sl\/product\/quality-assurance-multistage-hydraulic-cylinder-for-dump-trailer\/","title":{"rendered":"Ve\u010dstopenjski hidravli\u010dni cilinder za zagotavljanje kakovosti za prekucnik"},"content":{"rendered":"<h2>Ve\u010dstopenjski hidravli\u010dni cilinder za zagotavljanje kakovosti za prekucnik<\/h2>\n<p>Predstavljamo vam na\u0161 ve\u010dstopenjski hidravli\u010dni cilinder za prekucne prikolice, izdelek z zagotovljeno kakovostjo, zasnovan za va\u0161e potrebe po te\u017eki mehanizaciji. Ta izdelek je idealen za razli\u010dne panoge, vklju\u010dno s strojnimi delavnicami, kmetijstvom, energetiko in rudarstvom, proizvodnjo strojev in tovarnami strojev.<\/p>\n<h3>Zna\u010dilnosti in specifikacije izdelka<\/h3>\n<p>Na\u0161 ve\u010dstopenjski hidravli\u010dni cilinder za prekucne prikolice ponuja novo raven u\u010dinkovitosti in zanesljivosti. Gre za standardni hidravli\u010dni cilinder z batom in hidravli\u010dnim virom energije. Ohi\u0161je je izdelano iz robustnega jekla, kar zagotavlja robusten in vzdr\u017eljiv izdelek. Najve\u010dji potisk, ki ga lahko prenese, je 3000 ton, najve\u010dji vle\u010dni napor pa 20 ton.<\/p>\n<h3>Tehni\u010dne podrobnosti<\/h3>\n<table style=\"width: 99.7507%;\" border=\"\">\n<tbody>\n<tr>\n<td style=\"width: 42.9379%;\"><i>Velikost izvrtine<\/i><\/td>\n<td style=\"width: 472.881%;\">2\u20136 palcev<\/td>\n<\/tr>\n<tr>\n<td style=\"width: 42.9379%;\"><i>Velikost palice<\/i><\/td>\n<td style=\"width: 472.881%;\">1,125-4 palca<\/td>\n<\/tr>\n<tr>\n<td style=\"width: 42.9379%;\"><i>Velikost poteze<\/i><\/td>\n<td style=\"width: 472.881%;\">4\u2013100 palcev<\/td>\n<\/tr>\n<tr>\n<td style=\"width: 42.9379%;\"><i>Velikost zati\u010da<\/i><\/td>\n<td style=\"width: 472.881%;\">0,5\u20132 palca<\/td>\n<\/tr>\n<tr>\n<td style=\"width: 42.9379%;\"><i>Pristani\u0161\u010da<\/i><\/td>\n<td style=\"width: 472.881%;\">G\/SAE\/NPT\/M<\/td>\n<\/tr>\n<\/tbody>\n<\/table>\n<h2>Edinstvene prednosti izdelka<\/h2>\n<ul>\n<li>Var\u010devanje z energijo: Z na\u0161im ve\u010dstopenjskim hidravli\u010dnim cilindrom lahko dose\u017eete optimalno energetsko u\u010dinkovitost brez kompromisov pri zmogljivosti.<\/li>\n<li>Visoka u\u010dinkovitost: Ta izdelek zagotavlja maksimalno produktivnost zaradi svoje visokozmogljive hidravli\u010dne mo\u010di.<\/li>\n<li>Varnost: Va\u0161a varnost je na\u0161a prednostna naloga. Zato je na\u0161 ve\u010dstopenjski hidravli\u010dni cilinder zasnovan z vrhunskimi lastnostmi, ki zagotavljajo varno delovanje ves \u010das.<\/li>\n<\/ul>\n<p><img loading=\"lazy\" decoding=\"async\" class=\"alignnone  wp-image-6663\" src=\"https:\/\/fmp-components.com\/wp-content\/uploads\/2025\/03\/telescopic-hydraulic-cylinder-11.webp\" alt=\"teleskopski hidravli\u010dni cilinder\" width=\"956\" height=\"956\" title=\"\" srcset=\"https:\/\/fmp-components.com\/wp-content\/uploads\/2025\/03\/telescopic-hydraulic-cylinder-11.webp 956w, https:\/\/fmp-components.com\/wp-content\/uploads\/2025\/03\/telescopic-hydraulic-cylinder-11-480x480.webp 480w\" sizes=\"(min-width: 0px) and (max-width: 480px) 480px, (min-width: 481px) 956px, 100vw\" \/><\/p>\n<h2>Razumevanje hidravli\u010dnega sistema in njegovega na\u010dela delovanja<\/h2>\n<p>Hidravli\u010dni sistemi so zaradi \u0161irokega nabora uporabe klju\u010dni v razli\u010dnih panogah. Na\u0161 ve\u010dstopenjski hidravli\u010dni cilinder za prekucne prikolice kot del tega sistema igra pomembno vlogo pri pretvorbi hidravli\u010dne energije v mehanske gibe, s \u010dimer zagotavlja nemoteno delovanje v va\u0161i panogi.<\/p>\n<h2>Uporaba izdelkov<\/h2>\n<p>Ve\u010dstopenjski hidravli\u010dni cilinder za prekucnik je vsestranski izdelek, idealen za razli\u010dne aplikacije, vklju\u010dno s servisnimi delavnicami, kmetijami, energetiko in rudarstvom ter tovarnami strojev. Njegova robustna konstrukcija zagotavlja, da prenese zahtevne naloge in te\u017eke pogoje.<\/p>\n<h2>Hidravli\u010dni cilindri in pogonske enote<\/h2>\n<p>Hidravli\u010dni cilindri in pogonske enote so nepogre\u0161ljive komponente hidravli\u010dnih sistemov. Sinergi\u010dno delovanje teh dveh komponent zagotavlja \u0161iroko uporabo hidravli\u010dne tehnologije v industriji, saj zagotavlja zanesljivo napajanje in krmilno podporo za razli\u010dno in\u017eenirsko in mehansko opremo. Hidravli\u010dni cilinder kot aktuator je odgovoren za pretvorbo hidravli\u010dne energije v mehansko gibanje, s \u010dimer se tlak pretvori v silo. Pogonska enota pa je jedro, ki zagotavlja energijo in krmilne signale, ki jih potrebuje hidravli\u010dni sistem. Usklajeno sodelovanje med njima zagotavlja normalno delovanje hidravli\u010dnega sistema. FMP ponuja tudi pogonske enote za prodajo.<\/p>\n<h3>O FMP-ju<\/h3>\n<p class=\"break-words\">FMP je vodilni italijanski proizvajalec, specializiran za na\u010drtovanje, razvoj in proizvodnjo visokokakovostnih hidravli\u010dnih cilindrov. Z bogato dedi\u0161\u010dino, ki temelji na desetletjih strokovnega znanja, ponosno zdru\u017eujemo italijansko obrt z najsodobnej\u0161o tehnologijo, da bi zagotovili izjemne hidravli\u010dne re\u0161itve, prilagojene raznolikim potrebam na\u0161ih strank po vsem svetu. FMP s sede\u017eem v Italiji, sredi\u0161\u010du in\u017eenirske odli\u010dnosti, velja za zaupanja vredno ime v hidravli\u010dni industriji, zavezano zagotavljanju zanesljivih, trpe\u017enih in inovativnih izdelkov, ki opolnomo\u010dajo podjetja po vsem svetu.<\/p>\n<p class=\"break-words\">Na\u0161e podjetje zdru\u017euje najbolj\u0161e iz naprednih proizvodnih tradicij s prihodnostnim pristopom. Z dolgoletnimi izku\u0161njami na podro\u010dju hidravli\u010dnih sistemov se je FMP razvil v sodobno podjetje, ki blesti na podro\u010dju raziskav, na\u010drtovanja in proizvodnje. Specializirani smo za \u0161iroko paleto hidravli\u010dnih cilindrov, vklju\u010dno z dvostransko delujo\u010dimi cilindri, avtomobilskimi dvi\u017enimi cilindri, cilindri za kmetijsko mehanizacijo in re\u0161itvami po meri za razli\u010dne industrijske aplikacije. Ne glede na to, ali gre za gradbeni\u0161tvo, industrijske instalacije, kmetijstvo ali te\u017eko mehanizacijo, so na\u0161i hidravli\u010dni cilindri izdelani za delovanje v najte\u017ejih pogojih, kar zagotavlja varnost, u\u010dinkovitost in dolgo \u017eivljenjsko dobo.<\/p>\n<p><img loading=\"lazy\" decoding=\"async\" class=\"alignnone size-full wp-image-6720\" src=\"https:\/\/fmp-components.com\/wp-content\/uploads\/2025\/03\/hydraulic-cylinder-8.webp\" alt=\"Teleskopski hidravli\u010dni cilindri\" width=\"933\" height=\"526\" title=\"\" srcset=\"https:\/\/fmp-components.com\/wp-content\/uploads\/2025\/03\/hydraulic-cylinder-8.webp 933w, https:\/\/fmp-components.com\/wp-content\/uploads\/2025\/03\/hydraulic-cylinder-8-480x271.webp 480w\" sizes=\"(min-width: 0px) and (max-width: 480px) 480px, (min-width: 481px) 933px, 100vw\" \/><\/p>\n<p class=\"break-words\">V podjetju FMP smo ponosni na na\u0161e najsodobnej\u0161e proizvodne obrate, opremljene s preciznimi stroji in naprednimi sistemi za testiranje. Na\u0161i proizvodni procesi so v skladu s strogimi nacionalnimi in mednarodnimi standardi, kar zagotavlja, da je vsak hidravli\u010dni valj, ki zapusti na\u0161o tovarno, vrhunske kakovosti in zanesljivosti. Na\u0161a usposobljena tehni\u010dna ekipa nam skupaj z najsodobnej\u0161o opremo omogo\u010da strog nadzor kakovosti na vsaki stopnji proizvodnje \u2013 od izbire surovin do kon\u010dnega pregleda. Ta predanost odli\u010dnosti nam je prinesla certifikate in priznanja s strani industrijskih organov, kar je \u0161e utrdilo na\u0161 ugled zanesljivega partnerja.<\/p>\n<p class=\"break-words\">Na\u0161e poslanstvo je preprosto, a ambiciozno: strankam zagotoviti hidravli\u010dne cilindre, ki presegajo pri\u010dakovanja glede zmogljivosti, vzdr\u017eljivosti in vrednosti. Delujemo po vodilnih na\u010delih profesionalnosti, integritete in osredoto\u010denosti na stranke. Z gojenjem kulture inovacij in natan\u010dnosti nenehno izpopolnjujemo na\u0161e izdelke, da bi ostali v ospredju na konkuren\u010dnem trgu. Na\u0161a celovita ponudba izdelkov in sposobnost ponujanja prilagojenih re\u0161itev nas uvr\u0161\u010data med prva izbira podjetij, ki i\u0161\u010dejo visokozmogljive hidravli\u010dne cilindre.<\/p>\n<p class=\"break-words\">FMP ni le proizvajalec \u2013 smo partner pri va\u0161em uspehu. Razumemo, da se na\u0161e stranke zana\u0161ajo na nas pri dobavi orodij, ki izbolj\u0161ujejo njihovo produktivnost in varnost. Zato smo zavezani k ponujanju ne le vrhunskih izdelkov, temve\u010d tudi izjemne storitve. Od za\u010detnega posvetovanja do poprodajne podpore tesno sodelujemo z na\u0161imi strankami, da zagotovimo, da so njihove potrebe izpolnjene profesionalno in skrbno. Na\u0161e konkuren\u010dne cene, skupaj z na\u0161o neomajno zavezanostjo kakovosti, naredijo FMP pametno izbiro za podjetja, ki \u017eelijo vlagati v hidravli\u010dne re\u0161itve, ki jim lahko zaupajo.<\/p>","protected":false},"excerpt":{"rendered":"<p>Quality Assurance Multistage Hydraulic Cylinder for Dump Trailer Introducing our Multistage Hydraulic Cylinder for Dump Trailer, a quality-assured product designed to meet your heavy machinery needs. This product is a perfect fit for various industries, including machinery repair shops, farms, energy &amp; mining, machinery manufacturing, and machinery factories. Product Features and Specifications Our Multistage Hydraulic [&hellip;]<\/p>","protected":false},"featured_media":6729,"comment_status":"closed","ping_status":"closed","template":"","meta":{"_et_pb_use_builder":"","_et_pb_old_content":"","_et_gb_content_width":""},"product_brand":[],"product_cat":[103],"product_tag":[34,105],"class_list":{"0":"post-6585","1":"product","2":"type-product","3":"status-publish","4":"has-post-thumbnail","6":"product_cat-telescopic-hydraulic-cylinders","7":"product_tag-hydraulic-cylinder","8":"product_tag-telescopic-hydraulic-cylinders","10":"first","11":"instock","12":"product-type-simple"},"_links":{"self":[{"href":"https:\/\/fmp-components.com\/sl\/wp-json\/wp\/v2\/product\/6585","targetHints":{"allow":["GET"]}}],"collection":[{"href":"https:\/\/fmp-components.com\/sl\/wp-json\/wp\/v2\/product"}],"about":[{"href":"https:\/\/fmp-components.com\/sl\/wp-json\/wp\/v2\/types\/product"}],"replies":[{"embeddable":true,"href":"https:\/\/fmp-components.com\/sl\/wp-json\/wp\/v2\/comments?post=6585"}],"wp:featuredmedia":[{"embeddable":true,"href":"https:\/\/fmp-components.com\/sl\/wp-json\/wp\/v2\/media\/6729"}],"wp:attachment":[{"href":"https:\/\/fmp-components.com\/sl\/wp-json\/wp\/v2\/media?parent=6585"}],"wp:term":[{"taxonomy":"product_brand","embeddable":true,"href":"https:\/\/fmp-components.com\/sl\/wp-json\/wp\/v2\/product_brand?post=6585"},{"taxonomy":"product_cat","embeddable":true,"href":"https:\/\/fmp-components.com\/sl\/wp-json\/wp\/v2\/product_cat?post=6585"},{"taxonomy":"product_tag","embeddable":true,"href":"https:\/\/fmp-components.com\/sl\/wp-json\/wp\/v2\/product_tag?post=6585"}],"curies":[{"name":"delovni list","href":"https:\/\/api.w.org\/{rel}","templated":true}]}}