{"id":6584,"date":"2025-03-11T06:31:13","date_gmt":"2025-03-11T06:31:13","guid":{"rendered":"https:\/\/fmp-components.com\/product\/quality-manufacturing-flatbed-tow-truck-dump-truck-hydraulic-cylinder"},"modified":"2025-03-12T05:45:44","modified_gmt":"2025-03-12T05:45:44","slug":"quality-manufacturing-flatbed-tow-truck-dump-truck-hydraulic-cylinder","status":"publish","type":"product","link":"https:\/\/fmp-components.com\/sl\/product\/quality-manufacturing-flatbed-tow-truck-dump-truck-hydraulic-cylinder\/","title":{"rendered":"Hidravli\u010dni cilinder za tovornjake s plo\u0161\u010dadjo za vleko"},"content":{"rendered":"<h2>Hidravli\u010dni cilinder za tovornjake s plo\u0161\u010dadjo za vleko<\/h2>\n<p>Odkrijte kakovost na\u0161ih hidravli\u010dnih cilindrov FMP, zasnovanih za uporabo v vle\u010dnih tovornjakih s plo\u0161\u010dadjo in prekucnikih, ki se pogosto uporabljajo v razli\u010dnih panogah, vklju\u010dno s servisnimi delavnicami, kmetijstvom, energetiko in rudarstvom, proizvodnjo strojev in tovarnami strojev.<\/p>\n<h3>Zna\u010dilnosti izdelka<\/h3>\n<p>Na\u0161i hidravli\u010dni cilindri ponujajo \u0161tevilne lastnosti, ki jih lo\u010dijo od konkurence. Zasnovani so s standardno strukturo, ki uporablja hidravli\u010dno gnan batni valj. Ohi\u0161je je izdelano iz trpe\u017enega jekla, ki ponuja najve\u010dji potisk 3000 in najve\u010dji vle\u010dni napor 20 ton. Ta ve\u010dstopenjski hidravli\u010dni cilinder izpolnjuje tudi standarde ISO9001:2000.<\/p>\n<h3>Tehni\u010dne specifikacije<\/h3>\n<table style=\"width: 99.5341%; height: 115px;\" border=\"\">\n<tbody>\n<tr style=\"height: 23px;\">\n<td style=\"width: 42.9379%; height: 23px;\"><i>Velikost izvrtine<\/i><\/td>\n<td style=\"width: 471.751%; height: 23px;\">2\u20136 palcev<\/td>\n<\/tr>\n<tr style=\"height: 23px;\">\n<td style=\"width: 42.9379%; height: 23px;\"><i>Velikost palice<\/i><\/td>\n<td style=\"width: 471.751%; height: 23px;\">1,125-4 palca<\/td>\n<\/tr>\n<tr style=\"height: 23px;\">\n<td style=\"width: 42.9379%; height: 23px;\"><i>Velikost poteze<\/i><\/td>\n<td style=\"width: 471.751%; height: 23px;\">4\u2013100 palcev<\/td>\n<\/tr>\n<tr style=\"height: 23px;\">\n<td style=\"width: 42.9379%; height: 23px;\"><i>Velikost zati\u010da<\/i><\/td>\n<td style=\"width: 471.751%; height: 23px;\">0,5\u20132 palca<\/td>\n<\/tr>\n<tr style=\"height: 23px;\">\n<td style=\"width: 42.9379%; height: 23px;\"><i>Pristani\u0161\u010da<\/i><\/td>\n<td style=\"width: 471.751%; height: 23px;\">G\/SAE\/NPT\/M<\/td>\n<\/tr>\n<\/tbody>\n<\/table>\n<h2>Edinstvene prednosti<\/h2>\n<ul>\n<li>Var\u010devanje z energijo<\/li>\n<li>Visoka u\u010dinkovitost<\/li>\n<li>Zagotavljanje varnosti<\/li>\n<\/ul>\n<p><img loading=\"lazy\" decoding=\"async\" class=\"alignnone  wp-image-6658\" src=\"https:\/\/fmp-components.com\/wp-content\/uploads\/2025\/03\/telescopic-hydraulic-cylinder-6.webp\" alt=\"teleskopski hidravli\u010dni cilinder\" width=\"969\" height=\"969\" title=\"\" srcset=\"https:\/\/fmp-components.com\/wp-content\/uploads\/2025\/03\/telescopic-hydraulic-cylinder-6.webp 969w, https:\/\/fmp-components.com\/wp-content\/uploads\/2025\/03\/telescopic-hydraulic-cylinder-6-480x480.webp 480w\" sizes=\"(min-width: 0px) and (max-width: 480px) 480px, (min-width: 481px) 969px, 100vw\" \/><\/p>\n<h2>Hidravli\u010dni sistem in princip delovanja<\/h2>\n<p>Na\u0161i hidravli\u010dni cilindri slu\u017eijo kot sestavni deli hidravli\u010dnih sistemov in igrajo klju\u010dno vlogo pri pretvorbi hidravli\u010dne energije v mehansko gibanje. Ta proces vklju\u010duje pretvorbo tlaka teko\u010dine v silo, kar omogo\u010da razli\u010dnim vrstam strojev opravljanje bistvenih nalog. Na\u010delo delovanja temelji na gibanju hidravli\u010dne teko\u010dine, ki se usmeri v valj. Ko teko\u010dina napolni valj, pritiska na bat, zaradi \u010desar se premika. To linearno gibanje je nato mogo\u010de izkoristiti za dvigovanje, potiskanje, vle\u010denje ali manipulacijo te\u017ekih bremen z izjemno natan\u010dnostjo in nadzorom.<\/p>\n<p>U\u010dinkovitost hidravli\u010dnih sistemov je v veliki meri posledica lastnosti hidravli\u010dne teko\u010dine, ki je nestisljiva in lahko prena\u0161a mo\u010d na dolge razdalje brez ve\u010djih izgub. Zaradi tega so hidravli\u010dni cilindri \u0161e posebej u\u010dinkoviti v aplikacijah, ki zahtevajo veliko silo in zanesljivost, kar zagotavlja optimalno delovanje v razli\u010dnih industrijskih okoljih.<\/p>\n<h2>Uporaba hidravli\u010dnih cilindrov<\/h2>\n<p>Ti hidravli\u010dni cilindri so izjemno vsestranski in idealni za uporabo v najrazli\u010dnej\u0161ih panogah. V delavnicah za popravilo strojev olaj\u0161ajo dvigovanje in pozicioniranje te\u017eke opreme, zaradi \u010desar so vzdr\u017eevalna opravila bolj obvladljiva in u\u010dinkovita. Njihova robustna zasnova jim omogo\u010da, da obvladujejo obremenitve, povezane s te\u017ekim dvigovanjem, kar zagotavlja varnost in zanesljivost pri popravilih.<\/p>\n<p>V kmetijstvu so hidravli\u010dni cilindri neprecenljivi za upravljanje traktorjev in druge kmetijske mehanizacije. Kmetom omogo\u010dajo opravljanje nalog, kot so dvigovanje in nagibanje opreme, prevoz materialov in celo upravljanje priklju\u010dkov, kot so plugi in brane. Ta zmogljivost pove\u010duje produktivnost in u\u010dinkovitost na kmetiji, zaradi \u010desar so hidravli\u010dni cilindri bistveno orodje za sodobno kmetijstvo.<\/p>\n<p>V energetski in rudarski industriji se ti cilindri uporabljajo v razli\u010dnih aplikacijah, vklju\u010dno z vrtanjem, izkopavanjem in ravnanjem z materiali. Zaradi svoje sposobnosti ustvarjanja znatne sile so primerni za zahtevne naloge, s katerimi se pogosto sre\u010dujemo v teh sektorjih, kjer sta zanesljivost in zmogljivost klju\u010dnega pomena.<\/p>\n<p>Poleg tega imajo hidravli\u010dni cilindri klju\u010dno vlogo v proizvodnji strojev in tovarnah. Uporabljajo se v monta\u017enih linijah, stiskalnicah in avtomatiziranih sistemih, kjer prispevajo k poenostavljenemu delovanju in izbolj\u0161ani u\u010dinkovitosti proizvodnje. Zaradi prilagodljivosti in trdnosti so hidravli\u010dni cilindri klju\u010dni sestavni del za zagotavljanje u\u010dinkovitega delovanja strojev v razli\u010dnih industrijskih aplikacijah.<\/p>\n<h3>V: Ali ste trgovsko podjetje ali proizvajalec?<\/h3>\n<p>A: Smo tovarna.<\/p>\n<h3>V: Koliko \u010dasa traja va\u0161a dobavni rok?<\/h3>\n<p>A: Na splo\u0161no je to 25-35 dni.<\/p>\n<h3>V: Ali ponujate vzorce? Je to brezpla\u010dno ali dodatno?<\/h3>\n<p>O: Da, lahko ponudimo vzorec, vendar ni brezpla\u010den.<\/p>\n<h3>O FMP-ju<\/h3>\n<p class=\"break-words\">FMP je vodilni italijanski proizvajalec, specializiran za na\u010drtovanje, razvoj in proizvodnjo visokokakovostnih hidravli\u010dnih cilindrov. Z bogato dedi\u0161\u010dino, ki temelji na desetletjih strokovnega znanja, ponosno zdru\u017eujemo italijansko obrt z najsodobnej\u0161o tehnologijo, da bi zagotovili izjemne hidravli\u010dne re\u0161itve, prilagojene raznolikim potrebam na\u0161ih strank po vsem svetu. FMP s sede\u017eem v Italiji, sredi\u0161\u010du in\u017eenirske odli\u010dnosti, velja za zaupanja vredno ime v hidravli\u010dni industriji, zavezano zagotavljanju zanesljivih, trpe\u017enih in inovativnih izdelkov, ki opolnomo\u010dajo podjetja po vsem svetu.<\/p>\n<p class=\"break-words\">Na\u0161e podjetje zdru\u017euje najbolj\u0161e iz naprednih proizvodnih tradicij s prihodnostnim pristopom. Z dolgoletnimi izku\u0161njami na podro\u010dju hidravli\u010dnih sistemov se je FMP razvil v sodobno podjetje, ki blesti na podro\u010dju raziskav, na\u010drtovanja in proizvodnje. Specializirani smo za \u0161iroko paleto hidravli\u010dnih cilindrov, vklju\u010dno z dvostransko delujo\u010dimi cilindri, avtomobilskimi dvi\u017enimi cilindri, cilindri za kmetijsko mehanizacijo in re\u0161itvami po meri za razli\u010dne industrijske aplikacije. Ne glede na to, ali gre za gradbeni\u0161tvo, industrijske instalacije, kmetijstvo ali te\u017eko mehanizacijo, so na\u0161i hidravli\u010dni cilindri izdelani za delovanje v najte\u017ejih pogojih, kar zagotavlja varnost, u\u010dinkovitost in dolgo \u017eivljenjsko dobo.<\/p>\n<p><img loading=\"lazy\" decoding=\"async\" class=\"alignnone size-full wp-image-6720\" src=\"https:\/\/fmp-components.com\/wp-content\/uploads\/2025\/03\/hydraulic-cylinder-8.webp\" alt=\"Teleskopski hidravli\u010dni cilindri\" width=\"933\" height=\"526\" title=\"\" srcset=\"https:\/\/fmp-components.com\/wp-content\/uploads\/2025\/03\/hydraulic-cylinder-8.webp 933w, https:\/\/fmp-components.com\/wp-content\/uploads\/2025\/03\/hydraulic-cylinder-8-480x271.webp 480w\" sizes=\"(min-width: 0px) and (max-width: 480px) 480px, (min-width: 481px) 933px, 100vw\" \/><\/p>\n<p class=\"break-words\">V podjetju FMP smo ponosni na na\u0161e najsodobnej\u0161e proizvodne obrate, opremljene s preciznimi stroji in naprednimi sistemi za testiranje. Na\u0161i proizvodni procesi so v skladu s strogimi nacionalnimi in mednarodnimi standardi, kar zagotavlja, da je vsak hidravli\u010dni valj, ki zapusti na\u0161o tovarno, vrhunske kakovosti in zanesljivosti. Na\u0161a usposobljena tehni\u010dna ekipa nam skupaj z najsodobnej\u0161o opremo omogo\u010da strog nadzor kakovosti na vsaki stopnji proizvodnje \u2013 od izbire surovin do kon\u010dnega pregleda. Ta predanost odli\u010dnosti nam je prinesla certifikate in priznanja s strani industrijskih organov, kar je \u0161e utrdilo na\u0161 ugled zanesljivega partnerja.<\/p>\n<p class=\"break-words\">Na\u0161e poslanstvo je preprosto, a ambiciozno: strankam zagotoviti hidravli\u010dne cilindre, ki presegajo pri\u010dakovanja glede zmogljivosti, vzdr\u017eljivosti in vrednosti. Delujemo po vodilnih na\u010delih profesionalnosti, integritete in osredoto\u010denosti na stranke. Z gojenjem kulture inovacij in natan\u010dnosti nenehno izpopolnjujemo na\u0161e izdelke, da bi ostali v ospredju na konkuren\u010dnem trgu. Na\u0161a celovita ponudba izdelkov in sposobnost ponujanja prilagojenih re\u0161itev nas uvr\u0161\u010data med prva izbira podjetij, ki i\u0161\u010dejo visokozmogljive hidravli\u010dne cilindre.<\/p>\n<p class=\"break-words\">FMP ni le proizvajalec \u2013 smo partner pri va\u0161em uspehu. Razumemo, da se na\u0161e stranke zana\u0161ajo na nas pri dobavi orodij, ki izbolj\u0161ujejo njihovo produktivnost in varnost. Zato smo zavezani k ponujanju ne le vrhunskih izdelkov, temve\u010d tudi izjemne storitve. Od za\u010detnega posvetovanja do poprodajne podpore tesno sodelujemo z na\u0161imi strankami, da zagotovimo, da so njihove potrebe izpolnjene profesionalno in skrbno. Na\u0161e konkuren\u010dne cene, skupaj z na\u0161o neomajno zavezanostjo kakovosti, naredijo FMP pametno izbiro za podjetja, ki \u017eelijo vlagati v hidravli\u010dne re\u0161itve, ki jim lahko zaupajo.<\/p>","protected":false},"excerpt":{"rendered":"<p>Quality Manufacturing Flatbed Tow Truck Dump Truck Hydraulic Cylinder Discover the quality of our FMP hydraulic cylinders, designed for use in flatbed tow trucks and dump trucks, and widely applied in a range of industries, including machinery repair shops, farms, energy &amp; mining, machinery manufacturing, and machinery factories. Product Features Our hydraulic cylinders offer a [&hellip;]<\/p>","protected":false},"featured_media":6727,"comment_status":"closed","ping_status":"closed","template":"","meta":{"_et_pb_use_builder":"","_et_pb_old_content":"","_et_gb_content_width":""},"product_brand":[],"product_cat":[103],"product_tag":[34,105],"class_list":{"0":"post-6584","1":"product","2":"type-product","3":"status-publish","4":"has-post-thumbnail","6":"product_cat-telescopic-hydraulic-cylinders","7":"product_tag-hydraulic-cylinder","8":"product_tag-telescopic-hydraulic-cylinders","10":"first","11":"instock","12":"product-type-simple"},"_links":{"self":[{"href":"https:\/\/fmp-components.com\/sl\/wp-json\/wp\/v2\/product\/6584","targetHints":{"allow":["GET"]}}],"collection":[{"href":"https:\/\/fmp-components.com\/sl\/wp-json\/wp\/v2\/product"}],"about":[{"href":"https:\/\/fmp-components.com\/sl\/wp-json\/wp\/v2\/types\/product"}],"replies":[{"embeddable":true,"href":"https:\/\/fmp-components.com\/sl\/wp-json\/wp\/v2\/comments?post=6584"}],"wp:featuredmedia":[{"embeddable":true,"href":"https:\/\/fmp-components.com\/sl\/wp-json\/wp\/v2\/media\/6727"}],"wp:attachment":[{"href":"https:\/\/fmp-components.com\/sl\/wp-json\/wp\/v2\/media?parent=6584"}],"wp:term":[{"taxonomy":"product_brand","embeddable":true,"href":"https:\/\/fmp-components.com\/sl\/wp-json\/wp\/v2\/product_brand?post=6584"},{"taxonomy":"product_cat","embeddable":true,"href":"https:\/\/fmp-components.com\/sl\/wp-json\/wp\/v2\/product_cat?post=6584"},{"taxonomy":"product_tag","embeddable":true,"href":"https:\/\/fmp-components.com\/sl\/wp-json\/wp\/v2\/product_tag?post=6584"}],"curies":[{"name":"delovni list","href":"https:\/\/api.w.org\/{rel}","templated":true}]}}