{"id":6583,"date":"2025-03-11T06:31:13","date_gmt":"2025-03-11T06:31:13","guid":{"rendered":"https:\/\/fmp-components.com\/product\/hot-sale-4-stage-telescopic-hydraulic-cylinder-for-sale"},"modified":"2025-03-14T02:37:03","modified_gmt":"2025-03-14T02:37:03","slug":"hot-sale-4-stage-telescopic-hydraulic-cylinder-for-sale","status":"publish","type":"product","link":"https:\/\/fmp-components.com\/sl\/product\/hot-sale-4-stage-telescopic-hydraulic-cylinder-for-sale\/","title":{"rendered":"Vro\u010da prodaja 4-stopenjski teleskopski hidravli\u010dni cilinder za prodajo"},"content":{"rendered":"<h2>Vro\u010da prodaja 4-stopenjski teleskopski hidravli\u010dni cilinder za prodajo<\/h2>\n<p>Izkoristite najbolj\u0161o ponudbo za na\u0161 visoko prodajani 4-stopenjski teleskopski hidravli\u010dni cilinder. Ti cilindri so povsem novi in \u200b\u200bimajo enoletno garancijo, zaradi \u010desar so idealni za razli\u010dne panoge, vklju\u010dno s strojnimi delavnicami, kmetijstvom, energetiko in rudarstvom, proizvodnjo strojev in tovarnami strojev.<\/p>\n<h3>Specifikacije izdelka<\/h3>\n<p>S te\u017eo 42 kg in ohi\u0161jem iz jekla so na\u0161i hidravli\u010dni cilindri zasnovani tako, da so robustni in zanesljivi. Ponujajo standardno strukturo in mo\u010d, ve\u010dstopenjski tip in najve\u010dji potisk 3000. Velikost izvrtine se giblje od 2 do 6 palcev, velikost palice od 1,125 do 4 palcev, velikost hoda pa od 4 do 100 palcev. Velikost sornika teh hidravli\u010dnih cilindrov se giblje od 0,5 do 2 palca z najve\u010djim vle\u010dnim naporom 20 ton.<\/p>\n<table style=\"width: 94.6268%;\" border=\"\">\n<tbody>\n<tr>\n<th style=\"width: 43.4286%;\">Velikost izvrtine<\/th>\n<td style=\"width: 392%;\">2\u20136 palcev<\/td>\n<\/tr>\n<tr>\n<th style=\"width: 43.4286%;\">Velikost palice<\/th>\n<td style=\"width: 392%;\">1,125-4 palca<\/td>\n<\/tr>\n<tr>\n<th style=\"width: 43.4286%;\">Velikost poteze<\/th>\n<td style=\"width: 392%;\">4\u2013100 palcev<\/td>\n<\/tr>\n<tr>\n<th style=\"width: 43.4286%;\">Velikost zati\u010da<\/th>\n<td style=\"width: 392%;\">0,5\u20132 palca<\/td>\n<\/tr>\n<tr>\n<th style=\"width: 43.4286%;\">Pristani\u0161\u010da<\/th>\n<td style=\"width: 392%;\">G\/SAE\/NPT\/M<\/td>\n<\/tr>\n<\/tbody>\n<\/table>\n<h2>Zna\u010dilnosti in prednosti izdelka<\/h2>\n<p>Na\u0161i hidravli\u010dni cilindri so energetsko u\u010dinkoviti, visoko zmogljivi in \u200b\u200bvarni. Zasnovani so tako, da prenesejo zahtevno uporabo v razli\u010dnih industrijskih aplikacijah. Hidravli\u010dni sistem je zasnovan tako, da zagotavlja u\u010dinkovito mo\u010d in nadzor, zaradi \u010desar so zanesljiva izbira za industrijsko in kmetijsko uporabo.<\/p>\n<p><img loading=\"lazy\" decoding=\"async\" class=\"alignnone  wp-image-6664\" src=\"https:\/\/fmp-components.com\/wp-content\/uploads\/2025\/03\/telescopic-hydraulic-cylinder-8.webp\" alt=\"teleskopski hidravli\u010dni cilinder\" width=\"808\" height=\"808\" title=\"\" srcset=\"https:\/\/fmp-components.com\/wp-content\/uploads\/2025\/03\/telescopic-hydraulic-cylinder-8.webp 808w, https:\/\/fmp-components.com\/wp-content\/uploads\/2025\/03\/telescopic-hydraulic-cylinder-8-480x480.webp 480w\" sizes=\"(min-width: 0px) and (max-width: 480px) 480px, (min-width: 481px) 808px, 100vw\" \/><\/p>\n<h2>Hidravli\u010dni cilindri in pogonske enote<\/h2>\n<p>Hidravli\u010dni cilindri in pogonske enote so sestavni deli hidravli\u010dnega sistema. Njihova skupna funkcija zagotavlja \u0161iroko uporabo hidravli\u010dne tehnologije v industriji, saj zagotavlja zanesljivo napajanje in krmilno podporo za razli\u010dno in\u017eenirsko in mehansko opremo. Hidravli\u010dni cilinder kot aktuator je odgovoren za pretvorbo hidravli\u010dne energije v mehansko gibanje, tlak pa v silo. Pogonska enota pa je jedro, ki zagotavlja energijo in krmilne signale, ki jih potrebuje hidravli\u010dni sistem. Njihovo usklajeno sodelovanje omogo\u010da normalno delovanje hidravli\u010dnega sistema.<\/p>\n<h2>Pogosta vpra\u0161anja<\/h2>\n<p><strong>V: Koliko \u010dasa traja dobavni rok?<\/strong><br \/>\nA: Na splo\u0161no je dobavni rok 25-35 dni.<\/p>\n<p><strong>V: Ali ponujate vzorce? So brezpla\u010dni ali dodatni?<\/strong><br \/>\nO: Da, nudimo vzorce, vendar niso brezpla\u010dni.<\/p>\n<p><strong>V: Ali lahko izdelujete po vzorcih?<\/strong><br \/>\nO: Da, lahko vam izdelamo vzorce ali tehni\u010dne risbe.<\/p>\n<h3>O FMP-ju<\/h3>\n<p class=\"break-words\">FMP je vodilni italijanski proizvajalec, specializiran za na\u010drtovanje, razvoj in proizvodnjo visokokakovostnih hidravli\u010dnih cilindrov. Z bogato dedi\u0161\u010dino, ki temelji na desetletjih strokovnega znanja, ponosno zdru\u017eujemo italijansko obrt z najsodobnej\u0161o tehnologijo, da bi zagotovili izjemne hidravli\u010dne re\u0161itve, prilagojene raznolikim potrebam na\u0161ih strank po vsem svetu. FMP s sede\u017eem v Italiji, sredi\u0161\u010du in\u017eenirske odli\u010dnosti, velja za zaupanja vredno ime v hidravli\u010dni industriji, zavezano zagotavljanju zanesljivih, trpe\u017enih in inovativnih izdelkov, ki opolnomo\u010dajo podjetja po vsem svetu.<\/p>\n<p class=\"break-words\">Na\u0161e podjetje zdru\u017euje najbolj\u0161e iz naprednih proizvodnih tradicij s prihodnostnim pristopom. Z dolgoletnimi izku\u0161njami na podro\u010dju hidravli\u010dnih sistemov se je FMP razvil v sodobno podjetje, ki blesti na podro\u010dju raziskav, na\u010drtovanja in proizvodnje. Specializirani smo za \u0161iroko paleto hidravli\u010dnih cilindrov, vklju\u010dno z dvostransko delujo\u010dimi cilindri, avtomobilskimi dvi\u017enimi cilindri, cilindri za kmetijsko mehanizacijo in re\u0161itvami po meri za razli\u010dne industrijske aplikacije. Ne glede na to, ali gre za gradbeni\u0161tvo, industrijske instalacije, kmetijstvo ali te\u017eko mehanizacijo, so na\u0161i hidravli\u010dni cilindri izdelani za delovanje v najte\u017ejih pogojih, kar zagotavlja varnost, u\u010dinkovitost in dolgo \u017eivljenjsko dobo.<\/p>\n<p><img loading=\"lazy\" decoding=\"async\" class=\"alignnone size-full wp-image-6720\" src=\"https:\/\/fmp-components.com\/wp-content\/uploads\/2025\/03\/hydraulic-cylinder-8.webp\" alt=\"Teleskopski hidravli\u010dni cilindri\" width=\"933\" height=\"526\" title=\"\" srcset=\"https:\/\/fmp-components.com\/wp-content\/uploads\/2025\/03\/hydraulic-cylinder-8.webp 933w, https:\/\/fmp-components.com\/wp-content\/uploads\/2025\/03\/hydraulic-cylinder-8-480x271.webp 480w\" sizes=\"(min-width: 0px) and (max-width: 480px) 480px, (min-width: 481px) 933px, 100vw\" \/><\/p>\n<p class=\"break-words\">V podjetju FMP smo ponosni na na\u0161e najsodobnej\u0161e proizvodne obrate, opremljene s preciznimi stroji in naprednimi sistemi za testiranje. Na\u0161i proizvodni procesi so v skladu s strogimi nacionalnimi in mednarodnimi standardi, kar zagotavlja, da je vsak hidravli\u010dni valj, ki zapusti na\u0161o tovarno, vrhunske kakovosti in zanesljivosti. Na\u0161a usposobljena tehni\u010dna ekipa nam skupaj z najsodobnej\u0161o opremo omogo\u010da strog nadzor kakovosti na vsaki stopnji proizvodnje \u2013 od izbire surovin do kon\u010dnega pregleda. Ta predanost odli\u010dnosti nam je prinesla certifikate in priznanja s strani industrijskih organov, kar je \u0161e utrdilo na\u0161 ugled zanesljivega partnerja.<\/p>\n<p class=\"break-words\">Na\u0161e poslanstvo je preprosto, a ambiciozno: strankam zagotoviti hidravli\u010dne cilindre, ki presegajo pri\u010dakovanja glede zmogljivosti, vzdr\u017eljivosti in vrednosti. Delujemo po vodilnih na\u010delih profesionalnosti, integritete in osredoto\u010denosti na stranke. Z gojenjem kulture inovacij in natan\u010dnosti nenehno izpopolnjujemo na\u0161e izdelke, da bi ostali v ospredju na konkuren\u010dnem trgu. Na\u0161a celovita ponudba izdelkov in sposobnost ponujanja prilagojenih re\u0161itev nas uvr\u0161\u010data med prva izbira podjetij, ki i\u0161\u010dejo visokozmogljive hidravli\u010dne cilindre.<\/p>\n<p class=\"break-words\">FMP ni le proizvajalec \u2013 smo partner pri va\u0161em uspehu. Razumemo, da se na\u0161e stranke zana\u0161ajo na nas pri dobavi orodij, ki izbolj\u0161ujejo njihovo produktivnost in varnost. Zato smo zavezani k ponujanju ne le vrhunskih izdelkov, temve\u010d tudi izjemne storitve. Od za\u010detnega posvetovanja do poprodajne podpore tesno sodelujemo z na\u0161imi strankami, da zagotovimo, da so njihove potrebe izpolnjene profesionalno in skrbno. Na\u0161e konkuren\u010dne cene, skupaj z na\u0161o neomajno zavezanostjo kakovosti, naredijo FMP pametno izbiro za podjetja, ki \u017eelijo vlagati v hidravli\u010dne re\u0161itve, ki jim lahko zaupajo.<\/p>","protected":false},"excerpt":{"rendered":"<p>Hot Sale 4 Stage Telescopic Hydraulic Cylinder for Sale Get the best deal on our hot selling 4-stage telescopic hydraulic cylinder. These cylinders are brand new and come with a one-year warranty, making them perfect for a variety of industries including machinery repair shops, farms, energy &amp; mining, machinery manufacturing, and machinery factories. Product Specifications [&hellip;]<\/p>","protected":false},"featured_media":6788,"comment_status":"closed","ping_status":"closed","template":"","meta":{"_et_pb_use_builder":"","_et_pb_old_content":"","_et_gb_content_width":""},"product_brand":[],"product_cat":[103],"product_tag":[34,105],"class_list":{"0":"post-6583","1":"product","2":"type-product","3":"status-publish","4":"has-post-thumbnail","6":"product_cat-telescopic-hydraulic-cylinders","7":"product_tag-hydraulic-cylinder","8":"product_tag-telescopic-hydraulic-cylinders","10":"first","11":"instock","12":"product-type-simple"},"_links":{"self":[{"href":"https:\/\/fmp-components.com\/sl\/wp-json\/wp\/v2\/product\/6583","targetHints":{"allow":["GET"]}}],"collection":[{"href":"https:\/\/fmp-components.com\/sl\/wp-json\/wp\/v2\/product"}],"about":[{"href":"https:\/\/fmp-components.com\/sl\/wp-json\/wp\/v2\/types\/product"}],"replies":[{"embeddable":true,"href":"https:\/\/fmp-components.com\/sl\/wp-json\/wp\/v2\/comments?post=6583"}],"wp:featuredmedia":[{"embeddable":true,"href":"https:\/\/fmp-components.com\/sl\/wp-json\/wp\/v2\/media\/6788"}],"wp:attachment":[{"href":"https:\/\/fmp-components.com\/sl\/wp-json\/wp\/v2\/media?parent=6583"}],"wp:term":[{"taxonomy":"product_brand","embeddable":true,"href":"https:\/\/fmp-components.com\/sl\/wp-json\/wp\/v2\/product_brand?post=6583"},{"taxonomy":"product_cat","embeddable":true,"href":"https:\/\/fmp-components.com\/sl\/wp-json\/wp\/v2\/product_cat?post=6583"},{"taxonomy":"product_tag","embeddable":true,"href":"https:\/\/fmp-components.com\/sl\/wp-json\/wp\/v2\/product_tag?post=6583"}],"curies":[{"name":"delovni list","href":"https:\/\/api.w.org\/{rel}","templated":true}]}}