{"id":6582,"date":"2025-03-11T06:31:13","date_gmt":"2025-03-11T06:31:13","guid":{"rendered":"https:\/\/fmp-components.com\/product\/professional-craftsmanship-4-stage-dump-truck-stainless-steel-hydraulic-cylinder"},"modified":"2025-03-12T05:36:17","modified_gmt":"2025-03-12T05:36:17","slug":"professional-craftsmanship-4-stage-dump-truck-stainless-steel-hydraulic-cylinder","status":"publish","type":"product","link":"https:\/\/fmp-components.com\/sl\/product\/professional-craftsmanship-4-stage-dump-truck-stainless-steel-hydraulic-cylinder\/","title":{"rendered":"Profesionalna izdelava 4-stopenjskega hidravli\u010dnega cilindra iz nerjave\u010dega jekla za prekucnike"},"content":{"rendered":"<h2>Profesionalna izdelava 4-stopenjskega hidravli\u010dnega cilindra iz nerjave\u010dega jekla za prekucnike<\/h2>\n<p>To je povsem nov profesionalni 4-stopenjski hidravli\u010dni cilinder iz nerjave\u010dega jekla za prekucnike, izdelan za uporabo v razli\u010dnih panogah, kot so delavnice za popravilo strojev, kmetije, energetika in rudarstvo, proizvodnja strojev in tovarne strojev. Ta ve\u010dstopenjski hidravli\u010dni cilinder ima enoletno garancijo na svoje klju\u010dne komponente, ki vklju\u010dujejo le\u017eaj in sam hidravli\u010dni cilinder.<\/p>\n<h3>Klju\u010dne lastnosti in specifikacije<\/h3>\n<p>Hidravli\u010dni cilinder se pona\u0161a s standardno strukturo, natan\u010dneje z batom. Njegov pogon je hidravli\u010den, ohi\u0161je pa je izdelano iz jekla. Cilinder zmore najve\u010dji potisk 3000 ton in najve\u010dji vle\u010dni napor 20 ton. Ima certifikat ISO9001:2000, kar zagotavlja njegovo kakovost in zanesljivost.<\/p>\n<h3>Tehni\u010dne podrobnosti<\/h3>\n<table style=\"width: 99.3161%;\" border=\"\">\n<tbody>\n<tr>\n<td style=\"width: 42.9379%;\"><i>Velikost izvrtine<\/i><\/td>\n<td style=\"width: 470.621%;\">2\u20136 palcev<\/td>\n<\/tr>\n<tr>\n<td style=\"width: 42.9379%;\"><i>Velikost palice<\/i><\/td>\n<td style=\"width: 470.621%;\">1,125-4 palca<\/td>\n<\/tr>\n<tr>\n<td style=\"width: 42.9379%;\"><i>Velikost poteze<\/i><\/td>\n<td style=\"width: 470.621%;\">4\u2013100 palcev<\/td>\n<\/tr>\n<tr>\n<td style=\"width: 42.9379%;\"><i>Velikost zati\u010da<\/i><\/td>\n<td style=\"width: 470.621%;\">0,5\u20132 palca<\/td>\n<\/tr>\n<tr>\n<td style=\"width: 42.9379%;\"><i>Pristani\u0161\u010da<\/i><\/td>\n<td style=\"width: 470.621%;\">G\/SAE\/NPT\/M<\/td>\n<\/tr>\n<\/tbody>\n<\/table>\n<h2>Edinstvene lastnosti in prednosti<\/h2>\n<ul>\n<li>Var\u010devanje z energijo<\/li>\n<li>Visoko u\u010dinkovit<\/li>\n<li>Varno za uporabo<\/li>\n<\/ul>\n<h2>Poglobljen vpogled v hidravli\u010dne sisteme in na\u010delo delovanja<\/h2>\n<p>Hidravli\u010dni valj slu\u017ei kot gonilna sila delovanja prekucnikov in razli\u010dnih drugih strojev, saj deluje na principu uporabe tla\u010dne teko\u010dine za ustvarjanje linearne sile in gibanja. V hidravli\u010dnem sistemu valj deluje kot klju\u010dna komponenta, ki pretvarja energijo, ki jo vsebuje hidravli\u010dna teko\u010dina, v mehansko delo. Ko se hidravli\u010dna teko\u010dina \u010drpa v valj, ustvari tlak, ki sili bat v premikanje, kar povzro\u010di \u017eeleno linearno gibanje. To na\u010delo ne le podpira delovanje prekucnikov, temve\u010d tudi izbolj\u0161uje funkcionalnost \u0161iroke palete opreme, zaradi \u010desar so hidravli\u010dni cilindri bistveni v \u0161tevilnih industrijskih aplikacijah.<\/p>\n<p><img loading=\"lazy\" decoding=\"async\" class=\"alignnone  wp-image-6659\" src=\"https:\/\/fmp-components.com\/wp-content\/uploads\/2025\/03\/telescopic-hydraulic-cylinder-12.webp\" alt=\"teleskopski hidravli\u010dni cilinder\" width=\"912\" height=\"912\" title=\"\" srcset=\"https:\/\/fmp-components.com\/wp-content\/uploads\/2025\/03\/telescopic-hydraulic-cylinder-12.webp 912w, https:\/\/fmp-components.com\/wp-content\/uploads\/2025\/03\/telescopic-hydraulic-cylinder-12-480x480.webp 480w\" sizes=\"(min-width: 0px) and (max-width: 480px) 480px, (min-width: 481px) 912px, 100vw\" \/><\/p>\n<h2>Uporaba hidravli\u010dnega cilindra<\/h2>\n<p>Vsestranskost hidravli\u010dnega cilindra se ka\u017ee v njegovi \u0161iroki uporabi v \u0161tevilnih panogah. V delavnicah za popravilo strojev ti cilindri olaj\u0161ajo dvigovanje in pozicioniranje te\u017eke opreme, kar omogo\u010da u\u010dinkovito vzdr\u017eevanje in popravila. Na kmetijah se hidravli\u010dni cilindri uporabljajo v traktorjih in drugih kmetijskih strojih za dvigovanje, nagibanje in prevoz materialov, kar znatno pove\u010da produktivnost v kmetijskih dejavnostih.<\/p>\n<p>V energetskem in rudarskem sektorju imajo hidravli\u010dni cilindri klju\u010dno vlogo pri nalogah, kot so vrtanje, izkopavanje in ravnanje z materiali, kjer sta klju\u010dnega pomena zmogljivo in zanesljivo delovanje. Poleg tega so v proizvodnji strojev in tovarnah sestavni del monta\u017enih linij in razli\u010dnih avtomatiziranih procesov, kar poenostavlja proizvodnjo in izbolj\u0161uje operativno u\u010dinkovitost. Medtem ko so prekucniki pomembna aplikacija, se uporaba hidravli\u010dnih cilindrov razteza tudi na druge te\u017eke stroje, ki zahtevajo zanesljivo linearno silo in gibanje, zaradi \u010desar so nepogre\u0161ljivi v \u0161tevilnih industrijskih okoljih.<\/p>\n<h2>Hidravli\u010dni cilindri in pogonske enote<\/h2>\n<p>Hidravli\u010dni cilindri in pogonske enote so bistveni sestavni deli vsakega hidravli\u010dnega sistema, ki delujejo skupaj, da zagotovijo optimalno delovanje in zanesljivost. Hidravli\u010dni cilinder deluje kot aktuator, ki pretvarja hidravli\u010dno energijo v mehansko gibanje s pretvorbo tlaka v silo. Zaradi te zmogljivosti je izvr\u0161itelj dela, ki omogo\u010da premikanje te\u017ekih bremen in opravljanje kriti\u010dnih nalog.<\/p>\n<p>Pogonska enota pa slu\u017ei kot srce hidravli\u010dnega sistema, saj zagotavlja potrebno energijo in krmilne signale. Obi\u010dajno vklju\u010duje motor, \u010drpalko, rezervoar in krmilne ventile, ki vsi skupaj delujejo za vzdr\u017eevanje konstantnega tlaka in pretoka. Usklajevanje med hidravli\u010dnim cilindrom in pogonsko enoto je klju\u010dnega pomena za nemoteno delovanje hidravli\u010dnega sistema, saj zagotavlja, da vse komponente delujejo usklajeno in zagotavljajo zanesljivo mo\u010d in nadzor.<\/p>\n<p>V podjetju FMP smo zavezani k zagotavljanju celovitih hidravli\u010dnih re\u0161itev, kar vklju\u010duje tudi prodajo pogonskih enot. To na\u0161im strankam zagotavlja dostop do hidravli\u010dnih cilindrov in pogonskih enot, kar omogo\u010da brezhibno integracijo komponent v njihove hidravli\u010dne sisteme. Z zagotavljanjem teh bistvenih elementov podpiramo u\u010dinkovito in uspe\u0161no delovanje razli\u010dne in\u017eenirske in strojne opreme v razli\u010dnih industrijskih aplikacijah.<\/p>\n<p><img loading=\"lazy\" decoding=\"async\" class=\"alignnone size-full wp-image-6660\" src=\"https:\/\/fmp-components.com\/wp-content\/uploads\/2025\/03\/hydraulic-cylinder-workshop-4.webp\" alt=\"teleskopski hidravli\u010dni cilinder\" width=\"914\" height=\"733\" title=\"\" srcset=\"https:\/\/fmp-components.com\/wp-content\/uploads\/2025\/03\/hydraulic-cylinder-workshop-4.webp 914w, https:\/\/fmp-components.com\/wp-content\/uploads\/2025\/03\/hydraulic-cylinder-workshop-4-480x385.webp 480w\" sizes=\"(min-width: 0px) and (max-width: 480px) 480px, (min-width: 481px) 914px, 100vw\" \/><\/p>\n<h2>Pogosto zastavljena vpra\u0161anja<\/h2>\n<p><span>V: Ali ste trgovsko podjetje ali proizvajalec?<\/span><br \/>\n<span>A: Smo tovarna.<\/span><br \/>\n<span>V: Koliko \u010dasa traja va\u0161a dobavni rok?<\/span><br \/>\n<span>A: Na splo\u0161no je to 25-35 dni.<\/span><br \/>\n<span>V: Ali ponujate vzorce? Je to brezpla\u010dno ali dodatno?<\/span><br \/>\n<span>O: Da, lahko ponudimo vzorec, vendar ni brezpla\u010den.<\/span><\/p>\n<h3>O FMP-ju<\/h3>\n<p class=\"break-words\">FMP je vodilni italijanski proizvajalec, specializiran za na\u010drtovanje, razvoj in proizvodnjo visokokakovostnih hidravli\u010dnih cilindrov. Z bogato dedi\u0161\u010dino, ki temelji na desetletjih strokovnega znanja, ponosno zdru\u017eujemo italijansko obrt z najsodobnej\u0161o tehnologijo, da bi zagotovili izjemne hidravli\u010dne re\u0161itve, prilagojene raznolikim potrebam na\u0161ih strank po vsem svetu. FMP s sede\u017eem v Italiji, sredi\u0161\u010du in\u017eenirske odli\u010dnosti, velja za zaupanja vredno ime v hidravli\u010dni industriji, zavezano zagotavljanju zanesljivih, trpe\u017enih in inovativnih izdelkov, ki opolnomo\u010dajo podjetja po vsem svetu.<\/p>\n<p class=\"break-words\">Na\u0161e podjetje zdru\u017euje najbolj\u0161e iz naprednih proizvodnih tradicij s prihodnostnim pristopom. Z dolgoletnimi izku\u0161njami na podro\u010dju hidravli\u010dnih sistemov se je FMP razvil v sodobno podjetje, ki blesti na podro\u010dju raziskav, na\u010drtovanja in proizvodnje. Specializirani smo za \u0161iroko paleto hidravli\u010dnih cilindrov, vklju\u010dno z dvostransko delujo\u010dimi cilindri, avtomobilskimi dvi\u017enimi cilindri, cilindri za kmetijsko mehanizacijo in re\u0161itvami po meri za razli\u010dne industrijske aplikacije. Ne glede na to, ali gre za gradbeni\u0161tvo, industrijske instalacije, kmetijstvo ali te\u017eko mehanizacijo, so na\u0161i hidravli\u010dni cilindri izdelani za delovanje v najte\u017ejih pogojih, kar zagotavlja varnost, u\u010dinkovitost in dolgo \u017eivljenjsko dobo.<\/p>\n<p><img loading=\"lazy\" decoding=\"async\" class=\"alignnone size-full wp-image-6720\" src=\"https:\/\/fmp-components.com\/wp-content\/uploads\/2025\/03\/hydraulic-cylinder-8.webp\" alt=\"Teleskopski hidravli\u010dni cilindri\" width=\"933\" height=\"526\" title=\"\" srcset=\"https:\/\/fmp-components.com\/wp-content\/uploads\/2025\/03\/hydraulic-cylinder-8.webp 933w, https:\/\/fmp-components.com\/wp-content\/uploads\/2025\/03\/hydraulic-cylinder-8-480x271.webp 480w\" sizes=\"(min-width: 0px) and (max-width: 480px) 480px, (min-width: 481px) 933px, 100vw\" \/><\/p>\n<p class=\"break-words\">V podjetju FMP smo ponosni na na\u0161e najsodobnej\u0161e proizvodne obrate, opremljene s preciznimi stroji in naprednimi sistemi za testiranje. Na\u0161i proizvodni procesi so v skladu s strogimi nacionalnimi in mednarodnimi standardi, kar zagotavlja, da je vsak hidravli\u010dni valj, ki zapusti na\u0161o tovarno, vrhunske kakovosti in zanesljivosti. Na\u0161a usposobljena tehni\u010dna ekipa nam skupaj z najsodobnej\u0161o opremo omogo\u010da strog nadzor kakovosti na vsaki stopnji proizvodnje \u2013 od izbire surovin do kon\u010dnega pregleda. Ta predanost odli\u010dnosti nam je prinesla certifikate in priznanja s strani industrijskih organov, kar je \u0161e utrdilo na\u0161 ugled zanesljivega partnerja.<\/p>\n<p class=\"break-words\">Na\u0161e poslanstvo je preprosto, a ambiciozno: strankam zagotoviti hidravli\u010dne cilindre, ki presegajo pri\u010dakovanja glede zmogljivosti, vzdr\u017eljivosti in vrednosti. Delujemo po vodilnih na\u010delih profesionalnosti, integritete in osredoto\u010denosti na stranke. Z gojenjem kulture inovacij in natan\u010dnosti nenehno izpopolnjujemo na\u0161e izdelke, da bi ostali v ospredju na konkuren\u010dnem trgu. Na\u0161a celovita ponudba izdelkov in sposobnost ponujanja prilagojenih re\u0161itev nas uvr\u0161\u010data med prva izbira podjetij, ki i\u0161\u010dejo visokozmogljive hidravli\u010dne cilindre.<\/p>\n<p class=\"break-words\">FMP ni le proizvajalec \u2013 smo partner pri va\u0161em uspehu. Razumemo, da se na\u0161e stranke zana\u0161ajo na nas pri dobavi orodij, ki izbolj\u0161ujejo njihovo produktivnost in varnost. Zato smo zavezani k ponujanju ne le vrhunskih izdelkov, temve\u010d tudi izjemne storitve. Od za\u010detnega posvetovanja do poprodajne podpore tesno sodelujemo z na\u0161imi strankami, da zagotovimo, da so njihove potrebe izpolnjene profesionalno in skrbno. Na\u0161e konkuren\u010dne cene, skupaj z na\u0161o neomajno zavezanostjo kakovosti, naredijo FMP pametno izbiro za podjetja, ki \u017eelijo vlagati v hidravli\u010dne re\u0161itve, ki jim lahko zaupajo.<\/p>","protected":false},"excerpt":{"rendered":"<p>Professional Craftsmanship 4 Stage Dump Truck Stainless Steel Hydraulic Cylinder This is a brand new Professional Craftsmanship 4 Stage Dump Truck Stainless Steel hydraulic cylinder, built to serve you in various industries such as machinery repair shops, farms, energy and mining, machinery manufacturing and machinery factories. This multistage hydraulic cylinder comes with a one-year warranty [&hellip;]<\/p>","protected":false},"featured_media":6725,"comment_status":"closed","ping_status":"closed","template":"","meta":{"_et_pb_use_builder":"","_et_pb_old_content":"","_et_gb_content_width":""},"product_brand":[],"product_cat":[103],"product_tag":[34,105],"class_list":{"0":"post-6582","1":"product","2":"type-product","3":"status-publish","4":"has-post-thumbnail","6":"product_cat-telescopic-hydraulic-cylinders","7":"product_tag-hydraulic-cylinder","8":"product_tag-telescopic-hydraulic-cylinders","10":"first","11":"instock","12":"product-type-simple"},"_links":{"self":[{"href":"https:\/\/fmp-components.com\/sl\/wp-json\/wp\/v2\/product\/6582","targetHints":{"allow":["GET"]}}],"collection":[{"href":"https:\/\/fmp-components.com\/sl\/wp-json\/wp\/v2\/product"}],"about":[{"href":"https:\/\/fmp-components.com\/sl\/wp-json\/wp\/v2\/types\/product"}],"replies":[{"embeddable":true,"href":"https:\/\/fmp-components.com\/sl\/wp-json\/wp\/v2\/comments?post=6582"}],"wp:featuredmedia":[{"embeddable":true,"href":"https:\/\/fmp-components.com\/sl\/wp-json\/wp\/v2\/media\/6725"}],"wp:attachment":[{"href":"https:\/\/fmp-components.com\/sl\/wp-json\/wp\/v2\/media?parent=6582"}],"wp:term":[{"taxonomy":"product_brand","embeddable":true,"href":"https:\/\/fmp-components.com\/sl\/wp-json\/wp\/v2\/product_brand?post=6582"},{"taxonomy":"product_cat","embeddable":true,"href":"https:\/\/fmp-components.com\/sl\/wp-json\/wp\/v2\/product_cat?post=6582"},{"taxonomy":"product_tag","embeddable":true,"href":"https:\/\/fmp-components.com\/sl\/wp-json\/wp\/v2\/product_tag?post=6582"}],"curies":[{"name":"delovni list","href":"https:\/\/api.w.org\/{rel}","templated":true}]}}