{"id":6579,"date":"2025-03-11T06:31:13","date_gmt":"2025-03-11T06:31:13","guid":{"rendered":"https:\/\/fmp-components.com\/product\/chinese-factory-dump-trailer-multi-stage-telescopic-hydraulic-cylinder"},"modified":"2025-03-12T05:28:10","modified_gmt":"2025-03-12T05:28:10","slug":"italian-factory-dump-trailer-multi-stage-telescopic-hydraulic-cylinder","status":"publish","type":"product","link":"https:\/\/fmp-components.com\/sl\/product\/italian-factory-dump-trailer-multi-stage-telescopic-hydraulic-cylinder\/","title":{"rendered":"Ve\u010dstopenjski teleskopski hidravli\u010dni cilinder italijanske tovarne za prekucnike"},"content":{"rendered":"<h2>Ve\u010dstopenjski teleskopski hidravli\u010dni cilinder italijanske tovarne za prekucnike<\/h2>\n<p>Ve\u010dstopenjski teleskopski hidravli\u010dni cilinder za italijanske tovarni\u0161ke prikolice je zasnovan za izjemno funkcionalnost in zmogljivost v razli\u010dnih aplikacijah. S svojo standardno strukturo in hidravli\u010dno mo\u010djo je idealna izbira za razli\u010dne panoge, od delavnic za popravila strojev in kmetij do energetike in rudarstva.<\/p>\n<h2>Klju\u010dne lastnosti in prednosti<\/h2>\n<ul>\n<li>Zelo vsestranski, primeren za uporabo v razli\u010dnih panogah<\/li>\n<li>Izdelano z robustnim jeklenim ohi\u0161jem za dolgotrajno vzdr\u017eljivost<\/li>\n<li>Ima ve\u010dstopenjski hidravli\u010dni cilinder za optimalno u\u010dinkovitost<\/li>\n<li>Zasnovan za najve\u010dji potisk 3000 in najve\u010dji vle\u010dni napor 20 ton<\/li>\n<li>Certifikat ISO9001:2000, ki zagotavlja visokokakovostno delovanje<\/li>\n<\/ul>\n<h2>Tehni\u010dne specifikacije<\/h2>\n<table style=\"width: 102.139%;\" border=\"\">\n<tbody>\n<tr>\n<td style=\"width: 42.9379%;\"><i>Velikost izvrtine<\/i><\/td>\n<td style=\"width: 485.311%;\">2\u20136 palcev<\/td>\n<\/tr>\n<tr>\n<td style=\"width: 42.9379%;\"><i>Velikost palice<\/i><\/td>\n<td style=\"width: 485.311%;\">1,125-4 palca<\/td>\n<\/tr>\n<tr>\n<td style=\"width: 42.9379%;\"><i>Velikost poteze<\/i><\/td>\n<td style=\"width: 485.311%;\">4\u2013100 palcev<\/td>\n<\/tr>\n<tr>\n<td style=\"width: 42.9379%;\"><i>Velikost zati\u010da<\/i><\/td>\n<td style=\"width: 485.311%;\">0,5\u20132 palca<\/td>\n<\/tr>\n<tr>\n<td style=\"width: 42.9379%;\"><i>Pristani\u0161\u010da<\/i><\/td>\n<td style=\"width: 485.311%;\">G\/SAE\/NPT\/M<\/td>\n<\/tr>\n<\/tbody>\n<\/table>\n<h2>Edinstvene lastnosti in prednosti<\/h2>\n<p>Ta hidravli\u010dni cilinder izstopa na trgu zaradi svojih zna\u010dilnih lastnosti, ki izbolj\u0161ujejo njegovo zmogljivost in uporabnost. Ena njegovih glavnih prednosti je energetsko var\u010dna zasnova, ki zagotavlja visoko u\u010dinkovitost med delovanjem. Ta inovativen pristop ne le zmanj\u0161a porabo energije, temve\u010d tudi zni\u017ea obratovalne stro\u0161ke za uporabnike. Poleg tega je cilinder izdelan iz robustnih materialov, ki zagotavljajo varnost in dolgo \u017eivljenjsko dobo, zaradi \u010desar je zanesljiva izbira za zahtevne aplikacije. Njegova vzdr\u017eljivost pomeni manj pogoste zamenjave, kar s\u010dasoma \u0161e dodatno prispeva k njegovi stro\u0161kovni u\u010dinkovitosti.<\/p>\n<p>Poleg tega je ta hidravli\u010dni cilinder zasnovan za enostavno integracijo v razli\u010dne hidravli\u010dne sisteme. Njegova prilagodljiva zasnova omogo\u010da brezhibno prileganje obstoje\u010dim sistemom, kar omogo\u010da hitro namestitev in skraj\u0161a \u010das izpada. Zaradi te vsestranskosti je primeren za \u0161irok spekter uporabe, kar zagotavlja, da ga lahko uporabniki u\u010dinkovito uporabljajo v razli\u010dnih okoljih.<\/p>\n<h2>Na\u010delo delovanja in uporaba hidravli\u010dnih cilindrov<\/h2>\n<p>Hidravli\u010dni cilinder deluje tako, da pretvarja hidravli\u010dno mo\u010d v mehansko gibanje in ustvarja silo z uporabo tlaka. Ko se hidravli\u010dna teko\u010dina usmeri v cilinder, ustvari tlak, ki deluje na bat, kar povzro\u010di linearno gibanje. Zaradi tega temeljnega delovanja so hidravli\u010dni cilindri nepogre\u0161ljivi v \u0161tevilnih panogah.<\/p>\n<p>V gradbeni\u0161tvu so na primer hidravli\u010dni cilindri bistveni za dvigovanje te\u017ekih materialov, upravljanje \u017eerjavov in pogon izkopne opreme, kar zagotavlja u\u010dinkovito in varno dokon\u010danje projektov. V proizvodnji igrajo klju\u010dno vlogo pri monta\u017enih linijah, pri natan\u010dnem premikanju komponent in strojev. Poleg tega se v kmetijstvu hidravli\u010dni cilindri uporabljajo v traktorjih in drugi kmetijski opremi za dvigovanje, nagibanje in odlaganje materialov, kar pove\u010duje produktivnost in u\u010dinkovitost kmetijskih dejavnosti.<\/p>\n<p><img loading=\"lazy\" decoding=\"async\" class=\"alignnone  wp-image-6664\" src=\"https:\/\/fmp-components.com\/wp-content\/uploads\/2025\/03\/telescopic-hydraulic-cylinder-8.webp\" alt=\"teleskopski hidravli\u010dni cilinder\" width=\"896\" height=\"896\" title=\"\" srcset=\"https:\/\/fmp-components.com\/wp-content\/uploads\/2025\/03\/telescopic-hydraulic-cylinder-8.webp 896w, https:\/\/fmp-components.com\/wp-content\/uploads\/2025\/03\/telescopic-hydraulic-cylinder-8-480x480.webp 480w\" sizes=\"(min-width: 0px) and (max-width: 480px) 480px, (min-width: 481px) 896px, 100vw\" \/><\/p>\n<h2>Hidravli\u010dni cilindri in pogonske enote<\/h2>\n<p>Hidravli\u010dni cilindri in pogonske enote so sestavni deli vsakega hidravli\u010dnega sistema, pri \u010demer ima vsak klju\u010dno vlogo pri njegovem celotnem delovanju. Hidravli\u010dni cilinder deluje kot aktuator, ki pretvarja hidravli\u010dno energijo v mehansko gibanje za opravljanje dela, medtem ko pogonska enota slu\u017ei kot vir hidravli\u010dnega tlaka, ki zagotavlja potrebno energijo za pogon sistema.<\/p>\n<p>Njihova kombinirana funkcionalnost zagotavlja \u0161iroko uporabo hidravli\u010dne tehnologije v razli\u010dnih panogah. Ta sinergija zagotavlja zanesljivo podporo za napajanje in krmiljenje \u0161tevilnih in\u017eenirskih in mehanskih strojev, kar podjetjem omogo\u010da u\u010dinkovito in uspe\u0161no poslovanje. V podjetju FMP ponujamo tudi pogonske enote, ki na\u0161im strankam omogo\u010dajo, da najdejo celovite hidravli\u010dne re\u0161itve, prilagojene njihovim specifi\u010dnim potrebam. Ta celovit pristop zagotavlja, da vse komponente delujejo usklajeno skupaj, kar maksimizira zmogljivost in zanesljivost hidravli\u010dnih sistemov v razli\u010dnih aplikacijah.<\/p>\n<h2>Pogosto zastavljena vpra\u0161anja<\/h2>\n<p><span>V: Ali ste trgovsko podjetje ali proizvajalec?<\/span><span>O: Smo proizvajalec.<\/span><br \/>\n<span>V: Koliko \u010dasa traja va\u0161a dobavni rok?<\/span><span>A: Na\u0161 standardni dobavni rok je 25-35 dni.<\/span><br \/>\n<span>V: Ali lahko izdelujete po vzorcih?<\/span><span>O: Da, lahko izdelamo po va\u0161ih vzorcih ali tehni\u010dnih risbah. Izdelamo lahko kalupe in vpenjala.<\/span>&#8221;<\/p>\n<h3>O FMP-ju<\/h3>\n<p class=\"break-words\">FMP je vodilni italijanski proizvajalec, specializiran za na\u010drtovanje, razvoj in proizvodnjo visokokakovostnih hidravli\u010dnih cilindrov. Z bogato dedi\u0161\u010dino, ki temelji na desetletjih strokovnega znanja, ponosno zdru\u017eujemo italijansko obrt z najsodobnej\u0161o tehnologijo, da bi zagotovili izjemne hidravli\u010dne re\u0161itve, prilagojene raznolikim potrebam na\u0161ih strank po vsem svetu. FMP s sede\u017eem v Italiji, sredi\u0161\u010du in\u017eenirske odli\u010dnosti, velja za zaupanja vredno ime v hidravli\u010dni industriji, zavezano zagotavljanju zanesljivih, trpe\u017enih in inovativnih izdelkov, ki opolnomo\u010dajo podjetja po vsem svetu.<\/p>\n<p class=\"break-words\">Na\u0161e podjetje zdru\u017euje najbolj\u0161e iz naprednih proizvodnih tradicij s prihodnostnim pristopom. Z dolgoletnimi izku\u0161njami na podro\u010dju hidravli\u010dnih sistemov se je FMP razvil v sodobno podjetje, ki blesti na podro\u010dju raziskav, na\u010drtovanja in proizvodnje. Specializirani smo za \u0161iroko paleto hidravli\u010dnih cilindrov, vklju\u010dno z dvostransko delujo\u010dimi cilindri, avtomobilskimi dvi\u017enimi cilindri, cilindri za kmetijsko mehanizacijo in re\u0161itvami po meri za razli\u010dne industrijske aplikacije. Ne glede na to, ali gre za gradbeni\u0161tvo, industrijske instalacije, kmetijstvo ali te\u017eko mehanizacijo, so na\u0161i hidravli\u010dni cilindri izdelani za delovanje v najte\u017ejih pogojih, kar zagotavlja varnost, u\u010dinkovitost in dolgo \u017eivljenjsko dobo.<\/p>\n<p><img loading=\"lazy\" decoding=\"async\" class=\"alignnone size-full wp-image-6720\" src=\"https:\/\/fmp-components.com\/wp-content\/uploads\/2025\/03\/hydraulic-cylinder-8.webp\" alt=\"Teleskopski hidravli\u010dni cilindri\" width=\"933\" height=\"526\" title=\"\" srcset=\"https:\/\/fmp-components.com\/wp-content\/uploads\/2025\/03\/hydraulic-cylinder-8.webp 933w, https:\/\/fmp-components.com\/wp-content\/uploads\/2025\/03\/hydraulic-cylinder-8-480x271.webp 480w\" sizes=\"(min-width: 0px) and (max-width: 480px) 480px, (min-width: 481px) 933px, 100vw\" \/><\/p>\n<p class=\"break-words\">V podjetju FMP smo ponosni na na\u0161e najsodobnej\u0161e proizvodne obrate, opremljene s preciznimi stroji in naprednimi sistemi za testiranje. Na\u0161i proizvodni procesi so v skladu s strogimi nacionalnimi in mednarodnimi standardi, kar zagotavlja, da je vsak hidravli\u010dni valj, ki zapusti na\u0161o tovarno, vrhunske kakovosti in zanesljivosti. Na\u0161a usposobljena tehni\u010dna ekipa nam skupaj z najsodobnej\u0161o opremo omogo\u010da strog nadzor kakovosti na vsaki stopnji proizvodnje \u2013 od izbire surovin do kon\u010dnega pregleda. Ta predanost odli\u010dnosti nam je prinesla certifikate in priznanja s strani industrijskih organov, kar je \u0161e utrdilo na\u0161 ugled zanesljivega partnerja.<\/p>\n<p class=\"break-words\">Na\u0161e poslanstvo je preprosto, a ambiciozno: strankam zagotoviti hidravli\u010dne cilindre, ki presegajo pri\u010dakovanja glede zmogljivosti, vzdr\u017eljivosti in vrednosti. Delujemo po vodilnih na\u010delih profesionalnosti, integritete in osredoto\u010denosti na stranke. Z gojenjem kulture inovacij in natan\u010dnosti nenehno izpopolnjujemo na\u0161e izdelke, da bi ostali v ospredju na konkuren\u010dnem trgu. Na\u0161a celovita ponudba izdelkov in sposobnost ponujanja prilagojenih re\u0161itev nas uvr\u0161\u010data med prva izbira podjetij, ki i\u0161\u010dejo visokozmogljive hidravli\u010dne cilindre.<\/p>\n<p class=\"break-words\">FMP ni le proizvajalec \u2013 smo partner pri va\u0161em uspehu. Razumemo, da se na\u0161e stranke zana\u0161ajo na nas pri dobavi orodij, ki izbolj\u0161ujejo njihovo produktivnost in varnost. Zato smo zavezani k ponujanju ne le vrhunskih izdelkov, temve\u010d tudi izjemne storitve. Od za\u010detnega posvetovanja do poprodajne podpore tesno sodelujemo z na\u0161imi strankami, da zagotovimo, da so njihove potrebe izpolnjene profesionalno in skrbno. Na\u0161e konkuren\u010dne cene, skupaj z na\u0161o neomajno zavezanostjo kakovosti, naredijo FMP pametno izbiro za podjetja, ki \u017eelijo vlagati v hidravli\u010dne re\u0161itve, ki jim lahko zaupajo.<\/p>","protected":false},"excerpt":{"rendered":"<p>Italian Factory Dump Trailer Multi Stage Telescopic Hydraulic Cylinder The Italian Factory Dump Trailer Multi Stage Telescopic hydraulic cylinder is designed to provide exceptional functionality and performance in a variety of applications. With its standard structure and hydraulic power, it&#8217;s the ideal choice for a range of industries, from machinery repair shops and farms to [&hellip;]<\/p>","protected":false},"featured_media":6722,"comment_status":"closed","ping_status":"closed","template":"","meta":{"_et_pb_use_builder":"","_et_pb_old_content":"","_et_gb_content_width":""},"product_brand":[],"product_cat":[103],"product_tag":[34,105],"class_list":{"0":"post-6579","1":"product","2":"type-product","3":"status-publish","4":"has-post-thumbnail","6":"product_cat-telescopic-hydraulic-cylinders","7":"product_tag-hydraulic-cylinder","8":"product_tag-telescopic-hydraulic-cylinders","10":"first","11":"instock","12":"product-type-simple"},"_links":{"self":[{"href":"https:\/\/fmp-components.com\/sl\/wp-json\/wp\/v2\/product\/6579","targetHints":{"allow":["GET"]}}],"collection":[{"href":"https:\/\/fmp-components.com\/sl\/wp-json\/wp\/v2\/product"}],"about":[{"href":"https:\/\/fmp-components.com\/sl\/wp-json\/wp\/v2\/types\/product"}],"replies":[{"embeddable":true,"href":"https:\/\/fmp-components.com\/sl\/wp-json\/wp\/v2\/comments?post=6579"}],"wp:featuredmedia":[{"embeddable":true,"href":"https:\/\/fmp-components.com\/sl\/wp-json\/wp\/v2\/media\/6722"}],"wp:attachment":[{"href":"https:\/\/fmp-components.com\/sl\/wp-json\/wp\/v2\/media?parent=6579"}],"wp:term":[{"taxonomy":"product_brand","embeddable":true,"href":"https:\/\/fmp-components.com\/sl\/wp-json\/wp\/v2\/product_brand?post=6579"},{"taxonomy":"product_cat","embeddable":true,"href":"https:\/\/fmp-components.com\/sl\/wp-json\/wp\/v2\/product_cat?post=6579"},{"taxonomy":"product_tag","embeddable":true,"href":"https:\/\/fmp-components.com\/sl\/wp-json\/wp\/v2\/product_tag?post=6579"}],"curies":[{"name":"delovni list","href":"https:\/\/api.w.org\/{rel}","templated":true}]}}