{"id":6577,"date":"2025-03-11T06:31:13","date_gmt":"2025-03-11T06:31:13","guid":{"rendered":"https:\/\/fmp-components.com\/product\/factory-direct-sale-20-ton-dump-truck-hoist-hydraulic-cylinder"},"modified":"2025-03-12T05:11:27","modified_gmt":"2025-03-12T05:11:27","slug":"factory-direct-sale-20-ton-dump-truck-hoist-hydraulic-cylinder","status":"publish","type":"product","link":"https:\/\/fmp-components.com\/sl\/product\/factory-direct-sale-20-ton-dump-truck-hoist-hydraulic-cylinder\/","title":{"rendered":"Hidravli\u010dni cilinder za dvigalo za tovornjake z 20 tonami iz tovarne"},"content":{"rendered":"<h2>Hidravli\u010dni cilinder za dvigalo za tovornjake z 20 tonami iz tovarne<\/h2>\n<p>Oglejte si podrobneje na\u0161 20-tonski hidravli\u010dni cilinder za dvigalo za prekucnike, ki je na voljo neposredno iz tovarne. Ta kos opreme, zasnovan za natan\u010dno in enostavno dvigovanje te\u017ekih bremen, je bistveno orodje v industriji popravil strojev, kmetijstva, energetike in rudarstva ter strojne proizvodnje. Ne glede na to, ali \u017eelite zamenjati star hidravli\u010dni cilinder ali ga nadgraditi na u\u010dinkovitej\u0161i model, je ta izdelek vreden razmisleka.<\/p>\n<h3>Zna\u010dilnosti in specifikacije<\/h3>\n<p>Na\u0161 hidravli\u010dni cilinder se pona\u0161a z robustno jekleno konstrukcijo, ki prenese te\u017eko uporabo. Deluje s hidravli\u010dno mo\u010djo, zaradi \u010desar je zelo zanesljivo in u\u010dinkovito orodje za dvigovanje in premikanje te\u017ekih bremen. Ta cilinder ima tudi certifikat ISO9001:2000, kar zagotavlja njegovo kakovost in zanesljivost.<\/p>\n<table style=\"width: 99.9058%;\" border=\"\">\n<tbody>\n<tr>\n<th style=\"width: 16.9576%;\">Velikost izvrtine<\/th>\n<th style=\"width: 20.4489%;\">Velikost palice<\/th>\n<th style=\"width: 19.9501%;\">Velikost poteze<\/th>\n<th style=\"width: 16.4589%;\">Velikost zati\u010da<\/th>\n<th style=\"width: 153.616%;\">Pristani\u0161\u010da<\/th>\n<\/tr>\n<tr>\n<td style=\"width: 16.9576%;\">2\u20136 palcev<\/td>\n<td style=\"width: 20.4489%;\">1,125-4 palca<\/td>\n<td style=\"width: 19.9501%;\">4\u2013100 palcev<\/td>\n<td style=\"width: 16.4589%;\">0,5\u20132 palca<\/td>\n<td style=\"width: 153.616%;\">G\/SAE\/NPT\/M<\/td>\n<\/tr>\n<\/tbody>\n<\/table>\n<h2>Edinstvene prednosti<\/h2>\n<ul>\n<li>Energetsko u\u010dinkovito<\/li>\n<li>Visoko u\u010dinkovit<\/li>\n<li>Zagotovljena varnost<\/li>\n<\/ul>\n<p><img loading=\"lazy\" decoding=\"async\" class=\"alignnone  wp-image-6657\" src=\"https:\/\/fmp-components.com\/wp-content\/uploads\/2025\/03\/telescopic-hydraulic-cylinder-3.webp\" alt=\"teleskopski hidravli\u010dni cilinder\" width=\"940\" height=\"940\" title=\"\" srcset=\"https:\/\/fmp-components.com\/wp-content\/uploads\/2025\/03\/telescopic-hydraulic-cylinder-3.webp 940w, https:\/\/fmp-components.com\/wp-content\/uploads\/2025\/03\/telescopic-hydraulic-cylinder-3-480x480.webp 480w\" sizes=\"(min-width: 0px) and (max-width: 480px) 480px, (min-width: 481px) 940px, 100vw\" \/><\/p>\n<h2>Hidravli\u010dni sistem in princip delovanja<\/h2>\n<p>Hidravli\u010dni cilinder deluje na principu pretvorbe tlaka teko\u010dine v silo, ki lahko u\u010dinkovito premika breme ali opravlja mehansko delo. Ko se hidravli\u010dna teko\u010dina \u010drpa iz rezervoarja v cilinder, potuje skozi smerni regulacijski ventil, ki uravnava pretok teko\u010dine. Ta tla\u010dna teko\u010dina napolni cilinder in ustvari silo, ki pritiska na bat v notranjosti. Ko se bat premika, ustvarja linearno gibanje, kar hidravli\u010dnemu valju omogo\u010da opravljanje razli\u010dnih nalog, kot so dvigovanje, potiskanje ali vle\u010denje te\u017ekih predmetov. Zaradi tega u\u010dinkovitega prenosa energije prek dinamike teko\u010din so hidravli\u010dni sistemi \u0161e posebej zmogljivi in \u200b\u200bu\u010dinkoviti v \u0161irokem spektru uporab.<\/p>\n<p>Zasnova hidravli\u010dnega cilindra, vklju\u010dno z robustnimi materiali in natan\u010dno in\u017eeniringom, zagotavlja, da lahko prenese visoke tlake in velike obremenitve, kar maksimizira njegovo zmogljivost in zanesljivost. Ne glede na to, ali se uporablja pri dvigovanju ali kompleksnih strojnih procesih, je sposobnost hidravli\u010dnega cilindra, da pretvori hidravli\u010dno energijo v mehansko gibanje, temeljni vidik njegove funkcionalnosti.<\/p>\n<p><img loading=\"lazy\" decoding=\"async\" class=\"alignnone  wp-image-6656\" src=\"https:\/\/fmp-components.com\/wp-content\/uploads\/2025\/03\/telescopic-hydraulic-cylinder-5.webp\" alt=\"teleskopski hidravli\u010dni cilinder\" width=\"969\" height=\"969\" title=\"\" srcset=\"https:\/\/fmp-components.com\/wp-content\/uploads\/2025\/03\/telescopic-hydraulic-cylinder-5.webp 969w, https:\/\/fmp-components.com\/wp-content\/uploads\/2025\/03\/telescopic-hydraulic-cylinder-5-480x480.webp 480w\" sizes=\"(min-width: 0px) and (max-width: 480px) 480px, (min-width: 481px) 969px, 100vw\" \/><\/p>\n<h2>Uporaba hidravli\u010dnega cilindra<\/h2>\n<p>Ta hidravli\u010dni cilinder je \u0161e posebej primeren za razli\u010dne aplikacije v razli\u010dnih panogah. V delavnicah za popravilo strojev slu\u017ei kot klju\u010dno orodje za dvigovanje in pozicioniranje te\u017eke opreme, kar olaj\u0161a vzdr\u017eevalna opravila, ki bi bila sicer zahtevna ali nevarna. Zaradi zmo\u017enosti cilindra, da prenese znatne obremenitve, je v teh okoljih nepogre\u0161ljiv.<\/p>\n<p>V kmetijstvu se hidravli\u010dni cilinder uporablja v razli\u010dnih vrstah strojev, kot so traktorji in kombajni, za dvigovanje in prevoz te\u017ekih materialov, kar pove\u010duje operativno u\u010dinkovitost in produktivnost na kmetijah. Njegova robustna zasnova zagotavlja, da lahko prenese zahtevne pogoje uporabe na prostem in zahteve kmetijskih opravil.<\/p>\n<p>V energetskem in rudarskem sektorju ima ta hidravli\u010dni cilinder klju\u010dno vlogo pri operacijah, kot so izkopavanja in ravnanje z materiali. Njegova sposobnost dvigovanja te\u017ekih bremen z natan\u010dnostjo in zanesljivostjo je bistvenega pomena za naloge, ki zahtevajo tako mo\u010d kot natan\u010dnost. Poleg tega se v strojni industriji hidravli\u010dni cilinder uporablja v monta\u017enih linijah in avtomatiziranih procesih, kjer pomaga pri dvigovanju komponent in olaj\u0161a proizvodnjo.<\/p>\n<p>Na splo\u0161no je hidravli\u010dni cilinder bistveno orodje v teh panogah, ki zagotavlja potrebno mo\u010d in nadzor za dvigovanje te\u017ekih bremen ter u\u010dinkovito in varno opravljanje kriti\u010dnih nalog. Zaradi svoje vsestranskosti in zanesljivosti je klju\u010dni sestavni del pri delovanju razli\u010dnih strojev in opreme.<\/p>\n<h2>Pogosta vpra\u0161anja<\/h2>\n<ol>\n<li><strong>V: Ali se lahko hidravli\u010dni cilinder uporablja v razli\u010dnih panogah?<\/strong><br \/>\nA: Da, na\u0161 hidravli\u010dni cilinder je vsestranski in se lahko uporablja v razli\u010dnih panogah, kot so gradbeni\u0161tvo, rudarstvo, kmetijstvo in druge.<\/li>\n<li><strong>V: Ali ponujate garancijo za hidravli\u010dni cilinder?<\/strong><br \/>\nA: Da, za na\u0161 hidravli\u010dni valj nudimo 1-letno garancijo.<\/li>\n<li><strong>V: Ali lahko obi\u0161\u010dem va\u0161o tovarno?<\/strong><br \/>\nA: Da, stranke toplo vabimo, da obi\u0161\u010dejo na\u0161o tovarno. Lahko si jo ogledate tudi virtualno prek zgornje povezave.<\/li>\n<\/ol>\n<h3>O FMP-ju<\/h3>\n<p>FMP je vodilni italijanski proizvajalec, specializiran za na\u010drtovanje, razvoj in proizvodnjo visokokakovostnih hidravli\u010dnih cilindrov. Z zapu\u0161\u010dino, zgrajeno na desetletjih strokovnega znanja, strokovno zdru\u017eujemo italijansko obrt z inovativno tehnologijo, da bi zagotovili izjemne hidravli\u010dne re\u0161itve, prilagojene raznolikim potrebam na\u0161ih strank po vsem svetu. FMP, ki se nahaja v Italiji, sredi\u0161\u010du in\u017eenirske odli\u010dnosti, je zaupanja vredno ime v hidravli\u010dni industriji, predano zagotavljanju zanesljivih, trpe\u017enih in inovativnih izdelkov, ki opolnomo\u010dajo podjetja po vsem svetu.<\/p>\n<p>Na\u0161e podjetje zdru\u017euje napredne proizvodne tradicije s prihodnostnim pristopom. Z dolgoletnimi izku\u0161njami na podro\u010dju hidravli\u010dnih sistemov se je FMP preoblikoval v sodobno podjetje, ki blesti na podro\u010dju raziskav, na\u010drtovanja in proizvodnje. Ponujamo \u0161iroko paleto hidravli\u010dnih cilindrov, vklju\u010dno z dvostransko delujo\u010dimi cilindri, avtomobilskimi dvi\u017enimi cilindri, cilindri za kmetijsko mehanizacijo in re\u0161itvami po meri za razli\u010dne industrijske aplikacije. Ne glede na to, ali gre za gradbeni\u0161tvo, industrijske instalacije, kmetijstvo ali te\u017eko mehanizacijo, so na\u0161i hidravli\u010dni cilindri zasnovani za delovanje v najzahtevnej\u0161ih pogojih, kar zagotavlja varnost, u\u010dinkovitost in dolgo \u017eivljenjsko dobo.<\/p>\n<p>V podjetju FMP smo ponosni na na\u0161e najsodobnej\u0161e proizvodne obrate, ki so opremljeni s preciznimi stroji in naprednimi sistemi za testiranje. Na\u0161i proizvodni procesi so v skladu s strogimi nacionalnimi in mednarodnimi standardi, kar zagotavlja, da vsak izdelan hidravli\u010dni valj izpolnjuje najvi\u0161je standarde kakovosti in zanesljivosti. Na\u0161a usposobljena tehni\u010dna ekipa, ki jo podpira najsodobnej\u0161a oprema, nam omogo\u010da, da vzdr\u017eujemo strog nadzor kakovosti na vsaki stopnji proizvodnje \u2013 od izbire surovin do kon\u010dnega pregleda. Ta zavezanost odli\u010dnosti nam je prinesla certifikate in priznanja s strani industrijskih organov, kar je \u0161e utrdilo na\u0161 ugled zanesljivega partnerja.<\/p>\n<p><img loading=\"lazy\" decoding=\"async\" class=\"alignnone size-full wp-image-6720\" src=\"https:\/\/fmp-components.com\/wp-content\/uploads\/2025\/03\/hydraulic-cylinder-8.webp\" alt=\"Teleskopski hidravli\u010dni cilindri\" width=\"933\" height=\"526\" title=\"\" srcset=\"https:\/\/fmp-components.com\/wp-content\/uploads\/2025\/03\/hydraulic-cylinder-8.webp 933w, https:\/\/fmp-components.com\/wp-content\/uploads\/2025\/03\/hydraulic-cylinder-8-480x271.webp 480w\" sizes=\"(min-width: 0px) and (max-width: 480px) 480px, (min-width: 481px) 933px, 100vw\" \/><\/p>\n<p>Na\u0161e poslanstvo je preprosto, a ambiciozno: dobavljati hidravli\u010dne cilindre, ki presegajo pri\u010dakovanja glede zmogljivosti, vzdr\u017eljivosti in vrednosti. Vodimo se z na\u010deli profesionalnosti, integritete in osredoto\u010denosti na stranke, spodbujamo kulturo inovacij in natan\u010dnosti ter nenehno izpopolnjujemo na\u0161e izdelke, da bi ostali konkuren\u010dni na trgu. Na\u0161a celovita ponudba izdelkov in sposobnost zagotavljanja prilagojenih re\u0161itev nas uvr\u0161\u010data med prednostne izbire za podjetja, ki i\u0161\u010dejo visokozmogljive hidravli\u010dne cilindre.<\/p>\n<p>FMP ni le proizvajalec; smo partner pri va\u0161em uspehu. Razumemo, da so na\u0161e stranke odvisne od nas pri orodjih, ki pove\u010dujejo produktivnost in varnost. Zato smo zavezani k zagotavljanju ne le vrhunskih izdelkov, temve\u010d tudi izjemnih storitev. Od za\u010detnega posvetovanja do poprodajne podpore tesno sodelujemo z na\u0161imi strankami, da zagotovimo, da so njihove potrebe izpolnjene profesionalno in skrbno. Na\u0161e konkuren\u010dne cene v kombinaciji z neomajno zavezanostjo kakovosti naredijo FMP pametno izbiro za podjetja, ki \u017eelijo vlagati v zaupanja vredne hidravli\u010dne re\u0161itve.<\/p>","protected":false},"excerpt":{"rendered":"<p>Factory Direct Sale 20 Ton Dump Truck Hoist Hydraulic Cylinder Take a closer look at our Factory Direct Sale 20 Ton Dump Truck Hoist Hydraulic Cylinder. This piece of equipment, designed to lift heavy loads with precision and ease, is an essential tool in the machinery repair, farming, energy &amp; mining, and machinery manufacturing industries. [&hellip;]<\/p>","protected":false},"featured_media":6719,"comment_status":"closed","ping_status":"closed","template":"","meta":{"_et_pb_use_builder":"","_et_pb_old_content":"","_et_gb_content_width":""},"product_brand":[],"product_cat":[103],"product_tag":[34,105],"class_list":{"0":"post-6577","1":"product","2":"type-product","3":"status-publish","4":"has-post-thumbnail","6":"product_cat-telescopic-hydraulic-cylinders","7":"product_tag-hydraulic-cylinder","8":"product_tag-telescopic-hydraulic-cylinders","10":"first","11":"instock","12":"product-type-simple"},"_links":{"self":[{"href":"https:\/\/fmp-components.com\/sl\/wp-json\/wp\/v2\/product\/6577","targetHints":{"allow":["GET"]}}],"collection":[{"href":"https:\/\/fmp-components.com\/sl\/wp-json\/wp\/v2\/product"}],"about":[{"href":"https:\/\/fmp-components.com\/sl\/wp-json\/wp\/v2\/types\/product"}],"replies":[{"embeddable":true,"href":"https:\/\/fmp-components.com\/sl\/wp-json\/wp\/v2\/comments?post=6577"}],"wp:featuredmedia":[{"embeddable":true,"href":"https:\/\/fmp-components.com\/sl\/wp-json\/wp\/v2\/media\/6719"}],"wp:attachment":[{"href":"https:\/\/fmp-components.com\/sl\/wp-json\/wp\/v2\/media?parent=6577"}],"wp:term":[{"taxonomy":"product_brand","embeddable":true,"href":"https:\/\/fmp-components.com\/sl\/wp-json\/wp\/v2\/product_brand?post=6577"},{"taxonomy":"product_cat","embeddable":true,"href":"https:\/\/fmp-components.com\/sl\/wp-json\/wp\/v2\/product_cat?post=6577"},{"taxonomy":"product_tag","embeddable":true,"href":"https:\/\/fmp-components.com\/sl\/wp-json\/wp\/v2\/product_tag?post=6577"}],"curies":[{"name":"delovni list","href":"https:\/\/api.w.org\/{rel}","templated":true}]}}