{"id":6576,"date":"2025-03-11T06:31:13","date_gmt":"2025-03-11T06:31:13","guid":{"rendered":"https:\/\/fmp-components.com\/product\/high-quality-mini-dump-truck-hydraulic-hoist-cylinder-telescopic-hydraulic-cylinder"},"modified":"2025-03-12T05:08:32","modified_gmt":"2025-03-12T05:08:32","slug":"high-quality-mini-dump-truck-hydraulic-hoist-cylinder-telescopic-hydraulic-cylinder","status":"publish","type":"product","link":"https:\/\/fmp-components.com\/sl\/product\/high-quality-mini-dump-truck-hydraulic-hoist-cylinder-telescopic-hydraulic-cylinder\/","title":{"rendered":"Visokokakovostni hidravli\u010dni dvigalni cilinder za mini prekucnike Teleskopski hidravli\u010dni cilinder"},"content":{"rendered":"<h2>Visokokakovostni hidravli\u010dni dvigalni cilinder za mini prekucnike Teleskopski hidravli\u010dni cilinder<\/h2>\n<p>Visokokakovostni teleskopski hidravli\u010dni valj za mini prekucnike je vrhunski izdelek, ki zagotavlja optimalno funkcionalnost in dolgo \u017eivljenjsko dobo. Ta hidravli\u010dni valj, ki se uporablja predvsem v delavnicah za popravilo strojev, na kmetijah, v energetskem in rudarskem sektorju, proizvodnji strojev in tovarnah, je zasnovan za neprekosljivo zmogljivost.<\/p>\n<p><img loading=\"lazy\" decoding=\"async\" class=\"alignnone  wp-image-6657\" src=\"https:\/\/fmp-components.com\/wp-content\/uploads\/2025\/03\/telescopic-hydraulic-cylinder-3.webp\" alt=\"teleskopski hidravli\u010dni cilinder\" width=\"911\" height=\"911\" title=\"\" srcset=\"https:\/\/fmp-components.com\/wp-content\/uploads\/2025\/03\/telescopic-hydraulic-cylinder-3.webp 911w, https:\/\/fmp-components.com\/wp-content\/uploads\/2025\/03\/telescopic-hydraulic-cylinder-3-480x480.webp 480w\" sizes=\"(min-width: 0px) and (max-width: 480px) 480px, (min-width: 481px) 911px, 100vw\" \/><\/p>\n<h3>Specifikacije izdelka<\/h3>\n<p>Na\u0161 valj se pona\u0161a s standardno strukturo, natan\u010dneje s batnim cilindrom, ki ga poganja hidravlika. Ima robustno jekleno ohi\u0161je, ve\u010dstopenjski hidravli\u010dni cilinder in najve\u010dji potisk 3000. Ta izdelek je skladen s standardi ISO9001:2000, kar zagotavlja najvi\u0161jo raven kakovosti.<\/p>\n<table style=\"width: 97.2621%;\" border=\"\">\n<tbody>\n<tr>\n<td style=\"width: 43.5028%;\"><b>Velikost izvrtine<\/b><\/td>\n<td style=\"width: 470.621%;\">2\u20136 palcev<\/td>\n<\/tr>\n<tr>\n<td style=\"width: 43.5028%;\"><b>Velikost palice<\/b><\/td>\n<td style=\"width: 470.621%;\">1,125-4 palca<\/td>\n<\/tr>\n<tr>\n<td style=\"width: 43.5028%;\"><b>Velikost poteze<\/b><\/td>\n<td style=\"width: 470.621%;\">4\u2013100 palcev<\/td>\n<\/tr>\n<tr>\n<td style=\"width: 43.5028%;\"><b>Velikost zati\u010da<\/b><\/td>\n<td style=\"width: 470.621%;\">0,5\u20132 palca<\/td>\n<\/tr>\n<tr>\n<td style=\"width: 43.5028%;\"><b>Pristani\u0161\u010da<\/b><\/td>\n<td style=\"width: 470.621%;\">G\/SAE\/NPT\/M<\/td>\n<\/tr>\n<\/tbody>\n<\/table>\n<h3>Posebnosti in prednosti<\/h3>\n<ul>\n<li>Visoka zmogljivost: Z najve\u010djim potiskom 3000 in najve\u010djo vle\u010dno silo 20 ton ta hidravli\u010dni cilinder zagotavlja vrhunsko zmogljivost.<\/li>\n<li>Varnost: Na\u0161 hidravli\u010dni cilinder je skladen s standardi ISO9001:2000, kar zagotavlja najvi\u0161jo raven varnosti.<\/li>\n<li>Energetsko u\u010dinkovit: Visokokakovostni teleskopski hidravli\u010dni valj za mini prekucnike je zasnovan za optimalno energetsko u\u010dinkovitost, kar zagotavlja stro\u0161kovno u\u010dinkovito delovanje.<\/li>\n<\/ul>\n<h2>Hidravli\u010dni sistemi in princip delovanja<\/h2>\n<p>Na\u010delo delovanja na\u0161ega hidravli\u010dnega cilindra je elegantno preprosto: pretvarja hidravli\u010dno energijo v mehansko gibanje, s \u010dimer u\u010dinkovito pretvori hidravli\u010dni tlak v silo. To temeljno na\u010delo je hrbtenica hidravli\u010dnih sistemov, ki omogo\u010da u\u010dinkovit prenos mo\u010di. Zasnova cilindra igra klju\u010dno vlogo v tem procesu, saj maksimizira povr\u0161ino, kjer lahko hidravli\u010dna teko\u010dina izvaja pritisk, s \u010dimer pove\u010da ustvarjeno silo. Ta kombinacija in\u017eeniringa in funkcionalnosti omogo\u010da \u0161iroko uporabo na\u0161ih hidravli\u010dnih cilindrov v razli\u010dnih panogah, od gradbeni\u0161tva do proizvodnje, kjer je zanesljivo in zmogljivo delovanje bistvenega pomena.<\/p>\n<p><img loading=\"lazy\" decoding=\"async\" class=\"alignnone  wp-image-6658\" src=\"https:\/\/fmp-components.com\/wp-content\/uploads\/2025\/03\/telescopic-hydraulic-cylinder-6.webp\" alt=\"teleskopski hidravli\u010dni cilinder\" width=\"938\" height=\"938\" title=\"\" srcset=\"https:\/\/fmp-components.com\/wp-content\/uploads\/2025\/03\/telescopic-hydraulic-cylinder-6.webp 938w, https:\/\/fmp-components.com\/wp-content\/uploads\/2025\/03\/telescopic-hydraulic-cylinder-6-480x480.webp 480w\" sizes=\"(min-width: 0px) and (max-width: 480px) 480px, (min-width: 481px) 938px, 100vw\" \/><\/p>\n<h2>Scenariji uporabe<\/h2>\n<p>Visokokakovostni hidravli\u010dni dvi\u017eni cilinder za mini prekucnike, zlasti zaradi svoje teleskopske zasnove, je neverjetno vsestranski in primeren za razli\u010dne scenarije uporabe. V delavnicah za popravilo strojev je neprecenljiv za dvigovanje in manevriranje te\u017eke opreme, saj zagotavlja u\u010dinkovito in varno izvajanje vzdr\u017eevalnih del. Na kmetijah se ta hidravli\u010dni cilinder uporablja v kmetijski mehanizaciji za naloge, kot so dvigovanje bremen, nagibanje in odlaganje materialov, zaradi \u010desar so kmetijska dela u\u010dinkovitej\u0161a.<\/p>\n<p>V energetskem in rudarskem sektorju je hidravli\u010dni dvi\u017eni valj bistvenega pomena za aplikacije, ki vklju\u010dujejo izkopavanje, vrtanje in ravnanje z materiali, kjer sta robustna zmogljivost in zanesljivost klju\u010dnega pomena. Poleg tega se v proizvodnji strojev in tovarnah ta hidravli\u010dni valj uporablja v monta\u017enih linijah in avtomatizirani opremi, kar prispeva k poenostavljenim proizvodnim procesom in izbolj\u0161ani operativni u\u010dinkovitosti. Zaradi svoje prilagodljivosti in robustne zmogljivosti je idealna izbira za vsako industrijsko okolje, ki zahteva zanesljive zmogljivosti dvigovanja in premikanja, kar zagotavlja, da lahko podjetja u\u010dinkovito poslujejo na svojih podro\u010djih.<\/p>\n<h2>Pogosta vpra\u0161anja<\/h2>\n<p><b>V:<\/b> Ste trgovsko podjetje ali proizvajalec?<br \/>\n<b>O:<\/b> Smo proizvajalec.<\/p>\n<p><b>V:<\/b> Kako dolgo traja va\u0161a dobavna dobava?<br \/>\n<b>O:<\/b> Dobavni rok je obi\u010dajno 25-35 dni.<\/p>\n<p><b>V:<\/b> Ali ponujate vzorce? Je to brezpla\u010dno ali dodatno?<br \/>\n<b>O:<\/b> Da, nudimo vzorce, vendar niso brezpla\u010dni.<\/p>\n<h3>O FMP-ju<\/h3>\n<p>FMP je vodilni italijanski proizvajalec, specializiran za na\u010drtovanje, razvoj in proizvodnjo visokokakovostnih hidravli\u010dnih cilindrov. Z zapu\u0161\u010dino, zgrajeno na desetletjih strokovnega znanja, strokovno zdru\u017eujemo italijansko obrt z inovativno tehnologijo, da bi zagotovili izjemne hidravli\u010dne re\u0161itve, prilagojene raznolikim potrebam na\u0161ih strank po vsem svetu. FMP, ki se nahaja v Italiji, sredi\u0161\u010du in\u017eenirske odli\u010dnosti, je zaupanja vredno ime v hidravli\u010dni industriji, predano zagotavljanju zanesljivih, trpe\u017enih in inovativnih izdelkov, ki opolnomo\u010dajo podjetja po vsem svetu.<\/p>\n<p>Na\u0161e podjetje zdru\u017euje napredne proizvodne tradicije s prihodnostnim pristopom. Z dolgoletnimi izku\u0161njami na podro\u010dju hidravli\u010dnih sistemov se je FMP preoblikoval v sodobno podjetje, ki blesti na podro\u010dju raziskav, na\u010drtovanja in proizvodnje. Ponujamo \u0161iroko paleto hidravli\u010dnih cilindrov, vklju\u010dno z dvostransko delujo\u010dimi cilindri, avtomobilskimi dvi\u017enimi cilindri, cilindri za kmetijsko mehanizacijo in re\u0161itvami po meri za razli\u010dne industrijske aplikacije. Ne glede na to, ali gre za gradbeni\u0161tvo, industrijske instalacije, kmetijstvo ali te\u017eko mehanizacijo, so na\u0161i hidravli\u010dni cilindri zasnovani za delovanje v najzahtevnej\u0161ih pogojih, kar zagotavlja varnost, u\u010dinkovitost in dolgo \u017eivljenjsko dobo.<\/p>\n<p>V podjetju FMP smo ponosni na na\u0161e najsodobnej\u0161e proizvodne obrate, ki so opremljeni s preciznimi stroji in naprednimi sistemi za testiranje. Na\u0161i proizvodni procesi so v skladu s strogimi nacionalnimi in mednarodnimi standardi, kar zagotavlja, da vsak izdelan hidravli\u010dni valj izpolnjuje najvi\u0161je standarde kakovosti in zanesljivosti. Na\u0161a usposobljena tehni\u010dna ekipa, ki jo podpira najsodobnej\u0161a oprema, nam omogo\u010da, da vzdr\u017eujemo strog nadzor kakovosti na vsaki stopnji proizvodnje \u2013 od izbire surovin do kon\u010dnega pregleda. Ta zavezanost odli\u010dnosti nam je prinesla certifikate in priznanja s strani industrijskih organov, kar je \u0161e utrdilo na\u0161 ugled zanesljivega partnerja.<\/p>\n<p><img loading=\"lazy\" decoding=\"async\" class=\"alignnone size-full wp-image-6720\" src=\"https:\/\/fmp-components.com\/wp-content\/uploads\/2025\/03\/hydraulic-cylinder-8.webp\" alt=\"Teleskopski hidravli\u010dni cilindri\" width=\"933\" height=\"526\" title=\"\" srcset=\"https:\/\/fmp-components.com\/wp-content\/uploads\/2025\/03\/hydraulic-cylinder-8.webp 933w, https:\/\/fmp-components.com\/wp-content\/uploads\/2025\/03\/hydraulic-cylinder-8-480x271.webp 480w\" sizes=\"(min-width: 0px) and (max-width: 480px) 480px, (min-width: 481px) 933px, 100vw\" \/><\/p>\n<p>Na\u0161e poslanstvo je preprosto, a ambiciozno: dobavljati hidravli\u010dne cilindre, ki presegajo pri\u010dakovanja glede zmogljivosti, vzdr\u017eljivosti in vrednosti. Vodimo se z na\u010deli profesionalnosti, integritete in osredoto\u010denosti na stranke, spodbujamo kulturo inovacij in natan\u010dnosti ter nenehno izpopolnjujemo na\u0161e izdelke, da bi ostali konkuren\u010dni na trgu. Na\u0161a celovita ponudba izdelkov in sposobnost zagotavljanja prilagojenih re\u0161itev nas uvr\u0161\u010data med prednostne izbire za podjetja, ki i\u0161\u010dejo visokozmogljive hidravli\u010dne cilindre.<\/p>\n<p>FMP ni le proizvajalec; smo partner pri va\u0161em uspehu. Razumemo, da so na\u0161e stranke odvisne od nas pri orodjih, ki pove\u010dujejo produktivnost in varnost. Zato smo zavezani k zagotavljanju ne le vrhunskih izdelkov, temve\u010d tudi izjemnih storitev. Od za\u010detnega posvetovanja do poprodajne podpore tesno sodelujemo z na\u0161imi strankami, da zagotovimo, da so njihove potrebe izpolnjene profesionalno in skrbno. Na\u0161e konkuren\u010dne cene v kombinaciji z neomajno zavezanostjo kakovosti naredijo FMP pametno izbiro za podjetja, ki \u017eelijo vlagati v zaupanja vredne hidravli\u010dne re\u0161itve.<\/p>","protected":false},"excerpt":{"rendered":"<p>High Quality Mini Dump Truck Hydraulic Hoist Cylinder Telescopic Hydraulic Cylinder The High Quality Mini Dump Truck Hydraulic Hoist Cylinder Telescopic Hydraulic Cylinder is a top-tier product that ensures optimal functionality and longevity. Primarily used in machinery repair shops, farms, energy and mining sectors, machinery manufacturing and factories, this hydraulic cylinder is designed to deliver [&hellip;]<\/p>","protected":false},"featured_media":6718,"comment_status":"closed","ping_status":"closed","template":"","meta":{"_et_pb_use_builder":"","_et_pb_old_content":"","_et_gb_content_width":""},"product_brand":[],"product_cat":[103],"product_tag":[34,105],"class_list":{"0":"post-6576","1":"product","2":"type-product","3":"status-publish","4":"has-post-thumbnail","6":"product_cat-telescopic-hydraulic-cylinders","7":"product_tag-hydraulic-cylinder","8":"product_tag-telescopic-hydraulic-cylinders","10":"first","11":"instock","12":"product-type-simple"},"_links":{"self":[{"href":"https:\/\/fmp-components.com\/sl\/wp-json\/wp\/v2\/product\/6576","targetHints":{"allow":["GET"]}}],"collection":[{"href":"https:\/\/fmp-components.com\/sl\/wp-json\/wp\/v2\/product"}],"about":[{"href":"https:\/\/fmp-components.com\/sl\/wp-json\/wp\/v2\/types\/product"}],"replies":[{"embeddable":true,"href":"https:\/\/fmp-components.com\/sl\/wp-json\/wp\/v2\/comments?post=6576"}],"wp:featuredmedia":[{"embeddable":true,"href":"https:\/\/fmp-components.com\/sl\/wp-json\/wp\/v2\/media\/6718"}],"wp:attachment":[{"href":"https:\/\/fmp-components.com\/sl\/wp-json\/wp\/v2\/media?parent=6576"}],"wp:term":[{"taxonomy":"product_brand","embeddable":true,"href":"https:\/\/fmp-components.com\/sl\/wp-json\/wp\/v2\/product_brand?post=6576"},{"taxonomy":"product_cat","embeddable":true,"href":"https:\/\/fmp-components.com\/sl\/wp-json\/wp\/v2\/product_cat?post=6576"},{"taxonomy":"product_tag","embeddable":true,"href":"https:\/\/fmp-components.com\/sl\/wp-json\/wp\/v2\/product_tag?post=6576"}],"curies":[{"name":"delovni list","href":"https:\/\/api.w.org\/{rel}","templated":true}]}}