{"id":6573,"date":"2025-03-11T06:31:13","date_gmt":"2025-03-11T06:31:13","guid":{"rendered":"https:\/\/fmp-components.com\/product\/good-quality-4-stage-double-acting-telescopic-multistage-hydraulic-cylinder"},"modified":"2025-03-14T02:28:31","modified_gmt":"2025-03-14T02:28:31","slug":"good-quality-4-stage-double-acting-telescopic-multistage-hydraulic-cylinder","status":"publish","type":"product","link":"https:\/\/fmp-components.com\/sl\/product\/good-quality-4-stage-double-acting-telescopic-multistage-hydraulic-cylinder\/","title":{"rendered":"Kakovosten 4-stopenjski dvostranski teleskopski ve\u010dstopenjski hidravli\u010dni cilinder"},"content":{"rendered":"<h2>Kakovosten 4-stopenjski dvostranski teleskopski ve\u010dstopenjski hidravli\u010dni cilinder<\/h2>\n<p>Predstavljamo vrhunski, visokozmogljiv 4-stopenjski dvosmerno delujo\u010di teleskopski hidravli\u010dni cilinder. Ta hidravli\u010dni cilinder je popolna me\u0161anica vrhunske kakovosti in robustne konstrukcije, zasnovana za razli\u010dne panoge, vklju\u010dno s strojnimi delavnicami, kmetijstvom, energetiko in rudarstvom, proizvodnjo strojev in tovarnami strojev.<\/p>\n<h3>Klju\u010dne lastnosti in funkcionalnost<\/h3>\n<p>Hidravli\u010dni valj je bistvena komponenta hidravli\u010dnih sistemov, ki pretvarja hidravli\u010dno energijo v mehansko energijo in ustvarja linearno gibanje in silo, potrebno za premikanje strojnih povezav in priklju\u010dkov. Ta izdelek je zasnovan z najve\u010djim potiskom 3000 in najve\u010djim vle\u010dnim naporom kar 20 ton, zaradi \u010desar je idealen za te\u017eka dela.<\/p>\n<h3>Specifikacije<\/h3>\n<p>Posebnosti tega izdelka so bile skrbno zasnovane za zagotavljanje maksimalne u\u010dinkovitosti in dolge \u017eivljenjske dobe.<\/p>\n<table style=\"width: 97.8678%;\" border=\"\">\n<tbody>\n<tr>\n<th style=\"width: 42.8571%;\">Velikost izvrtine<\/th>\n<th style=\"width: 397.143%;\">2\u20136 palcev<\/th>\n<\/tr>\n<tr>\n<td style=\"width: 42.8571%;\">Velikost palice<\/td>\n<td style=\"width: 397.143%;\">1,125-4 palca<\/td>\n<\/tr>\n<tr>\n<td style=\"width: 42.8571%;\">Velikost poteze<\/td>\n<td style=\"width: 397.143%;\">4\u2013100 palcev<\/td>\n<\/tr>\n<tr>\n<td style=\"width: 42.8571%;\">Velikost zati\u010da<\/td>\n<td style=\"width: 397.143%;\">0,5\u20132 palca<\/td>\n<\/tr>\n<tr>\n<td style=\"width: 42.8571%;\">Pristani\u0161\u010da<\/td>\n<td style=\"width: 397.143%;\">G\/SAE\/NPT\/M<\/td>\n<\/tr>\n<\/tbody>\n<\/table>\n<h2>Posebnosti<\/h2>\n<ul>\n<li>Energetsko u\u010dinkovit: Ta hidravli\u010dni cilinder je zasnovan za maksimiranje mo\u010di ob hkratnem zmanj\u0161anju porabe energije.<\/li>\n<li>Visoka zmogljivost: Ponuja neprimerljivo zmogljivost z najve\u010djim potiskom 3000 in najve\u010djim vle\u010dnim momentom 20 ton.<\/li>\n<li>Varnost: Izdelek je zasnovan po najvi\u0161jih varnostnih standardih, da se zagotovi varno delovanje.<\/li>\n<\/ul>\n<p><img loading=\"lazy\" decoding=\"async\" class=\"alignnone  wp-image-6663\" src=\"https:\/\/fmp-components.com\/wp-content\/uploads\/2025\/03\/telescopic-hydraulic-cylinder-11.webp\" alt=\"teleskopski hidravli\u010dni cilinder\" width=\"794\" height=\"794\" title=\"\" srcset=\"https:\/\/fmp-components.com\/wp-content\/uploads\/2025\/03\/telescopic-hydraulic-cylinder-11.webp 794w, https:\/\/fmp-components.com\/wp-content\/uploads\/2025\/03\/telescopic-hydraulic-cylinder-11-480x480.webp 480w\" sizes=\"(min-width: 0px) and (max-width: 480px) 480px, (min-width: 481px) 794px, 100vw\" \/><\/p>\n<h2>Hidravli\u010dni sistemi in na\u010dela delovanja<\/h2>\n<p>Hidravli\u010dni cilinder deluje na osnovnem principu uporabe tla\u010dne hidravli\u010dne teko\u010dine za ustvarjanje linearne sile in gibanja. Ko je hidravli\u010dna teko\u010dina pod tlakom v valju, ustvari silo, ki deluje na bat, kar povzro\u010di gibanje. Ta mehanizem je klju\u010dnega pomena za pretvorbo hidravli\u010dne energije v mehansko energijo, kar omogo\u010da izvajanje razli\u010dnih nalog, ki zahtevajo mo\u010d in natan\u010dnost. Zaradi vsestranskosti hidravli\u010dnih cilindrov so nepogre\u0161ljivi v \u0161tevilnih aplikacijah, zlasti v te\u017ekih strojih, gradbeni opremi in velikih orodjih, kjer je zanesljivo in mo\u010dno delovanje bistvenega pomena.<\/p>\n<p>Hidravli\u010dni sistemi izkori\u0161\u010dajo to na\u010delo za izbolj\u0161anje operativne u\u010dinkovitosti v razli\u010dnih panogah. Z uporabo hidravli\u010dne teko\u010dine lahko ti sistemi prena\u0161ajo mo\u010d na znatne razdalje brez ve\u010djih izgub, zaradi \u010desar so idealni za aplikacije, kjer sta pomembna prostorska in te\u017eka omejitev. Ta zmogljivost omogo\u010da hidravli\u010dnim cilindrom, da zagotovijo potrebno silo za dvigovanje te\u017ekih bremen, manipulacijo strojnih delov in enostavno opravljanje zapletenih nalog.<\/p>\n<h2>Aplikacije<\/h2>\n<p>Na\u0161i hidravli\u010dni cilindri se pogosto uporabljajo v razli\u010dnih sektorjih, vklju\u010dno s strojnimi delavnicami, kmetijstvom, energetiko in rudarstvom, proizvodnjo strojev in tovarnami strojev. V strojnih delavnicah omogo\u010dajo varno dvigovanje in pozicioniranje te\u017eke opreme, kar tehnikom omogo\u010da u\u010dinkovito izvajanje vzdr\u017eevanja in popravil. Ta funkcionalnost je klju\u010dnega pomena za zagotavljanje delovanja in varnosti strojev.<\/p>\n<p>V kmetijstvu so hidravli\u010dni cilindri bistveni za upravljanje kmetijskih strojev, kot so traktorji, plugi in \u017eetveni stroji. Kmetom omogo\u010dajo u\u010dinkovito dvigovanje in prilagajanje opreme, kar znatno pove\u010da produktivnost in zmanj\u0161a fizi\u010dno obremenitev, povezano z ro\u010dnim delom.<\/p>\n<p>Energetska in rudarska industrija se mo\u010dno zana\u0161ata tudi na hidravli\u010dne cilindre za pogon opreme, kot so bagri in vrtalni stroji. Ti cilindri zagotavljajo silo, potrebno za opravljanje zahtevnih nalog, kar zagotavlja u\u010dinkovito pridobivanje virov in ravnanje z njimi v zahtevnih okoljih.<\/p>\n<p>V sektorju proizvodnje strojev so na\u0161i hidravli\u010dni cilindri sestavni del monta\u017enih linij in proizvodnih procesov. Pomagajo pri natan\u010dnem premikanju komponent, kar prispeva k izbolj\u0161anemu delovnemu procesu in operativni u\u010dinkovitosti. Njihova zanesljivost in zmogljivost sta klju\u010dnega pomena za ohranjanje visokih proizvodnih standardov in zmanj\u0161anje izpadov.<\/p>\n<h2>Hidravli\u010dni cilindri in pogonske enote<\/h2>\n<p>Hidravli\u010dni cilindri in pogonske enote so sestavni deli vsakega hidravli\u010dnega sistema, ki skupaj zagotavljajo u\u010dinkovito mo\u010d in nadzor. Pogonska enota slu\u017ei kot vir energije za sistem, ki ustvarja in uravnava tlak hidravli\u010dne teko\u010dine, potrebne za delovanje hidravli\u010dnih cilindrov. Ta sinergija zagotavlja, da cilindri prejmejo potrebno silo za u\u010dinkovito opravljanje svojih funkcij.<\/p>\n<p>Kombinacija hidravli\u010dnih cilindrov in pogonskih enot omogo\u010da \u0161iroko uporabo hidravli\u010dne tehnologije v industriji. Skupaj zagotavljajo zanesljivo podporo pri oskrbi z energijo in krmiljenju razli\u010dne in\u017eenirske in mehanske opreme, kar podjetjem omogo\u010da, da z zaupanjem dose\u017eejo svoje operativne cilje.<\/p>\n<p>V podjetju FMP ne ponujamo le visokokakovostnih hidravli\u010dnih cilindrov, temve\u010d tudi vrsto pogonskih enot. Ta celovit pristop zagotavlja, da imajo na\u0161e stranke dostop do celovitih hidravli\u010dnih re\u0161itev, prilagojenih njihovim specifi\u010dnim potrebam. Z zagotavljanjem obeh komponent pomagamo podjetjem optimizirati njihove hidravli\u010dne sisteme, s \u010dimer pove\u010damo u\u010dinkovitost, zanesljivost in splo\u0161no produktivnost v razli\u010dnih aplikacijah.<\/p>\n<h2>Pogosta vpra\u0161anja<\/h2>\n<p><strong>V: Ali ste trgovsko podjetje ali proizvajalec?<\/strong><\/p>\n<p>A: Smo tovarna.<\/p>\n<p><strong>V: Koliko \u010dasa traja va\u0161a dobavni rok?<\/strong><\/p>\n<p>A: Na splo\u0161no je to 25-35 dni.<\/p>\n<p><strong>V: Ali ponujate vzorce?<\/strong><\/p>\n<p>O: Da, lahko ponudimo vzorec, vendar ni brezpla\u010den.<\/p>\n<h3>O FMP-ju<\/h3>\n<p class=\"break-words\">FMP je vodilni italijanski proizvajalec, specializiran za na\u010drtovanje, razvoj in proizvodnjo visokokakovostnih hidravli\u010dnih cilindrov. Z bogato dedi\u0161\u010dino, ki temelji na desetletjih strokovnega znanja, ponosno zdru\u017eujemo italijansko obrt z najsodobnej\u0161o tehnologijo, da bi zagotovili izjemne hidravli\u010dne re\u0161itve, prilagojene raznolikim potrebam na\u0161ih strank po vsem svetu. FMP s sede\u017eem v Italiji, sredi\u0161\u010du in\u017eenirske odli\u010dnosti, velja za zaupanja vredno ime v hidravli\u010dni industriji, zavezano zagotavljanju zanesljivih, trpe\u017enih in inovativnih izdelkov, ki opolnomo\u010dajo podjetja po vsem svetu.<\/p>\n<p class=\"break-words\">Na\u0161e podjetje zdru\u017euje najbolj\u0161e iz naprednih proizvodnih tradicij s prihodnostnim pristopom. Z dolgoletnimi izku\u0161njami na podro\u010dju hidravli\u010dnih sistemov se je FMP razvil v sodobno podjetje, ki blesti na podro\u010dju raziskav, na\u010drtovanja in proizvodnje. Specializirani smo za \u0161iroko paleto hidravli\u010dnih cilindrov, vklju\u010dno z dvostransko delujo\u010dimi cilindri, avtomobilskimi dvi\u017enimi cilindri, cilindri za kmetijsko mehanizacijo in re\u0161itvami po meri za razli\u010dne industrijske aplikacije. Ne glede na to, ali gre za gradbeni\u0161tvo, industrijske instalacije, kmetijstvo ali te\u017eko mehanizacijo, so na\u0161i hidravli\u010dni cilindri izdelani za delovanje v najte\u017ejih pogojih, kar zagotavlja varnost, u\u010dinkovitost in dolgo \u017eivljenjsko dobo.<\/p>\n<p><img loading=\"lazy\" decoding=\"async\" class=\"alignnone size-full wp-image-6720\" src=\"https:\/\/fmp-components.com\/wp-content\/uploads\/2025\/03\/hydraulic-cylinder-8.webp\" alt=\"Teleskopski hidravli\u010dni cilindri\" width=\"933\" height=\"526\" title=\"\" srcset=\"https:\/\/fmp-components.com\/wp-content\/uploads\/2025\/03\/hydraulic-cylinder-8.webp 933w, https:\/\/fmp-components.com\/wp-content\/uploads\/2025\/03\/hydraulic-cylinder-8-480x271.webp 480w\" sizes=\"(min-width: 0px) and (max-width: 480px) 480px, (min-width: 481px) 933px, 100vw\" \/><\/p>\n<p class=\"break-words\">V podjetju FMP smo ponosni na na\u0161e najsodobnej\u0161e proizvodne obrate, opremljene s preciznimi stroji in naprednimi sistemi za testiranje. Na\u0161i proizvodni procesi so v skladu s strogimi nacionalnimi in mednarodnimi standardi, kar zagotavlja, da je vsak hidravli\u010dni valj, ki zapusti na\u0161o tovarno, vrhunske kakovosti in zanesljivosti. Na\u0161a usposobljena tehni\u010dna ekipa nam skupaj z najsodobnej\u0161o opremo omogo\u010da strog nadzor kakovosti na vsaki stopnji proizvodnje \u2013 od izbire surovin do kon\u010dnega pregleda. Ta predanost odli\u010dnosti nam je prinesla certifikate in priznanja s strani industrijskih organov, kar je \u0161e utrdilo na\u0161 ugled zanesljivega partnerja.<\/p>\n<p class=\"break-words\">Na\u0161e poslanstvo je preprosto, a ambiciozno: strankam zagotoviti hidravli\u010dne cilindre, ki presegajo pri\u010dakovanja glede zmogljivosti, vzdr\u017eljivosti in vrednosti. Delujemo po vodilnih na\u010delih profesionalnosti, integritete in osredoto\u010denosti na stranke. Z gojenjem kulture inovacij in natan\u010dnosti nenehno izpopolnjujemo na\u0161e izdelke, da bi ostali v ospredju na konkuren\u010dnem trgu. Na\u0161a celovita ponudba izdelkov in sposobnost ponujanja prilagojenih re\u0161itev nas uvr\u0161\u010data med prva izbira podjetij, ki i\u0161\u010dejo visokozmogljive hidravli\u010dne cilindre.<\/p>\n<p class=\"break-words\">FMP ni le proizvajalec \u2013 smo partner pri va\u0161em uspehu. Razumemo, da se na\u0161e stranke zana\u0161ajo na nas pri dobavi orodij, ki izbolj\u0161ujejo njihovo produktivnost in varnost. Zato smo zavezani k ponujanju ne le vrhunskih izdelkov, temve\u010d tudi izjemne storitve. Od za\u010detnega posvetovanja do poprodajne podpore tesno sodelujemo z na\u0161imi strankami, da zagotovimo, da so njihove potrebe izpolnjene profesionalno in skrbno. Na\u0161e konkuren\u010dne cene, skupaj z na\u0161o neomajno zavezanostjo kakovosti, naredijo FMP pametno izbiro za podjetja, ki \u017eelijo vlagati v hidravli\u010dne re\u0161itve, ki jim lahko zaupajo.<\/p>","protected":false},"excerpt":{"rendered":"<p>Good Quality 4 Stage Double Acting Telescopic Multistage Hydraulic Cylinder Introducing the top-notch, high-performing 4 Stage Double Acting Telescopic hydraulic cylinder. This hydraulic cylinder is a perfect blend of superior quality and robust engineering, designed to suit a variety of industries including Machinery Repair Shops, Farms, Energy &amp; Mining, Machinery manufacturing, and Machinery factories. Key [&hellip;]<\/p>","protected":false},"featured_media":6800,"comment_status":"closed","ping_status":"closed","template":"","meta":{"_et_pb_use_builder":"","_et_pb_old_content":"","_et_gb_content_width":""},"product_brand":[],"product_cat":[103],"product_tag":[34,105],"class_list":{"0":"post-6573","1":"product","2":"type-product","3":"status-publish","4":"has-post-thumbnail","6":"product_cat-telescopic-hydraulic-cylinders","7":"product_tag-hydraulic-cylinder","8":"product_tag-telescopic-hydraulic-cylinders","10":"first","11":"instock","12":"product-type-simple"},"_links":{"self":[{"href":"https:\/\/fmp-components.com\/sl\/wp-json\/wp\/v2\/product\/6573","targetHints":{"allow":["GET"]}}],"collection":[{"href":"https:\/\/fmp-components.com\/sl\/wp-json\/wp\/v2\/product"}],"about":[{"href":"https:\/\/fmp-components.com\/sl\/wp-json\/wp\/v2\/types\/product"}],"replies":[{"embeddable":true,"href":"https:\/\/fmp-components.com\/sl\/wp-json\/wp\/v2\/comments?post=6573"}],"wp:featuredmedia":[{"embeddable":true,"href":"https:\/\/fmp-components.com\/sl\/wp-json\/wp\/v2\/media\/6800"}],"wp:attachment":[{"href":"https:\/\/fmp-components.com\/sl\/wp-json\/wp\/v2\/media?parent=6573"}],"wp:term":[{"taxonomy":"product_brand","embeddable":true,"href":"https:\/\/fmp-components.com\/sl\/wp-json\/wp\/v2\/product_brand?post=6573"},{"taxonomy":"product_cat","embeddable":true,"href":"https:\/\/fmp-components.com\/sl\/wp-json\/wp\/v2\/product_cat?post=6573"},{"taxonomy":"product_tag","embeddable":true,"href":"https:\/\/fmp-components.com\/sl\/wp-json\/wp\/v2\/product_tag?post=6573"}],"curies":[{"name":"delovni list","href":"https:\/\/api.w.org\/{rel}","templated":true}]}}