{"id":6572,"date":"2025-03-11T06:31:13","date_gmt":"2025-03-11T06:31:13","guid":{"rendered":"https:\/\/fmp-components.com\/product\/cost-effective-telescopic-hydraulic-cylinder-for-dump-trailer"},"modified":"2025-03-14T02:31:59","modified_gmt":"2025-03-14T02:31:59","slug":"cost-effective-telescopic-hydraulic-cylinder-for-dump-trailer","status":"publish","type":"product","link":"https:\/\/fmp-components.com\/sl\/product\/cost-effective-telescopic-hydraulic-cylinder-for-dump-trailer\/","title":{"rendered":"Stro\u0161kovno u\u010dinkovit teleskopski hidravli\u010dni cilinder za prekucnik"},"content":{"rendered":"<h2>Stro\u0161kovno u\u010dinkovit teleskopski hidravli\u010dni cilinder za prekucnik<\/h2>\n<p>Predstavljamo vam stro\u0161kovno u\u010dinkovit, ve\u010dstopenjski teleskopski hidravli\u010dni cilinder, posebej zasnovan za prekucne prikolice. Ta visokokakovosten hidravli\u010dni cilinder je izdelan iz masivnega jekla, kar zagotavlja vzdr\u017eljivost in robustnost. Pona\u0161a se z najve\u010djim potiskom 3000 in najve\u010djim vle\u010dnim momentom 20 ton. Njegova izvrtina se giblje od 2 do 6 palcev, z velikostjo palice od 1,125 do 4 palcev in velikostjo hoda od 4 do 100 palcev.<\/p>\n<h2>Zna\u010dilnosti in prednosti<\/h2>\n<ul>\n<li>Energetsko u\u010dinkovit: Na\u0161 hidravli\u010dni cilinder za prekucnik je zasnovan za maksimalno energetsko u\u010dinkovitost in zmanj\u0161anje obratovalnih stro\u0161kov.<\/li>\n<li>Visoka u\u010dinkovitost: Ponuja vrhunsko zmogljivost z najve\u010djim potiskom 3000 in najve\u010djim vle\u010dnim momentom 20 ton.<\/li>\n<li>Varnost: Izdelano iz trpe\u017enega jekla je zasnovano tako, da prenese zahtevne pogoje, kar zagotavlja varnost in dolgo \u017eivljenjsko dobo.<\/li>\n<\/ul>\n<h2>Hidravli\u010dni sistemi in princip delovanja<\/h2>\n<p>Hidravli\u010dni cilinder je klju\u010dni del hidravli\u010dnega sistema, ki pretvarja hidravli\u010dno energijo v mehansko energijo. Ta pretvorba ustvarja linearno silo in gibanje, potrebno za delovanje va\u0161ega stroja. Hidravli\u010dni cilinder je zasnovan tako, da deluje skupaj z pogonskimi enotami, kar zagotavlja nemoteno in u\u010dinkovito delovanje.<\/p>\n<p><img loading=\"lazy\" decoding=\"async\" class=\"alignnone size-full wp-image-6757\" src=\"https:\/\/fmp-components.com\/wp-content\/uploads\/2025\/03\/Telescopic-Hydraulic-Cylinders-114.webp\" alt=\"Teleskopski hidravli\u010dni cilindri\" width=\"2160\" height=\"2160\" title=\"\" srcset=\"https:\/\/fmp-components.com\/wp-content\/uploads\/2025\/03\/Telescopic-Hydraulic-Cylinders-114.webp 2160w, https:\/\/fmp-components.com\/wp-content\/uploads\/2025\/03\/Telescopic-Hydraulic-Cylinders-114-1280x1280.webp 1280w, https:\/\/fmp-components.com\/wp-content\/uploads\/2025\/03\/Telescopic-Hydraulic-Cylinders-114-980x980.webp 980w, https:\/\/fmp-components.com\/wp-content\/uploads\/2025\/03\/Telescopic-Hydraulic-Cylinders-114-480x480.webp 480w\" sizes=\"(min-width: 0px) and (max-width: 480px) 480px, (min-width: 481px) and (max-width: 980px) 980px, (min-width: 981px) and (max-width: 1280px) 1280px, (min-width: 1281px) 2160px, 100vw\" \/><\/p>\n<h2>Aplikacije<\/h2>\n<p>Ta hidravli\u010dni cilinder je popolnoma primeren za razli\u010dne panoge, vklju\u010dno s strojnimi delavnicami, kmetijstvom, energetiko in rudarstvom, proizvodnjo strojev in tovarnami strojev. S svojo robustno zasnovo in vrhunsko zmogljivostjo je idealna re\u0161itev za va\u0161e potrebe hidravli\u010dnega sistema.<\/p>\n<h2>Hidravli\u010dni cilindri in pogonske enote<\/h2>\n<p>Hidravli\u010dni cilindri in pogonske enote so nelo\u010dljivi sestavni deli hidravli\u010dnega sistema. Njihovo skupno delovanje zagotavlja \u0161iroko uporabo hidravli\u010dne tehnologije v industrijskem sektorju, saj zagotavlja zanesljivo napajanje in podporo krmiljenju za razli\u010dno in\u017eenirsko in mehansko opremo. FMP ponuja tudi pogonske enote za prodajo, kar zagotavlja, da imate vse komponente, ki jih potrebujete za popolnoma delujo\u010d hidravli\u010dni sistem.<\/p>\n<h2>Pogosta vpra\u0161anja<\/h2>\n<table border=\"\">\n<tbody>\n<tr>\n<td>V: Ali ste trgovsko podjetje ali proizvajalec?<\/td>\n<td>O: Smo proizvajalec.<\/td>\n<\/tr>\n<tr>\n<td>V: Koliko \u010dasa traja va\u0161a dobavni rok?<\/td>\n<td>A: Na splo\u0161no je to 25-35 dni.<\/td>\n<\/tr>\n<tr>\n<td>V: Ali ponujate vzorce? Je to brezpla\u010dno ali dodatno?<\/td>\n<td>O: Da, nudimo vzorce, vendar niso brezpla\u010dni.<\/td>\n<\/tr>\n<\/tbody>\n<\/table>\n<h3>O FMP-ju<\/h3>\n<p class=\"break-words\">FMP je vodilni italijanski proizvajalec, specializiran za na\u010drtovanje, razvoj in proizvodnjo visokokakovostnih hidravli\u010dnih cilindrov. Z bogato dedi\u0161\u010dino, ki temelji na desetletjih strokovnega znanja, ponosno zdru\u017eujemo italijansko obrt z najsodobnej\u0161o tehnologijo, da bi zagotovili izjemne hidravli\u010dne re\u0161itve, prilagojene raznolikim potrebam na\u0161ih strank po vsem svetu. FMP s sede\u017eem v Italiji, sredi\u0161\u010du in\u017eenirske odli\u010dnosti, velja za zaupanja vredno ime v hidravli\u010dni industriji, zavezano zagotavljanju zanesljivih, trpe\u017enih in inovativnih izdelkov, ki opolnomo\u010dajo podjetja po vsem svetu.<\/p>\n<p class=\"break-words\">Na\u0161e podjetje zdru\u017euje najbolj\u0161e iz naprednih proizvodnih tradicij s prihodnostnim pristopom. Z dolgoletnimi izku\u0161njami na podro\u010dju hidravli\u010dnih sistemov se je FMP razvil v sodobno podjetje, ki blesti na podro\u010dju raziskav, na\u010drtovanja in proizvodnje. Specializirani smo za \u0161iroko paleto hidravli\u010dnih cilindrov, vklju\u010dno z dvostransko delujo\u010dimi cilindri, avtomobilskimi dvi\u017enimi cilindri, cilindri za kmetijsko mehanizacijo in re\u0161itvami po meri za razli\u010dne industrijske aplikacije. Ne glede na to, ali gre za gradbeni\u0161tvo, industrijske instalacije, kmetijstvo ali te\u017eko mehanizacijo, so na\u0161i hidravli\u010dni cilindri izdelani za delovanje v najte\u017ejih pogojih, kar zagotavlja varnost, u\u010dinkovitost in dolgo \u017eivljenjsko dobo.<\/p>\n<p><img loading=\"lazy\" decoding=\"async\" class=\"alignnone size-full wp-image-6720\" src=\"https:\/\/fmp-components.com\/wp-content\/uploads\/2025\/03\/hydraulic-cylinder-8.webp\" alt=\"Teleskopski hidravli\u010dni cilindri\" width=\"933\" height=\"526\" title=\"\" srcset=\"https:\/\/fmp-components.com\/wp-content\/uploads\/2025\/03\/hydraulic-cylinder-8.webp 933w, https:\/\/fmp-components.com\/wp-content\/uploads\/2025\/03\/hydraulic-cylinder-8-480x271.webp 480w\" sizes=\"(min-width: 0px) and (max-width: 480px) 480px, (min-width: 481px) 933px, 100vw\" \/><\/p>\n<p class=\"break-words\">V podjetju FMP smo ponosni na na\u0161e najsodobnej\u0161e proizvodne obrate, opremljene s preciznimi stroji in naprednimi sistemi za testiranje. Na\u0161i proizvodni procesi so v skladu s strogimi nacionalnimi in mednarodnimi standardi, kar zagotavlja, da je vsak hidravli\u010dni valj, ki zapusti na\u0161o tovarno, vrhunske kakovosti in zanesljivosti. Na\u0161a usposobljena tehni\u010dna ekipa nam skupaj z najsodobnej\u0161o opremo omogo\u010da strog nadzor kakovosti na vsaki stopnji proizvodnje \u2013 od izbire surovin do kon\u010dnega pregleda. Ta predanost odli\u010dnosti nam je prinesla certifikate in priznanja s strani industrijskih organov, kar je \u0161e utrdilo na\u0161 ugled zanesljivega partnerja.<\/p>\n<p class=\"break-words\">Na\u0161e poslanstvo je preprosto, a ambiciozno: strankam zagotoviti hidravli\u010dne cilindre, ki presegajo pri\u010dakovanja glede zmogljivosti, vzdr\u017eljivosti in vrednosti. Delujemo po vodilnih na\u010delih profesionalnosti, integritete in osredoto\u010denosti na stranke. Z gojenjem kulture inovacij in natan\u010dnosti nenehno izpopolnjujemo na\u0161e izdelke, da bi ostali v ospredju na konkuren\u010dnem trgu. Na\u0161a celovita ponudba izdelkov in sposobnost ponujanja prilagojenih re\u0161itev nas uvr\u0161\u010data med prva izbira podjetij, ki i\u0161\u010dejo visokozmogljive hidravli\u010dne cilindre.<\/p>\n<p class=\"break-words\">FMP ni le proizvajalec \u2013 smo partner pri va\u0161em uspehu. Razumemo, da se na\u0161e stranke zana\u0161ajo na nas pri dobavi orodij, ki izbolj\u0161ujejo njihovo produktivnost in varnost. Zato smo zavezani k ponujanju ne le vrhunskih izdelkov, temve\u010d tudi izjemne storitve. Od za\u010detnega posvetovanja do poprodajne podpore tesno sodelujemo z na\u0161imi strankami, da zagotovimo, da so njihove potrebe izpolnjene profesionalno in skrbno. Na\u0161e konkuren\u010dne cene, skupaj z na\u0161o neomajno zavezanostjo kakovosti, naredijo FMP pametno izbiro za podjetja, ki \u017eelijo vlagati v hidravli\u010dne re\u0161itve, ki jim lahko zaupajo.<\/p>","protected":false},"excerpt":{"rendered":"<p>Cost Effective Telescopic Hydraulic Cylinder for Dump Trailer Introducing the cost-effective, multi-stage telescopic hydraulic cylinder specially designed for dump trailers. This high-quality hydraulic cylinder is made with solid steel, ensuring durability and robustness. It boasts a maximum thrust of 3000 and a maximum pull of 20 tons. Its bore size ranges from 2 to 6 [&hellip;]<\/p>","protected":false},"featured_media":6792,"comment_status":"closed","ping_status":"closed","template":"","meta":{"_et_pb_use_builder":"","_et_pb_old_content":"","_et_gb_content_width":""},"product_brand":[],"product_cat":[103],"product_tag":[34,105],"class_list":{"0":"post-6572","1":"product","2":"type-product","3":"status-publish","4":"has-post-thumbnail","6":"product_cat-telescopic-hydraulic-cylinders","7":"product_tag-hydraulic-cylinder","8":"product_tag-telescopic-hydraulic-cylinders","10":"first","11":"instock","12":"product-type-simple"},"_links":{"self":[{"href":"https:\/\/fmp-components.com\/sl\/wp-json\/wp\/v2\/product\/6572","targetHints":{"allow":["GET"]}}],"collection":[{"href":"https:\/\/fmp-components.com\/sl\/wp-json\/wp\/v2\/product"}],"about":[{"href":"https:\/\/fmp-components.com\/sl\/wp-json\/wp\/v2\/types\/product"}],"replies":[{"embeddable":true,"href":"https:\/\/fmp-components.com\/sl\/wp-json\/wp\/v2\/comments?post=6572"}],"wp:featuredmedia":[{"embeddable":true,"href":"https:\/\/fmp-components.com\/sl\/wp-json\/wp\/v2\/media\/6792"}],"wp:attachment":[{"href":"https:\/\/fmp-components.com\/sl\/wp-json\/wp\/v2\/media?parent=6572"}],"wp:term":[{"taxonomy":"product_brand","embeddable":true,"href":"https:\/\/fmp-components.com\/sl\/wp-json\/wp\/v2\/product_brand?post=6572"},{"taxonomy":"product_cat","embeddable":true,"href":"https:\/\/fmp-components.com\/sl\/wp-json\/wp\/v2\/product_cat?post=6572"},{"taxonomy":"product_tag","embeddable":true,"href":"https:\/\/fmp-components.com\/sl\/wp-json\/wp\/v2\/product_tag?post=6572"}],"curies":[{"name":"delovni list","href":"https:\/\/api.w.org\/{rel}","templated":true}]}}