{"id":6568,"date":"2025-03-11T06:31:13","date_gmt":"2025-03-11T06:31:13","guid":{"rendered":"https:\/\/fmp-components.com\/product\/hot-sale-mini-hydraulic-cylinder-for-dump-trailer"},"modified":"2025-03-18T01:05:38","modified_gmt":"2025-03-18T01:05:38","slug":"hot-sale-mini-hydraulic-cylinder-for-dump-trailer","status":"publish","type":"product","link":"https:\/\/fmp-components.com\/sl\/product\/hot-sale-mini-hydraulic-cylinder-for-dump-trailer\/","title":{"rendered":"Mini hidravli\u010dni cilinder za prikolico z visokotla\u010dno \u010drpalko"},"content":{"rendered":"<h2>Mini hidravli\u010dni cilinder za prikolico z visokotla\u010dno \u010drpalko<\/h2>\n<p>Mini hidravli\u010dni cilinder je klju\u010dna komponenta v \u0161tevilnih panogah, kot so popravilo strojev, kmetijstvo, energetika in rudarstvo ter proizvodnja strojev. Ta izdelek je bistveno orodje za pogon hidravli\u010dnih sistemov in zagotavljanje potrebne sile za nemoteno in u\u010dinkovito delovanje.<\/p>\n<h3>Specifikacije izdelka<\/h3>\n<p>Mini hidravli\u010dni cilinder je nov izdelek za leto 2025, ki se pona\u0161a z vrsto impresivnih lastnosti in specifikacij:<\/p>\n<ul>\n<li>Te\u017ea: 42 kg<\/li>\n<li>Tip: Ve\u010dstopenjski hidravli\u010dni cilinder<\/li>\n<li>Material ohi\u0161ja: jeklo<\/li>\n<li>Najve\u010dji potisk: 3000<\/li>\n<li>Najve\u010dja vle\u010dna sila: 20 ton<\/li>\n<li>Priklju\u010dki: G\/SAE\/NPT\/M<\/li>\n<li>Certifikat: ISO9001:2000<\/li>\n<li>Velikost izvrtine: 2-6 palcev<\/li>\n<li>Velikost palice: 1,125-4 palca<\/li>\n<li>Velikost giba: 4-100 palcev<\/li>\n<li>Velikost zati\u010da: 0,5-2 palca<\/li>\n<li>Barva: \u010drna<\/li>\n<\/ul>\n<table style=\"width: 92.7443%;\" border=\"\">\n<tbody>\n<tr>\n<th style=\"width: 42.8571%;\">Velikost izvrtine<\/th>\n<th style=\"width: 385.143%;\">2\u20136 palcev<\/th>\n<\/tr>\n<tr>\n<th style=\"width: 42.8571%;\">Velikost palice<\/th>\n<th style=\"width: 385.143%;\">1,125-4 palca<\/th>\n<\/tr>\n<tr>\n<th style=\"width: 42.8571%;\">Velikost poteze<\/th>\n<th style=\"width: 385.143%;\">4\u2013100 palcev<\/th>\n<\/tr>\n<tr>\n<th style=\"width: 42.8571%;\">Velikost zati\u010da<\/th>\n<th style=\"width: 385.143%;\">0,5\u20132 palca<\/th>\n<\/tr>\n<tr>\n<th style=\"width: 42.8571%;\">Pristani\u0161\u010da<\/th>\n<th style=\"width: 385.143%;\">G\/SAE\/NPT\/M<\/th>\n<\/tr>\n<\/tbody>\n<\/table>\n<h3>Edinstvene lastnosti in prednosti<\/h3>\n<p>Mini hidravli\u010dni cilinder je zasnovan za energetsko u\u010dinkovitost in visoko zmogljivost. Njegova robustna jeklena konstrukcija zagotavlja vzdr\u017eljivost in dolgo \u017eivljenjsko dobo. Z najve\u010djim potiskom 3000 in najve\u010djim vle\u010dnim pogonom 20 ton zagotavlja dovolj mo\u010di za te\u017eka opravila.<\/p>\n<h2>Hidravli\u010dni sistemi in na\u010dela delovanja<\/h2>\n<p>Hidravli\u010dni valj deluje tako, da pretvarja hidravli\u010dno energijo v mehansko gibanje, s \u010dimer u\u010dinkovito pretvori tlak v silo. Ta mehanizem je temeljnega pomena v \u0161tevilnih industrijskih aplikacijah, zlasti v proizvodnji in popravilu strojev, kmetijstvu ter v energetskem in rudarskem sektorju.<\/p>\n<p><img loading=\"lazy\" decoding=\"async\" class=\"alignnone wp-image-6662\" src=\"https:\/\/fmp-components.com\/wp-content\/uploads\/2025\/03\/telescopic-hydraulic-cylinder-4.webp\" alt=\"teleskopski hidravli\u010dni cilinder\" width=\"802\" height=\"802\" title=\"\" srcset=\"https:\/\/fmp-components.com\/wp-content\/uploads\/2025\/03\/telescopic-hydraulic-cylinder-4.webp 802w, https:\/\/fmp-components.com\/wp-content\/uploads\/2025\/03\/telescopic-hydraulic-cylinder-4-480x480.webp 480w\" sizes=\"(min-width: 0px) and (max-width: 480px) 480px, (min-width: 481px) 802px, 100vw\" \/><\/p>\n<h2>Uporaba mini hidravli\u010dnega cilindra<\/h2>\n<p>Ta vsestranski izdelek je zasnovan za uporabo v \u0161irokem naboru aplikacij, zlasti v prekucnikih, kjer omogo\u010da nemoteno in u\u010dinkovito delovanje.<\/p>\n<h2>Hidravli\u010dni cilindri in pogonske enote<\/h2>\n<p>Hidravli\u010dni cilindri in pogonske enote so sestavni deli hidravli\u010dnih sistemov. Delujejo skupaj, da zagotavljajo \u0161iroko uporabo hidravli\u010dne tehnologije v industrijskem sektorju, saj zagotavljajo zanesljivo napajanje in krmilno podporo za razli\u010dno in\u017eenirsko in mehansko opremo. Hidravli\u010dni cilindri delujejo kot aktuatorji, ki pretvarjajo hidravli\u010dno energijo v mehansko gibanje in tlak v silo. Pogonske enote pa zagotavljajo potrebno energijo in krmilne signale za hidravli\u010dni sistem. Usklajevanje teh dveh komponent zagotavlja normalno delovanje hidravli\u010dnega sistema.<\/p>\n<h2>Pogosta vpra\u0161anja<\/h2>\n<p><strong>V: Ali ste trgovsko podjetje ali proizvajalec?<\/strong><br \/>\nA: Smo tovarna.<\/p>\n<p><strong>V: Koliko \u010dasa traja va\u0161a dobavni rok?<\/strong><br \/>\nA: Na splo\u0161no je to 25-35 dni.<\/p>\n<p><strong>V: Ali ponujate vzorce?<\/strong><br \/>\nO: Da, lahko ponudimo vzorec, vendar ni brezpla\u010den.<\/p>\n<h3>O FMP-ju<\/h3>\n<p class=\"break-words\">FMP je vodilni italijanski proizvajalec, specializiran za na\u010drtovanje, razvoj in proizvodnjo visokokakovostnih hidravli\u010dnih cilindrov. Z bogato dedi\u0161\u010dino, ki temelji na desetletjih strokovnega znanja, ponosno zdru\u017eujemo italijansko obrt z najsodobnej\u0161o tehnologijo, da bi zagotovili izjemne hidravli\u010dne re\u0161itve, prilagojene raznolikim potrebam na\u0161ih strank po vsem svetu. FMP s sede\u017eem v Italiji, sredi\u0161\u010du in\u017eenirske odli\u010dnosti, velja za zaupanja vredno ime v hidravli\u010dni industriji, zavezano zagotavljanju zanesljivih, trpe\u017enih in inovativnih izdelkov, ki opolnomo\u010dajo podjetja po vsem svetu.<\/p>\n<p class=\"break-words\">Na\u0161e podjetje zdru\u017euje najbolj\u0161e iz naprednih proizvodnih tradicij s prihodnostnim pristopom. Z dolgoletnimi izku\u0161njami na podro\u010dju hidravli\u010dnih sistemov se je FMP razvil v sodobno podjetje, ki blesti na podro\u010dju raziskav, na\u010drtovanja in proizvodnje. Specializirani smo za \u0161iroko paleto hidravli\u010dnih cilindrov, vklju\u010dno z dvostransko delujo\u010dimi cilindri, avtomobilskimi dvi\u017enimi cilindri, cilindri za kmetijsko mehanizacijo in re\u0161itvami po meri za razli\u010dne industrijske aplikacije. Ne glede na to, ali gre za gradbeni\u0161tvo, industrijske instalacije, kmetijstvo ali te\u017eko mehanizacijo, so na\u0161i hidravli\u010dni cilindri izdelani za delovanje v najte\u017ejih pogojih, kar zagotavlja varnost, u\u010dinkovitost in dolgo \u017eivljenjsko dobo.<\/p>\n<p><img loading=\"lazy\" decoding=\"async\" class=\"alignnone size-full wp-image-6720\" src=\"https:\/\/fmp-components.com\/wp-content\/uploads\/2025\/03\/hydraulic-cylinder-8.webp\" alt=\"Teleskopski hidravli\u010dni cilindri\" width=\"933\" height=\"526\" title=\"\" srcset=\"https:\/\/fmp-components.com\/wp-content\/uploads\/2025\/03\/hydraulic-cylinder-8.webp 933w, https:\/\/fmp-components.com\/wp-content\/uploads\/2025\/03\/hydraulic-cylinder-8-480x271.webp 480w\" sizes=\"(min-width: 0px) and (max-width: 480px) 480px, (min-width: 481px) 933px, 100vw\" \/><\/p>\n<p class=\"break-words\">V podjetju FMP smo ponosni na na\u0161e najsodobnej\u0161e proizvodne obrate, opremljene s preciznimi stroji in naprednimi sistemi za testiranje. Na\u0161i proizvodni procesi so v skladu s strogimi nacionalnimi in mednarodnimi standardi, kar zagotavlja, da je vsak hidravli\u010dni valj, ki zapusti na\u0161o tovarno, vrhunske kakovosti in zanesljivosti. Na\u0161a usposobljena tehni\u010dna ekipa nam skupaj z najsodobnej\u0161o opremo omogo\u010da strog nadzor kakovosti na vsaki stopnji proizvodnje \u2013 od izbire surovin do kon\u010dnega pregleda. Ta predanost odli\u010dnosti nam je prinesla certifikate in priznanja s strani industrijskih organov, kar je \u0161e utrdilo na\u0161 ugled zanesljivega partnerja.<\/p>\n<p class=\"break-words\">Na\u0161e poslanstvo je preprosto, a ambiciozno: strankam zagotoviti hidravli\u010dne cilindre, ki presegajo pri\u010dakovanja glede zmogljivosti, vzdr\u017eljivosti in vrednosti. Delujemo po vodilnih na\u010delih profesionalnosti, integritete in osredoto\u010denosti na stranke. Z gojenjem kulture inovacij in natan\u010dnosti nenehno izpopolnjujemo na\u0161e izdelke, da bi ostali v ospredju na konkuren\u010dnem trgu. Na\u0161a celovita ponudba izdelkov in sposobnost ponujanja prilagojenih re\u0161itev nas uvr\u0161\u010data med prva izbira podjetij, ki i\u0161\u010dejo visokozmogljive hidravli\u010dne cilindre.<\/p>\n<p class=\"break-words\">FMP ni le proizvajalec \u2013 smo partner pri va\u0161em uspehu. Razumemo, da se na\u0161e stranke zana\u0161ajo na nas pri dobavi orodij, ki izbolj\u0161ujejo njihovo produktivnost in varnost. Zato smo zavezani k ponujanju ne le vrhunskih izdelkov, temve\u010d tudi izjemne storitve. Od za\u010detnega posvetovanja do poprodajne podpore tesno sodelujemo z na\u0161imi strankami, da zagotovimo, da so njihove potrebe izpolnjene profesionalno in skrbno. Na\u0161e konkuren\u010dne cene, skupaj z na\u0161o neomajno zavezanostjo kakovosti, naredijo FMP pametno izbiro za podjetja, ki \u017eelijo vlagati v hidravli\u010dne re\u0161itve, ki jim lahko zaupajo.<\/p>","protected":false},"excerpt":{"rendered":"<p>Hot Sale Mini Hydraulic Cylinder for Dump Trailer The mini hydraulic cylinder is a vital component in a wide range of industries such as machinery repair, farming, energy and mining, and machinery manufacturing. This product is an essential tool in powering hydraulic systems and providing the necessary force for smooth and efficient operations. Product Specifications [&hellip;]<\/p>","protected":false},"featured_media":6794,"comment_status":"closed","ping_status":"closed","template":"","meta":{"_et_pb_use_builder":"","_et_pb_old_content":"","_et_gb_content_width":""},"product_brand":[],"product_cat":[103],"product_tag":[34,105],"class_list":{"0":"post-6568","1":"product","2":"type-product","3":"status-publish","4":"has-post-thumbnail","6":"product_cat-telescopic-hydraulic-cylinders","7":"product_tag-hydraulic-cylinder","8":"product_tag-telescopic-hydraulic-cylinders","10":"first","11":"instock","12":"product-type-simple"},"_links":{"self":[{"href":"https:\/\/fmp-components.com\/sl\/wp-json\/wp\/v2\/product\/6568","targetHints":{"allow":["GET"]}}],"collection":[{"href":"https:\/\/fmp-components.com\/sl\/wp-json\/wp\/v2\/product"}],"about":[{"href":"https:\/\/fmp-components.com\/sl\/wp-json\/wp\/v2\/types\/product"}],"replies":[{"embeddable":true,"href":"https:\/\/fmp-components.com\/sl\/wp-json\/wp\/v2\/comments?post=6568"}],"wp:featuredmedia":[{"embeddable":true,"href":"https:\/\/fmp-components.com\/sl\/wp-json\/wp\/v2\/media\/6794"}],"wp:attachment":[{"href":"https:\/\/fmp-components.com\/sl\/wp-json\/wp\/v2\/media?parent=6568"}],"wp:term":[{"taxonomy":"product_brand","embeddable":true,"href":"https:\/\/fmp-components.com\/sl\/wp-json\/wp\/v2\/product_brand?post=6568"},{"taxonomy":"product_cat","embeddable":true,"href":"https:\/\/fmp-components.com\/sl\/wp-json\/wp\/v2\/product_cat?post=6568"},{"taxonomy":"product_tag","embeddable":true,"href":"https:\/\/fmp-components.com\/sl\/wp-json\/wp\/v2\/product_tag?post=6568"}],"curies":[{"name":"delovni list","href":"https:\/\/api.w.org\/{rel}","templated":true}]}}