{"id":6566,"date":"2025-03-11T06:29:39","date_gmt":"2025-03-11T06:29:39","guid":{"rendered":"https:\/\/fmp-components.com\/product\/quality-assurance-telescopic-hydraulic-cylinder-for-dump-trailer"},"modified":"2025-03-12T06:33:56","modified_gmt":"2025-03-12T06:33:56","slug":"quality-assurance-telescopic-hydraulic-cylinder-for-dump-trailer","status":"publish","type":"product","link":"https:\/\/fmp-components.com\/sl\/product\/quality-assurance-telescopic-hydraulic-cylinder-for-dump-trailer\/","title":{"rendered":"Teleskopski hidravli\u010dni cilinder za zagotavljanje kakovosti za priklopnik"},"content":{"rendered":"<h2>Teleskopski hidravli\u010dni cilinder za zagotavljanje kakovosti za priklopnik<\/h2>\n<p>Predstavljamo vam na\u0161 najnovej\u0161i izdelek \u2013 teleskopski hidravli\u010dni cilinder za prekucne prikolice z zagotavljanjem kakovosti. Gre za vrhunski hidravli\u010dni cilinder, zasnovan za optimalno delovanje v razli\u010dnih panogah, vklju\u010dno s strojnimi delavnicami, kmetijstvom, energetiko in rudarstvom ter obrati za proizvodnjo strojev.<\/p>\n<h2>Zna\u010dilnosti in funkcionalnost<\/h2>\n<p>Teleskopski hidravli\u010dni cilinder je standardni, ve\u010dstopenjski hidravli\u010dni cilinder z batno strukturo. Deluje na hidravli\u010dno energijo, ohi\u0161je pa je izdelano iz robustnega jekla. Ima najve\u010dji potisk 3000 in lahko vle\u010de do 20 ton. Cilinder ima enoletno garancijo in certifikat ISO9001:2000, kar ka\u017ee na vrhunsko kakovost izdelka.<\/p>\n<table style=\"width: 95.4582%;\" border=\"\">\n<tbody>\n<tr>\n<th style=\"width: 43.5028%;\">Velikost izvrtine<\/th>\n<td style=\"width: 461.017%;\">2\u20136 palcev<\/td>\n<\/tr>\n<tr>\n<th style=\"width: 43.5028%;\">Velikost palice<\/th>\n<td style=\"width: 461.017%;\">1,125-4 palca<\/td>\n<\/tr>\n<tr>\n<th style=\"width: 43.5028%;\">Velikost poteze<\/th>\n<td style=\"width: 461.017%;\">4\u2013100 palcev<\/td>\n<\/tr>\n<tr>\n<th style=\"width: 43.5028%;\">Velikost zati\u010da<\/th>\n<td style=\"width: 461.017%;\">0,5\u20132 palca<\/td>\n<\/tr>\n<tr>\n<th style=\"width: 43.5028%;\">Pristani\u0161\u010da<\/th>\n<td style=\"width: 461.017%;\">G\/SAE\/NPT\/M<\/td>\n<\/tr>\n<\/tbody>\n<\/table>\n<h2>Edinstvene prednosti<\/h2>\n<ul>\n<li>Energetsko u\u010dinkovit: Zasnovan za manj\u0161o porabo energije ob hkratnem zagotavljanju najve\u010dje mo\u010di.<\/li>\n<li>Visoka u\u010dinkovitost: Zaradi svoje zmo\u017enosti vleke do 20 ton je primeren za te\u017eka dela.<\/li>\n<li>Varnost: Hidravli\u010dni cilinder ima certifikat ISO9001:2000, kar zagotavlja njegovo varnost in zanesljivost.<\/li>\n<\/ul>\n<h2>Hidravli\u010dni sistem in princip delovanja<\/h2>\n<p>Hidravli\u010dni cilindri delujejo na temeljnem na\u010delu pretvorbe hidravli\u010dne energije v mehansko gibanje. Ta pretvorba se dose\u017ee z nemoteno interakcijo med hidravli\u010dnim cilindrom in pogonsko enoto. Ko je hidravli\u010dna teko\u010dina pod tlakom, ustvari silo, ki premika bat znotraj cilindra, kar ima za posledico linearno gibanje. Ta postopek omogo\u010da natan\u010den nadzor in zmogljivo delovanje, zaradi \u010desar so hidravli\u010dni sistemi zelo u\u010dinkoviti za razli\u010dne aplikacije.<\/p>\n<h3>Aplikacije<\/h3>\n<p>Na\u0161i hidravli\u010dni cilindri se uporabljajo v razli\u010dnih panogah, vklju\u010dno z:<\/p>\n<ul>\n<li><strong>Servisi strojev:<\/strong> Kjer pomagajo pri dvigovanju in name\u0161\u010danju komponent te\u017ekih strojev za vzdr\u017eevanje in popravila.<\/li>\n<li><strong>Kmetije:<\/strong> Omogo\u010da u\u010dinkovito premikanje te\u017ekih bremen, kot so oprema, zemlja in pridelki.<\/li>\n<li><strong>Energija in rudarstvo:<\/strong> Podpora operacijam, ki zahtevajo robustne zmogljivosti dvigovanja in preme\u0161\u010danja v zahtevnih okoljih.<\/li>\n<li><strong>Strojevodilni obrati:<\/strong> Olaj\u0161anje monta\u017ee in premikanja velikih strojnih delov med proizvodnimi procesi.<\/li>\n<\/ul>\n<p><img loading=\"lazy\" decoding=\"async\" class=\"alignnone  wp-image-6665\" src=\"https:\/\/fmp-components.com\/wp-content\/uploads\/2025\/03\/telescopic-hydraulic-cylinder-9.webp\" alt=\"teleskopski hidravli\u010dni cilinder\" width=\"926\" height=\"926\" title=\"\" srcset=\"https:\/\/fmp-components.com\/wp-content\/uploads\/2025\/03\/telescopic-hydraulic-cylinder-9.webp 926w, https:\/\/fmp-components.com\/wp-content\/uploads\/2025\/03\/telescopic-hydraulic-cylinder-9-480x480.webp 480w\" sizes=\"(min-width: 0px) and (max-width: 480px) 480px, (min-width: 481px) 926px, 100vw\" \/><\/p>\n<h2>Hidravli\u010dni cilindri in pogonske enote<\/h2>\n<p>Hidravli\u010dni cilindri in pogonske enote so klju\u010dni sestavni deli hidravli\u010dnega sistema. Njihovo integrirano delovanje omogo\u010da \u0161iroko uporabo hidravli\u010dne tehnologije v industrijskih okoljih. Hidravli\u010dni cilinder deluje kot aktuator, ki je odgovoren za pretvorbo hidravli\u010dne energije v mehansko gibanje s pretvorbo tlaka v silo. To omogo\u010da \u0161irokemu naboru strojev, da opravljajo naloge u\u010dinkovito in uspe\u0161no.<\/p>\n<p>Po drugi strani pa pogonska enota slu\u017ei kot srce hidravli\u010dnega sistema, saj zagotavlja potrebno energijo in krmilne signale. Sestavljena je iz \u010drpalke, rezervoarja in razli\u010dnih krmilnih mehanizmov, ki uravnavajo pretok teko\u010dine in tlak. Hidravli\u010dni valj in pogonska enota skupaj delujeta usklajeno in zagotavljata nemoteno in zanesljivo delovanje hidravli\u010dnega sistema.<\/p>\n<p>V podjetju FMP ponujamo tudi visokokakovostne pogonske enote, prilagojene specifi\u010dnim potrebam razli\u010dnih aplikacij, ki zagotavljajo dodatno podporo va\u0161im hidravli\u010dnim sistemom. Ta celovit pristop zagotavlja, da va\u0161i stroji delujejo z optimalno zmogljivostjo, kar pove\u010duje produktivnost in varnost va\u0161ega delovanja.<\/p>\n<p><img loading=\"lazy\" decoding=\"async\" class=\"alignnone  wp-image-6664\" src=\"https:\/\/fmp-components.com\/wp-content\/uploads\/2025\/03\/telescopic-hydraulic-cylinder-8.webp\" alt=\"teleskopski hidravli\u010dni cilinder\" width=\"910\" height=\"910\" title=\"\" srcset=\"https:\/\/fmp-components.com\/wp-content\/uploads\/2025\/03\/telescopic-hydraulic-cylinder-8.webp 910w, https:\/\/fmp-components.com\/wp-content\/uploads\/2025\/03\/telescopic-hydraulic-cylinder-8-480x480.webp 480w\" sizes=\"(min-width: 0px) and (max-width: 480px) 480px, (min-width: 481px) 910px, 100vw\" \/><\/p>\n<h3>Pogosta vpra\u0161anja<\/h3>\n<p><strong>V: Koliko \u010dasa velja garancija za va\u0161e hidravli\u010dne cilindre?<\/strong><br \/>\nA: Na\u0161i hidravli\u010dni cilindri imajo 1-letno garancijo.<\/p>\n<p><strong>V: Kolik\u0161en je najve\u010dji potisk va\u0161ih hidravli\u010dnih cilindrov?<\/strong><br \/>\nA: Na\u0161i hidravli\u010dni cilindri imajo najve\u010dji potisk 3000.<\/p>\n<p><strong>V: Ali lahko izdelek pregledam pred nakupom?<\/strong><br \/>\nA: Da, za na\u0161e stranke nudimo video izhodni pregled.<\/p>\n<h3>O FMP-ju<\/h3>\n<p>FMP je vodilni italijanski proizvajalec, znan po na\u010drtovanju, razvoju in proizvodnji visokokakovostnih hidravli\u010dnih cilindrov. Z desetletji strokovnega znanja zdru\u017eujemo tradicionalno italijansko obrt z napredno tehnologijo, da bi zagotovili izjemne hidravli\u010dne re\u0161itve, prilagojene raznolikim potrebam na\u0161ih strank po vsem svetu. FMP se nahaja v Italiji, sredi\u0161\u010du in\u017eenirske odli\u010dnosti, in se je uveljavil kot zaupanja vredno ime v hidravli\u010dni industriji, predan zagotavljanju zanesljivih, trpe\u017enih in inovativnih izdelkov, ki opolnomo\u010dajo podjetja po vsem svetu.<\/p>\n<p>Zdru\u017eujemo najbolj\u0161e iz naprednih proizvodnih tradicij s prihodnostnim pristopom. Z bogatimi izku\u0161njami na podro\u010dju hidravli\u010dnih sistemov se je FMP preoblikoval v sodobno podjetje, ki blesti na podro\u010dju raziskav, na\u010drtovanja in proizvodnje. Na\u0161a specializacija vklju\u010duje \u0161iroko paleto hidravli\u010dnih cilindrov, kot so dvosmerno delujo\u010di cilindri, avtomobilski dvi\u017eni cilindri, cilindri za kmetijsko mehanizacijo in re\u0161itve po meri za razli\u010dne industrijske aplikacije. Na\u0161i hidravli\u010dni cilindri so zasnovani za delovanje v najzahtevnej\u0161ih pogojih in zagotavljajo varnost, u\u010dinkovitost in dolgo \u017eivljenjsko dobo v vseh sektorjih, kot so gradbeni\u0161tvo, industrijske in\u0161talacije, kmetijstvo in te\u017eka mehanizacija.<\/p>\n<p>V podjetju FMP smo ponosni na na\u0161e najsodobnej\u0161e proizvodne obrate, opremljene s preciznimi stroji in naprednimi sistemi za testiranje. Na\u0161i proizvodni procesi so v skladu s strogimi nacionalnimi in mednarodnimi standardi, kar zagotavlja, da vsak hidravli\u010dni valj, ki zapusti na\u0161o tovarno, izpolnjuje najvi\u0161je standarde kakovosti in zanesljivosti. Na\u0161a usposobljena tehni\u010dna ekipa nam v kombinaciji z najsodobnej\u0161o opremo omogo\u010da strog nadzor kakovosti v vsaki fazi proizvodnje \u2013 od izbire surovin do kon\u010dnega pregleda. Ta zavezanost odli\u010dnosti nam je prinesla certifikate in priznanja industrijskih organov, kar utrjuje na\u0161 ugled zanesljivega partnerja.<\/p>\n<p><img loading=\"lazy\" decoding=\"async\" class=\"alignnone size-full wp-image-6720\" src=\"https:\/\/fmp-components.com\/wp-content\/uploads\/2025\/03\/hydraulic-cylinder-8.webp\" alt=\"Teleskopski hidravli\u010dni cilindri\" width=\"933\" height=\"526\" title=\"\" srcset=\"https:\/\/fmp-components.com\/wp-content\/uploads\/2025\/03\/hydraulic-cylinder-8.webp 933w, https:\/\/fmp-components.com\/wp-content\/uploads\/2025\/03\/hydraulic-cylinder-8-480x271.webp 480w\" sizes=\"(min-width: 0px) and (max-width: 480px) 480px, (min-width: 481px) 933px, 100vw\" \/><\/p>\n<p>Na\u0161e poslanstvo je preprosto in ambiciozno hkrati: zagotoviti hidravli\u010dne cilindre, ki presegajo pri\u010dakovanja glede zmogljivosti, vzdr\u017eljivosti in vrednosti. Vodimo se z na\u010deli profesionalnosti, integritete in osredoto\u010denosti na stranke, spodbujamo kulturo inovacij in natan\u010dnosti ter nenehno izpopolnjujemo na\u0161e izdelke, da bi ostali v ospredju na konkuren\u010dnem trgu. Z obse\u017eno paleto izdelkov in sposobnostjo ponujanja re\u0161itev po meri smo prednostna izbira za podjetja, ki i\u0161\u010dejo visokozmogljive hidravli\u010dne cilindre.<\/p>\n<p>FMP ni le proizvajalec; smo partner pri va\u0161em uspehu. Zavedamo se, da so na\u0161e stranke odvisne od nas pri dobavi orodij, ki izbolj\u0161ujejo njihovo produktivnost in varnost. Zato smo zavezani k zagotavljanju ne le vrhunskih izdelkov, temve\u010d tudi izjemnih storitev. Od za\u010detnega posvetovanja do poprodajne podpore tesno sodelujemo z na\u0161imi strankami, da zagotovimo, da so njihove potrebe izpolnjene profesionalno in skrbno. Na\u0161e konkuren\u010dne cene v kombinaciji z na\u0161o neomajno zavezanostjo kakovosti naredijo FMP pametno izbiro za podjetja, ki \u017eelijo vlagati v zanesljive hidravli\u010dne re\u0161itve.<\/p>","protected":false},"excerpt":{"rendered":"<p>Quality Assurance Telescopic Hydraulic Cylinder for Dump Trailer Introducing our newest product &#8211; the Quality Assurance Telescopic Hydraulic Cylinder for Dump Trailer. This is a top-tier hydraulic cylinder designed for optimum performance in various industries including Machinery Repair Shops, Farms, Energy &amp; Mining, and Machinery manufacturing plants. Features and Functionality The Telescopic Hydraulic Cylinder is [&hellip;]<\/p>","protected":false},"featured_media":6745,"comment_status":"closed","ping_status":"closed","template":"","meta":{"_et_pb_use_builder":"","_et_pb_old_content":"","_et_gb_content_width":""},"product_brand":[],"product_cat":[103],"product_tag":[34,105],"class_list":{"0":"post-6566","1":"product","2":"type-product","3":"status-publish","4":"has-post-thumbnail","6":"product_cat-telescopic-hydraulic-cylinders","7":"product_tag-hydraulic-cylinder","8":"product_tag-telescopic-hydraulic-cylinders","10":"first","11":"instock","12":"product-type-simple"},"_links":{"self":[{"href":"https:\/\/fmp-components.com\/sl\/wp-json\/wp\/v2\/product\/6566","targetHints":{"allow":["GET"]}}],"collection":[{"href":"https:\/\/fmp-components.com\/sl\/wp-json\/wp\/v2\/product"}],"about":[{"href":"https:\/\/fmp-components.com\/sl\/wp-json\/wp\/v2\/types\/product"}],"replies":[{"embeddable":true,"href":"https:\/\/fmp-components.com\/sl\/wp-json\/wp\/v2\/comments?post=6566"}],"wp:featuredmedia":[{"embeddable":true,"href":"https:\/\/fmp-components.com\/sl\/wp-json\/wp\/v2\/media\/6745"}],"wp:attachment":[{"href":"https:\/\/fmp-components.com\/sl\/wp-json\/wp\/v2\/media?parent=6566"}],"wp:term":[{"taxonomy":"product_brand","embeddable":true,"href":"https:\/\/fmp-components.com\/sl\/wp-json\/wp\/v2\/product_brand?post=6566"},{"taxonomy":"product_cat","embeddable":true,"href":"https:\/\/fmp-components.com\/sl\/wp-json\/wp\/v2\/product_cat?post=6566"},{"taxonomy":"product_tag","embeddable":true,"href":"https:\/\/fmp-components.com\/sl\/wp-json\/wp\/v2\/product_tag?post=6566"}],"curies":[{"name":"delovni list","href":"https:\/\/api.w.org\/{rel}","templated":true}]}}