{"id":6565,"date":"2025-03-11T06:29:39","date_gmt":"2025-03-11T06:29:39","guid":{"rendered":"https:\/\/fmp-components.com\/product\/factory-price-mini-telescopic-double-acting-hydraulic-cylinder"},"modified":"2025-03-12T06:28:26","modified_gmt":"2025-03-12T06:28:26","slug":"factory-price-mini-telescopic-double-acting-hydraulic-cylinder","status":"publish","type":"product","link":"https:\/\/fmp-components.com\/sl\/product\/factory-price-mini-telescopic-double-acting-hydraulic-cylinder\/","title":{"rendered":"Tovarni\u0161ka cena Mini teleskopski dvostranski hidravli\u010dni cilinder"},"content":{"rendered":"<h2>Tovarni\u0161ka cena Mini teleskopski dvostranski hidravli\u010dni cilinder<\/h2>\n<p>Na\u0161 mini teleskopski dvosmerni hidravli\u010dni cilinder po tovarni\u0161ki ceni je visokokakovosten, vsestranski sestavni del, idealen za uporabo v razli\u010dnih panogah. Ne glede na to, ali gre za delavnice za popravilo strojev, kmetije, energetiko in rudarstvo ali proizvodnjo strojev, je ta hidravli\u010dni cilinder zasnovan za u\u010dinkovitost in vzdr\u017eljivost. Zaradi jeklenega ohi\u0161ja, standardne strukture in hidravli\u010dne mo\u010di je zanesljiva izbira za vsako strojno postavitev.<\/p>\n<h3>Specifikacije izdelka<\/h3>\n<p>Na\u0161 hidravli\u010dni cilinder ni le robusten \u2013 je tudi prilagodljiv. Z izvrtino od 2 do 6 palcev, velikostjo palice od 1,125 do 4 palcev in velikostjo hoda od 4 do 100 palcev se zlahka prilega razli\u010dnim konfiguracijam opreme. Pona\u0161a se tudi z najve\u010djim potiskom 3000 in najve\u010djim vle\u010dnim naporom 20 ton, zaradi \u010desar je mo\u010dan dodatek k vsaki mehanizaciji.<\/p>\n<table style=\"width: 94.502%;\" border=\"\">\n<tbody>\n<tr>\n<th style=\"width: 43.5028%;\">Velikost izvrtine<\/th>\n<td style=\"width: 455.932%;\">2\u20136 palcev<\/td>\n<\/tr>\n<tr>\n<th style=\"width: 43.5028%;\">Velikost palice<\/th>\n<td style=\"width: 455.932%;\">1,125-4 palca<\/td>\n<\/tr>\n<tr>\n<th style=\"width: 43.5028%;\">Velikost poteze<\/th>\n<td style=\"width: 455.932%;\">4\u2013100 palcev<\/td>\n<\/tr>\n<tr>\n<th style=\"width: 43.5028%;\">Velikost zati\u010da<\/th>\n<td style=\"width: 455.932%;\">0,5\u20132 palca<\/td>\n<\/tr>\n<tr>\n<th style=\"width: 43.5028%;\">Pristani\u0161\u010da<\/th>\n<td style=\"width: 455.932%;\">G\/SAE\/NPT\/M<\/td>\n<\/tr>\n<\/tbody>\n<\/table>\n<h2>Zna\u010dilnosti in prednosti izdelka<\/h2>\n<p>Na\u0161 hidravli\u010dni cilinder je zasnovan z mislijo na u\u010dinkovitost, varnost in var\u010devanje z energijo. Njegova ve\u010dstopenjska struktura omogo\u010da u\u010dinkovito delovanje, certifikat ISO9001:2000 pa dokazuje njegovo varnost in kakovost. Z najve\u010djo vle\u010dno silo 20 ton in najve\u010djim potiskom 3000 je zmogljiv, a hkrati energetsko ozave\u0161\u010den dodatek k va\u0161im strojem.<\/p>\n<h2>Hidravli\u010dni sistemi in princip delovanja<\/h2>\n<p>Hidravli\u010dni cilindri, kot je na\u0161, delujejo tako, da energijo hidravli\u010dne teko\u010dine pod tlakom pretvarjajo v silo, ki lahko premika stroje. To dose\u017eejo z uporabo bata, name\u0161\u010denega v ohi\u0161ju cilindra. Ko se hidravli\u010dna teko\u010dina potisne v valj, potisne bat, ki nato potisne palico in ustvari gibanje.<\/p>\n<p><img loading=\"lazy\" decoding=\"async\" class=\"alignnone  wp-image-6664\" src=\"https:\/\/fmp-components.com\/wp-content\/uploads\/2025\/03\/telescopic-hydraulic-cylinder-8.webp\" alt=\"teleskopski hidravli\u010dni cilinder\" width=\"902\" height=\"902\" title=\"\" srcset=\"https:\/\/fmp-components.com\/wp-content\/uploads\/2025\/03\/telescopic-hydraulic-cylinder-8.webp 902w, https:\/\/fmp-components.com\/wp-content\/uploads\/2025\/03\/telescopic-hydraulic-cylinder-8-480x480.webp 480w\" sizes=\"(min-width: 0px) and (max-width: 480px) 480px, (min-width: 481px) 902px, 100vw\" \/><\/p>\n<h2>Uporaba izdelka<\/h2>\n<p>Ta hidravli\u010dni cilinder se lahko uporablja v razli\u010dnih panogah, vklju\u010dno s servisnimi delavnicami, kmetijstvom, energetiko in rudarstvom, proizvodnjo strojev in mnogimi drugimi. Zaradi svoje vsestranske zasnove je bistvena komponenta v \u0161tevilnih razli\u010dnih vrstah strojev.<\/p>\n<h2>Hidravli\u010dni cilindri in pogonske enote<\/h2>\n<p>Hidravli\u010dni cilindri in pogonske enote so sestavni del vsakega hidravli\u010dnega sistema. Skupaj zagotavljajo \u0161iroko uporabo hidravli\u010dne tehnologije v industriji, saj zagotavljajo zanesljivo napajanje in krmilno podporo za razli\u010dno in\u017eenirsko in mehansko opremo. Hidravli\u010dni cilinder kot aktuator je odgovoren za pretvorbo hidravli\u010dne energije v mehansko gibanje, s \u010dimer se tlak pretvori v silo. Pogonska enota pa je jedro, ki zagotavlja energijo in krmilne signale, ki jih potrebuje hidravli\u010dni sistem. Njihovo usklajeno sodelovanje zagotavlja normalno delovanje hidravli\u010dnega sistema. Poleg hidravli\u010dnih cilindrov FMP ponuja tudi pogonske enote za prodajo.<\/p>\n<h2>Pogosta vpra\u0161anja<\/h2>\n<p><b>V: Ali ste trgovsko podjetje ali proizvajalec?<\/b><br \/>\nA: Smo tovarna.<\/p>\n<p><b>V: Koliko \u010dasa traja va\u0161a dobavni rok?<\/b><br \/>\nA: Na splo\u0161no je to 25-35 dni.<\/p>\n<p><b>V: Ali lahko izdelujete po vzorcih?<\/b><br \/>\nO: Da, lahko izdelamo po va\u0161ih vzorcih ali tehni\u010dnih risbah. Izdelamo lahko kalupe in vpenjala.<\/p>\n<h3>O FMP-ju<\/h3>\n<p>FMP je vodilni italijanski proizvajalec, znan po na\u010drtovanju, razvoju in proizvodnji visokokakovostnih hidravli\u010dnih cilindrov. Z desetletji strokovnega znanja zdru\u017eujemo tradicionalno italijansko obrt z napredno tehnologijo, da bi zagotovili izjemne hidravli\u010dne re\u0161itve, prilagojene raznolikim potrebam na\u0161ih strank po vsem svetu. FMP se nahaja v Italiji, sredi\u0161\u010du in\u017eenirske odli\u010dnosti, in se je uveljavil kot zaupanja vredno ime v hidravli\u010dni industriji, predan zagotavljanju zanesljivih, trpe\u017enih in inovativnih izdelkov, ki opolnomo\u010dajo podjetja po vsem svetu.<\/p>\n<p>Zdru\u017eujemo najbolj\u0161e iz naprednih proizvodnih tradicij s prihodnostnim pristopom. Z bogatimi izku\u0161njami na podro\u010dju hidravli\u010dnih sistemov se je FMP preoblikoval v sodobno podjetje, ki blesti na podro\u010dju raziskav, na\u010drtovanja in proizvodnje. Na\u0161a specializacija vklju\u010duje \u0161iroko paleto hidravli\u010dnih cilindrov, kot so dvosmerno delujo\u010di cilindri, avtomobilski dvi\u017eni cilindri, cilindri za kmetijsko mehanizacijo in re\u0161itve po meri za razli\u010dne industrijske aplikacije. Na\u0161i hidravli\u010dni cilindri so zasnovani za delovanje v najzahtevnej\u0161ih pogojih in zagotavljajo varnost, u\u010dinkovitost in dolgo \u017eivljenjsko dobo v vseh sektorjih, kot so gradbeni\u0161tvo, industrijske in\u0161talacije, kmetijstvo in te\u017eka mehanizacija.<\/p>\n<p>V podjetju FMP smo ponosni na na\u0161e najsodobnej\u0161e proizvodne obrate, opremljene s preciznimi stroji in naprednimi sistemi za testiranje. Na\u0161i proizvodni procesi so v skladu s strogimi nacionalnimi in mednarodnimi standardi, kar zagotavlja, da vsak hidravli\u010dni valj, ki zapusti na\u0161o tovarno, izpolnjuje najvi\u0161je standarde kakovosti in zanesljivosti. Na\u0161a usposobljena tehni\u010dna ekipa nam v kombinaciji z najsodobnej\u0161o opremo omogo\u010da strog nadzor kakovosti v vsaki fazi proizvodnje \u2013 od izbire surovin do kon\u010dnega pregleda. Ta zavezanost odli\u010dnosti nam je prinesla certifikate in priznanja industrijskih organov, kar utrjuje na\u0161 ugled zanesljivega partnerja.<\/p>\n<p><img loading=\"lazy\" decoding=\"async\" class=\"alignnone size-full wp-image-6720\" src=\"https:\/\/fmp-components.com\/wp-content\/uploads\/2025\/03\/hydraulic-cylinder-8.webp\" alt=\"Teleskopski hidravli\u010dni cilindri\" width=\"933\" height=\"526\" title=\"\" srcset=\"https:\/\/fmp-components.com\/wp-content\/uploads\/2025\/03\/hydraulic-cylinder-8.webp 933w, https:\/\/fmp-components.com\/wp-content\/uploads\/2025\/03\/hydraulic-cylinder-8-480x271.webp 480w\" sizes=\"(min-width: 0px) and (max-width: 480px) 480px, (min-width: 481px) 933px, 100vw\" \/><\/p>\n<p>Na\u0161e poslanstvo je preprosto in ambiciozno hkrati: zagotoviti hidravli\u010dne cilindre, ki presegajo pri\u010dakovanja glede zmogljivosti, vzdr\u017eljivosti in vrednosti. Vodimo se z na\u010deli profesionalnosti, integritete in osredoto\u010denosti na stranke, spodbujamo kulturo inovacij in natan\u010dnosti ter nenehno izpopolnjujemo na\u0161e izdelke, da bi ostali v ospredju na konkuren\u010dnem trgu. Z obse\u017eno paleto izdelkov in sposobnostjo ponujanja re\u0161itev po meri smo prednostna izbira za podjetja, ki i\u0161\u010dejo visokozmogljive hidravli\u010dne cilindre.<\/p>\n<p>FMP ni le proizvajalec; smo partner pri va\u0161em uspehu. Zavedamo se, da so na\u0161e stranke odvisne od nas pri dobavi orodij, ki izbolj\u0161ujejo njihovo produktivnost in varnost. Zato smo zavezani k zagotavljanju ne le vrhunskih izdelkov, temve\u010d tudi izjemnih storitev. Od za\u010detnega posvetovanja do poprodajne podpore tesno sodelujemo z na\u0161imi strankami, da zagotovimo, da so njihove potrebe izpolnjene profesionalno in skrbno. Na\u0161e konkuren\u010dne cene v kombinaciji z na\u0161o neomajno zavezanostjo kakovosti naredijo FMP pametno izbiro za podjetja, ki \u017eelijo vlagati v zanesljive hidravli\u010dne re\u0161itve.<\/p>","protected":false},"excerpt":{"rendered":"<p>Factory Price Mini Telescopic Double Acting Hydraulic Cylinder Our Factory Price Mini Telescopic Double Acting Hydraulic Cylinder is a high-quality, versatile component ideal for use in a variety of industries. Whether it&#8217;s for machinery repair shops, farms, energy &amp; mining, or machinery manufacturing, this hydraulic cylinder is designed for efficiency and durability. Its steel body, [&hellip;]<\/p>","protected":false},"featured_media":6743,"comment_status":"closed","ping_status":"closed","template":"","meta":{"_et_pb_use_builder":"","_et_pb_old_content":"","_et_gb_content_width":""},"product_brand":[],"product_cat":[103],"product_tag":[34,105],"class_list":{"0":"post-6565","1":"product","2":"type-product","3":"status-publish","4":"has-post-thumbnail","6":"product_cat-telescopic-hydraulic-cylinders","7":"product_tag-hydraulic-cylinder","8":"product_tag-telescopic-hydraulic-cylinders","10":"first","11":"instock","12":"product-type-simple"},"_links":{"self":[{"href":"https:\/\/fmp-components.com\/sl\/wp-json\/wp\/v2\/product\/6565","targetHints":{"allow":["GET"]}}],"collection":[{"href":"https:\/\/fmp-components.com\/sl\/wp-json\/wp\/v2\/product"}],"about":[{"href":"https:\/\/fmp-components.com\/sl\/wp-json\/wp\/v2\/types\/product"}],"replies":[{"embeddable":true,"href":"https:\/\/fmp-components.com\/sl\/wp-json\/wp\/v2\/comments?post=6565"}],"wp:featuredmedia":[{"embeddable":true,"href":"https:\/\/fmp-components.com\/sl\/wp-json\/wp\/v2\/media\/6743"}],"wp:attachment":[{"href":"https:\/\/fmp-components.com\/sl\/wp-json\/wp\/v2\/media?parent=6565"}],"wp:term":[{"taxonomy":"product_brand","embeddable":true,"href":"https:\/\/fmp-components.com\/sl\/wp-json\/wp\/v2\/product_brand?post=6565"},{"taxonomy":"product_cat","embeddable":true,"href":"https:\/\/fmp-components.com\/sl\/wp-json\/wp\/v2\/product_cat?post=6565"},{"taxonomy":"product_tag","embeddable":true,"href":"https:\/\/fmp-components.com\/sl\/wp-json\/wp\/v2\/product_tag?post=6565"}],"curies":[{"name":"delovni list","href":"https:\/\/api.w.org\/{rel}","templated":true}]}}